{"id":8913,"date":"2025-06-19T17:28:39","date_gmt":"2025-06-19T15:28:39","guid":{"rendered":"https:\/\/lieutenantpoilu.com\/militaria\/non%20class\u00e9\/tenue-de-combat-dun-major-des-royal-ulster-rifles-1944\/"},"modified":"2025-06-19T17:44:10","modified_gmt":"2025-06-19T15:44:10","slug":"tenue-de-combat-dun-major-des-royal-ulster-rifles-1944","status":"publish","type":"product","link":"https:\/\/lieutenantpoilu.com\/fr\/militaria\/autres-pays-du-commonwealth\/tenue-de-combat-dun-major-des-royal-ulster-rifles-1944\/","title":{"rendered":"Battledress d\u2019un Major du Royal Ulster Rifles, 1944"},"content":{"rendered":"","protected":false},"excerpt":{"rendered":"<p>Battledress Blouse du mod\u00e8le 1940, dat\u00e9e 1944, d\u2019un Major du R\u00e9giment Irlandais Royal Ulster Rifles.<\/p>\n<p>En laine de serge marron, elle poss\u00e8de tous ses boutons estampill\u00e9s de l&rsquo;insigne Royal Ulster Rifles. Les r\u00e9giments de fusiliers (britanniques et irlandais) avaient pour habitude de remplacer les boutons classiques de Battledress Blouse par leurs propres boutons noirs, au motif r\u00e9gimentaire.<\/p>\n<p>Grades de \u00ab\u00a0Sergeant Major\u00a0\u00bb en cannetille sur fond rouge cousus au niveau des pattes d&rsquo;\u00e9paules.<\/p>\n<p>Int\u00e9rieur doubl\u00e9 en tissu coton beige.<\/p>\n<p>Pr\u00e9sence de l\u2019\u00e9tiquette du fabricant S Simpson Ltd, dat\u00e9e 1944. Taille 12.<\/p>\n<p><strong>Etat\u00a0:<\/strong> Usure au niveau du col, quelques traces discr\u00e8tes de mites. Bon \u00e9tat g\u00e9n\u00e9ral.<\/p>\n<p><em>Le 2e Bataillon du Royal Ulster Rifles d\u00e9barque en Normandie \u00e0 midi le 06 juin 1944, sur Sword Beach (plage Queen Red), \u00e0 l\u2019ouest d\u2019Ouistreham.<\/em><\/p>\n<p><em>Le 1er Bataillon, quant \u00e0 lui, atterrit en planeur dans la soir\u00e9e, sur la zone d\u2019atterrissage N, pr\u00e8s de Ranville, et est d\u00e9ploy\u00e9 pour \u00e9tendre le secteur sud de la t\u00eate de pont.<\/em><\/p>\n<figure id=\"attachment_8874\" aria-describedby=\"caption-attachment-8874\" style=\"width: 1080px\" class=\"wp-caption aligncenter\"><img fetchpriority=\"high\" decoding=\"async\" class=\"wp-image-8874 size-full\" src=\"https:\/\/lieutenantpoilu.com\/wp-content\/uploads\/2025\/06\/royal-ulster-rifles-in-normandy.jpg\" alt=\"\" width=\"1080\" height=\"1080\" srcset=\"https:\/\/lieutenantpoilu.com\/wp-content\/uploads\/2025\/06\/royal-ulster-rifles-in-normandy.jpg 1080w, https:\/\/lieutenantpoilu.com\/wp-content\/uploads\/2025\/06\/royal-ulster-rifles-in-normandy-300x300.jpg 300w, https:\/\/lieutenantpoilu.com\/wp-content\/uploads\/2025\/06\/royal-ulster-rifles-in-normandy-1024x1024.jpg 1024w, https:\/\/lieutenantpoilu.com\/wp-content\/uploads\/2025\/06\/royal-ulster-rifles-in-normandy-150x150.jpg 150w, https:\/\/lieutenantpoilu.com\/wp-content\/uploads\/2025\/06\/royal-ulster-rifles-in-normandy-768x768.jpg 768w, https:\/\/lieutenantpoilu.com\/wp-content\/uploads\/2025\/06\/royal-ulster-rifles-in-normandy-600x600.jpg 600w, https:\/\/lieutenantpoilu.com\/wp-content\/uploads\/2025\/06\/royal-ulster-rifles-in-normandy-100x100.jpg 100w\" sizes=\"(max-width: 1080px) 100vw, 1080px\" \/><figcaption id=\"caption-attachment-8874\" class=\"wp-caption-text\">Source : wartimeni.com<\/figcaption><\/figure>\n<p>&nbsp;<\/p>\n","protected":false},"featured_media":8878,"comment_status":"open","ping_status":"closed","template":"","meta":{"_uf_show_specific_survey":0,"_uf_disable_surveys":false,"ocean_post_layout":"","ocean_both_sidebars_style":"","ocean_both_sidebars_content_width":0,"ocean_both_sidebars_sidebars_width":0,"ocean_sidebar":"0","ocean_second_sidebar":"0","ocean_disable_margins":"enable","ocean_add_body_class":"","ocean_shortcode_before_top_bar":"","ocean_shortcode_after_top_bar":"","ocean_shortcode_before_header":"","ocean_shortcode_after_header":"","ocean_has_shortcode":"","ocean_shortcode_after_title":"","ocean_shortcode_before_footer_widgets":"","ocean_shortcode_after_footer_widgets":"","ocean_shortcode_before_footer_bottom":"","ocean_shortcode_after_footer_bottom":"","ocean_display_top_bar":"default","ocean_display_header":"default","ocean_header_style":"","ocean_center_header_left_menu":"0","ocean_custom_header_template":"0","ocean_custom_logo":0,"ocean_custom_retina_logo":0,"ocean_custom_logo_max_width":0,"ocean_custom_logo_tablet_max_width":0,"ocean_custom_logo_mobile_max_width":0,"ocean_custom_logo_max_height":0,"ocean_custom_logo_tablet_max_height":0,"ocean_custom_logo_mobile_max_height":0,"ocean_header_custom_menu":"0","ocean_menu_typo_font_family":"0","ocean_menu_typo_font_subset":"","ocean_menu_typo_font_size":0,"ocean_menu_typo_font_size_tablet":0,"ocean_menu_typo_font_size_mobile":0,"ocean_menu_typo_font_size_unit":"px","ocean_menu_typo_font_weight":"","ocean_menu_typo_font_weight_tablet":"","ocean_menu_typo_font_weight_mobile":"","ocean_menu_typo_transform":"","ocean_menu_typo_transform_tablet":"","ocean_menu_typo_transform_mobile":"","ocean_menu_typo_line_height":0,"ocean_menu_typo_line_height_tablet":0,"ocean_menu_typo_line_height_mobile":0,"ocean_menu_typo_line_height_unit":"","ocean_menu_typo_spacing":0,"ocean_menu_typo_spacing_tablet":0,"ocean_menu_typo_spacing_mobile":0,"ocean_menu_typo_spacing_unit":"","ocean_menu_link_color":"","ocean_menu_link_color_hover":"","ocean_menu_link_color_active":"","ocean_menu_link_background":"","ocean_menu_link_hover_background":"","ocean_menu_link_active_background":"","ocean_menu_social_links_bg":"","ocean_menu_social_hover_links_bg":"","ocean_menu_social_links_color":"","ocean_menu_social_hover_links_color":"","ocean_disable_title":"default","ocean_disable_heading":"default","ocean_post_title":"","ocean_post_subheading":"","ocean_post_title_style":"","ocean_post_title_background_color":"","ocean_post_title_background":0,"ocean_post_title_bg_image_position":"","ocean_post_title_bg_image_attachment":"","ocean_post_title_bg_image_repeat":"","ocean_post_title_bg_image_size":"","ocean_post_title_height":0,"ocean_post_title_bg_overlay":0.5,"ocean_post_title_bg_overlay_color":"","ocean_disable_breadcrumbs":"default","ocean_breadcrumbs_color":"","ocean_breadcrumbs_separator_color":"","ocean_breadcrumbs_links_color":"","ocean_breadcrumbs_links_hover_color":"","ocean_display_footer_widgets":"default","ocean_display_footer_bottom":"default","ocean_custom_footer_template":"0"},"product_brand":[],"product_cat":[298,354,292,228,363],"product_tag":[],"class_list":{"0":"post-8913","1":"product","2":"type-product","3":"status-publish","4":"has-post-thumbnail","6":"product_cat-autres-pays-du-commonwealth","7":"product_cat-nouvelles-trouvailles","8":"product_cat-royaume-uni","9":"product_cat-seconde-guerre-mondiale","10":"product_cat-uniformes-fr","11":"product_shipping_class-paquet-semi-lourd","13":"entry","14":"has-media","16":"first","17":"outofstock","18":"sold-individually","19":"shipping-taxable","20":"purchasable","21":"product-type-simple","22":"has-product-nav","23":"col","24":"span_1_of_4","25":"owp-content-center","26":"item-entry","27":"owp-thumbs-layout-horizontal","28":"owp-btn-very-big","29":"owp-tabs-layout-horizontal"},"aioseo_notices":[],"_links":{"self":[{"href":"https:\/\/lieutenantpoilu.com\/fr\/wp-json\/wp\/v2\/product\/8913","targetHints":{"allow":["GET"]}}],"collection":[{"href":"https:\/\/lieutenantpoilu.com\/fr\/wp-json\/wp\/v2\/product"}],"about":[{"href":"https:\/\/lieutenantpoilu.com\/fr\/wp-json\/wp\/v2\/types\/product"}],"replies":[{"embeddable":true,"href":"https:\/\/lieutenantpoilu.com\/fr\/wp-json\/wp\/v2\/comments?post=8913"}],"wp:featuredmedia":[{"embeddable":true,"href":"https:\/\/lieutenantpoilu.com\/fr\/wp-json\/wp\/v2\/media\/8878"}],"wp:attachment":[{"href":"https:\/\/lieutenantpoilu.com\/fr\/wp-json\/wp\/v2\/media?parent=8913"}],"wp:term":[{"taxonomy":"product_brand","embeddable":true,"href":"https:\/\/lieutenantpoilu.com\/fr\/wp-json\/wp\/v2\/product_brand?post=8913"},{"taxonomy":"product_cat","embeddable":true,"href":"https:\/\/lieutenantpoilu.com\/fr\/wp-json\/wp\/v2\/product_cat?post=8913"},{"taxonomy":"product_tag","embeddable":true,"href":"https:\/\/lieutenantpoilu.com\/fr\/wp-json\/wp\/v2\/product_tag?post=8913"}],"curies":[{"name":"wp","href":"https:\/\/api.w.org\/{rel}","templated":true}]}}