{"id":8724,"date":"2025-06-04T23:07:01","date_gmt":"2025-06-04T21:07:01","guid":{"rendered":"https:\/\/lieutenantpoilu.com\/militaria\/non%20class\u00e9\/gilet-pare-balles-americain-m69-guerre-du-vietnam\/"},"modified":"2025-06-04T23:13:03","modified_gmt":"2025-06-04T21:13:03","slug":"gilet-pare-balles-americain-m69-guerre-du-vietnam","status":"publish","type":"product","link":"https:\/\/lieutenantpoilu.com\/fr\/militaria\/autres-articles-militaires\/gilet-pare-balles-americain-m69-guerre-du-vietnam\/","title":{"rendered":"Gilet US Pare-Eclats M69, guerre du Vietnam"},"content":{"rendered":"","protected":false},"excerpt":{"rendered":"<p>Gilet US pare-\u00e9clats \u00ab\u00a0body fragmentation protective , with 3\/4 collar\u00a0\u00bb, \u00e9poque guerre du Vietnam.<\/p>\n<p>Fabriqu\u00e9 en nylon vert, Il est \u00e9quip\u00e9 d\u2019un col \u00be et poss\u00e8de deux poches poitrine avec boutons-pression dissimul\u00e9s, des passants pour grenades au-dessus et un compartiment \u00e0 stylo dans la poche gauche.<\/p>\n<p>La fermeture \u00e9claire est fonctionnelle et est prot\u00e9g\u00e9e par un rabat \u00e0 boutons-pression.<\/p>\n<p>Les c\u00f4t\u00e9s sont ajustables gr\u00e2ce \u00e0 un la\u00e7age \u00e9lastique (un la\u00e7age remplac\u00e9 post\u00e9rieurement).<\/p>\n<p>Gilet nominatif.<\/p>\n<p><strong>Etat\u00a0:<\/strong> Bon \u00e9tat g\u00e9n\u00e9ral, port\u00e9<\/p>\n<p><em>A noter que le gilet est lourd \u00e0 exp\u00e9dier, approximativement 4,5 kg. <\/em><\/p>\n<p>&nbsp;<\/p>\n<figure id=\"attachment_8703\" aria-describedby=\"caption-attachment-8703\" style=\"width: 1350px\" class=\"wp-caption aligncenter\"><img fetchpriority=\"high\" decoding=\"async\" class=\"wp-image-8703 size-full\" src=\"https:\/\/lieutenantpoilu.com\/wp-content\/uploads\/2025\/06\/AmmonsSecurityPlatoon2.jpg\" alt=\"\" width=\"1350\" height=\"949\" srcset=\"https:\/\/lieutenantpoilu.com\/wp-content\/uploads\/2025\/06\/AmmonsSecurityPlatoon2.jpg 1350w, https:\/\/lieutenantpoilu.com\/wp-content\/uploads\/2025\/06\/AmmonsSecurityPlatoon2-300x211.jpg 300w, https:\/\/lieutenantpoilu.com\/wp-content\/uploads\/2025\/06\/AmmonsSecurityPlatoon2-1024x720.jpg 1024w, https:\/\/lieutenantpoilu.com\/wp-content\/uploads\/2025\/06\/AmmonsSecurityPlatoon2-768x540.jpg 768w, https:\/\/lieutenantpoilu.com\/wp-content\/uploads\/2025\/06\/AmmonsSecurityPlatoon2-600x422.jpg 600w\" sizes=\"(max-width: 1350px) 100vw, 1350px\" \/><figcaption id=\"caption-attachment-8703\" class=\"wp-caption-text\">Source : https:\/\/sharetngov.tnsosfiles.com\/<\/figcaption><\/figure>\n","protected":false},"featured_media":8707,"comment_status":"open","ping_status":"closed","template":"","meta":{"_uf_show_specific_survey":0,"_uf_disable_surveys":false,"ocean_post_layout":"","ocean_both_sidebars_style":"","ocean_both_sidebars_content_width":0,"ocean_both_sidebars_sidebars_width":0,"ocean_sidebar":"0","ocean_second_sidebar":"0","ocean_disable_margins":"enable","ocean_add_body_class":"","ocean_shortcode_before_top_bar":"","ocean_shortcode_after_top_bar":"","ocean_shortcode_before_header":"","ocean_shortcode_after_header":"","ocean_has_shortcode":"","ocean_shortcode_after_title":"","ocean_shortcode_before_footer_widgets":"","ocean_shortcode_after_footer_widgets":"","ocean_shortcode_before_footer_bottom":"","ocean_shortcode_after_footer_bottom":"","ocean_display_top_bar":"default","ocean_display_header":"default","ocean_header_style":"","ocean_center_header_left_menu":"0","ocean_custom_header_template":"0","ocean_custom_logo":0,"ocean_custom_retina_logo":0,"ocean_custom_logo_max_width":0,"ocean_custom_logo_tablet_max_width":0,"ocean_custom_logo_mobile_max_width":0,"ocean_custom_logo_max_height":0,"ocean_custom_logo_tablet_max_height":0,"ocean_custom_logo_mobile_max_height":0,"ocean_header_custom_menu":"0","ocean_menu_typo_font_family":"0","ocean_menu_typo_font_subset":"","ocean_menu_typo_font_size":0,"ocean_menu_typo_font_size_tablet":0,"ocean_menu_typo_font_size_mobile":0,"ocean_menu_typo_font_size_unit":"px","ocean_menu_typo_font_weight":"","ocean_menu_typo_font_weight_tablet":"","ocean_menu_typo_font_weight_mobile":"","ocean_menu_typo_transform":"","ocean_menu_typo_transform_tablet":"","ocean_menu_typo_transform_mobile":"","ocean_menu_typo_line_height":0,"ocean_menu_typo_line_height_tablet":0,"ocean_menu_typo_line_height_mobile":0,"ocean_menu_typo_line_height_unit":"","ocean_menu_typo_spacing":0,"ocean_menu_typo_spacing_tablet":0,"ocean_menu_typo_spacing_mobile":0,"ocean_menu_typo_spacing_unit":"","ocean_menu_link_color":"","ocean_menu_link_color_hover":"","ocean_menu_link_color_active":"","ocean_menu_link_background":"","ocean_menu_link_hover_background":"","ocean_menu_link_active_background":"","ocean_menu_social_links_bg":"","ocean_menu_social_hover_links_bg":"","ocean_menu_social_links_color":"","ocean_menu_social_hover_links_color":"","ocean_disable_title":"default","ocean_disable_heading":"default","ocean_post_title":"","ocean_post_subheading":"","ocean_post_title_style":"","ocean_post_title_background_color":"","ocean_post_title_background":0,"ocean_post_title_bg_image_position":"","ocean_post_title_bg_image_attachment":"","ocean_post_title_bg_image_repeat":"","ocean_post_title_bg_image_size":"","ocean_post_title_height":0,"ocean_post_title_bg_overlay":0.5,"ocean_post_title_bg_overlay_color":"","ocean_disable_breadcrumbs":"default","ocean_breadcrumbs_color":"","ocean_breadcrumbs_separator_color":"","ocean_breadcrumbs_links_color":"","ocean_breadcrumbs_links_hover_color":"","ocean_display_footer_widgets":"default","ocean_display_footer_bottom":"default","ocean_custom_footer_template":"0"},"product_brand":[],"product_cat":[349,258,270,354,363],"product_tag":[],"class_list":{"0":"post-8724","1":"product","2":"type-product","3":"status-publish","4":"has-post-thumbnail","6":"product_cat-autres-articles-militaires","7":"product_cat-autres-epoques","8":"product_cat-etats-unis","9":"product_cat-nouvelles-trouvailles","10":"product_cat-uniformes-fr","11":"product_shipping_class-paquet-lourd","13":"entry","14":"has-media","16":"first","17":"outofstock","18":"sold-individually","19":"shipping-taxable","20":"purchasable","21":"product-type-simple","22":"has-product-nav","23":"col","24":"span_1_of_4","25":"owp-content-center","26":"item-entry","27":"owp-thumbs-layout-horizontal","28":"owp-btn-very-big","29":"owp-tabs-layout-horizontal"},"aioseo_notices":[],"_links":{"self":[{"href":"https:\/\/lieutenantpoilu.com\/fr\/wp-json\/wp\/v2\/product\/8724","targetHints":{"allow":["GET"]}}],"collection":[{"href":"https:\/\/lieutenantpoilu.com\/fr\/wp-json\/wp\/v2\/product"}],"about":[{"href":"https:\/\/lieutenantpoilu.com\/fr\/wp-json\/wp\/v2\/types\/product"}],"replies":[{"embeddable":true,"href":"https:\/\/lieutenantpoilu.com\/fr\/wp-json\/wp\/v2\/comments?post=8724"}],"wp:featuredmedia":[{"embeddable":true,"href":"https:\/\/lieutenantpoilu.com\/fr\/wp-json\/wp\/v2\/media\/8707"}],"wp:attachment":[{"href":"https:\/\/lieutenantpoilu.com\/fr\/wp-json\/wp\/v2\/media?parent=8724"}],"wp:term":[{"taxonomy":"product_brand","embeddable":true,"href":"https:\/\/lieutenantpoilu.com\/fr\/wp-json\/wp\/v2\/product_brand?post=8724"},{"taxonomy":"product_cat","embeddable":true,"href":"https:\/\/lieutenantpoilu.com\/fr\/wp-json\/wp\/v2\/product_cat?post=8724"},{"taxonomy":"product_tag","embeddable":true,"href":"https:\/\/lieutenantpoilu.com\/fr\/wp-json\/wp\/v2\/product_tag?post=8724"}],"curies":[{"name":"wp","href":"https:\/\/api.w.org\/{rel}","templated":true}]}}