{"id":8580,"date":"2025-05-28T18:48:12","date_gmt":"2025-05-28T16:48:12","guid":{"rendered":"https:\/\/lieutenantpoilu.com\/militaria\/non%20class\u00e9\/groupement-familial-britannique-ww1-ww2\/"},"modified":"2025-05-28T22:51:28","modified_gmt":"2025-05-28T20:51:28","slug":"groupement-familial-britannique-ww1-ww2","status":"publish","type":"product","link":"https:\/\/lieutenantpoilu.com\/fr\/militaria\/medailles-et-decorations\/groupement-familial-britannique-ww1-ww2\/","title":{"rendered":"Ensemble Comm\u00e9moratif d&rsquo;une Famille Britannique, ww1 \/ ww2"},"content":{"rendered":"","protected":false},"excerpt":{"rendered":"<p data-start=\"115\" data-end=\"320\">Ensemble bien conserv\u00e9 appartenant \u00e0 la famille Barrett, rendant hommage \u00e0 deux g\u00e9n\u00e9rations de v\u00e9t\u00e9rans britanniques ayant servi durant la Premi\u00e8re et la Seconde Guerre mondiale.<\/p>\n<p data-start=\"115\" data-end=\"320\">Cette collection comm\u00e9morative a \u00e9t\u00e9 rassembl\u00e9e par un descendant de la famille et comprend m\u00e9dailles, photos, bonnets de police, plaques d&rsquo;identit\u00e9 militaires (dog tags) et divers insignes militaires.<\/p>\n<h3 data-start=\"538\" data-end=\"566\"><strong data-start=\"542\" data-end=\"566\">Histoire familiale :<\/strong><\/h3>\n<ul data-start=\"568\" data-end=\"1531\">\n<li data-start=\"568\" data-end=\"895\">\n<p data-start=\"570\" data-end=\"895\">John Edward Barrett (arri\u00e8re-grand-p\u00e8re) :<br data-start=\"616\" data-end=\"619\" \/>A servi pendant la Premi\u00e8re Guerre mondiale, notamment au sein de la Royal Air Force. Il a contract\u00e9 la fi\u00e8vre des tranch\u00e9es et a \u00e9t\u00e9 soign\u00e9 dans un h\u00f4pital \u00e0 Rouen, en France. Il a re\u00e7u la British War Medal et la M\u00e9daille interalli\u00e9e de la Victoire.<\/p>\n<\/li>\n<\/ul>\n<p>&nbsp;<\/p>\n<ul data-start=\"568\" data-end=\"1531\">\n<li data-start=\"897\" data-end=\"1319\">\n<p data-start=\"899\" data-end=\"1319\">John Lewis Barrett (grand-p\u00e8re, fils de John Edward) :<br data-start=\"957\" data-end=\"960\" \/>\u00c9galement v\u00e9t\u00e9ran de la Premi\u00e8re Guerre mondiale, il a servi comme mitrailleur Lewis (Lewis gunner) dans le Worcestershire Regiment. Il a \u00e9t\u00e9 bless\u00e9 \u00e0 la cuisse gauche par balle en 1918. Comme son p\u00e8re, il a re\u00e7u la British War Medal et la M\u00e9daille de la Victoire. En 1942, il a \u00e9t\u00e9 d\u00e9mobilis\u00e9 (<em data-start=\"1289\" data-end=\"1317\">t\u00e9l\u00e9gramme original inclus dans le grouping<\/em>).<\/p>\n<\/li>\n<\/ul>\n<p>&nbsp;<\/p>\n<ul data-start=\"568\" data-end=\"1531\">\n<li data-start=\"1321\" data-end=\"1531\">\n<p data-start=\"1323\" data-end=\"1531\">Edward Daniel Reeve (grand-p\u00e8re maternel) :<br data-start=\"1370\" data-end=\"1373\" \/>A servi pendant la Premi\u00e8re Guerre mondiale au sein du King\u2019s Regiment (Liverpool). Son insigne de bonnet de police est pr\u00e9sent dans le grouping.<\/p>\n<\/li>\n<\/ul>\n<p>&nbsp;<\/p>\n<h3 data-start=\"1538\" data-end=\"1569\"><strong data-start=\"1542\" data-end=\"1569\">Contenu de l\u2019ensemble :<\/strong><\/h3>\n<ul data-start=\"1571\" data-end=\"2641\">\n<li data-start=\"1571\" data-end=\"1748\">\n<p data-start=\"1573\" data-end=\"1748\">Un cadre moderne de pr\u00e9sentation contenant des photos, m\u00e9dailles, rubans et insignes r\u00e9gimentaires \/ de bonnets de police des trois anciens combattants.<\/p>\n<\/li>\n<li data-start=\"1750\" data-end=\"1969\">\n<p data-start=\"1752\" data-end=\"1802\">Deux bonnets de police de la Royal Air Force :<\/p>\n<ul data-start=\"1805\" data-end=\"1969\">\n<li data-start=\"1805\" data-end=\"1904\">\n<p data-start=\"1807\" data-end=\"1904\">L\u2019un dat\u00e9 1944, avec tampon du fabricant et broad arrow (il manque un bouton).<\/p>\n<\/li>\n<li data-start=\"1907\" data-end=\"1969\">\n<p data-start=\"1909\" data-end=\"1969\">L\u2019autre sans marquage apparent, en bon \u00e9tat g\u00e9n\u00e9ral.<\/p>\n<\/li>\n<\/ul>\n<\/li>\n<\/ul>\n<p>&nbsp;<\/p>\n<ul data-start=\"1571\" data-end=\"2641\">\n<li data-start=\"1971\" data-end=\"2074\">\n<p data-start=\"1973\" data-end=\"2074\">T\u00e9l\u00e9gramme original de 1942 ordonnant \u00e0 John Lewis de rejoindre son unit\u00e9 pour sa d\u00e9mobilisation.<\/p>\n<\/li>\n<li data-start=\"2076\" data-end=\"2144\">\n<p data-start=\"2078\" data-end=\"2144\">Plusieurs plaques d&rsquo;identit\u00e9 militaires au nom de Barrett.<\/p>\n<\/li>\n<li data-start=\"2146\" data-end=\"2206\">\n<p data-start=\"2148\" data-end=\"2206\">Deux photos reproduites (copies de photos originales).<\/p>\n<\/li>\n<li data-start=\"2208\" data-end=\"2360\">\n<p data-start=\"2210\" data-end=\"2255\">M\u00e9dailles de la Seconde Guerre mondiale :<\/p>\n<ul data-start=\"2258\" data-end=\"2360\">\n<li data-start=\"2258\" data-end=\"2287\">\n<p data-start=\"2260\" data-end=\"2287\">France and Germany Star<\/p>\n<\/li>\n<li data-start=\"2290\" data-end=\"2310\">\n<p data-start=\"2292\" data-end=\"2310\">1939\u20131945 Star<\/p>\n<\/li>\n<li data-start=\"2313\" data-end=\"2332\">\n<p data-start=\"2315\" data-end=\"2332\">Defence Medal<\/p>\n<\/li>\n<li data-start=\"2335\" data-end=\"2360\">\n<p data-start=\"2337\" data-end=\"2360\">War Medal 1939\u20131945<\/p>\n<\/li>\n<\/ul>\n<\/li>\n<\/ul>\n<p>&nbsp;<\/p>\n<ul data-start=\"1571\" data-end=\"2641\">\n<li data-start=\"2362\" data-end=\"2434\">\n<p data-start=\"2364\" data-end=\"2434\">Un historique familial imprim\u00e9 (en anglais), fix\u00e9 au dos du cadre.<\/p>\n<\/li>\n<li data-start=\"2436\" data-end=\"2492\">\n<p data-start=\"2438\" data-end=\"2492\">Un insigne d\u2019\u00e9paule du Royal Corps of Signals.<\/p>\n<\/li>\n<li data-start=\"2494\" data-end=\"2581\">\n<p data-start=\"2496\" data-end=\"2581\">Une insigne de manche imprim\u00e9e de la Royal Air Force, d\u00e9cousue d\u2019un uniforme.<\/p>\n<\/li>\n<li data-start=\"2583\" data-end=\"2641\">\n<p data-start=\"2585\" data-end=\"2641\">Plusieurs badges de la RAF, visibles sur les photos.<\/p>\n<\/li>\n<\/ul>\n<p>&nbsp;<\/p>\n<p data-start=\"2648\" data-end=\"2809\">Hommage touchant d&rsquo;une Histoire militaire de famille, en bon \u00e9tat g\u00e9n\u00e9ral.<\/p>\n","protected":false},"featured_media":8233,"comment_status":"open","ping_status":"closed","template":"","meta":{"_uf_show_specific_survey":0,"_uf_disable_surveys":false,"ocean_post_layout":"","ocean_both_sidebars_style":"","ocean_both_sidebars_content_width":0,"ocean_both_sidebars_sidebars_width":0,"ocean_sidebar":"0","ocean_second_sidebar":"0","ocean_disable_margins":"enable","ocean_add_body_class":"","ocean_shortcode_before_top_bar":"","ocean_shortcode_after_top_bar":"","ocean_shortcode_before_header":"","ocean_shortcode_after_header":"","ocean_has_shortcode":"","ocean_shortcode_after_title":"","ocean_shortcode_before_footer_widgets":"","ocean_shortcode_after_footer_widgets":"","ocean_shortcode_before_footer_bottom":"","ocean_shortcode_after_footer_bottom":"","ocean_display_top_bar":"default","ocean_display_header":"default","ocean_header_style":"","ocean_center_header_left_menu":"0","ocean_custom_header_template":"0","ocean_custom_logo":0,"ocean_custom_retina_logo":0,"ocean_custom_logo_max_width":0,"ocean_custom_logo_tablet_max_width":0,"ocean_custom_logo_mobile_max_width":0,"ocean_custom_logo_max_height":0,"ocean_custom_logo_tablet_max_height":0,"ocean_custom_logo_mobile_max_height":0,"ocean_header_custom_menu":"0","ocean_menu_typo_font_family":"0","ocean_menu_typo_font_subset":"","ocean_menu_typo_font_size":0,"ocean_menu_typo_font_size_tablet":0,"ocean_menu_typo_font_size_mobile":0,"ocean_menu_typo_font_size_unit":"px","ocean_menu_typo_font_weight":"","ocean_menu_typo_font_weight_tablet":"","ocean_menu_typo_font_weight_mobile":"","ocean_menu_typo_transform":"","ocean_menu_typo_transform_tablet":"","ocean_menu_typo_transform_mobile":"","ocean_menu_typo_line_height":0,"ocean_menu_typo_line_height_tablet":0,"ocean_menu_typo_line_height_mobile":0,"ocean_menu_typo_line_height_unit":"","ocean_menu_typo_spacing":0,"ocean_menu_typo_spacing_tablet":0,"ocean_menu_typo_spacing_mobile":0,"ocean_menu_typo_spacing_unit":"","ocean_menu_link_color":"","ocean_menu_link_color_hover":"","ocean_menu_link_color_active":"","ocean_menu_link_background":"","ocean_menu_link_hover_background":"","ocean_menu_link_active_background":"","ocean_menu_social_links_bg":"","ocean_menu_social_hover_links_bg":"","ocean_menu_social_links_color":"","ocean_menu_social_hover_links_color":"","ocean_disable_title":"default","ocean_disable_heading":"default","ocean_post_title":"","ocean_post_subheading":"","ocean_post_title_style":"","ocean_post_title_background_color":"","ocean_post_title_background":0,"ocean_post_title_bg_image_position":"","ocean_post_title_bg_image_attachment":"","ocean_post_title_bg_image_repeat":"","ocean_post_title_bg_image_size":"","ocean_post_title_height":0,"ocean_post_title_bg_overlay":0.5,"ocean_post_title_bg_overlay_color":"","ocean_disable_breadcrumbs":"default","ocean_breadcrumbs_color":"","ocean_breadcrumbs_separator_color":"","ocean_breadcrumbs_links_color":"","ocean_breadcrumbs_links_hover_color":"","ocean_display_footer_widgets":"default","ocean_display_footer_bottom":"default","ocean_custom_footer_template":"0"},"product_brand":[],"product_cat":[341,354,234,292,228],"product_tag":[],"class_list":{"0":"post-8580","1":"product","2":"type-product","3":"status-publish","4":"has-post-thumbnail","6":"product_cat-medailles-et-decorations","7":"product_cat-nouvelles-trouvailles","8":"product_cat-premiere-guerre-mondiale","9":"product_cat-royaume-uni","10":"product_cat-seconde-guerre-mondiale","11":"product_shipping_class-paquet-standard","13":"entry","14":"has-media","16":"first","17":"outofstock","18":"sold-individually","19":"shipping-taxable","20":"purchasable","21":"product-type-simple","22":"has-product-nav","23":"col","24":"span_1_of_4","25":"owp-content-center","26":"item-entry","27":"owp-thumbs-layout-horizontal","28":"owp-btn-very-big","29":"owp-tabs-layout-horizontal"},"aioseo_notices":[],"_links":{"self":[{"href":"https:\/\/lieutenantpoilu.com\/fr\/wp-json\/wp\/v2\/product\/8580","targetHints":{"allow":["GET"]}}],"collection":[{"href":"https:\/\/lieutenantpoilu.com\/fr\/wp-json\/wp\/v2\/product"}],"about":[{"href":"https:\/\/lieutenantpoilu.com\/fr\/wp-json\/wp\/v2\/types\/product"}],"replies":[{"embeddable":true,"href":"https:\/\/lieutenantpoilu.com\/fr\/wp-json\/wp\/v2\/comments?post=8580"}],"wp:featuredmedia":[{"embeddable":true,"href":"https:\/\/lieutenantpoilu.com\/fr\/wp-json\/wp\/v2\/media\/8233"}],"wp:attachment":[{"href":"https:\/\/lieutenantpoilu.com\/fr\/wp-json\/wp\/v2\/media?parent=8580"}],"wp:term":[{"taxonomy":"product_brand","embeddable":true,"href":"https:\/\/lieutenantpoilu.com\/fr\/wp-json\/wp\/v2\/product_brand?post=8580"},{"taxonomy":"product_cat","embeddable":true,"href":"https:\/\/lieutenantpoilu.com\/fr\/wp-json\/wp\/v2\/product_cat?post=8580"},{"taxonomy":"product_tag","embeddable":true,"href":"https:\/\/lieutenantpoilu.com\/fr\/wp-json\/wp\/v2\/product_tag?post=8580"}],"curies":[{"name":"wp","href":"https:\/\/api.w.org\/{rel}","templated":true}]}}