{"id":7926,"date":"2025-05-13T22:02:02","date_gmt":"2025-05-13T20:02:02","guid":{"rendered":"https:\/\/lieutenantpoilu.com\/militaria\/non%20class\u00e9\/medaille-de-sainte-helene-avec-son-certificat-un-ancien-combattant-francais-de-la-campagne-de-russie\/"},"modified":"2025-05-13T22:15:30","modified_gmt":"2025-05-13T20:15:30","slug":"medaille-de-sainte-helene-avec-son-certificat-un-ancien-combattant-francais-de-la-campagne-de-russie","status":"publish","type":"product","link":"https:\/\/lieutenantpoilu.com\/fr\/militaria\/autres-epoques\/medaille-de-sainte-helene-avec-son-certificat-un-ancien-combattant-francais-de-la-campagne-de-russie\/","title":{"rendered":"M\u00e9daille de Sainte H\u00e9l\u00e8ne avec son Dipl\u00f4me: un V\u00e9t\u00e9ran de la Campagne de Russie"},"content":{"rendered":"","protected":false},"excerpt":{"rendered":"<p>M\u00e9daille de Sainte H\u00e9l\u00e8ne en bronze patin\u00e9 avec son dipl\u00f4me, attribu\u00e9e \u00e0 Abraham Feydit, n\u00e9 \u00e0 Eymet, France, le 12 f\u00e9vrier 1791, ancien Sergent-Major de l\u2019arm\u00e9e Napol\u00e9onienne dans le 29<sup>\u00e8me<\/sup> R\u00e9giment d\u2019Infanterie de Ligne.<\/p>\n<p>Le soldat Feydit re\u00e7oit la L\u00e9gion d\u2019Honneur au grade de chevalier le 22 aout 1850.<\/p>\n<p>Il sert dans la Grande Arm\u00e9e de 1809 \u00e0 1814.<\/p>\n<p>Il participe notamment \u00e0 la campagne de Russie de 1812. Il sera bless\u00e9 au combat d\u2019un coup de lance \u00e0 la cuisse gauche \u00e0 la bataille de Wilna (Vilnius) en d\u00e9cembre 1812.<\/p>\n<p>Fait prisonnier de guerre \u00e0 K\u0153nigsberg en Prusse-Orientale (aujourd\u2019hui Kaliningrad) en janvier 1813.<\/p>\n<p>Rentre en France le 21 novembre 1814.<\/p>\n<p>Admis \u00e0 la\u00a0\u00ab\u00a0L\u00e9gion de la Dordogne\u00a0\u00bb (13<sup>\u00e8me<\/sup> De Ligne) en 1814.<\/p>\n<p>Admis au 44<sup>\u00e8me<\/sup> R\u00e9giment d\u2019Infanterie de Ligne comme v\u00e9t\u00e9ran rengag\u00e9 en 1822 pour une dur\u00e9e de 8 ans.<\/p>\n<p>Le cadre mesure 25 cm x 36 cm.<\/p>\n<p>Nous enverrons \u00e0 l\u2019acheteur une copie num\u00e9rique (par e-mail) du proc\u00e8s-verbal d\u2019individualit\u00e9 du Sergent-Major Feydit ainsi que ses \u00e9tats de service dans l\u2019arm\u00e9e, provenant de la base de donn\u00e9es L\u00e9onore.<\/p>\n<p><strong>Etat\u00a0:<\/strong> Assez bon, papier jauni par les ann\u00e9es.<\/p>\n<figure id=\"attachment_7933\" aria-describedby=\"caption-attachment-7933\" style=\"width: 456px\" class=\"wp-caption aligncenter\"><img fetchpriority=\"high\" decoding=\"async\" class=\"wp-image-7933 size-full\" src=\"https:\/\/lieutenantpoilu.com\/wp-content\/uploads\/2025\/05\/napoleons-soldiers-in-vilnius-1.jpg\" alt=\"\" width=\"456\" height=\"330\" srcset=\"https:\/\/lieutenantpoilu.com\/wp-content\/uploads\/2025\/05\/napoleons-soldiers-in-vilnius-1.jpg 456w, https:\/\/lieutenantpoilu.com\/wp-content\/uploads\/2025\/05\/napoleons-soldiers-in-vilnius-1-300x217.jpg 300w\" sizes=\"(max-width: 456px) 100vw, 456px\" \/><figcaption id=\"caption-attachment-7933\" class=\"wp-caption-text\">Source : https:\/\/vilnews.com<\/figcaption><\/figure>\n","protected":false},"featured_media":7940,"comment_status":"open","ping_status":"closed","template":"","meta":{"_uf_show_specific_survey":0,"_uf_disable_surveys":false,"ocean_post_layout":"","ocean_both_sidebars_style":"","ocean_both_sidebars_content_width":0,"ocean_both_sidebars_sidebars_width":0,"ocean_sidebar":"0","ocean_second_sidebar":"0","ocean_disable_margins":"enable","ocean_add_body_class":"","ocean_shortcode_before_top_bar":"","ocean_shortcode_after_top_bar":"","ocean_shortcode_before_header":"","ocean_shortcode_after_header":"","ocean_has_shortcode":"","ocean_shortcode_after_title":"","ocean_shortcode_before_footer_widgets":"","ocean_shortcode_after_footer_widgets":"","ocean_shortcode_before_footer_bottom":"","ocean_shortcode_after_footer_bottom":"","ocean_display_top_bar":"default","ocean_display_header":"default","ocean_header_style":"","ocean_center_header_left_menu":"0","ocean_custom_header_template":"0","ocean_custom_logo":0,"ocean_custom_retina_logo":0,"ocean_custom_logo_max_width":0,"ocean_custom_logo_tablet_max_width":0,"ocean_custom_logo_mobile_max_width":0,"ocean_custom_logo_max_height":0,"ocean_custom_logo_tablet_max_height":0,"ocean_custom_logo_mobile_max_height":0,"ocean_header_custom_menu":"0","ocean_menu_typo_font_family":"0","ocean_menu_typo_font_subset":"","ocean_menu_typo_font_size":0,"ocean_menu_typo_font_size_tablet":0,"ocean_menu_typo_font_size_mobile":0,"ocean_menu_typo_font_size_unit":"px","ocean_menu_typo_font_weight":"","ocean_menu_typo_font_weight_tablet":"","ocean_menu_typo_font_weight_mobile":"","ocean_menu_typo_transform":"","ocean_menu_typo_transform_tablet":"","ocean_menu_typo_transform_mobile":"","ocean_menu_typo_line_height":0,"ocean_menu_typo_line_height_tablet":0,"ocean_menu_typo_line_height_mobile":0,"ocean_menu_typo_line_height_unit":"","ocean_menu_typo_spacing":0,"ocean_menu_typo_spacing_tablet":0,"ocean_menu_typo_spacing_mobile":0,"ocean_menu_typo_spacing_unit":"","ocean_menu_link_color":"","ocean_menu_link_color_hover":"","ocean_menu_link_color_active":"","ocean_menu_link_background":"","ocean_menu_link_hover_background":"","ocean_menu_link_active_background":"","ocean_menu_social_links_bg":"","ocean_menu_social_hover_links_bg":"","ocean_menu_social_links_color":"","ocean_menu_social_hover_links_color":"","ocean_disable_title":"default","ocean_disable_heading":"default","ocean_post_title":"","ocean_post_subheading":"","ocean_post_title_style":"","ocean_post_title_background_color":"","ocean_post_title_background":0,"ocean_post_title_bg_image_position":"","ocean_post_title_bg_image_attachment":"","ocean_post_title_bg_image_repeat":"","ocean_post_title_bg_image_size":"","ocean_post_title_height":0,"ocean_post_title_bg_overlay":0.5,"ocean_post_title_bg_overlay_color":"","ocean_disable_breadcrumbs":"default","ocean_breadcrumbs_color":"","ocean_breadcrumbs_separator_color":"","ocean_breadcrumbs_links_color":"","ocean_breadcrumbs_links_hover_color":"","ocean_display_footer_widgets":"default","ocean_display_footer_bottom":"default","ocean_custom_footer_template":"0"},"product_brand":[],"product_cat":[258,278,341,240,354],"product_tag":[],"class_list":{"0":"post-7926","1":"product","2":"type-product","3":"status-publish","4":"has-post-thumbnail","6":"product_cat-autres-epoques","7":"product_cat-france","8":"product_cat-medailles-et-decorations","9":"product_cat-napoleon-1er","10":"product_cat-nouvelles-trouvailles","11":"product_shipping_class-paquet-semi-lourd","13":"entry","14":"has-media","16":"first","17":"outofstock","18":"sold-individually","19":"shipping-taxable","20":"product-type-simple","21":"has-product-nav","22":"col","23":"span_1_of_4","24":"owp-content-center","25":"item-entry","26":"owp-thumbs-layout-horizontal","27":"owp-btn-very-big","28":"owp-tabs-layout-horizontal"},"aioseo_notices":[],"_links":{"self":[{"href":"https:\/\/lieutenantpoilu.com\/fr\/wp-json\/wp\/v2\/product\/7926","targetHints":{"allow":["GET"]}}],"collection":[{"href":"https:\/\/lieutenantpoilu.com\/fr\/wp-json\/wp\/v2\/product"}],"about":[{"href":"https:\/\/lieutenantpoilu.com\/fr\/wp-json\/wp\/v2\/types\/product"}],"replies":[{"embeddable":true,"href":"https:\/\/lieutenantpoilu.com\/fr\/wp-json\/wp\/v2\/comments?post=7926"}],"wp:featuredmedia":[{"embeddable":true,"href":"https:\/\/lieutenantpoilu.com\/fr\/wp-json\/wp\/v2\/media\/7940"}],"wp:attachment":[{"href":"https:\/\/lieutenantpoilu.com\/fr\/wp-json\/wp\/v2\/media?parent=7926"}],"wp:term":[{"taxonomy":"product_brand","embeddable":true,"href":"https:\/\/lieutenantpoilu.com\/fr\/wp-json\/wp\/v2\/product_brand?post=7926"},{"taxonomy":"product_cat","embeddable":true,"href":"https:\/\/lieutenantpoilu.com\/fr\/wp-json\/wp\/v2\/product_cat?post=7926"},{"taxonomy":"product_tag","embeddable":true,"href":"https:\/\/lieutenantpoilu.com\/fr\/wp-json\/wp\/v2\/product_tag?post=7926"}],"curies":[{"name":"wp","href":"https:\/\/api.w.org\/{rel}","templated":true}]}}