{"id":7866,"date":"2025-05-06T19:22:43","date_gmt":"2025-05-06T17:22:43","guid":{"rendered":"https:\/\/lieutenantpoilu.com\/militaria\/non%20class\u00e9\/aquarelle-souvenir-dun-prisonnier-de-guerre-1914-1918\/"},"modified":"2025-05-06T19:32:35","modified_gmt":"2025-05-06T17:32:35","slug":"aquarelle-souvenir-dun-prisonnier-de-guerre-1914-1918","status":"publish","type":"product","link":"https:\/\/lieutenantpoilu.com\/fr\/militaria\/autres-articles-militaires\/aquarelle-souvenir-dun-prisonnier-de-guerre-1914-1918\/","title":{"rendered":"Aquarelle Souvenir de prisonnier de guerre 1914-1918"},"content":{"rendered":"","protected":false},"excerpt":{"rendered":"<p>Sympathique aquarelle montrant un prisonnier Zouave de l\u2019arm\u00e9e d\u2019Afrique v\u00eatu de son bol\u00e9ro et sous sarouel et un prisonnier \u00e9cossais en kilt coiff\u00e9 de son Glengarry observant depuis derri\u00e8re les barbel\u00e9s des soldats allemands d\u00e9filant.<\/p>\n<p>L\u2019aquarelle porte le titre de \u00ab\u00a0Jeunes Boches en balade au camp de prisonnier\u00a0\u00bb.<\/p>\n<p>Dessin sign\u00e9 P. Bellan, dat\u00e9 1916.<\/p>\n<p>Lieu\u00a0: Glion, Suisse (Lieu d\u2019internement sanitaire en Suisse pour les mutil\u00e9s alli\u00e9s fran\u00e7ais et belges).<\/p>\n<p>Dessin \u00e0 l&rsquo;encre et aquarelle sur papier fort. Non encadr\u00e9.<\/p>\n<p><strong>Dimensions<\/strong> : 25 X 31 cm<\/p>\n","protected":false},"featured_media":7869,"comment_status":"open","ping_status":"closed","template":"","meta":{"_uf_show_specific_survey":0,"_uf_disable_surveys":false,"ocean_post_layout":"","ocean_both_sidebars_style":"","ocean_both_sidebars_content_width":0,"ocean_both_sidebars_sidebars_width":0,"ocean_sidebar":"0","ocean_second_sidebar":"0","ocean_disable_margins":"enable","ocean_add_body_class":"","ocean_shortcode_before_top_bar":"","ocean_shortcode_after_top_bar":"","ocean_shortcode_before_header":"","ocean_shortcode_after_header":"","ocean_has_shortcode":"","ocean_shortcode_after_title":"","ocean_shortcode_before_footer_widgets":"","ocean_shortcode_after_footer_widgets":"","ocean_shortcode_before_footer_bottom":"","ocean_shortcode_after_footer_bottom":"","ocean_display_top_bar":"default","ocean_display_header":"default","ocean_header_style":"","ocean_center_header_left_menu":"0","ocean_custom_header_template":"0","ocean_custom_logo":0,"ocean_custom_retina_logo":0,"ocean_custom_logo_max_width":0,"ocean_custom_logo_tablet_max_width":0,"ocean_custom_logo_mobile_max_width":0,"ocean_custom_logo_max_height":0,"ocean_custom_logo_tablet_max_height":0,"ocean_custom_logo_mobile_max_height":0,"ocean_header_custom_menu":"0","ocean_menu_typo_font_family":"0","ocean_menu_typo_font_subset":"","ocean_menu_typo_font_size":0,"ocean_menu_typo_font_size_tablet":0,"ocean_menu_typo_font_size_mobile":0,"ocean_menu_typo_font_size_unit":"px","ocean_menu_typo_font_weight":"","ocean_menu_typo_font_weight_tablet":"","ocean_menu_typo_font_weight_mobile":"","ocean_menu_typo_transform":"","ocean_menu_typo_transform_tablet":"","ocean_menu_typo_transform_mobile":"","ocean_menu_typo_line_height":0,"ocean_menu_typo_line_height_tablet":0,"ocean_menu_typo_line_height_mobile":0,"ocean_menu_typo_line_height_unit":"","ocean_menu_typo_spacing":0,"ocean_menu_typo_spacing_tablet":0,"ocean_menu_typo_spacing_mobile":0,"ocean_menu_typo_spacing_unit":"","ocean_menu_link_color":"","ocean_menu_link_color_hover":"","ocean_menu_link_color_active":"","ocean_menu_link_background":"","ocean_menu_link_hover_background":"","ocean_menu_link_active_background":"","ocean_menu_social_links_bg":"","ocean_menu_social_hover_links_bg":"","ocean_menu_social_links_color":"","ocean_menu_social_hover_links_color":"","ocean_disable_title":"default","ocean_disable_heading":"default","ocean_post_title":"","ocean_post_subheading":"","ocean_post_title_style":"","ocean_post_title_background_color":"","ocean_post_title_background":0,"ocean_post_title_bg_image_position":"","ocean_post_title_bg_image_attachment":"","ocean_post_title_bg_image_repeat":"","ocean_post_title_bg_image_size":"","ocean_post_title_height":0,"ocean_post_title_bg_overlay":0.5,"ocean_post_title_bg_overlay_color":"","ocean_disable_breadcrumbs":"default","ocean_breadcrumbs_color":"","ocean_breadcrumbs_separator_color":"","ocean_breadcrumbs_links_color":"","ocean_breadcrumbs_links_hover_color":"","ocean_display_footer_widgets":"default","ocean_display_footer_bottom":"default","ocean_custom_footer_template":"0"},"product_brand":[],"product_cat":[349,278,354,234],"product_tag":[],"class_list":{"0":"post-7866","1":"product","2":"type-product","3":"status-publish","4":"has-post-thumbnail","6":"product_cat-autres-articles-militaires","7":"product_cat-france","8":"product_cat-nouvelles-trouvailles","9":"product_cat-premiere-guerre-mondiale","10":"product_shipping_class-paquet-leger","12":"entry","13":"has-media","15":"first","16":"outofstock","17":"sold-individually","18":"shipping-taxable","19":"purchasable","20":"product-type-simple","21":"has-product-nav","22":"col","23":"span_1_of_4","24":"owp-content-center","25":"item-entry","26":"owp-thumbs-layout-horizontal","27":"owp-btn-very-big","28":"owp-tabs-layout-horizontal"},"aioseo_notices":[],"_links":{"self":[{"href":"https:\/\/lieutenantpoilu.com\/fr\/wp-json\/wp\/v2\/product\/7866","targetHints":{"allow":["GET"]}}],"collection":[{"href":"https:\/\/lieutenantpoilu.com\/fr\/wp-json\/wp\/v2\/product"}],"about":[{"href":"https:\/\/lieutenantpoilu.com\/fr\/wp-json\/wp\/v2\/types\/product"}],"replies":[{"embeddable":true,"href":"https:\/\/lieutenantpoilu.com\/fr\/wp-json\/wp\/v2\/comments?post=7866"}],"wp:featuredmedia":[{"embeddable":true,"href":"https:\/\/lieutenantpoilu.com\/fr\/wp-json\/wp\/v2\/media\/7869"}],"wp:attachment":[{"href":"https:\/\/lieutenantpoilu.com\/fr\/wp-json\/wp\/v2\/media?parent=7866"}],"wp:term":[{"taxonomy":"product_brand","embeddable":true,"href":"https:\/\/lieutenantpoilu.com\/fr\/wp-json\/wp\/v2\/product_brand?post=7866"},{"taxonomy":"product_cat","embeddable":true,"href":"https:\/\/lieutenantpoilu.com\/fr\/wp-json\/wp\/v2\/product_cat?post=7866"},{"taxonomy":"product_tag","embeddable":true,"href":"https:\/\/lieutenantpoilu.com\/fr\/wp-json\/wp\/v2\/product_tag?post=7866"}],"curies":[{"name":"wp","href":"https:\/\/api.w.org\/{rel}","templated":true}]}}