{"id":7010,"date":"2025-03-12T21:39:13","date_gmt":"2025-03-12T20:39:13","guid":{"rendered":"https:\/\/lieutenantpoilu.com\/militaria\/non%20class\u00e9\/couteau-de-combat-usm3-seconde-guerre-mondiale\/"},"modified":"2025-03-12T21:55:04","modified_gmt":"2025-03-12T20:55:04","slug":"couteau-de-combat-usm3-seconde-guerre-mondiale","status":"publish","type":"product","link":"https:\/\/lieutenantpoilu.com\/fr\/militaria\/baionnettes-et-couteaux\/couteau-de-combat-usm3-seconde-guerre-mondiale\/","title":{"rendered":"Couteau de combat USM3, Seconde Guerre Mondiale"},"content":{"rendered":"","protected":false},"excerpt":{"rendered":"<p>Couteau de combat US M3 avec marquage lame (blade marked) sans date (ce qui indique une production de \u200bSeptembre \u00e0 Novembre 1943) de fabrication IMPERIAL.<\/p>\n<p>Garde \u00e0 double quillon dont un pli\u00e9 vers l&rsquo;avant pour permettre l&rsquo;appui du pouce.<\/p>\n<p>Poin\u00e7on de contr\u00f4le de l&rsquo;Ordnance Department \u00ab\u00a0Flaming Bomb\u00a0\u00bb sur le pommeau (poin\u00e7on assez effac\u00e9 mais toujours visible).<\/p>\n<p>La poign\u00e9e pr\u00e9sente quelques traces d&rsquo;usure avec quelques d\u00e9chirements d&rsquo;anneaux mais reste en bon \u00e9tat g\u00e9n\u00e9ral de conservation.<\/p>\n<p>Poignard accompagn\u00e9 de son fourreau USM8 de second type, ant\u00e9rieur \u00e0 mai 1944 (ant\u00e9rieur au marquage USM8A1) de chez B.M. co. (Beckwith Manufacturing Company).<\/p>\n<p>Toile de fourreau en bon \u00e9tat, bouton pression fonctionnel. Double crochet du webbing remplac\u00e9 par une cordelette pour fixer le poignard \u00e0 la jambe.<\/p>\n<p>Pi\u00e8ce de collection dans son jus !<\/p>\n<p>Petit d\u00e9faut sur la lame visible sur les photos.<\/p>\n<p>Bon \u00e9tat g\u00e9n\u00e9ral de conservation.<\/p>\n<p>&nbsp;<\/p>\n<figure id=\"attachment_7013\" aria-describedby=\"caption-attachment-7013\" style=\"width: 582px\" class=\"wp-caption aligncenter\"><img fetchpriority=\"high\" decoding=\"async\" class=\"wp-image-7013 size-full\" src=\"https:\/\/lieutenantpoilu.com\/wp-content\/uploads\/2025\/03\/soldat-us-avec-couteau-USM3.jpg\" alt=\"\" width=\"582\" height=\"800\" srcset=\"https:\/\/lieutenantpoilu.com\/wp-content\/uploads\/2025\/03\/soldat-us-avec-couteau-USM3.jpg 582w, https:\/\/lieutenantpoilu.com\/wp-content\/uploads\/2025\/03\/soldat-us-avec-couteau-USM3-218x300.jpg 218w\" sizes=\"(max-width: 582px) 100vw, 582px\" \/><figcaption id=\"caption-attachment-7013\" class=\"wp-caption-text\">source: https:\/\/souvenezvous44.blogspot.com\/<\/figcaption><\/figure>\n","protected":false},"featured_media":7055,"comment_status":"open","ping_status":"closed","template":"","meta":{"_uf_show_specific_survey":0,"_uf_disable_surveys":false,"ocean_post_layout":"","ocean_both_sidebars_style":"","ocean_both_sidebars_content_width":0,"ocean_both_sidebars_sidebars_width":0,"ocean_sidebar":"0","ocean_second_sidebar":"0","ocean_disable_margins":"enable","ocean_add_body_class":"","ocean_shortcode_before_top_bar":"","ocean_shortcode_after_top_bar":"","ocean_shortcode_before_header":"","ocean_shortcode_after_header":"","ocean_has_shortcode":"","ocean_shortcode_after_title":"","ocean_shortcode_before_footer_widgets":"","ocean_shortcode_after_footer_widgets":"","ocean_shortcode_before_footer_bottom":"","ocean_shortcode_after_footer_bottom":"","ocean_display_top_bar":"default","ocean_display_header":"default","ocean_header_style":"","ocean_center_header_left_menu":"0","ocean_custom_header_template":"0","ocean_custom_logo":0,"ocean_custom_retina_logo":0,"ocean_custom_logo_max_width":0,"ocean_custom_logo_tablet_max_width":0,"ocean_custom_logo_mobile_max_width":0,"ocean_custom_logo_max_height":0,"ocean_custom_logo_tablet_max_height":0,"ocean_custom_logo_mobile_max_height":0,"ocean_header_custom_menu":"0","ocean_menu_typo_font_family":"0","ocean_menu_typo_font_subset":"","ocean_menu_typo_font_size":0,"ocean_menu_typo_font_size_tablet":0,"ocean_menu_typo_font_size_mobile":0,"ocean_menu_typo_font_size_unit":"px","ocean_menu_typo_font_weight":"","ocean_menu_typo_font_weight_tablet":"","ocean_menu_typo_font_weight_mobile":"","ocean_menu_typo_transform":"","ocean_menu_typo_transform_tablet":"","ocean_menu_typo_transform_mobile":"","ocean_menu_typo_line_height":0,"ocean_menu_typo_line_height_tablet":0,"ocean_menu_typo_line_height_mobile":0,"ocean_menu_typo_line_height_unit":"","ocean_menu_typo_spacing":0,"ocean_menu_typo_spacing_tablet":0,"ocean_menu_typo_spacing_mobile":0,"ocean_menu_typo_spacing_unit":"","ocean_menu_link_color":"","ocean_menu_link_color_hover":"","ocean_menu_link_color_active":"","ocean_menu_link_background":"","ocean_menu_link_hover_background":"","ocean_menu_link_active_background":"","ocean_menu_social_links_bg":"","ocean_menu_social_hover_links_bg":"","ocean_menu_social_links_color":"","ocean_menu_social_hover_links_color":"","ocean_disable_title":"default","ocean_disable_heading":"default","ocean_post_title":"","ocean_post_subheading":"","ocean_post_title_style":"","ocean_post_title_background_color":"","ocean_post_title_background":0,"ocean_post_title_bg_image_position":"","ocean_post_title_bg_image_attachment":"","ocean_post_title_bg_image_repeat":"","ocean_post_title_bg_image_size":"","ocean_post_title_height":0,"ocean_post_title_bg_overlay":0.5,"ocean_post_title_bg_overlay_color":"","ocean_disable_breadcrumbs":"default","ocean_breadcrumbs_color":"","ocean_breadcrumbs_separator_color":"","ocean_breadcrumbs_links_color":"","ocean_breadcrumbs_links_hover_color":"","ocean_display_footer_widgets":"default","ocean_display_footer_bottom":"default","ocean_custom_footer_template":"0"},"product_brand":[],"product_cat":[315,270,354,228],"product_tag":[],"class_list":{"0":"post-7010","1":"product","2":"type-product","3":"status-publish","4":"has-post-thumbnail","6":"product_cat-baionnettes-et-couteaux","7":"product_cat-etats-unis","8":"product_cat-nouvelles-trouvailles","9":"product_cat-seconde-guerre-mondiale","10":"product_shipping_class-paquet-standard","12":"entry","13":"has-media","15":"first","16":"outofstock","17":"sold-individually","18":"shipping-taxable","19":"purchasable","20":"product-type-simple","21":"has-product-nav","22":"col","23":"span_1_of_4","24":"owp-content-center","25":"item-entry","26":"owp-thumbs-layout-horizontal","27":"owp-btn-very-big","28":"owp-tabs-layout-horizontal"},"aioseo_notices":[],"_links":{"self":[{"href":"https:\/\/lieutenantpoilu.com\/fr\/wp-json\/wp\/v2\/product\/7010","targetHints":{"allow":["GET"]}}],"collection":[{"href":"https:\/\/lieutenantpoilu.com\/fr\/wp-json\/wp\/v2\/product"}],"about":[{"href":"https:\/\/lieutenantpoilu.com\/fr\/wp-json\/wp\/v2\/types\/product"}],"replies":[{"embeddable":true,"href":"https:\/\/lieutenantpoilu.com\/fr\/wp-json\/wp\/v2\/comments?post=7010"}],"wp:featuredmedia":[{"embeddable":true,"href":"https:\/\/lieutenantpoilu.com\/fr\/wp-json\/wp\/v2\/media\/7055"}],"wp:attachment":[{"href":"https:\/\/lieutenantpoilu.com\/fr\/wp-json\/wp\/v2\/media?parent=7010"}],"wp:term":[{"taxonomy":"product_brand","embeddable":true,"href":"https:\/\/lieutenantpoilu.com\/fr\/wp-json\/wp\/v2\/product_brand?post=7010"},{"taxonomy":"product_cat","embeddable":true,"href":"https:\/\/lieutenantpoilu.com\/fr\/wp-json\/wp\/v2\/product_cat?post=7010"},{"taxonomy":"product_tag","embeddable":true,"href":"https:\/\/lieutenantpoilu.com\/fr\/wp-json\/wp\/v2\/product_tag?post=7010"}],"curies":[{"name":"wp","href":"https:\/\/api.w.org\/{rel}","templated":true}]}}