{"id":6918,"date":"2025-02-12T16:37:15","date_gmt":"2025-02-12T15:37:15","guid":{"rendered":"https:\/\/lieutenantpoilu.com\/militaria\/non%20class\u00e9\/medaille-francaise-de-sainte-helene-avec-son-certificat-un-ancien-chirurgien-de-la-marine-sous-le-premier-empire-et-la-restauration\/"},"modified":"2025-02-12T16:58:36","modified_gmt":"2025-02-12T15:58:36","slug":"medaille-francaise-de-sainte-helene-avec-son-certificat-un-ancien-chirurgien-de-la-marine-sous-le-premier-empire-et-la-restauration","status":"publish","type":"product","link":"https:\/\/lieutenantpoilu.com\/fr\/militaria\/autres-epoques\/medaille-francaise-de-sainte-helene-avec-son-certificat-un-ancien-chirurgien-de-la-marine-sous-le-premier-empire-et-la-restauration\/","title":{"rendered":"M\u00e9daille de Sainte H\u00e9l\u00e8ne avec son dipl\u00f4me d\u2019un v\u00e9t\u00e9ran Chirurgien de la Marine sous le Premier Empire et sous la Restauration"},"content":{"rendered":"","protected":false},"excerpt":{"rendered":"<p>M\u00e9daille de Sainte H\u00e9l\u00e8ne en bronze patin\u00e9 avec son dipl\u00f4me attribu\u00e9 \u00e0 Legrand Jean Joseph Tite, n\u00e9 \u00e0 Toulon, France, le 04 janvier 1781, ancien Chirurgien de Premi\u00e8re Classe de la Marine sous Napol\u00e9on.<\/p>\n<p>Le Chirurgien Legrand re\u00e7ut par ailleurs la L\u00e9gion d\u2019Honneur au grade de chevalier le 19 ao\u00fbt 1824 sous la Seconde Restauration.<\/p>\n<p>Voici quelques informations sur les \u00e9tats de Service du Chirurgien Legrand\u00a0:<\/p>\n<p>Il fut chirurgien \u00e0 bord\u00a0de\u00a0:<\/p>\n<ul>\n<li>La corvette La Fauvette en 1797<\/li>\n<li>La fr\u00e9gate La S\u00e9rieuse en 1798<\/li>\n<li>Le vaisseau Trident de 1812 \u00e0 1814<\/li>\n<li>La fr\u00e9gate La M\u00e9d\u00e9e en 1815<\/li>\n<li>La fr\u00e9gate La Galath\u00e9e \/ Galat\u00e9e de 1815 \u00e0 1819<\/li>\n<li>La fr\u00e9gate Fleurs De Lys de 1820 \u00e0 1823<\/li>\n<\/ul>\n<p>&nbsp;<\/p>\n<p>Coul\u00e9 bas sur la fr\u00e9gate La S\u00e9rieuse lors de la bataille d\u2019Aboukir en Egypte dans la nuit du 01 au 02 ao\u00fbt 1798.<\/p>\n<p><img fetchpriority=\"high\" decoding=\"async\" class=\"aligncenter wp-image-6915 size-full\" src=\"https:\/\/lieutenantpoilu.com\/wp-content\/uploads\/2025\/02\/bataille-dAboukir.jpg\" alt=\"\" width=\"640\" height=\"340\" srcset=\"https:\/\/lieutenantpoilu.com\/wp-content\/uploads\/2025\/02\/bataille-dAboukir.jpg 640w, https:\/\/lieutenantpoilu.com\/wp-content\/uploads\/2025\/02\/bataille-dAboukir-300x159.jpg 300w, https:\/\/lieutenantpoilu.com\/wp-content\/uploads\/2025\/02\/bataille-dAboukir-600x319.jpg 600w\" sizes=\"(max-width: 640px) 100vw, 640px\" \/><\/p>\n<p>&nbsp;<\/p>\n<p>Fait prisonnier le 04 janvier 1799.<\/p>\n<p>Combat \u00e0 bord du Trident un trois-ponts anglais le 13 f\u00e9vrier 1814.<\/p>\n<p>En outre, le chirurgien Legrand servit dans les h\u00f4pitaux de la Marine pendant les \u00e9pid\u00e9mies de 1794 et 1795 et pendant celle de l\u2019escadre du G\u00e9n\u00e9ral Ganteaume en 1800 (escadre de M\u00e9diterran\u00e9e\u00a0?)<\/p>\n<p>Re\u00e7u membre de l\u2019acad\u00e9mie des Sciences, Belles-Lettres et Arts de Toulon le 24 mars 1812.<\/p>\n<p>Docteur en M\u00e9decine \u00e0 la facult\u00e9 de Montpellier en 1814.<\/p>\n<p>Nous enverrons \u00e0 l\u2019acheteur une copie num\u00e9rique (par e-mail) du proc\u00e8s-verbal d\u2019individualit\u00e9 du Chirurgien Legrand ainsi que ses \u00e9tats de service de la Marine provenant de la base de donn\u00e9es L\u00e9onore.<\/p>\n<p><strong>Dimensions du cadre:\u00a0<\/strong>33, 5 cm x 23, 5 cm<\/p>\n","protected":false},"featured_media":6940,"comment_status":"open","ping_status":"closed","template":"","meta":{"_uf_show_specific_survey":0,"_uf_disable_surveys":false,"ocean_post_layout":"","ocean_both_sidebars_style":"","ocean_both_sidebars_content_width":0,"ocean_both_sidebars_sidebars_width":0,"ocean_sidebar":"0","ocean_second_sidebar":"0","ocean_disable_margins":"enable","ocean_add_body_class":"","ocean_shortcode_before_top_bar":"","ocean_shortcode_after_top_bar":"","ocean_shortcode_before_header":"","ocean_shortcode_after_header":"","ocean_has_shortcode":"","ocean_shortcode_after_title":"","ocean_shortcode_before_footer_widgets":"","ocean_shortcode_after_footer_widgets":"","ocean_shortcode_before_footer_bottom":"","ocean_shortcode_after_footer_bottom":"","ocean_display_top_bar":"default","ocean_display_header":"default","ocean_header_style":"","ocean_center_header_left_menu":"0","ocean_custom_header_template":"0","ocean_custom_logo":0,"ocean_custom_retina_logo":0,"ocean_custom_logo_max_width":0,"ocean_custom_logo_tablet_max_width":0,"ocean_custom_logo_mobile_max_width":0,"ocean_custom_logo_max_height":0,"ocean_custom_logo_tablet_max_height":0,"ocean_custom_logo_mobile_max_height":0,"ocean_header_custom_menu":"0","ocean_menu_typo_font_family":"0","ocean_menu_typo_font_subset":"","ocean_menu_typo_font_size":0,"ocean_menu_typo_font_size_tablet":0,"ocean_menu_typo_font_size_mobile":0,"ocean_menu_typo_font_size_unit":"px","ocean_menu_typo_font_weight":"","ocean_menu_typo_font_weight_tablet":"","ocean_menu_typo_font_weight_mobile":"","ocean_menu_typo_transform":"","ocean_menu_typo_transform_tablet":"","ocean_menu_typo_transform_mobile":"","ocean_menu_typo_line_height":0,"ocean_menu_typo_line_height_tablet":0,"ocean_menu_typo_line_height_mobile":0,"ocean_menu_typo_line_height_unit":"","ocean_menu_typo_spacing":0,"ocean_menu_typo_spacing_tablet":0,"ocean_menu_typo_spacing_mobile":0,"ocean_menu_typo_spacing_unit":"","ocean_menu_link_color":"","ocean_menu_link_color_hover":"","ocean_menu_link_color_active":"","ocean_menu_link_background":"","ocean_menu_link_hover_background":"","ocean_menu_link_active_background":"","ocean_menu_social_links_bg":"","ocean_menu_social_hover_links_bg":"","ocean_menu_social_links_color":"","ocean_menu_social_hover_links_color":"","ocean_disable_title":"default","ocean_disable_heading":"default","ocean_post_title":"","ocean_post_subheading":"","ocean_post_title_style":"","ocean_post_title_background_color":"","ocean_post_title_background":0,"ocean_post_title_bg_image_position":"","ocean_post_title_bg_image_attachment":"","ocean_post_title_bg_image_repeat":"","ocean_post_title_bg_image_size":"","ocean_post_title_height":0,"ocean_post_title_bg_overlay":0.5,"ocean_post_title_bg_overlay_color":"","ocean_disable_breadcrumbs":"default","ocean_breadcrumbs_color":"","ocean_breadcrumbs_separator_color":"","ocean_breadcrumbs_links_color":"","ocean_breadcrumbs_links_hover_color":"","ocean_display_footer_widgets":"default","ocean_display_footer_bottom":"default","ocean_custom_footer_template":"0"},"product_brand":[],"product_cat":[258,278,341,240,354],"product_tag":[],"class_list":{"0":"post-6918","1":"product","2":"type-product","3":"status-publish","4":"has-post-thumbnail","6":"product_cat-autres-epoques","7":"product_cat-france","8":"product_cat-medailles-et-decorations","9":"product_cat-napoleon-1er","10":"product_cat-nouvelles-trouvailles","11":"product_shipping_class-paquet-standard","13":"entry","14":"has-media","16":"first","17":"outofstock","18":"sold-individually","19":"shipping-taxable","20":"product-type-simple","21":"has-product-nav","22":"col","23":"span_1_of_4","24":"owp-content-center","25":"item-entry","26":"owp-thumbs-layout-horizontal","27":"owp-btn-very-big","28":"owp-tabs-layout-horizontal"},"aioseo_notices":[],"_links":{"self":[{"href":"https:\/\/lieutenantpoilu.com\/fr\/wp-json\/wp\/v2\/product\/6918","targetHints":{"allow":["GET"]}}],"collection":[{"href":"https:\/\/lieutenantpoilu.com\/fr\/wp-json\/wp\/v2\/product"}],"about":[{"href":"https:\/\/lieutenantpoilu.com\/fr\/wp-json\/wp\/v2\/types\/product"}],"replies":[{"embeddable":true,"href":"https:\/\/lieutenantpoilu.com\/fr\/wp-json\/wp\/v2\/comments?post=6918"}],"wp:featuredmedia":[{"embeddable":true,"href":"https:\/\/lieutenantpoilu.com\/fr\/wp-json\/wp\/v2\/media\/6940"}],"wp:attachment":[{"href":"https:\/\/lieutenantpoilu.com\/fr\/wp-json\/wp\/v2\/media?parent=6918"}],"wp:term":[{"taxonomy":"product_brand","embeddable":true,"href":"https:\/\/lieutenantpoilu.com\/fr\/wp-json\/wp\/v2\/product_brand?post=6918"},{"taxonomy":"product_cat","embeddable":true,"href":"https:\/\/lieutenantpoilu.com\/fr\/wp-json\/wp\/v2\/product_cat?post=6918"},{"taxonomy":"product_tag","embeddable":true,"href":"https:\/\/lieutenantpoilu.com\/fr\/wp-json\/wp\/v2\/product_tag?post=6918"}],"curies":[{"name":"wp","href":"https:\/\/api.w.org\/{rel}","templated":true}]}}