{"id":6811,"date":"2025-02-04T13:19:23","date_gmt":"2025-02-04T12:19:23","guid":{"rendered":"https:\/\/lieutenantpoilu.com\/militaria\/non%20class\u00e9\/casque-britannique-mark-iii-seconde-guerre-mondiale\/"},"modified":"2025-02-04T13:26:47","modified_gmt":"2025-02-04T12:26:47","slug":"casque-britannique-mark-iii-seconde-guerre-mondiale","status":"publish","type":"product","link":"https:\/\/lieutenantpoilu.com\/fr\/militaria\/casques-et-coiffes\/casque-britannique-mark-iii-seconde-guerre-mondiale\/","title":{"rendered":"Casque Britannique Mark III, Seconde Guerre Mondiale"},"content":{"rendered":"","protected":false},"excerpt":{"rendered":"<p>Casque Britannique MKIII dit \u00ab\u00a0tortue\u00a0\u00bb en acier au mangan\u00e8se, Seconde Guerre Mondiale.<\/p>\n<p>Le casque MKIII est fabriqu\u00e9 \u00e0 partir de 1943 jusqu\u2019en 1945, il a \u00e9t\u00e9 \u00e9tudi\u00e9 pour offrir une meilleure protection que le Mk II, il conserve cependant le liner du MKII. Il est d\u00e9ploy\u00e9 pour la premi\u00e8re fois le 6 juin 1944, lors du D\u00e9barquement de Normandie, \u00e9quipant les unit\u00e9s britanniques et canadiennes de la premi\u00e8re vague et \u00e9quipera plus g\u00e9n\u00e9ralement les troupes des th\u00e9\u00e2tres d\u2019op\u00e9ration europ\u00e9ens en 1944-1945.<\/p>\n<p>Le casque pr\u00e9sente une belle peinture vert kaki brun conforme aux productions de 1944-1945.<\/p>\n<p>La bombe est de la fabrique Rubery Owen &amp; Co (Ro &amp; Co) du d\u00e9but de l\u2019ann\u00e9e 1945.<\/p>\n<p>Le liner est du mod\u00e8le MKII en toile cir\u00e9e mont\u00e9e sur une armature en carton compress\u00e9. Le liner est marqu\u00e9 du fabricant FFL (Fisher Foils Ltd) de l\u2019ann\u00e9e 1944. La taille du liner est de 7 (57 cm).<\/p>\n<p>La jugulaire est du mod\u00e8le MKIII en toile \u00e9lastique de longueur r\u00e9glementaire (55 cm) avec ses boucles de maintien et de r\u00e9glage en laiton chrom\u00e9.<\/p>\n<p>Il s\u2019agit d\u2019un beau casque, homog\u00e8ne, dans sa configuration originale. Un incontournable pour toute collection alli\u00e9e de la Seconde Guerre Mondiale\u00a0!<\/p>\n<p>Les premi\u00e8res productions du casque MKIII ont \u00e9t\u00e9 distribu\u00e9es aux soldats sans coiffe. Ceux-ci d\u00e9montaient alors les coiffes de leurs casques MKII pour les remonter sur leurs nouveaux MKIII, puis rendaient leurs anciens casques \u00e0 l&rsquo;intendance militaire.<\/p>\n<p>&nbsp;<\/p>\n<p><img fetchpriority=\"high\" decoding=\"async\" class=\"wp-image-6805 size-full aligncenter\" src=\"https:\/\/lieutenantpoilu.com\/wp-content\/uploads\/2025\/02\/the-campaign-in-normandy-1944-b7748-cefc97.jpg\" alt=\"\" width=\"794\" height=\"800\" srcset=\"https:\/\/lieutenantpoilu.com\/wp-content\/uploads\/2025\/02\/the-campaign-in-normandy-1944-b7748-cefc97.jpg 794w, https:\/\/lieutenantpoilu.com\/wp-content\/uploads\/2025\/02\/the-campaign-in-normandy-1944-b7748-cefc97-298x300.jpg 298w, https:\/\/lieutenantpoilu.com\/wp-content\/uploads\/2025\/02\/the-campaign-in-normandy-1944-b7748-cefc97-150x150.jpg 150w, https:\/\/lieutenantpoilu.com\/wp-content\/uploads\/2025\/02\/the-campaign-in-normandy-1944-b7748-cefc97-768x774.jpg 768w, https:\/\/lieutenantpoilu.com\/wp-content\/uploads\/2025\/02\/the-campaign-in-normandy-1944-b7748-cefc97-600x605.jpg 600w, https:\/\/lieutenantpoilu.com\/wp-content\/uploads\/2025\/02\/the-campaign-in-normandy-1944-b7748-cefc97-100x100.jpg 100w\" sizes=\"(max-width: 794px) 100vw, 794px\" \/><\/p>\n<p><img decoding=\"async\" class=\"aligncenter wp-image-6808 size-full\" src=\"https:\/\/lieutenantpoilu.com\/wp-content\/uploads\/2025\/02\/the-campaign-in-normandy-1944-b5575-023d33.jpg\" alt=\"\" width=\"800\" height=\"496\" srcset=\"https:\/\/lieutenantpoilu.com\/wp-content\/uploads\/2025\/02\/the-campaign-in-normandy-1944-b5575-023d33.jpg 800w, https:\/\/lieutenantpoilu.com\/wp-content\/uploads\/2025\/02\/the-campaign-in-normandy-1944-b5575-023d33-300x186.jpg 300w, https:\/\/lieutenantpoilu.com\/wp-content\/uploads\/2025\/02\/the-campaign-in-normandy-1944-b5575-023d33-768x476.jpg 768w, https:\/\/lieutenantpoilu.com\/wp-content\/uploads\/2025\/02\/the-campaign-in-normandy-1944-b5575-023d33-600x372.jpg 600w\" sizes=\"(max-width: 800px) 100vw, 800px\" \/><\/p>\n<p style=\"text-align: center;\">Source : picryl.com<\/p>\n","protected":false},"featured_media":6845,"comment_status":"open","ping_status":"closed","template":"","meta":{"_uf_show_specific_survey":0,"_uf_disable_surveys":false,"ocean_post_layout":"","ocean_both_sidebars_style":"","ocean_both_sidebars_content_width":0,"ocean_both_sidebars_sidebars_width":0,"ocean_sidebar":"0","ocean_second_sidebar":"0","ocean_disable_margins":"enable","ocean_add_body_class":"","ocean_shortcode_before_top_bar":"","ocean_shortcode_after_top_bar":"","ocean_shortcode_before_header":"","ocean_shortcode_after_header":"","ocean_has_shortcode":"","ocean_shortcode_after_title":"","ocean_shortcode_before_footer_widgets":"","ocean_shortcode_after_footer_widgets":"","ocean_shortcode_before_footer_bottom":"","ocean_shortcode_after_footer_bottom":"","ocean_display_top_bar":"default","ocean_display_header":"default","ocean_header_style":"","ocean_center_header_left_menu":"0","ocean_custom_header_template":"0","ocean_custom_logo":0,"ocean_custom_retina_logo":0,"ocean_custom_logo_max_width":0,"ocean_custom_logo_tablet_max_width":0,"ocean_custom_logo_mobile_max_width":0,"ocean_custom_logo_max_height":0,"ocean_custom_logo_tablet_max_height":0,"ocean_custom_logo_mobile_max_height":0,"ocean_header_custom_menu":"0","ocean_menu_typo_font_family":"0","ocean_menu_typo_font_subset":"","ocean_menu_typo_font_size":0,"ocean_menu_typo_font_size_tablet":0,"ocean_menu_typo_font_size_mobile":0,"ocean_menu_typo_font_size_unit":"px","ocean_menu_typo_font_weight":"","ocean_menu_typo_font_weight_tablet":"","ocean_menu_typo_font_weight_mobile":"","ocean_menu_typo_transform":"","ocean_menu_typo_transform_tablet":"","ocean_menu_typo_transform_mobile":"","ocean_menu_typo_line_height":0,"ocean_menu_typo_line_height_tablet":0,"ocean_menu_typo_line_height_mobile":0,"ocean_menu_typo_line_height_unit":"","ocean_menu_typo_spacing":0,"ocean_menu_typo_spacing_tablet":0,"ocean_menu_typo_spacing_mobile":0,"ocean_menu_typo_spacing_unit":"","ocean_menu_link_color":"","ocean_menu_link_color_hover":"","ocean_menu_link_color_active":"","ocean_menu_link_background":"","ocean_menu_link_hover_background":"","ocean_menu_link_active_background":"","ocean_menu_social_links_bg":"","ocean_menu_social_hover_links_bg":"","ocean_menu_social_links_color":"","ocean_menu_social_hover_links_color":"","ocean_disable_title":"default","ocean_disable_heading":"default","ocean_post_title":"","ocean_post_subheading":"","ocean_post_title_style":"","ocean_post_title_background_color":"","ocean_post_title_background":0,"ocean_post_title_bg_image_position":"","ocean_post_title_bg_image_attachment":"","ocean_post_title_bg_image_repeat":"","ocean_post_title_bg_image_size":"","ocean_post_title_height":0,"ocean_post_title_bg_overlay":0.5,"ocean_post_title_bg_overlay_color":"","ocean_disable_breadcrumbs":"default","ocean_breadcrumbs_color":"","ocean_breadcrumbs_separator_color":"","ocean_breadcrumbs_links_color":"","ocean_breadcrumbs_links_hover_color":"","ocean_display_footer_widgets":"default","ocean_display_footer_bottom":"default","ocean_custom_footer_template":"0"},"product_brand":[],"product_cat":[325,354,292,228],"product_tag":[],"class_list":{"0":"post-6811","1":"product","2":"type-product","3":"status-publish","4":"has-post-thumbnail","6":"product_cat-casques-et-coiffes","7":"product_cat-nouvelles-trouvailles","8":"product_cat-royaume-uni","9":"product_cat-seconde-guerre-mondiale","11":"entry","12":"has-media","14":"first","15":"outofstock","16":"shipping-taxable","17":"product-type-simple","18":"has-product-nav","19":"col","20":"span_1_of_4","21":"owp-content-center","22":"item-entry","23":"owp-thumbs-layout-horizontal","24":"owp-btn-very-big","25":"owp-tabs-layout-horizontal"},"aioseo_notices":[],"_links":{"self":[{"href":"https:\/\/lieutenantpoilu.com\/fr\/wp-json\/wp\/v2\/product\/6811","targetHints":{"allow":["GET"]}}],"collection":[{"href":"https:\/\/lieutenantpoilu.com\/fr\/wp-json\/wp\/v2\/product"}],"about":[{"href":"https:\/\/lieutenantpoilu.com\/fr\/wp-json\/wp\/v2\/types\/product"}],"replies":[{"embeddable":true,"href":"https:\/\/lieutenantpoilu.com\/fr\/wp-json\/wp\/v2\/comments?post=6811"}],"wp:featuredmedia":[{"embeddable":true,"href":"https:\/\/lieutenantpoilu.com\/fr\/wp-json\/wp\/v2\/media\/6845"}],"wp:attachment":[{"href":"https:\/\/lieutenantpoilu.com\/fr\/wp-json\/wp\/v2\/media?parent=6811"}],"wp:term":[{"taxonomy":"product_brand","embeddable":true,"href":"https:\/\/lieutenantpoilu.com\/fr\/wp-json\/wp\/v2\/product_brand?post=6811"},{"taxonomy":"product_cat","embeddable":true,"href":"https:\/\/lieutenantpoilu.com\/fr\/wp-json\/wp\/v2\/product_cat?post=6811"},{"taxonomy":"product_tag","embeddable":true,"href":"https:\/\/lieutenantpoilu.com\/fr\/wp-json\/wp\/v2\/product_tag?post=6811"}],"curies":[{"name":"wp","href":"https:\/\/api.w.org\/{rel}","templated":true}]}}