{"id":6630,"date":"2024-12-30T20:48:29","date_gmt":"2024-12-30T19:48:29","guid":{"rendered":"https:\/\/lieutenantpoilu.com\/militaria\/non%20class\u00e9\/casque-britannique-pour-les-cavaliers-de-lexpedition-hsdr-seconde-guerre-mondiale\/"},"modified":"2024-12-30T21:00:04","modified_gmt":"2024-12-30T20:00:04","slug":"casque-britannique-pour-les-cavaliers-de-lexpedition-hsdr-seconde-guerre-mondiale","status":"publish","type":"product","link":"https:\/\/lieutenantpoilu.com\/fr\/militaria\/casques-et-coiffes\/casque-britannique-pour-les-cavaliers-de-lexpedition-hsdr-seconde-guerre-mondiale\/","title":{"rendered":"Casque Britannique pour Despatch Rider\u2019s (HSDR), Seconde Guerre Mondiale"},"content":{"rendered":"","protected":false},"excerpt":{"rendered":"<p>Casque britannique Helmet, Steel, Despatch Rider\u2019s (HSDR) Mark I, de la Seconde Guerre Mondiale pour troupes motoris\u00e9es (motocyclette solo ou sidecar).<\/p>\n<p>Casque en acier au mangan\u00e8se amagn\u00e9tique fabriqu\u00e9 par Briggs Motor Bodies Ltd (Dagenham, UK) en 1942.<\/p>\n<p>La bombe pr\u00e9sente une belle peinture vert olive textur\u00e9e conforme aux fabrications 1942\/1943.<\/p>\n<p>La coiffe est \u00e9galement en bon \u00e9tat. Le cerclage est mont\u00e9 dans la bombe gr\u00e2ce \u00e0 quatre rivets en laiton. Quatre sangles en coton blanc viennent assurer la coiffe. Lacet de serrage pr\u00e9sent.<\/p>\n<p>La coiffe comprend deux bavolets en cuir marron perc\u00e9s de chaque c\u00f4t\u00e9 de sept trous au niveau des oreilles pour permettre de conserver une bonne capacit\u00e9 d\u2019audition.<\/p>\n<p>La jugulaire est en cuir et est \u00e9quip\u00e9e d\u2019une boucle de fermeture \u00e0 ardillon.<\/p>\n<p><strong>Taille de la bombe<\/strong>\u00a0: Normal<\/p>\n<p><strong>Taille de la coiffe<\/strong>\u00a0: 7 (57 cm)<\/p>\n<p><strong>Etat<\/strong>\u00a0: Tr\u00e8s bon \u00e9tat<\/p>\n<p>&nbsp;<\/p>\n<figure id=\"attachment_6627\" aria-describedby=\"caption-attachment-6627\" style=\"width: 566px\" class=\"wp-caption aligncenter\"><img fetchpriority=\"high\" decoding=\"async\" class=\"wp-image-6627 size-full\" src=\"https:\/\/lieutenantpoilu.com\/wp-content\/uploads\/2024\/12\/dispatchriders-1.jpg\" alt=\"cavalier de dispath britannique pendant la seconde guerre mondiale\" width=\"566\" height=\"676\" srcset=\"https:\/\/lieutenantpoilu.com\/wp-content\/uploads\/2024\/12\/dispatchriders-1.jpg 566w, https:\/\/lieutenantpoilu.com\/wp-content\/uploads\/2024\/12\/dispatchriders-1-251x300.jpg 251w\" sizes=\"(max-width: 566px) 100vw, 566px\" \/><figcaption id=\"caption-attachment-6627\" class=\"wp-caption-text\"><br \/>https:\/\/legionmagazine.com\/motorcycle-messengers\/<\/figcaption><\/figure>\n","protected":false},"featured_media":6651,"comment_status":"open","ping_status":"closed","template":"","meta":{"_uf_show_specific_survey":0,"_uf_disable_surveys":false,"ocean_post_layout":"","ocean_both_sidebars_style":"","ocean_both_sidebars_content_width":0,"ocean_both_sidebars_sidebars_width":0,"ocean_sidebar":"0","ocean_second_sidebar":"0","ocean_disable_margins":"enable","ocean_add_body_class":"","ocean_shortcode_before_top_bar":"","ocean_shortcode_after_top_bar":"","ocean_shortcode_before_header":"","ocean_shortcode_after_header":"","ocean_has_shortcode":"","ocean_shortcode_after_title":"","ocean_shortcode_before_footer_widgets":"","ocean_shortcode_after_footer_widgets":"","ocean_shortcode_before_footer_bottom":"","ocean_shortcode_after_footer_bottom":"","ocean_display_top_bar":"default","ocean_display_header":"default","ocean_header_style":"","ocean_center_header_left_menu":"0","ocean_custom_header_template":"0","ocean_custom_logo":0,"ocean_custom_retina_logo":0,"ocean_custom_logo_max_width":0,"ocean_custom_logo_tablet_max_width":0,"ocean_custom_logo_mobile_max_width":0,"ocean_custom_logo_max_height":0,"ocean_custom_logo_tablet_max_height":0,"ocean_custom_logo_mobile_max_height":0,"ocean_header_custom_menu":"0","ocean_menu_typo_font_family":"0","ocean_menu_typo_font_subset":"","ocean_menu_typo_font_size":0,"ocean_menu_typo_font_size_tablet":0,"ocean_menu_typo_font_size_mobile":0,"ocean_menu_typo_font_size_unit":"px","ocean_menu_typo_font_weight":"","ocean_menu_typo_font_weight_tablet":"","ocean_menu_typo_font_weight_mobile":"","ocean_menu_typo_transform":"","ocean_menu_typo_transform_tablet":"","ocean_menu_typo_transform_mobile":"","ocean_menu_typo_line_height":0,"ocean_menu_typo_line_height_tablet":0,"ocean_menu_typo_line_height_mobile":0,"ocean_menu_typo_line_height_unit":"","ocean_menu_typo_spacing":0,"ocean_menu_typo_spacing_tablet":0,"ocean_menu_typo_spacing_mobile":0,"ocean_menu_typo_spacing_unit":"","ocean_menu_link_color":"","ocean_menu_link_color_hover":"","ocean_menu_link_color_active":"","ocean_menu_link_background":"","ocean_menu_link_hover_background":"","ocean_menu_link_active_background":"","ocean_menu_social_links_bg":"","ocean_menu_social_hover_links_bg":"","ocean_menu_social_links_color":"","ocean_menu_social_hover_links_color":"","ocean_disable_title":"default","ocean_disable_heading":"default","ocean_post_title":"","ocean_post_subheading":"","ocean_post_title_style":"","ocean_post_title_background_color":"","ocean_post_title_background":0,"ocean_post_title_bg_image_position":"","ocean_post_title_bg_image_attachment":"","ocean_post_title_bg_image_repeat":"","ocean_post_title_bg_image_size":"","ocean_post_title_height":0,"ocean_post_title_bg_overlay":0.5,"ocean_post_title_bg_overlay_color":"","ocean_disable_breadcrumbs":"default","ocean_breadcrumbs_color":"","ocean_breadcrumbs_separator_color":"","ocean_breadcrumbs_links_color":"","ocean_breadcrumbs_links_hover_color":"","ocean_display_footer_widgets":"default","ocean_display_footer_bottom":"default","ocean_custom_footer_template":"0"},"product_brand":[],"product_cat":[325,354,292,228],"product_tag":[],"class_list":{"0":"post-6630","1":"product","2":"type-product","3":"status-publish","4":"has-post-thumbnail","6":"product_cat-casques-et-coiffes","7":"product_cat-nouvelles-trouvailles","8":"product_cat-royaume-uni","9":"product_cat-seconde-guerre-mondiale","10":"product_shipping_class-paquet-semi-lourd","12":"entry","13":"has-media","15":"first","16":"outofstock","17":"sold-individually","18":"shipping-taxable","19":"purchasable","20":"product-type-simple","21":"has-product-nav","22":"col","23":"span_1_of_4","24":"owp-content-center","25":"item-entry","26":"owp-thumbs-layout-horizontal","27":"owp-btn-very-big","28":"owp-tabs-layout-horizontal"},"aioseo_notices":[],"_links":{"self":[{"href":"https:\/\/lieutenantpoilu.com\/fr\/wp-json\/wp\/v2\/product\/6630","targetHints":{"allow":["GET"]}}],"collection":[{"href":"https:\/\/lieutenantpoilu.com\/fr\/wp-json\/wp\/v2\/product"}],"about":[{"href":"https:\/\/lieutenantpoilu.com\/fr\/wp-json\/wp\/v2\/types\/product"}],"replies":[{"embeddable":true,"href":"https:\/\/lieutenantpoilu.com\/fr\/wp-json\/wp\/v2\/comments?post=6630"}],"wp:featuredmedia":[{"embeddable":true,"href":"https:\/\/lieutenantpoilu.com\/fr\/wp-json\/wp\/v2\/media\/6651"}],"wp:attachment":[{"href":"https:\/\/lieutenantpoilu.com\/fr\/wp-json\/wp\/v2\/media?parent=6630"}],"wp:term":[{"taxonomy":"product_brand","embeddable":true,"href":"https:\/\/lieutenantpoilu.com\/fr\/wp-json\/wp\/v2\/product_brand?post=6630"},{"taxonomy":"product_cat","embeddable":true,"href":"https:\/\/lieutenantpoilu.com\/fr\/wp-json\/wp\/v2\/product_cat?post=6630"},{"taxonomy":"product_tag","embeddable":true,"href":"https:\/\/lieutenantpoilu.com\/fr\/wp-json\/wp\/v2\/product_tag?post=6630"}],"curies":[{"name":"wp","href":"https:\/\/api.w.org\/{rel}","templated":true}]}}