{"id":6551,"date":"2024-12-18T20:17:54","date_gmt":"2024-12-18T19:17:54","guid":{"rendered":"https:\/\/lieutenantpoilu.com\/militaria\/non%20class\u00e9\/medailles-et-figurines-britanniques-de-la-seconde-guerre-mondiale\/"},"modified":"2024-12-18T21:01:15","modified_gmt":"2024-12-18T20:01:15","slug":"medailles-et-figurines-britanniques-de-la-seconde-guerre-mondiale","status":"publish","type":"product","link":"https:\/\/lieutenantpoilu.com\/fr\/militaria\/autres-pays-du-commonwealth\/medailles-et-figurines-britanniques-de-la-seconde-guerre-mondiale\/","title":{"rendered":"M\u00e9dailles et Miniatures Britanniques de la Seconde Guerre mondiale"},"content":{"rendered":"","protected":false},"excerpt":{"rendered":"<p>Bel ensemble de m\u00e9dailles, miniatures et barrette d&rsquo;un v\u00e9t\u00e9ran britannique de la Seconde Guerre mondiale.<\/p>\n<p>Cet ensemble comprend :<\/p>\n<p><strong>Quatre m\u00e9dailles de taille ordonnance<\/strong> :<\/p>\n<ul>\n<li>The 1939\u20131945 Star<\/li>\n<li>The Burma Star<\/li>\n<li>The Defence Medal<\/li>\n<li>The War Medal (1939\u20131945)<\/li>\n<\/ul>\n<p>&nbsp;<\/p>\n<p><strong>Ses m\u00e9dailles miniatures<\/strong> : Un ensemble de quatre m\u00e9dailles miniatures correspondant aux m\u00e9dailles de taille ordonnance.<\/p>\n<p><strong>Une barrette<\/strong>: Comprenant trois rubans : ceux de la 1939\u20131945 Star, la Burma Star et la Defence Medal.<\/p>\n<p>L&rsquo;ensemble est en tr\u00e8s bon \u00e9tat.<\/p>\n<p><strong>P\u00e9riode<\/strong> : Seconde Guerre mondiale<\/p>\n<p>&nbsp;<\/p>\n<p><img fetchpriority=\"high\" decoding=\"async\" class=\"aligncenter wp-image-6577 size-full\" src=\"https:\/\/lieutenantpoilu.com\/wp-content\/uploads\/2024\/12\/Royal_Marines_land_Ramree_Burma.jpg\" alt=\"\" width=\"350\" height=\"240\" srcset=\"https:\/\/lieutenantpoilu.com\/wp-content\/uploads\/2024\/12\/Royal_Marines_land_Ramree_Burma.jpg 350w, https:\/\/lieutenantpoilu.com\/wp-content\/uploads\/2024\/12\/Royal_Marines_land_Ramree_Burma-300x206.jpg 300w\" sizes=\"(max-width: 350px) 100vw, 350px\" \/><\/p>\n<p>&nbsp;<\/p>\n<p><strong>Conditions d&rsquo;attribution de ces m\u00e9dailles :<\/strong><\/p>\n<p><strong>1939\u20131945 Star<\/strong><\/p>\n<ul>\n<li><strong>\u00a0\u00c9ligibilit\u00e9 :<\/strong> D\u00e9cern\u00e9e pour six mois de service op\u00e9rationnel pendant la Seconde Guerre mondiale entre le 3 septembre 1939 et le 2 septembre 1945.<\/li>\n<li><strong>Th\u00e9\u00e2tre d\u2019op\u00e9rations :<\/strong> Inclut l\u2019arm\u00e9e de terre, la marine et l\u2019arm\u00e9e de l\u2019air dans les zones op\u00e9rationnelles. Les membres d\u2019\u00e9quipage a\u00e9rien doivent effectuer une sortie op\u00e9rationnelle, et les personnels au sol doivent servir dans des r\u00f4les de soutien dans les th\u00e9\u00e2tres d\u2019op\u00e9rations.<\/li>\n<\/ul>\n<p>&nbsp;<\/p>\n<p><strong>Burma star<\/strong><\/p>\n<ul>\n<li><strong>\u00c9ligibilit\u00e9 :<\/strong> D\u00e9cern\u00e9e au personnel ayant servi dans la campagne de Birmanie entre le 11 d\u00e9cembre 1941 et le 2 septembre 1945.<\/li>\n<li><strong>Zone de service :<\/strong> Inclut les op\u00e9rations en Birmanie, en Chine, en Malaisie et \u00e0 Sumatra. Le personnel de la Royal Navy doit servir dans des eaux op\u00e9rationnelles sp\u00e9cifiques. L&rsquo;arm\u00e9e de l&rsquo;air exige une sortie op\u00e9rationnelle.<\/li>\n<li><strong>Condition pr\u00e9alable :<\/strong> L\u2019\u00c9toile 1939\u20131945 doit d&rsquo;abord avoir \u00e9t\u00e9 obtenue.<\/li>\n<\/ul>\n<p>&nbsp;<\/p>\n<p><strong>The Defence Medal<\/strong><\/p>\n<ul>\n<li><strong>\u00c9ligibilit\u00e9 :<\/strong> Attribu\u00e9e pour le service non op\u00e9rationnel au Royaume-Uni et dans les territoires d&rsquo;outre-mer attaqu\u00e9s, ou pour le personnel non combattant, tel que la Home Guard, la D\u00e9fense Civile et d\u2019autres r\u00f4les similaires.<\/li>\n<li><strong>Dur\u00e9e de service :<\/strong> Minimum de trois ans de service entre le 3 septembre 1939 et le 2 septembre 1945.<\/li>\n<li><strong>Conditions :<\/strong> Inclut un an de service \u00e0 l&rsquo;\u00e9tranger ou six mois dans des territoires soumis \u00e0 des bombardements ou invasions.<\/li>\n<\/ul>\n<p>&nbsp;<\/p>\n<p><strong>War Medal 1939\u20131945<\/strong><\/p>\n<ul>\n<li><strong>\u00c9ligibilit\u00e9 :<\/strong> D\u00e9cern\u00e9e \u00e0 tout le personnel \u00e0 temps plein ayant servi au moins 28 jours entre le 3 septembre 1939 et le 2 septembre 1945.<\/li>\n<\/ul>\n","protected":false},"featured_media":6562,"comment_status":"open","ping_status":"closed","template":"","meta":{"_uf_show_specific_survey":0,"_uf_disable_surveys":false,"ocean_post_layout":"","ocean_both_sidebars_style":"","ocean_both_sidebars_content_width":0,"ocean_both_sidebars_sidebars_width":0,"ocean_sidebar":"0","ocean_second_sidebar":"0","ocean_disable_margins":"enable","ocean_add_body_class":"","ocean_shortcode_before_top_bar":"","ocean_shortcode_after_top_bar":"","ocean_shortcode_before_header":"","ocean_shortcode_after_header":"","ocean_has_shortcode":"","ocean_shortcode_after_title":"","ocean_shortcode_before_footer_widgets":"","ocean_shortcode_after_footer_widgets":"","ocean_shortcode_before_footer_bottom":"","ocean_shortcode_after_footer_bottom":"","ocean_display_top_bar":"default","ocean_display_header":"default","ocean_header_style":"","ocean_center_header_left_menu":"0","ocean_custom_header_template":"0","ocean_custom_logo":0,"ocean_custom_retina_logo":0,"ocean_custom_logo_max_width":0,"ocean_custom_logo_tablet_max_width":0,"ocean_custom_logo_mobile_max_width":0,"ocean_custom_logo_max_height":0,"ocean_custom_logo_tablet_max_height":0,"ocean_custom_logo_mobile_max_height":0,"ocean_header_custom_menu":"0","ocean_menu_typo_font_family":"0","ocean_menu_typo_font_subset":"","ocean_menu_typo_font_size":0,"ocean_menu_typo_font_size_tablet":0,"ocean_menu_typo_font_size_mobile":0,"ocean_menu_typo_font_size_unit":"px","ocean_menu_typo_font_weight":"","ocean_menu_typo_font_weight_tablet":"","ocean_menu_typo_font_weight_mobile":"","ocean_menu_typo_transform":"","ocean_menu_typo_transform_tablet":"","ocean_menu_typo_transform_mobile":"","ocean_menu_typo_line_height":0,"ocean_menu_typo_line_height_tablet":0,"ocean_menu_typo_line_height_mobile":0,"ocean_menu_typo_line_height_unit":"","ocean_menu_typo_spacing":0,"ocean_menu_typo_spacing_tablet":0,"ocean_menu_typo_spacing_mobile":0,"ocean_menu_typo_spacing_unit":"","ocean_menu_link_color":"","ocean_menu_link_color_hover":"","ocean_menu_link_color_active":"","ocean_menu_link_background":"","ocean_menu_link_hover_background":"","ocean_menu_link_active_background":"","ocean_menu_social_links_bg":"","ocean_menu_social_hover_links_bg":"","ocean_menu_social_links_color":"","ocean_menu_social_hover_links_color":"","ocean_disable_title":"default","ocean_disable_heading":"default","ocean_post_title":"","ocean_post_subheading":"","ocean_post_title_style":"","ocean_post_title_background_color":"","ocean_post_title_background":0,"ocean_post_title_bg_image_position":"","ocean_post_title_bg_image_attachment":"","ocean_post_title_bg_image_repeat":"","ocean_post_title_bg_image_size":"","ocean_post_title_height":0,"ocean_post_title_bg_overlay":0.5,"ocean_post_title_bg_overlay_color":"","ocean_disable_breadcrumbs":"default","ocean_breadcrumbs_color":"","ocean_breadcrumbs_separator_color":"","ocean_breadcrumbs_links_color":"","ocean_breadcrumbs_links_hover_color":"","ocean_display_footer_widgets":"default","ocean_display_footer_bottom":"default","ocean_custom_footer_template":"0"},"product_brand":[],"product_cat":[298,341,354,292,228],"product_tag":[],"class_list":{"0":"post-6551","1":"product","2":"type-product","3":"status-publish","4":"has-post-thumbnail","6":"product_cat-autres-pays-du-commonwealth","7":"product_cat-medailles-et-decorations","8":"product_cat-nouvelles-trouvailles","9":"product_cat-royaume-uni","10":"product_cat-seconde-guerre-mondiale","11":"product_shipping_class-paquet-standard","13":"entry","14":"has-media","16":"first","17":"outofstock","18":"sold-individually","19":"shipping-taxable","20":"purchasable","21":"product-type-simple","22":"has-product-nav","23":"col","24":"span_1_of_4","25":"owp-content-center","26":"item-entry","27":"owp-thumbs-layout-horizontal","28":"owp-btn-very-big","29":"owp-tabs-layout-horizontal"},"aioseo_notices":[],"_links":{"self":[{"href":"https:\/\/lieutenantpoilu.com\/fr\/wp-json\/wp\/v2\/product\/6551","targetHints":{"allow":["GET"]}}],"collection":[{"href":"https:\/\/lieutenantpoilu.com\/fr\/wp-json\/wp\/v2\/product"}],"about":[{"href":"https:\/\/lieutenantpoilu.com\/fr\/wp-json\/wp\/v2\/types\/product"}],"replies":[{"embeddable":true,"href":"https:\/\/lieutenantpoilu.com\/fr\/wp-json\/wp\/v2\/comments?post=6551"}],"wp:featuredmedia":[{"embeddable":true,"href":"https:\/\/lieutenantpoilu.com\/fr\/wp-json\/wp\/v2\/media\/6562"}],"wp:attachment":[{"href":"https:\/\/lieutenantpoilu.com\/fr\/wp-json\/wp\/v2\/media?parent=6551"}],"wp:term":[{"taxonomy":"product_brand","embeddable":true,"href":"https:\/\/lieutenantpoilu.com\/fr\/wp-json\/wp\/v2\/product_brand?post=6551"},{"taxonomy":"product_cat","embeddable":true,"href":"https:\/\/lieutenantpoilu.com\/fr\/wp-json\/wp\/v2\/product_cat?post=6551"},{"taxonomy":"product_tag","embeddable":true,"href":"https:\/\/lieutenantpoilu.com\/fr\/wp-json\/wp\/v2\/product_tag?post=6551"}],"curies":[{"name":"wp","href":"https:\/\/api.w.org\/{rel}","templated":true}]}}