{"id":6354,"date":"2024-11-26T15:56:55","date_gmt":"2024-11-26T14:56:55","guid":{"rendered":"https:\/\/lieutenantpoilu.com\/militaria\/non%20class\u00e9\/german-erkennungsmarke-organisation-todt-seconde-guerre-mondiale\/"},"modified":"2024-11-26T16:04:19","modified_gmt":"2024-11-26T15:04:19","slug":"german-erkennungsmarke-organisation-todt-seconde-guerre-mondiale","status":"publish","type":"product","link":"https:\/\/lieutenantpoilu.com\/fr\/militaria\/allemagne\/german-erkennungsmarke-organisation-todt-seconde-guerre-mondiale\/","title":{"rendered":"Plaque d&rsquo;identit\u00e9 Erkennungsmarke, Organisation Todt, Seconde Guerre mondiale"},"content":{"rendered":"","protected":false},"excerpt":{"rendered":"<p>Plaque d\u2019identit\u00e9 (Erkennungsmarke) d\u2019un membre de l\u2019Organisation Todt, Seconde Guerre Mondiale.<\/p>\n<p>Plaque estamp\u00e9e ORG. TODT (Organisation TODT) et le num\u00e9ro de matricule\u00a0: 252813.<\/p>\n<p>Plaque en zinc mesurant 7 cm x 5 cm.<\/p>\n<p>Erkennungsmarke En bon \u00e9tat g\u00e9n\u00e9ral.<\/p>\n<p>&nbsp;<\/p>\n<p>L&rsquo;Organisation Todt (OT) \u00e9tait une organisation allemande cr\u00e9\u00e9e en 1938 par l&rsquo;ing\u00e9nieur Fritz Todt sous le r\u00e9gime nazi. Elle se sp\u00e9cialisait dans les travaux de g\u00e9nie civil et militaire. Durant la Seconde Guerre mondiale, elle joua un r\u00f4le crucial dans la construction d&rsquo;infrastructures strat\u00e9giques, comme la Ligne Siegfried et le Mur de l&rsquo;Atlantique.<\/p>\n<figure id=\"attachment_6351\" aria-describedby=\"caption-attachment-6351\" style=\"width: 1024px\" class=\"wp-caption aligncenter\"><img fetchpriority=\"high\" decoding=\"async\" class=\"wp-image-6351 size-large\" src=\"https:\/\/lieutenantpoilu.com\/wp-content\/uploads\/2024\/11\/ww2-german-organisation-todt-1024x601.jpg\" alt=\"organisation Todt, Seconde Guerre mondiale\" width=\"1024\" height=\"601\" srcset=\"https:\/\/lieutenantpoilu.com\/wp-content\/uploads\/2024\/11\/ww2-german-organisation-todt-1024x601.jpg 1024w, https:\/\/lieutenantpoilu.com\/wp-content\/uploads\/2024\/11\/ww2-german-organisation-todt-300x176.jpg 300w, https:\/\/lieutenantpoilu.com\/wp-content\/uploads\/2024\/11\/ww2-german-organisation-todt-768x451.jpg 768w, https:\/\/lieutenantpoilu.com\/wp-content\/uploads\/2024\/11\/ww2-german-organisation-todt-600x352.jpg 600w, https:\/\/lieutenantpoilu.com\/wp-content\/uploads\/2024\/11\/ww2-german-organisation-todt.jpg 1250w\" sizes=\"(max-width: 1024px) 100vw, 1024px\" \/><figcaption id=\"caption-attachment-6351\" class=\"wp-caption-text\">source : https:\/\/www.belgiumwwii.be\/<\/figcaption><\/figure>\n<p>&nbsp;<\/p>\n<p>L&rsquo;OT utilisait massivement des travailleurs forc\u00e9s, comprenant des prisonniers de guerre, des d\u00e9port\u00e9s et des requis, et atteignit environ 2 millions de personnes mobilis\u00e9es en 1944. Apr\u00e8s la mort de son fondateur Fritz Todt en 1942, l&rsquo;organisation passa sous la direction d&rsquo;Albert Speer, ministre de l&rsquo;Armement, et continua de jouer un r\u00f4le essentiel dans l&rsquo;effort de guerre nazi jusqu&rsquo;\u00e0 la fin du conflit en 1945.<\/p>\n","protected":false},"featured_media":6367,"comment_status":"open","ping_status":"closed","template":"","meta":{"_uf_show_specific_survey":0,"_uf_disable_surveys":false,"ocean_post_layout":"","ocean_both_sidebars_style":"","ocean_both_sidebars_content_width":0,"ocean_both_sidebars_sidebars_width":0,"ocean_sidebar":"0","ocean_second_sidebar":"0","ocean_disable_margins":"enable","ocean_add_body_class":"","ocean_shortcode_before_top_bar":"","ocean_shortcode_after_top_bar":"","ocean_shortcode_before_header":"","ocean_shortcode_after_header":"","ocean_has_shortcode":"","ocean_shortcode_after_title":"","ocean_shortcode_before_footer_widgets":"","ocean_shortcode_after_footer_widgets":"","ocean_shortcode_before_footer_bottom":"","ocean_shortcode_after_footer_bottom":"","ocean_display_top_bar":"default","ocean_display_header":"default","ocean_header_style":"","ocean_center_header_left_menu":"0","ocean_custom_header_template":"0","ocean_custom_logo":0,"ocean_custom_retina_logo":0,"ocean_custom_logo_max_width":0,"ocean_custom_logo_tablet_max_width":0,"ocean_custom_logo_mobile_max_width":0,"ocean_custom_logo_max_height":0,"ocean_custom_logo_tablet_max_height":0,"ocean_custom_logo_mobile_max_height":0,"ocean_header_custom_menu":"0","ocean_menu_typo_font_family":"0","ocean_menu_typo_font_subset":"","ocean_menu_typo_font_size":0,"ocean_menu_typo_font_size_tablet":0,"ocean_menu_typo_font_size_mobile":0,"ocean_menu_typo_font_size_unit":"px","ocean_menu_typo_font_weight":"","ocean_menu_typo_font_weight_tablet":"","ocean_menu_typo_font_weight_mobile":"","ocean_menu_typo_transform":"","ocean_menu_typo_transform_tablet":"","ocean_menu_typo_transform_mobile":"","ocean_menu_typo_line_height":0,"ocean_menu_typo_line_height_tablet":0,"ocean_menu_typo_line_height_mobile":0,"ocean_menu_typo_line_height_unit":"","ocean_menu_typo_spacing":0,"ocean_menu_typo_spacing_tablet":0,"ocean_menu_typo_spacing_mobile":0,"ocean_menu_typo_spacing_unit":"","ocean_menu_link_color":"","ocean_menu_link_color_hover":"","ocean_menu_link_color_active":"","ocean_menu_link_background":"","ocean_menu_link_hover_background":"","ocean_menu_link_active_background":"","ocean_menu_social_links_bg":"","ocean_menu_social_hover_links_bg":"","ocean_menu_social_links_color":"","ocean_menu_social_hover_links_color":"","ocean_disable_title":"default","ocean_disable_heading":"default","ocean_post_title":"","ocean_post_subheading":"","ocean_post_title_style":"","ocean_post_title_background_color":"","ocean_post_title_background":0,"ocean_post_title_bg_image_position":"","ocean_post_title_bg_image_attachment":"","ocean_post_title_bg_image_repeat":"","ocean_post_title_bg_image_size":"","ocean_post_title_height":0,"ocean_post_title_bg_overlay":0.5,"ocean_post_title_bg_overlay_color":"","ocean_disable_breadcrumbs":"default","ocean_breadcrumbs_color":"","ocean_breadcrumbs_separator_color":"","ocean_breadcrumbs_links_color":"","ocean_breadcrumbs_links_hover_color":"","ocean_display_footer_widgets":"default","ocean_display_footer_bottom":"default","ocean_custom_footer_template":"0"},"product_brand":[],"product_cat":[264,349,354,228],"product_tag":[],"class_list":{"0":"post-6354","1":"product","2":"type-product","3":"status-publish","4":"has-post-thumbnail","6":"product_cat-allemagne","7":"product_cat-autres-articles-militaires","8":"product_cat-nouvelles-trouvailles","9":"product_cat-seconde-guerre-mondiale","10":"product_shipping_class-paquet-leger","12":"entry","13":"has-media","15":"first","16":"outofstock","17":"sold-individually","18":"shipping-taxable","19":"product-type-simple","20":"has-product-nav","21":"col","22":"span_1_of_4","23":"owp-content-center","24":"item-entry","25":"owp-thumbs-layout-horizontal","26":"owp-btn-very-big","27":"owp-tabs-layout-horizontal"},"aioseo_notices":[],"_links":{"self":[{"href":"https:\/\/lieutenantpoilu.com\/fr\/wp-json\/wp\/v2\/product\/6354","targetHints":{"allow":["GET"]}}],"collection":[{"href":"https:\/\/lieutenantpoilu.com\/fr\/wp-json\/wp\/v2\/product"}],"about":[{"href":"https:\/\/lieutenantpoilu.com\/fr\/wp-json\/wp\/v2\/types\/product"}],"replies":[{"embeddable":true,"href":"https:\/\/lieutenantpoilu.com\/fr\/wp-json\/wp\/v2\/comments?post=6354"}],"wp:featuredmedia":[{"embeddable":true,"href":"https:\/\/lieutenantpoilu.com\/fr\/wp-json\/wp\/v2\/media\/6367"}],"wp:attachment":[{"href":"https:\/\/lieutenantpoilu.com\/fr\/wp-json\/wp\/v2\/media?parent=6354"}],"wp:term":[{"taxonomy":"product_brand","embeddable":true,"href":"https:\/\/lieutenantpoilu.com\/fr\/wp-json\/wp\/v2\/product_brand?post=6354"},{"taxonomy":"product_cat","embeddable":true,"href":"https:\/\/lieutenantpoilu.com\/fr\/wp-json\/wp\/v2\/product_cat?post=6354"},{"taxonomy":"product_tag","embeddable":true,"href":"https:\/\/lieutenantpoilu.com\/fr\/wp-json\/wp\/v2\/product_tag?post=6354"}],"curies":[{"name":"wp","href":"https:\/\/api.w.org\/{rel}","templated":true}]}}