{"id":6166,"date":"2024-11-05T22:04:36","date_gmt":"2024-11-05T21:04:36","guid":{"rendered":"https:\/\/lieutenantpoilu.com\/militaria\/non%20class\u00e9\/casque-dofficier-du-genie-francais-fabrication-commerciale\/"},"modified":"2024-11-05T22:09:38","modified_gmt":"2024-11-05T21:09:38","slug":"casque-dofficier-du-genie-francais-fabrication-commerciale","status":"publish","type":"product","link":"https:\/\/lieutenantpoilu.com\/fr\/militaria\/casques-et-coiffes\/casque-dofficier-du-genie-francais-fabrication-commerciale\/","title":{"rendered":"Casque pour Officier du G\u00e9nie, Fabrication du Commerce"},"content":{"rendered":"","protected":false},"excerpt":{"rendered":"<p>Casque d&rsquo;officier du g\u00e9nie du type Adrian en fibre peint en kaki fonc\u00e9.<\/p>\n<p>Fabriqu\u00e9 par la maison belge Le Levior, il pr\u00e9sente une coiffe int\u00e9rieure en cuir fauve \u00e0 six dents de loup, chacune d\u2019elle poss\u00e8de son \u0153illet. Pr\u00e9sence du cordon de serrage.<\/p>\n<p>Le casque est \u00e9quip\u00e9 d\u2019une jugulaire en cuir tress\u00e9e \u00e0 quatre lani\u00e8res pour Officier confectionn\u00e9e avec soin. La boucle de fermeture de la jugulaire est en laiton.<\/p>\n<p>L\u2019insigne frontal du g\u00e9nie est du type 1915.<\/p>\n<p>La bombe poss\u00e8de des rivets lat\u00e9raux.<\/p>\n<p>Casque en bon \u00e9tat g\u00e9n\u00e9ral. Un choc au cimier.<\/p>\n<p><strong>Taille<\/strong>\u00a0: 57<\/p>\n<p><strong>Epoque\u00a0<\/strong>: Troisi\u00e8me R\u00e9publique \/ ann\u00e9es 20.<\/p>\n<p>Pendant la Premi\u00e8re Guerre mondiale, les chapeliers priv\u00e9s ont \u00e9t\u00e9 interdits de fabriquer des casques m\u00e9talliques en raison des risques li\u00e9s \u00e0 l\u2019utilisation de m\u00e9taux non conformes. Apr\u00e8s la guerre, ils ont pu proposer aux officiers des casques plus l\u00e9gers en aluminium, feutre, cuir renforc\u00e9 ou fibre, offrant un meilleur confort pour les revues, prises d\u2019armes et parades.<\/p>\n","protected":false},"featured_media":6173,"comment_status":"open","ping_status":"closed","template":"","meta":{"_uf_show_specific_survey":0,"_uf_disable_surveys":false,"ocean_post_layout":"","ocean_both_sidebars_style":"","ocean_both_sidebars_content_width":0,"ocean_both_sidebars_sidebars_width":0,"ocean_sidebar":"0","ocean_second_sidebar":"0","ocean_disable_margins":"enable","ocean_add_body_class":"","ocean_shortcode_before_top_bar":"","ocean_shortcode_after_top_bar":"","ocean_shortcode_before_header":"","ocean_shortcode_after_header":"","ocean_has_shortcode":"","ocean_shortcode_after_title":"","ocean_shortcode_before_footer_widgets":"","ocean_shortcode_after_footer_widgets":"","ocean_shortcode_before_footer_bottom":"","ocean_shortcode_after_footer_bottom":"","ocean_display_top_bar":"default","ocean_display_header":"default","ocean_header_style":"","ocean_center_header_left_menu":"0","ocean_custom_header_template":"0","ocean_custom_logo":0,"ocean_custom_retina_logo":0,"ocean_custom_logo_max_width":0,"ocean_custom_logo_tablet_max_width":0,"ocean_custom_logo_mobile_max_width":0,"ocean_custom_logo_max_height":0,"ocean_custom_logo_tablet_max_height":0,"ocean_custom_logo_mobile_max_height":0,"ocean_header_custom_menu":"0","ocean_menu_typo_font_family":"0","ocean_menu_typo_font_subset":"","ocean_menu_typo_font_size":0,"ocean_menu_typo_font_size_tablet":0,"ocean_menu_typo_font_size_mobile":0,"ocean_menu_typo_font_size_unit":"px","ocean_menu_typo_font_weight":"","ocean_menu_typo_font_weight_tablet":"","ocean_menu_typo_font_weight_mobile":"","ocean_menu_typo_transform":"","ocean_menu_typo_transform_tablet":"","ocean_menu_typo_transform_mobile":"","ocean_menu_typo_line_height":0,"ocean_menu_typo_line_height_tablet":0,"ocean_menu_typo_line_height_mobile":0,"ocean_menu_typo_line_height_unit":"","ocean_menu_typo_spacing":0,"ocean_menu_typo_spacing_tablet":0,"ocean_menu_typo_spacing_mobile":0,"ocean_menu_typo_spacing_unit":"","ocean_menu_link_color":"","ocean_menu_link_color_hover":"","ocean_menu_link_color_active":"","ocean_menu_link_background":"","ocean_menu_link_hover_background":"","ocean_menu_link_active_background":"","ocean_menu_social_links_bg":"","ocean_menu_social_hover_links_bg":"","ocean_menu_social_links_color":"","ocean_menu_social_hover_links_color":"","ocean_disable_title":"default","ocean_disable_heading":"default","ocean_post_title":"","ocean_post_subheading":"","ocean_post_title_style":"","ocean_post_title_background_color":"","ocean_post_title_background":0,"ocean_post_title_bg_image_position":"","ocean_post_title_bg_image_attachment":"","ocean_post_title_bg_image_repeat":"","ocean_post_title_bg_image_size":"","ocean_post_title_height":0,"ocean_post_title_bg_overlay":0.5,"ocean_post_title_bg_overlay_color":"","ocean_disable_breadcrumbs":"default","ocean_breadcrumbs_color":"","ocean_breadcrumbs_separator_color":"","ocean_breadcrumbs_links_color":"","ocean_breadcrumbs_links_hover_color":"","ocean_display_footer_widgets":"default","ocean_display_footer_bottom":"default","ocean_custom_footer_template":"0"},"product_brand":[],"product_cat":[325,278,354,234,228],"product_tag":[],"class_list":{"0":"post-6166","1":"product","2":"type-product","3":"status-publish","4":"has-post-thumbnail","6":"product_cat-casques-et-coiffes","7":"product_cat-france","8":"product_cat-nouvelles-trouvailles","9":"product_cat-premiere-guerre-mondiale","10":"product_cat-seconde-guerre-mondiale","11":"product_shipping_class-paquet-standard","13":"entry","14":"has-media","16":"first","17":"outofstock","18":"sold-individually","19":"shipping-taxable","20":"purchasable","21":"product-type-simple","22":"has-product-nav","23":"col","24":"span_1_of_4","25":"owp-content-center","26":"item-entry","27":"owp-thumbs-layout-horizontal","28":"owp-btn-very-big","29":"owp-tabs-layout-horizontal"},"aioseo_notices":[],"_links":{"self":[{"href":"https:\/\/lieutenantpoilu.com\/fr\/wp-json\/wp\/v2\/product\/6166","targetHints":{"allow":["GET"]}}],"collection":[{"href":"https:\/\/lieutenantpoilu.com\/fr\/wp-json\/wp\/v2\/product"}],"about":[{"href":"https:\/\/lieutenantpoilu.com\/fr\/wp-json\/wp\/v2\/types\/product"}],"replies":[{"embeddable":true,"href":"https:\/\/lieutenantpoilu.com\/fr\/wp-json\/wp\/v2\/comments?post=6166"}],"wp:featuredmedia":[{"embeddable":true,"href":"https:\/\/lieutenantpoilu.com\/fr\/wp-json\/wp\/v2\/media\/6173"}],"wp:attachment":[{"href":"https:\/\/lieutenantpoilu.com\/fr\/wp-json\/wp\/v2\/media?parent=6166"}],"wp:term":[{"taxonomy":"product_brand","embeddable":true,"href":"https:\/\/lieutenantpoilu.com\/fr\/wp-json\/wp\/v2\/product_brand?post=6166"},{"taxonomy":"product_cat","embeddable":true,"href":"https:\/\/lieutenantpoilu.com\/fr\/wp-json\/wp\/v2\/product_cat?post=6166"},{"taxonomy":"product_tag","embeddable":true,"href":"https:\/\/lieutenantpoilu.com\/fr\/wp-json\/wp\/v2\/product_tag?post=6166"}],"curies":[{"name":"wp","href":"https:\/\/api.w.org\/{rel}","templated":true}]}}