{"id":6162,"date":"2024-11-01T22:10:49","date_gmt":"2024-11-01T21:10:49","guid":{"rendered":"https:\/\/lieutenantpoilu.com\/militaria\/non%20class\u00e9\/medaille-de-la-campagne-asie-pacifique-de-la-seconde-guerre-mondiale-etats-unis\/"},"modified":"2024-11-01T22:18:12","modified_gmt":"2024-11-01T21:18:12","slug":"medaille-de-la-campagne-asie-pacifique-de-la-seconde-guerre-mondiale-etats-unis","status":"publish","type":"product","link":"https:\/\/lieutenantpoilu.com\/fr\/militaria\/etats-unis\/medaille-de-la-campagne-asie-pacifique-de-la-seconde-guerre-mondiale-etats-unis\/","title":{"rendered":"USA, M\u00e9daille de la campagne Asie-Pacifique, Seconde Guerre Mondiale"},"content":{"rendered":"","protected":false},"excerpt":{"rendered":"<p>La m\u00e9daille pr\u00e9sente sur l\u2019avers des soldats dans un d\u00e9cor typique du th\u00e9\u00e2tre d\u2019op\u00e9ration asiatique \/ pacifique.<\/p>\n<p>Le revers porte les inscriptions \u00ab\u00a0United States of America\u00a0\u00bb et les ann\u00e9es \u00ab\u00a01941-1945\u00a0\u00bb accompagn\u00e9es en son centre de l\u2019aigle \u00e0 t\u00eate blanche, embl\u00e8me de la libert\u00e9 et de la souverainet\u00e9.<\/p>\n<p>L\u2019\u00e9pingle de fermeture est de type Brooch \u00ab\u00a0lock catch\u00a0\u00bb 1945 U.S. Mint &amp; Rex.<\/p>\n<p>La M\u00e9daille de la campagne Asie-Pacifique fut d\u00e9cern\u00e9e \u00e0 tout membre des forces arm\u00e9es des \u00c9tats-Unis ayant servi dans le th\u00e9\u00e2tre du Pacifique de 1941 \u00e0 1945.<\/p>\n<p>M\u00e9daille en bronze.<\/p>\n<p><strong>Diam\u00e8tre<\/strong>: 32 mm<\/p>\n<figure id=\"attachment_6153\" aria-describedby=\"caption-attachment-6153\" style=\"width: 670px\" class=\"wp-caption aligncenter\"><img fetchpriority=\"high\" decoding=\"async\" class=\"wp-image-6153 size-full\" src=\"https:\/\/lieutenantpoilu.com\/wp-content\/uploads\/2024\/11\/Kiska_Invasion_01.jpg\" alt=\"\" width=\"670\" height=\"651\" srcset=\"https:\/\/lieutenantpoilu.com\/wp-content\/uploads\/2024\/11\/Kiska_Invasion_01.jpg 670w, https:\/\/lieutenantpoilu.com\/wp-content\/uploads\/2024\/11\/Kiska_Invasion_01-300x291.jpg 300w, https:\/\/lieutenantpoilu.com\/wp-content\/uploads\/2024\/11\/Kiska_Invasion_01-600x583.jpg 600w\" sizes=\"(max-width: 670px) 100vw, 670px\" \/><figcaption id=\"caption-attachment-6153\" class=\"wp-caption-text\">source : https:\/\/benoitrondeau.com\/<\/figcaption><\/figure>\n","protected":false},"featured_media":6157,"comment_status":"open","ping_status":"closed","template":"","meta":{"_uf_show_specific_survey":0,"_uf_disable_surveys":false,"ocean_post_layout":"","ocean_both_sidebars_style":"","ocean_both_sidebars_content_width":0,"ocean_both_sidebars_sidebars_width":0,"ocean_sidebar":"0","ocean_second_sidebar":"0","ocean_disable_margins":"enable","ocean_add_body_class":"","ocean_shortcode_before_top_bar":"","ocean_shortcode_after_top_bar":"","ocean_shortcode_before_header":"","ocean_shortcode_after_header":"","ocean_has_shortcode":"","ocean_shortcode_after_title":"","ocean_shortcode_before_footer_widgets":"","ocean_shortcode_after_footer_widgets":"","ocean_shortcode_before_footer_bottom":"","ocean_shortcode_after_footer_bottom":"","ocean_display_top_bar":"default","ocean_display_header":"default","ocean_header_style":"","ocean_center_header_left_menu":"0","ocean_custom_header_template":"0","ocean_custom_logo":0,"ocean_custom_retina_logo":0,"ocean_custom_logo_max_width":0,"ocean_custom_logo_tablet_max_width":0,"ocean_custom_logo_mobile_max_width":0,"ocean_custom_logo_max_height":0,"ocean_custom_logo_tablet_max_height":0,"ocean_custom_logo_mobile_max_height":0,"ocean_header_custom_menu":"0","ocean_menu_typo_font_family":"0","ocean_menu_typo_font_subset":"","ocean_menu_typo_font_size":0,"ocean_menu_typo_font_size_tablet":0,"ocean_menu_typo_font_size_mobile":0,"ocean_menu_typo_font_size_unit":"px","ocean_menu_typo_font_weight":"","ocean_menu_typo_font_weight_tablet":"","ocean_menu_typo_font_weight_mobile":"","ocean_menu_typo_transform":"","ocean_menu_typo_transform_tablet":"","ocean_menu_typo_transform_mobile":"","ocean_menu_typo_line_height":0,"ocean_menu_typo_line_height_tablet":0,"ocean_menu_typo_line_height_mobile":0,"ocean_menu_typo_line_height_unit":"","ocean_menu_typo_spacing":0,"ocean_menu_typo_spacing_tablet":0,"ocean_menu_typo_spacing_mobile":0,"ocean_menu_typo_spacing_unit":"","ocean_menu_link_color":"","ocean_menu_link_color_hover":"","ocean_menu_link_color_active":"","ocean_menu_link_background":"","ocean_menu_link_hover_background":"","ocean_menu_link_active_background":"","ocean_menu_social_links_bg":"","ocean_menu_social_hover_links_bg":"","ocean_menu_social_links_color":"","ocean_menu_social_hover_links_color":"","ocean_disable_title":"default","ocean_disable_heading":"default","ocean_post_title":"","ocean_post_subheading":"","ocean_post_title_style":"","ocean_post_title_background_color":"","ocean_post_title_background":0,"ocean_post_title_bg_image_position":"","ocean_post_title_bg_image_attachment":"","ocean_post_title_bg_image_repeat":"","ocean_post_title_bg_image_size":"","ocean_post_title_height":0,"ocean_post_title_bg_overlay":0.5,"ocean_post_title_bg_overlay_color":"","ocean_disable_breadcrumbs":"default","ocean_breadcrumbs_color":"","ocean_breadcrumbs_separator_color":"","ocean_breadcrumbs_links_color":"","ocean_breadcrumbs_links_hover_color":"","ocean_display_footer_widgets":"default","ocean_display_footer_bottom":"default","ocean_custom_footer_template":"0"},"product_brand":[],"product_cat":[270,341,354,228],"product_tag":[],"class_list":{"0":"post-6162","1":"product","2":"type-product","3":"status-publish","4":"has-post-thumbnail","6":"product_cat-etats-unis","7":"product_cat-medailles-et-decorations","8":"product_cat-nouvelles-trouvailles","9":"product_cat-seconde-guerre-mondiale","10":"product_shipping_class-paquet-leger","12":"entry","13":"has-media","15":"first","16":"outofstock","17":"sold-individually","18":"shipping-taxable","19":"purchasable","20":"product-type-simple","21":"has-product-nav","22":"col","23":"span_1_of_4","24":"owp-content-center","25":"item-entry","26":"owp-thumbs-layout-horizontal","27":"owp-btn-very-big","28":"owp-tabs-layout-horizontal"},"aioseo_notices":[],"_links":{"self":[{"href":"https:\/\/lieutenantpoilu.com\/fr\/wp-json\/wp\/v2\/product\/6162","targetHints":{"allow":["GET"]}}],"collection":[{"href":"https:\/\/lieutenantpoilu.com\/fr\/wp-json\/wp\/v2\/product"}],"about":[{"href":"https:\/\/lieutenantpoilu.com\/fr\/wp-json\/wp\/v2\/types\/product"}],"replies":[{"embeddable":true,"href":"https:\/\/lieutenantpoilu.com\/fr\/wp-json\/wp\/v2\/comments?post=6162"}],"wp:featuredmedia":[{"embeddable":true,"href":"https:\/\/lieutenantpoilu.com\/fr\/wp-json\/wp\/v2\/media\/6157"}],"wp:attachment":[{"href":"https:\/\/lieutenantpoilu.com\/fr\/wp-json\/wp\/v2\/media?parent=6162"}],"wp:term":[{"taxonomy":"product_brand","embeddable":true,"href":"https:\/\/lieutenantpoilu.com\/fr\/wp-json\/wp\/v2\/product_brand?post=6162"},{"taxonomy":"product_cat","embeddable":true,"href":"https:\/\/lieutenantpoilu.com\/fr\/wp-json\/wp\/v2\/product_cat?post=6162"},{"taxonomy":"product_tag","embeddable":true,"href":"https:\/\/lieutenantpoilu.com\/fr\/wp-json\/wp\/v2\/product_tag?post=6162"}],"curies":[{"name":"wp","href":"https:\/\/api.w.org\/{rel}","templated":true}]}}