{"id":6078,"date":"2024-10-24T17:47:19","date_gmt":"2024-10-24T15:47:19","guid":{"rendered":"https:\/\/lieutenantpoilu.com\/militaria\/non%20class\u00e9\/souvenir-de-la-captivite-dun-prisonnier-de-guerre-francais-premiere-guerre-mondiale\/"},"modified":"2024-10-24T18:14:08","modified_gmt":"2024-10-24T16:14:08","slug":"souvenir-de-la-captivite-dun-prisonnier-de-guerre-francais-premiere-guerre-mondiale","status":"publish","type":"product","link":"https:\/\/lieutenantpoilu.com\/fr\/militaria\/autres-articles-militaires\/souvenir-de-la-captivite-dun-prisonnier-de-guerre-francais-premiere-guerre-mondiale\/","title":{"rendered":"Souvenir de Captivit\u00e9 d\u2019un Prisonnier de Guerre Fran\u00e7ais, Premi\u00e8re Guerre Mondiale"},"content":{"rendered":"","protected":false},"excerpt":{"rendered":"<p>Joli napperon en coton blanc brod\u00e9 d\u2019un prisonnier de guerre fran\u00e7ais de 1914-1918.<\/p>\n<p>Napperon \u00e0 motifs de fleurs de lys, de roses et de p\u00e2querettes.<\/p>\n<p>Le prisonnier de guerre y a brod\u00e9 \u00ab\u00a0Souvenir de captivit\u00e9 1914-15-16\u00a0\u00bb.<\/p>\n<p>Les couleurs restent assez fraiches dans l\u2019ensemble.<\/p>\n<p><strong>Dimensions du napperon<\/strong> : \u00a050 cm X 52 cm.<\/p>\n<p>L&rsquo;artisanat de tranch\u00e9e d\u00e9signe des objets cr\u00e9\u00e9s par des soldats ou des prisonniers pendant les guerres, en particulier pendant la Premi\u00e8re Guerre mondiale. Ces objets \u00e9taient souvent fabriqu\u00e9s \u00e0 partir de mat\u00e9riaux r\u00e9cup\u00e9r\u00e9s sur le champ de bataille, tels que des douilles d&rsquo;obus, des balles, des morceaux de m\u00e9tal, du bois ou des os.<\/p>\n<p>Les soldats, dans les tranch\u00e9es ou durant les p\u00e9riodes de repos, utilisaient ces mat\u00e9riaux pour cr\u00e9er des objets d\u00e9coratifs ou utilitaires, comme des vases, des bijoux, des sculptures, des bo\u00eetes, ou des cadres. Ces pi\u00e8ces refl\u00e8tent souvent des sc\u00e8nes de guerre, des symboles patriotiques, ou des souvenirs personnels, et elles servaient souvent \u00e0 passer le temps ou \u00e0 conserver un lien avec la vie civile.<\/p>\n<p>L&rsquo;artisanat de tranch\u00e9e repr\u00e9sente \u00e0 la fois un t\u00e9moignage poignant de la vie des soldats et une forme d&rsquo;expression artistique dans des conditions extr\u00eames.<\/p>\n<p>&nbsp;<\/p>\n<p><img fetchpriority=\"high\" decoding=\"async\" class=\"size-medium wp-image-6074 aligncenter\" src=\"https:\/\/lieutenantpoilu.com\/wp-content\/uploads\/2024\/10\/french-pow-2-254x300.jpg\" alt=\"\" width=\"254\" height=\"300\" srcset=\"https:\/\/lieutenantpoilu.com\/wp-content\/uploads\/2024\/10\/french-pow-2-254x300.jpg 254w, https:\/\/lieutenantpoilu.com\/wp-content\/uploads\/2024\/10\/french-pow-2-600x709.jpg 600w, https:\/\/lieutenantpoilu.com\/wp-content\/uploads\/2024\/10\/french-pow-2.jpg 620w\" sizes=\"(max-width: 254px) 100vw, 254px\" \/><\/p>\n","protected":false},"featured_media":6066,"comment_status":"open","ping_status":"closed","template":"","meta":{"_uf_show_specific_survey":0,"_uf_disable_surveys":false,"ocean_post_layout":"","ocean_both_sidebars_style":"","ocean_both_sidebars_content_width":0,"ocean_both_sidebars_sidebars_width":0,"ocean_sidebar":"0","ocean_second_sidebar":"0","ocean_disable_margins":"enable","ocean_add_body_class":"","ocean_shortcode_before_top_bar":"","ocean_shortcode_after_top_bar":"","ocean_shortcode_before_header":"","ocean_shortcode_after_header":"","ocean_has_shortcode":"","ocean_shortcode_after_title":"","ocean_shortcode_before_footer_widgets":"","ocean_shortcode_after_footer_widgets":"","ocean_shortcode_before_footer_bottom":"","ocean_shortcode_after_footer_bottom":"","ocean_display_top_bar":"default","ocean_display_header":"default","ocean_header_style":"","ocean_center_header_left_menu":"0","ocean_custom_header_template":"0","ocean_custom_logo":0,"ocean_custom_retina_logo":0,"ocean_custom_logo_max_width":0,"ocean_custom_logo_tablet_max_width":0,"ocean_custom_logo_mobile_max_width":0,"ocean_custom_logo_max_height":0,"ocean_custom_logo_tablet_max_height":0,"ocean_custom_logo_mobile_max_height":0,"ocean_header_custom_menu":"0","ocean_menu_typo_font_family":"0","ocean_menu_typo_font_subset":"","ocean_menu_typo_font_size":0,"ocean_menu_typo_font_size_tablet":0,"ocean_menu_typo_font_size_mobile":0,"ocean_menu_typo_font_size_unit":"px","ocean_menu_typo_font_weight":"","ocean_menu_typo_font_weight_tablet":"","ocean_menu_typo_font_weight_mobile":"","ocean_menu_typo_transform":"","ocean_menu_typo_transform_tablet":"","ocean_menu_typo_transform_mobile":"","ocean_menu_typo_line_height":0,"ocean_menu_typo_line_height_tablet":0,"ocean_menu_typo_line_height_mobile":0,"ocean_menu_typo_line_height_unit":"","ocean_menu_typo_spacing":0,"ocean_menu_typo_spacing_tablet":0,"ocean_menu_typo_spacing_mobile":0,"ocean_menu_typo_spacing_unit":"","ocean_menu_link_color":"","ocean_menu_link_color_hover":"","ocean_menu_link_color_active":"","ocean_menu_link_background":"","ocean_menu_link_hover_background":"","ocean_menu_link_active_background":"","ocean_menu_social_links_bg":"","ocean_menu_social_hover_links_bg":"","ocean_menu_social_links_color":"","ocean_menu_social_hover_links_color":"","ocean_disable_title":"default","ocean_disable_heading":"default","ocean_post_title":"","ocean_post_subheading":"","ocean_post_title_style":"","ocean_post_title_background_color":"","ocean_post_title_background":0,"ocean_post_title_bg_image_position":"","ocean_post_title_bg_image_attachment":"","ocean_post_title_bg_image_repeat":"","ocean_post_title_bg_image_size":"","ocean_post_title_height":0,"ocean_post_title_bg_overlay":0.5,"ocean_post_title_bg_overlay_color":"","ocean_disable_breadcrumbs":"default","ocean_breadcrumbs_color":"","ocean_breadcrumbs_separator_color":"","ocean_breadcrumbs_links_color":"","ocean_breadcrumbs_links_hover_color":"","ocean_display_footer_widgets":"default","ocean_display_footer_bottom":"default","ocean_custom_footer_template":"0"},"product_brand":[],"product_cat":[349,278,354,234],"product_tag":[],"class_list":{"0":"post-6078","1":"product","2":"type-product","3":"status-publish","4":"has-post-thumbnail","6":"product_cat-autres-articles-militaires","7":"product_cat-france","8":"product_cat-nouvelles-trouvailles","9":"product_cat-premiere-guerre-mondiale","10":"product_shipping_class-paquet-leger","12":"entry","13":"has-media","15":"first","16":"outofstock","17":"sold-individually","18":"shipping-taxable","19":"purchasable","20":"product-type-simple","21":"has-product-nav","22":"col","23":"span_1_of_4","24":"owp-content-center","25":"item-entry","26":"owp-thumbs-layout-horizontal","27":"owp-btn-very-big","28":"owp-tabs-layout-horizontal"},"aioseo_notices":[],"_links":{"self":[{"href":"https:\/\/lieutenantpoilu.com\/fr\/wp-json\/wp\/v2\/product\/6078","targetHints":{"allow":["GET"]}}],"collection":[{"href":"https:\/\/lieutenantpoilu.com\/fr\/wp-json\/wp\/v2\/product"}],"about":[{"href":"https:\/\/lieutenantpoilu.com\/fr\/wp-json\/wp\/v2\/types\/product"}],"replies":[{"embeddable":true,"href":"https:\/\/lieutenantpoilu.com\/fr\/wp-json\/wp\/v2\/comments?post=6078"}],"wp:featuredmedia":[{"embeddable":true,"href":"https:\/\/lieutenantpoilu.com\/fr\/wp-json\/wp\/v2\/media\/6066"}],"wp:attachment":[{"href":"https:\/\/lieutenantpoilu.com\/fr\/wp-json\/wp\/v2\/media?parent=6078"}],"wp:term":[{"taxonomy":"product_brand","embeddable":true,"href":"https:\/\/lieutenantpoilu.com\/fr\/wp-json\/wp\/v2\/product_brand?post=6078"},{"taxonomy":"product_cat","embeddable":true,"href":"https:\/\/lieutenantpoilu.com\/fr\/wp-json\/wp\/v2\/product_cat?post=6078"},{"taxonomy":"product_tag","embeddable":true,"href":"https:\/\/lieutenantpoilu.com\/fr\/wp-json\/wp\/v2\/product_tag?post=6078"}],"curies":[{"name":"wp","href":"https:\/\/api.w.org\/{rel}","templated":true}]}}