{"id":5945,"date":"2024-10-19T22:58:31","date_gmt":"2024-10-19T20:58:31","guid":{"rendered":"https:\/\/lieutenantpoilu.com\/militaria\/non%20class\u00e9\/casque-francais-modele-35-37-pour-les-troupes-motorisees-et-motocyclistes-seconde-guerre-mondiale\/"},"modified":"2024-10-19T23:09:24","modified_gmt":"2024-10-19T21:09:24","slug":"casque-francais-modele-35-37-pour-les-troupes-motorisees-et-motocyclistes-seconde-guerre-mondiale","status":"publish","type":"product","link":"https:\/\/lieutenantpoilu.com\/fr\/militaria\/casques-et-coiffes\/casque-francais-modele-35-37-pour-les-troupes-motorisees-et-motocyclistes-seconde-guerre-mondiale\/","title":{"rendered":"Casque fran\u00e7ais Mod\u00e8le 35\/37 pour troupes motoris\u00e9es et motocyclistes, Seconde Guerre Mondiale"},"content":{"rendered":"","protected":false},"excerpt":{"rendered":"<p>Casque mod\u00e8le 1935\/37 pour troupes motoris\u00e9es et motocyclistes, \u00e9poque lib\u00e9ration.<\/p>\n<p>Casque avec bourrelet et coiffe int\u00e9rieure en cuir marron \/ havane. Languette de protection avant conforme au mod\u00e8le 35\/37. D\u00e9crochement du garde-nuque de 160 degr\u00e9s.<\/p>\n<p>Pr\u00e9sence de ses deux bavolets formant la jugulaire, solidaires de la coiffe avec syst\u00e8me de fermeture en boucle ardillon. Le bavolet gauche est partiellement d\u00e9chir\u00e9 (visible sur les photos). Une agrafe inox est d\u00e9cousue et non solidaire de la coiffe. Quelques petits manques de cuir au niveau du bourrelet int\u00e9rieur.<\/p>\n<p>Le casque poss\u00e8de des galons peints de Chef de bataillon et ne semble n\u2019avoir jamais re\u00e7u d\u2019attribut.<\/p>\n<p>Il s\u2019agit d\u2019une belle pi\u00e8ce de terrain. Ce casque est sans doute t\u00e9moin des combats de la Lib\u00e9ration. Il est un peu fatigu\u00e9 mais pr\u00e9sente un \u00e9tat g\u00e9n\u00e9ral correct.<\/p>\n<p>Ce casque \u00e9tait destin\u00e9 \u00e0\u00a0:<\/p>\n<ul>\n<li>Tout personnel des formations de chars de combat<\/li>\n<li>Tout personnel des formations blind\u00e9es de cavalerie, de chenillettes et d\u2019autres v\u00e9hicules blind\u00e9s<\/li>\n<li>Tout motocycliste et \u00e9quipage de side-car de toutes armes<\/li>\n<\/ul>\n<p>&nbsp;<\/p>\n<ul>\n<li><img fetchpriority=\"high\" decoding=\"async\" class=\"alignnone wp-image-5900 size-full\" src=\"https:\/\/lieutenantpoilu.com\/wp-content\/uploads\/2024\/10\/tankiste-1940.jpg\" alt=\"\" width=\"708\" height=\"700\" srcset=\"https:\/\/lieutenantpoilu.com\/wp-content\/uploads\/2024\/10\/tankiste-1940.jpg 708w, https:\/\/lieutenantpoilu.com\/wp-content\/uploads\/2024\/10\/tankiste-1940-300x297.jpg 300w, https:\/\/lieutenantpoilu.com\/wp-content\/uploads\/2024\/10\/tankiste-1940-600x593.jpg 600w, https:\/\/lieutenantpoilu.com\/wp-content\/uploads\/2024\/10\/tankiste-1940-100x100.jpg 100w\" sizes=\"(max-width: 708px) 100vw, 708px\" \/><\/li>\n<\/ul>\n","protected":false},"featured_media":5913,"comment_status":"open","ping_status":"closed","template":"","meta":{"_uf_show_specific_survey":0,"_uf_disable_surveys":false,"ocean_post_layout":"","ocean_both_sidebars_style":"","ocean_both_sidebars_content_width":0,"ocean_both_sidebars_sidebars_width":0,"ocean_sidebar":"0","ocean_second_sidebar":"0","ocean_disable_margins":"enable","ocean_add_body_class":"","ocean_shortcode_before_top_bar":"","ocean_shortcode_after_top_bar":"","ocean_shortcode_before_header":"","ocean_shortcode_after_header":"","ocean_has_shortcode":"","ocean_shortcode_after_title":"","ocean_shortcode_before_footer_widgets":"","ocean_shortcode_after_footer_widgets":"","ocean_shortcode_before_footer_bottom":"","ocean_shortcode_after_footer_bottom":"","ocean_display_top_bar":"default","ocean_display_header":"default","ocean_header_style":"","ocean_center_header_left_menu":"0","ocean_custom_header_template":"0","ocean_custom_logo":0,"ocean_custom_retina_logo":0,"ocean_custom_logo_max_width":0,"ocean_custom_logo_tablet_max_width":0,"ocean_custom_logo_mobile_max_width":0,"ocean_custom_logo_max_height":0,"ocean_custom_logo_tablet_max_height":0,"ocean_custom_logo_mobile_max_height":0,"ocean_header_custom_menu":"0","ocean_menu_typo_font_family":"0","ocean_menu_typo_font_subset":"","ocean_menu_typo_font_size":0,"ocean_menu_typo_font_size_tablet":0,"ocean_menu_typo_font_size_mobile":0,"ocean_menu_typo_font_size_unit":"px","ocean_menu_typo_font_weight":"","ocean_menu_typo_font_weight_tablet":"","ocean_menu_typo_font_weight_mobile":"","ocean_menu_typo_transform":"","ocean_menu_typo_transform_tablet":"","ocean_menu_typo_transform_mobile":"","ocean_menu_typo_line_height":0,"ocean_menu_typo_line_height_tablet":0,"ocean_menu_typo_line_height_mobile":0,"ocean_menu_typo_line_height_unit":"","ocean_menu_typo_spacing":0,"ocean_menu_typo_spacing_tablet":0,"ocean_menu_typo_spacing_mobile":0,"ocean_menu_typo_spacing_unit":"","ocean_menu_link_color":"","ocean_menu_link_color_hover":"","ocean_menu_link_color_active":"","ocean_menu_link_background":"","ocean_menu_link_hover_background":"","ocean_menu_link_active_background":"","ocean_menu_social_links_bg":"","ocean_menu_social_hover_links_bg":"","ocean_menu_social_links_color":"","ocean_menu_social_hover_links_color":"","ocean_disable_title":"default","ocean_disable_heading":"default","ocean_post_title":"","ocean_post_subheading":"","ocean_post_title_style":"","ocean_post_title_background_color":"","ocean_post_title_background":0,"ocean_post_title_bg_image_position":"","ocean_post_title_bg_image_attachment":"","ocean_post_title_bg_image_repeat":"","ocean_post_title_bg_image_size":"","ocean_post_title_height":0,"ocean_post_title_bg_overlay":0.5,"ocean_post_title_bg_overlay_color":"","ocean_disable_breadcrumbs":"default","ocean_breadcrumbs_color":"","ocean_breadcrumbs_separator_color":"","ocean_breadcrumbs_links_color":"","ocean_breadcrumbs_links_hover_color":"","ocean_display_footer_widgets":"default","ocean_display_footer_bottom":"default","ocean_custom_footer_template":"0"},"product_brand":[],"product_cat":[325,278,354,228],"product_tag":[],"class_list":{"0":"post-5945","1":"product","2":"type-product","3":"status-publish","4":"has-post-thumbnail","6":"product_cat-casques-et-coiffes","7":"product_cat-france","8":"product_cat-nouvelles-trouvailles","9":"product_cat-seconde-guerre-mondiale","10":"product_shipping_class-paquet-semi-lourd","12":"entry","13":"has-media","15":"first","16":"outofstock","17":"sold-individually","18":"shipping-taxable","19":"purchasable","20":"product-type-simple","21":"has-product-nav","22":"col","23":"span_1_of_4","24":"owp-content-center","25":"item-entry","26":"owp-thumbs-layout-horizontal","27":"owp-btn-very-big","28":"owp-tabs-layout-horizontal"},"aioseo_notices":[],"_links":{"self":[{"href":"https:\/\/lieutenantpoilu.com\/fr\/wp-json\/wp\/v2\/product\/5945","targetHints":{"allow":["GET"]}}],"collection":[{"href":"https:\/\/lieutenantpoilu.com\/fr\/wp-json\/wp\/v2\/product"}],"about":[{"href":"https:\/\/lieutenantpoilu.com\/fr\/wp-json\/wp\/v2\/types\/product"}],"replies":[{"embeddable":true,"href":"https:\/\/lieutenantpoilu.com\/fr\/wp-json\/wp\/v2\/comments?post=5945"}],"wp:featuredmedia":[{"embeddable":true,"href":"https:\/\/lieutenantpoilu.com\/fr\/wp-json\/wp\/v2\/media\/5913"}],"wp:attachment":[{"href":"https:\/\/lieutenantpoilu.com\/fr\/wp-json\/wp\/v2\/media?parent=5945"}],"wp:term":[{"taxonomy":"product_brand","embeddable":true,"href":"https:\/\/lieutenantpoilu.com\/fr\/wp-json\/wp\/v2\/product_brand?post=5945"},{"taxonomy":"product_cat","embeddable":true,"href":"https:\/\/lieutenantpoilu.com\/fr\/wp-json\/wp\/v2\/product_cat?post=5945"},{"taxonomy":"product_tag","embeddable":true,"href":"https:\/\/lieutenantpoilu.com\/fr\/wp-json\/wp\/v2\/product_tag?post=5945"}],"curies":[{"name":"wp","href":"https:\/\/api.w.org\/{rel}","templated":true}]}}