{"id":5844,"date":"2024-10-17T11:51:47","date_gmt":"2024-10-17T09:51:47","guid":{"rendered":"https:\/\/lieutenantpoilu.com\/militaria\/non%20class\u00e9\/legin-dhonneur-etoile-de-commandeur-avec-4-diamands\/"},"modified":"2024-10-17T12:47:45","modified_gmt":"2024-10-17T10:47:45","slug":"legin-dhonneur-etoile-de-commandeur-avec-4-diamands","status":"publish","type":"product","link":"https:\/\/lieutenantpoilu.com\/fr\/militaria\/autres-epoques\/legin-dhonneur-etoile-de-commandeur-avec-4-diamands\/","title":{"rendered":"L\u00e9gion d&rsquo;Honneur, \u00c9toile de Commandeur, avec 4 diamants"},"content":{"rendered":"","protected":false},"excerpt":{"rendered":"<p align=\"justify\">Lieutenant Poilu vous pr\u00e9sente une magnifique L\u00e9gion d\u2019Honneur, \u00c9toile de Commandeur de la III\u00e8me R\u00e9publique. Cette imposante \u00c9toile de Commandeur (6cm de diam\u00e8tre) est fabriqu\u00e9e en argent \u00e9maill\u00e9 avec un centre en or sur lequel est frapp\u00e9 le visage de Marianne et \u00e9crit \u00ab R\u00e9publique Fran\u00e7aise, 1870 \u00bb sur l\u2019endroit. Sur l\u2019envers se trouvent deux drapeaux fran\u00e7ais crois\u00e9s et vous lirez sur l\u2019ar\u00eate du cercle \u00ab Honneur et Patrie \u00bb.  <\/p>\n<p align=\"justify\">La pr\u00e9sence de diamants sur cette L\u00e9gion d\u2019Honneur en fait une pi\u00e8ce remarquable. En effet, cette \u00c9toile de Commandeur est enrichie de trois diamants de taille ancienne positionn\u00e9s sur la partie haute de l\u2019\u00e9toile, et d\u2019un diamant suppl\u00e9mentaire en haut de la couronne sup\u00e9rieure. <\/p>\n<p align=\"justify\">Hormis un petit \u00e9clat visible sur l\u2019\u00e9mail blanc situ\u00e9 sur la branche de droite, cette L\u00e9gion d\u2019Honneur, Etoile de Commandeur, est en parfait \u00e9tat.<\/p>\n<p><em><strong>Diam\u00e8tre:<\/strong><\/em> 6 cm<br \/>\n<em><strong>Hauteur<\/strong><\/em>: 9cm<br \/>\n<em><strong>Poids:<\/strong><\/em> 49 grammes<\/p>\n<p>&nbsp;<\/p>\n<p><strong>L&rsquo;Ordre de la L\u00e9gion d&rsquo;Honneur : Histoire et Signification<\/strong><\/p>\n<p align=\"justify\">L&rsquo;Ordre de la L\u00e9gion d&rsquo;Honneur, cr\u00e9\u00e9 en 1802 par Napol\u00e9on Bonaparte, est la plus haute distinction honorifique en France. Symbole de m\u00e9rite, de bravoure et de d\u00e9vouement \u00e0 la nation, il transcende les \u00e9poques pour rester un symbole d\u2019excellence nationale et de reconnaissance des services rendus \u00e0 la patrie. <\/p>\n<p align=\"justify\">La L\u00e9gion d&rsquo;Honneur, au-del\u00e0 de son apparence mat\u00e9rielle, est avant tout un symbole. Chaque d\u00e9coration raconte l&rsquo;histoire de ceux qui ont consacr\u00e9 leur vie au service de la France, qu&rsquo;ils soient militaires, scientifiques, artistes ou politiciens. <\/p>\n<p align=\"justify\">La structure m\u00eame de l&rsquo;insigne porte en elle une symbolique forte. L&rsquo;\u00e9toile \u00e0 cinq branches repr\u00e9sente les cinq continents, soulignant la port\u00e9e universelle des valeurs r\u00e9publicaines que la France souhaite propager. La couronne de ch\u00eane et de laurier, inscrite autour du centre de l&rsquo;\u00e9toile, est un clin d&rsquo;\u0153il aux couronnes imp\u00e9riales et royales, mais avec une signification plus r\u00e9publicaine de victoire et d&rsquo;honneur.  <\/p>\n<p><strong>La Cr\u00e9ation de la L\u00e9gion d&rsquo;Honneur en 1802<\/strong><\/p>\n<p align=\"justify\">L&rsquo;Ordre de la L\u00e9gion d&rsquo;Honneur a \u00e9t\u00e9 institu\u00e9 par une loi du 19 mai 1802, sous le Consulat, par Napol\u00e9on Bonaparte. \u00c0 une \u00e9poque o\u00f9 la monarchie et la noblesse \u00e9taient abolies, Napol\u00e9on voulait cr\u00e9er une distinction accessible \u00e0 tous, ind\u00e9pendamment de la naissance ou des titres h\u00e9r\u00e9ditaires, afin de r\u00e9compenser les m\u00e9rites civils et militaires. Il s&rsquo;inspirait des anciennes d\u00e9corations royales tout en \u00e9tablissant un ordre nouveau, bas\u00e9 sur la comp\u00e9tence, le courage et le service rendu \u00e0 la nation.  <\/p>\n<p>Le Premier Consul justifiait cette nouvelle institution en expliquant :<\/p>\n<p align=\"justify\"><em>\u00ab\u00a0Je d\u00e9fie qu&rsquo;on me montre une r\u00e9publique ancienne ou moderne o\u00f9 il n&rsquo;y ait point de distinctions. Il y en a eu \u00e0 Rome, et c&rsquo;\u00e9tait la plus fi\u00e8re des r\u00e9publiques. Les distinctions, en tout genre, sont les vrais soutiens de la vertu.\u00a0\u00bb<\/em><\/p>\n<p><strong>Les Grades de la L\u00e9gion d&rsquo;Honneur<\/strong><br \/>\nL&rsquo;Ordre de la L\u00e9gion d&rsquo;Honneur est organis\u00e9 en cinq grades :<br \/>\n<strong><em>1. Chavelier<\/em><\/strong> (autour de 79000 \u00ab vivants \u00bb maximum)<br \/>\n<strong><em>2. Officier<\/em><\/strong> (autour de 10000 \u00ab vivants \u00bb maximum)<br \/>\n<strong><em>3. Commandeur<\/strong><\/em> (quota de 1250 \u00ab vivants \u00bb maximum)<br \/>\n<strong><em>4. Grand-Officier<\/strong><\/em> (quota de 250 \u00ab vivants \u00bb maximum)<br \/>\n<strong><em>5. Grand-Croix<\/strong><\/em> (quota de 75 \u00ab vivants \u00bb maximum)<\/p>\n<p><strong>La IIIe R\u00e9publique<\/strong><\/p>\n<p align=\"justify\">Cette L\u00e9gion d\u2019Honneur, Etoile de Commandeur, date de la Troisi\u00e8me R\u00e9publique. Cette \u00e9poque de la fin du 19\u00e8me si\u00e8cle, d\u00e9but 20\u00e8me (1870-1940) a marqu\u00e9 une p\u00e9riode de stabilit\u00e9 institutionnelle. <\/p>\n","protected":false},"featured_media":5833,"comment_status":"open","ping_status":"closed","template":"","meta":{"_uf_show_specific_survey":0,"_uf_disable_surveys":false,"ocean_post_layout":"","ocean_both_sidebars_style":"","ocean_both_sidebars_content_width":0,"ocean_both_sidebars_sidebars_width":0,"ocean_sidebar":"0","ocean_second_sidebar":"0","ocean_disable_margins":"enable","ocean_add_body_class":"","ocean_shortcode_before_top_bar":"","ocean_shortcode_after_top_bar":"","ocean_shortcode_before_header":"","ocean_shortcode_after_header":"","ocean_has_shortcode":"","ocean_shortcode_after_title":"","ocean_shortcode_before_footer_widgets":"","ocean_shortcode_after_footer_widgets":"","ocean_shortcode_before_footer_bottom":"","ocean_shortcode_after_footer_bottom":"","ocean_display_top_bar":"default","ocean_display_header":"default","ocean_header_style":"","ocean_center_header_left_menu":"0","ocean_custom_header_template":"0","ocean_custom_logo":0,"ocean_custom_retina_logo":0,"ocean_custom_logo_max_width":0,"ocean_custom_logo_tablet_max_width":0,"ocean_custom_logo_mobile_max_width":0,"ocean_custom_logo_max_height":0,"ocean_custom_logo_tablet_max_height":0,"ocean_custom_logo_mobile_max_height":0,"ocean_header_custom_menu":"0","ocean_menu_typo_font_family":"0","ocean_menu_typo_font_subset":"","ocean_menu_typo_font_size":0,"ocean_menu_typo_font_size_tablet":0,"ocean_menu_typo_font_size_mobile":0,"ocean_menu_typo_font_size_unit":"px","ocean_menu_typo_font_weight":"","ocean_menu_typo_font_weight_tablet":"","ocean_menu_typo_font_weight_mobile":"","ocean_menu_typo_transform":"","ocean_menu_typo_transform_tablet":"","ocean_menu_typo_transform_mobile":"","ocean_menu_typo_line_height":0,"ocean_menu_typo_line_height_tablet":0,"ocean_menu_typo_line_height_mobile":0,"ocean_menu_typo_line_height_unit":"","ocean_menu_typo_spacing":0,"ocean_menu_typo_spacing_tablet":0,"ocean_menu_typo_spacing_mobile":0,"ocean_menu_typo_spacing_unit":"","ocean_menu_link_color":"","ocean_menu_link_color_hover":"","ocean_menu_link_color_active":"","ocean_menu_link_background":"","ocean_menu_link_hover_background":"","ocean_menu_link_active_background":"","ocean_menu_social_links_bg":"","ocean_menu_social_hover_links_bg":"","ocean_menu_social_links_color":"","ocean_menu_social_hover_links_color":"","ocean_disable_title":"default","ocean_disable_heading":"default","ocean_post_title":"","ocean_post_subheading":"","ocean_post_title_style":"","ocean_post_title_background_color":"","ocean_post_title_background":0,"ocean_post_title_bg_image_position":"","ocean_post_title_bg_image_attachment":"","ocean_post_title_bg_image_repeat":"","ocean_post_title_bg_image_size":"","ocean_post_title_height":0,"ocean_post_title_bg_overlay":0.5,"ocean_post_title_bg_overlay_color":"","ocean_disable_breadcrumbs":"default","ocean_breadcrumbs_color":"","ocean_breadcrumbs_separator_color":"","ocean_breadcrumbs_links_color":"","ocean_breadcrumbs_links_hover_color":"","ocean_display_footer_widgets":"default","ocean_display_footer_bottom":"default","ocean_custom_footer_template":"0"},"product_brand":[],"product_cat":[258,278,341,354,234],"product_tag":[],"class_list":{"0":"post-5844","1":"product","2":"type-product","3":"status-publish","4":"has-post-thumbnail","6":"product_cat-autres-epoques","7":"product_cat-france","8":"product_cat-medailles-et-decorations","9":"product_cat-nouvelles-trouvailles","10":"product_cat-premiere-guerre-mondiale","12":"entry","13":"has-media","15":"first","16":"outofstock","17":"sold-individually","18":"shipping-taxable","19":"purchasable","20":"product-type-simple","21":"has-product-nav","22":"col","23":"span_1_of_4","24":"owp-content-center","25":"item-entry","26":"owp-thumbs-layout-horizontal","27":"owp-btn-very-big","28":"owp-tabs-layout-horizontal"},"aioseo_notices":[],"_links":{"self":[{"href":"https:\/\/lieutenantpoilu.com\/fr\/wp-json\/wp\/v2\/product\/5844","targetHints":{"allow":["GET"]}}],"collection":[{"href":"https:\/\/lieutenantpoilu.com\/fr\/wp-json\/wp\/v2\/product"}],"about":[{"href":"https:\/\/lieutenantpoilu.com\/fr\/wp-json\/wp\/v2\/types\/product"}],"replies":[{"embeddable":true,"href":"https:\/\/lieutenantpoilu.com\/fr\/wp-json\/wp\/v2\/comments?post=5844"}],"wp:featuredmedia":[{"embeddable":true,"href":"https:\/\/lieutenantpoilu.com\/fr\/wp-json\/wp\/v2\/media\/5833"}],"wp:attachment":[{"href":"https:\/\/lieutenantpoilu.com\/fr\/wp-json\/wp\/v2\/media?parent=5844"}],"wp:term":[{"taxonomy":"product_brand","embeddable":true,"href":"https:\/\/lieutenantpoilu.com\/fr\/wp-json\/wp\/v2\/product_brand?post=5844"},{"taxonomy":"product_cat","embeddable":true,"href":"https:\/\/lieutenantpoilu.com\/fr\/wp-json\/wp\/v2\/product_cat?post=5844"},{"taxonomy":"product_tag","embeddable":true,"href":"https:\/\/lieutenantpoilu.com\/fr\/wp-json\/wp\/v2\/product_tag?post=5844"}],"curies":[{"name":"wp","href":"https:\/\/api.w.org\/{rel}","templated":true}]}}