{"id":5785,"date":"2024-10-15T22:06:10","date_gmt":"2024-10-15T20:06:10","guid":{"rendered":"https:\/\/lieutenantpoilu.com\/militaria\/non%20class\u00e9\/casque-a-pointes-prussien-pickelhaube-premiere-guerre-mondiale\/"},"modified":"2024-10-15T22:31:21","modified_gmt":"2024-10-15T20:31:21","slug":"casque-a-pointes-prussien-pickelhaube-premiere-guerre-mondiale","status":"publish","type":"product","link":"https:\/\/lieutenantpoilu.com\/fr\/militaria\/allemagne\/casque-a-pointes-prussien-pickelhaube-premiere-guerre-mondiale\/","title":{"rendered":"Casque \u00e0 pointe \u00ab Pickelhaube \u00bb prussien, Premi\u00e8re Guerre Mondiale"},"content":{"rendered":"","protected":false},"excerpt":{"rendered":"<p>Casque \u00e0 pointe prussien mod\u00e8le 1915 en cuir noir et \u00e0 garnitures en fer gris.<\/p>\n<p>Le casque est complet avec sa jugulaire et ses cocardes originales aux couleurs nationales noire-blanche-rouge \u00e0 droite et aux couleurs de la Prusse noire-blanche-noire \u00e0 gauche. La pointe du casque est bien amovible. Le casque est non reperc\u00e9.<\/p>\n<p>Pr\u00e9sence de tampons dans la bombe dont celui de l&rsquo;atelier de r\u00e9paration du XVIII Corps \u00ab\u00a0JW XVIII\u00a0\u00bb.<\/p>\n<p>Coiffe en cuir noir \u00e0 huit dents de loups.<\/p>\n<p>Beau casque homog\u00e8ne, original, en bon \u00e9tat.<\/p>\n<p>Le mod\u00e8le 1915 marque un changement important par rapport aux versions pr\u00e9c\u00e9dentes du Pickelhaube, qui \u00e9taient principalement fabriqu\u00e9es en cuir durci. Pendant la Premi\u00e8re Guerre mondiale, les besoins en \u00e9quipement de masse et les contraintes li\u00e9es aux p\u00e9nuries de mat\u00e9riaux ont pouss\u00e9 l&rsquo;arm\u00e9e allemande \u00e0 simplifier la production.<\/p>\n<p>Le mod\u00e8le 1915 utilise un cuir de qualit\u00e9 inf\u00e9rieure par rapport aux anciens mod\u00e8les et, dans certains cas, du m\u00e9tal pour le rendre plus r\u00e9sistant et moins cher \u00e0 produire.<\/p>\n<p>L\u2019une des principales diff\u00e9rences du mod\u00e8le 1915 est que la pointe sur le dessus du casque est amovible. Cela permettait de retirer facilement la pointe lorsque les soldats \u00e9taient en situation de combat ou dans des tranch\u00e9es. La pointe, qui n\u2019avait plus de fonction protectrice r\u00e9elle, pouvait devenir un d\u00e9savantage en accrochant des obstacles.<\/p>\n<p>Le fait de rendre la pointe amovible \u00e9tait une r\u00e9ponse pragmatique aux exigences des tranch\u00e9es, o\u00f9 la mobilit\u00e9 et la discr\u00e9tion \u00e9taient plus importantes que l&rsquo;apparence militaire.<\/p>\n<p>Le Pickelhaube mod\u00e8le 1915 introduit des jugulaires et des plaques en m\u00e9tal gris mat ou en fer zingu\u00e9 pour \u00e9viter les reflets lumineux, une caract\u00e9ristique importante pour r\u00e9duire la visibilit\u00e9 sur le champ de bataille. Ces \u00e9l\u00e9ments remplacent les versions en laiton brillant des anciens mod\u00e8les, qui \u00e9taient trop visibles pour le champ de bataille.<\/p>\n<figure id=\"attachment_5749\" aria-describedby=\"caption-attachment-5749\" style=\"width: 778px\" class=\"wp-caption alignnone\"><img fetchpriority=\"high\" decoding=\"async\" class=\"wp-image-5749 size-full\" src=\"https:\/\/lieutenantpoilu.com\/wp-content\/uploads\/2024\/10\/german-soldiers-with-model1915-pickelhaube.jpg\" alt=\"\" width=\"778\" height=\"488\" srcset=\"https:\/\/lieutenantpoilu.com\/wp-content\/uploads\/2024\/10\/german-soldiers-with-model1915-pickelhaube.jpg 778w, https:\/\/lieutenantpoilu.com\/wp-content\/uploads\/2024\/10\/german-soldiers-with-model1915-pickelhaube-300x188.jpg 300w, https:\/\/lieutenantpoilu.com\/wp-content\/uploads\/2024\/10\/german-soldiers-with-model1915-pickelhaube-768x482.jpg 768w, https:\/\/lieutenantpoilu.com\/wp-content\/uploads\/2024\/10\/german-soldiers-with-model1915-pickelhaube-600x376.jpg 600w\" sizes=\"(max-width: 778px) 100vw, 778px\" \/><figcaption id=\"caption-attachment-5749\" class=\"wp-caption-text\">Source : www.premiere-guerre-mondiale-1914-1918.com<\/figcaption><\/figure>\n","protected":false},"featured_media":5768,"comment_status":"open","ping_status":"closed","template":"","meta":{"_uf_show_specific_survey":0,"_uf_disable_surveys":false,"ocean_post_layout":"","ocean_both_sidebars_style":"","ocean_both_sidebars_content_width":0,"ocean_both_sidebars_sidebars_width":0,"ocean_sidebar":"0","ocean_second_sidebar":"0","ocean_disable_margins":"enable","ocean_add_body_class":"","ocean_shortcode_before_top_bar":"","ocean_shortcode_after_top_bar":"","ocean_shortcode_before_header":"","ocean_shortcode_after_header":"","ocean_has_shortcode":"","ocean_shortcode_after_title":"","ocean_shortcode_before_footer_widgets":"","ocean_shortcode_after_footer_widgets":"","ocean_shortcode_before_footer_bottom":"","ocean_shortcode_after_footer_bottom":"","ocean_display_top_bar":"default","ocean_display_header":"default","ocean_header_style":"","ocean_center_header_left_menu":"0","ocean_custom_header_template":"0","ocean_custom_logo":0,"ocean_custom_retina_logo":0,"ocean_custom_logo_max_width":0,"ocean_custom_logo_tablet_max_width":0,"ocean_custom_logo_mobile_max_width":0,"ocean_custom_logo_max_height":0,"ocean_custom_logo_tablet_max_height":0,"ocean_custom_logo_mobile_max_height":0,"ocean_header_custom_menu":"0","ocean_menu_typo_font_family":"0","ocean_menu_typo_font_subset":"","ocean_menu_typo_font_size":0,"ocean_menu_typo_font_size_tablet":0,"ocean_menu_typo_font_size_mobile":0,"ocean_menu_typo_font_size_unit":"px","ocean_menu_typo_font_weight":"","ocean_menu_typo_font_weight_tablet":"","ocean_menu_typo_font_weight_mobile":"","ocean_menu_typo_transform":"","ocean_menu_typo_transform_tablet":"","ocean_menu_typo_transform_mobile":"","ocean_menu_typo_line_height":0,"ocean_menu_typo_line_height_tablet":0,"ocean_menu_typo_line_height_mobile":0,"ocean_menu_typo_line_height_unit":"","ocean_menu_typo_spacing":0,"ocean_menu_typo_spacing_tablet":0,"ocean_menu_typo_spacing_mobile":0,"ocean_menu_typo_spacing_unit":"","ocean_menu_link_color":"","ocean_menu_link_color_hover":"","ocean_menu_link_color_active":"","ocean_menu_link_background":"","ocean_menu_link_hover_background":"","ocean_menu_link_active_background":"","ocean_menu_social_links_bg":"","ocean_menu_social_hover_links_bg":"","ocean_menu_social_links_color":"","ocean_menu_social_hover_links_color":"","ocean_disable_title":"default","ocean_disable_heading":"default","ocean_post_title":"","ocean_post_subheading":"","ocean_post_title_style":"","ocean_post_title_background_color":"","ocean_post_title_background":0,"ocean_post_title_bg_image_position":"","ocean_post_title_bg_image_attachment":"","ocean_post_title_bg_image_repeat":"","ocean_post_title_bg_image_size":"","ocean_post_title_height":0,"ocean_post_title_bg_overlay":0.5,"ocean_post_title_bg_overlay_color":"","ocean_disable_breadcrumbs":"default","ocean_breadcrumbs_color":"","ocean_breadcrumbs_separator_color":"","ocean_breadcrumbs_links_color":"","ocean_breadcrumbs_links_hover_color":"","ocean_display_footer_widgets":"default","ocean_display_footer_bottom":"default","ocean_custom_footer_template":"0"},"product_brand":[],"product_cat":[264,325,354,234],"product_tag":[],"class_list":{"0":"post-5785","1":"product","2":"type-product","3":"status-publish","4":"has-post-thumbnail","6":"product_cat-allemagne","7":"product_cat-casques-et-coiffes","8":"product_cat-nouvelles-trouvailles","9":"product_cat-premiere-guerre-mondiale","10":"product_shipping_class-paquet-standard","12":"entry","13":"has-media","15":"first","16":"outofstock","17":"sold-individually","18":"shipping-taxable","19":"purchasable","20":"product-type-simple","21":"has-product-nav","22":"col","23":"span_1_of_4","24":"owp-content-center","25":"item-entry","26":"owp-thumbs-layout-horizontal","27":"owp-btn-very-big","28":"owp-tabs-layout-horizontal"},"aioseo_notices":[],"_links":{"self":[{"href":"https:\/\/lieutenantpoilu.com\/fr\/wp-json\/wp\/v2\/product\/5785","targetHints":{"allow":["GET"]}}],"collection":[{"href":"https:\/\/lieutenantpoilu.com\/fr\/wp-json\/wp\/v2\/product"}],"about":[{"href":"https:\/\/lieutenantpoilu.com\/fr\/wp-json\/wp\/v2\/types\/product"}],"replies":[{"embeddable":true,"href":"https:\/\/lieutenantpoilu.com\/fr\/wp-json\/wp\/v2\/comments?post=5785"}],"wp:featuredmedia":[{"embeddable":true,"href":"https:\/\/lieutenantpoilu.com\/fr\/wp-json\/wp\/v2\/media\/5768"}],"wp:attachment":[{"href":"https:\/\/lieutenantpoilu.com\/fr\/wp-json\/wp\/v2\/media?parent=5785"}],"wp:term":[{"taxonomy":"product_brand","embeddable":true,"href":"https:\/\/lieutenantpoilu.com\/fr\/wp-json\/wp\/v2\/product_brand?post=5785"},{"taxonomy":"product_cat","embeddable":true,"href":"https:\/\/lieutenantpoilu.com\/fr\/wp-json\/wp\/v2\/product_cat?post=5785"},{"taxonomy":"product_tag","embeddable":true,"href":"https:\/\/lieutenantpoilu.com\/fr\/wp-json\/wp\/v2\/product_tag?post=5785"}],"curies":[{"name":"wp","href":"https:\/\/api.w.org\/{rel}","templated":true}]}}