{"id":5743,"date":"2024-10-14T20:32:13","date_gmt":"2024-10-14T18:32:13","guid":{"rendered":"https:\/\/lieutenantpoilu.com\/militaria\/non%20class\u00e9\/casque-adrian-francais-de-la-seconde-guerre-mondiale-troupes-africaines\/"},"modified":"2024-10-14T20:56:50","modified_gmt":"2024-10-14T18:56:50","slug":"casque-adrian-francais-de-la-seconde-guerre-mondiale-troupes-africaines","status":"publish","type":"product","link":"https:\/\/lieutenantpoilu.com\/fr\/militaria\/casques-et-coiffes\/casque-adrian-francais-de-la-seconde-guerre-mondiale-troupes-africaines\/","title":{"rendered":"Casque fran\u00e7ais de la seconde guerre mondiale des troupes d\u2019Afrique"},"content":{"rendered":"","protected":false},"excerpt":{"rendered":"<p>Casque Adrian mod\u00e8le 1926 des troupes d\u2019Afrique pour Chasseurs d\u2019Afrique, Spahis, Zouaves et Tirailleurs.<\/p>\n<p>Casque en acier peint en kaki avec son insigne frontal de l&rsquo;arme mod\u00e8le 1915 avec croissant \u00e0 relief.<\/p>\n<p>Coiffe en cuir noir \u00e0 six dents de loup poss\u00e9dant ses huit agrafes inox et jugulaire \u00e0 fixation par rivet tubulaire.<\/p>\n<p>Peinture certainement rafraichie en Unit\u00e9. Casque en tr\u00e8s bon \u00e9tat.<\/p>\n<p>L&rsquo;arm\u00e9e fran\u00e7aise d&rsquo;Afrique a jou\u00e9 un r\u00f4le central dans la contribution de la France \u00e0 la Seconde Guerre mondiale. Ce sont principalement les tirailleurs s\u00e9n\u00e9galais, les goumiers marocains, les zouaves, et les spahis qui ont \u00e9t\u00e9 mobilis\u00e9s pour les combats.<\/p>\n<p><strong>Les Zouaves et Spahis<\/strong> : Ces unit\u00e9s \u00e9taient principalement compos\u00e9es de soldats nord-africains et fran\u00e7ais. Les zouaves \u00e9taient des fantassins, tandis que les spahis constituaient une force de cavalerie.<\/p>\n<p><strong>Les Tirailleurs s\u00e9n\u00e9galais<\/strong> : Le terme \u00ab s\u00e9n\u00e9galais \u00bb est g\u00e9n\u00e9rique et inclut en r\u00e9alit\u00e9 des soldats recrut\u00e9s dans plusieurs colonies d\u2019Afrique de l\u2019Ouest et de l\u2019Afrique \u00e9quatoriale fran\u00e7aise (S\u00e9n\u00e9gal, Mali, Guin\u00e9e, C\u00f4te d\u2019Ivoire, Niger, Tchad, etc.). Ces soldats constituaient une force importante de l&rsquo;arm\u00e9e coloniale fran\u00e7aise et ont \u00e9t\u00e9 impliqu\u00e9s dans de nombreux combats en Europe et en Afrique.<\/p>\n<p><strong>Les Goumiers marocains<\/strong> : Ces soldats, recrut\u00e9s dans les montagnes du Maroc, \u00e9taient organis\u00e9s en unit\u00e9s sp\u00e9cialis\u00e9es appel\u00e9es \u00ab\u00a0goums\u00a0\u00bb. Ils \u00e9taient particuli\u00e8rement efficaces dans les op\u00e9rations de terrain accident\u00e9, comme celles en Italie.<\/p>\n<figure id=\"attachment_5699\" aria-describedby=\"caption-attachment-5699\" style=\"width: 734px\" class=\"wp-caption alignnone\"><img fetchpriority=\"high\" decoding=\"async\" class=\"wp-image-5699 size-full\" src=\"https:\/\/lieutenantpoilu.com\/wp-content\/uploads\/2024\/10\/goumiers-marocains.webp\" alt=\"\" width=\"734\" height=\"595\" srcset=\"https:\/\/lieutenantpoilu.com\/wp-content\/uploads\/2024\/10\/goumiers-marocains.webp 734w, https:\/\/lieutenantpoilu.com\/wp-content\/uploads\/2024\/10\/goumiers-marocains-300x243.webp 300w, https:\/\/lieutenantpoilu.com\/wp-content\/uploads\/2024\/10\/goumiers-marocains-600x486.webp 600w\" sizes=\"(max-width: 734px) 100vw, 734px\" \/><figcaption id=\"caption-attachment-5699\" class=\"wp-caption-text\">Source photo : https:\/\/information.tv5monde.com<\/figcaption><\/figure>\n","protected":false},"featured_media":5738,"comment_status":"open","ping_status":"closed","template":"","meta":{"_uf_show_specific_survey":0,"_uf_disable_surveys":false,"ocean_post_layout":"","ocean_both_sidebars_style":"","ocean_both_sidebars_content_width":0,"ocean_both_sidebars_sidebars_width":0,"ocean_sidebar":"0","ocean_second_sidebar":"0","ocean_disable_margins":"enable","ocean_add_body_class":"","ocean_shortcode_before_top_bar":"","ocean_shortcode_after_top_bar":"","ocean_shortcode_before_header":"","ocean_shortcode_after_header":"","ocean_has_shortcode":"","ocean_shortcode_after_title":"","ocean_shortcode_before_footer_widgets":"","ocean_shortcode_after_footer_widgets":"","ocean_shortcode_before_footer_bottom":"","ocean_shortcode_after_footer_bottom":"","ocean_display_top_bar":"default","ocean_display_header":"default","ocean_header_style":"","ocean_center_header_left_menu":"0","ocean_custom_header_template":"0","ocean_custom_logo":0,"ocean_custom_retina_logo":0,"ocean_custom_logo_max_width":0,"ocean_custom_logo_tablet_max_width":0,"ocean_custom_logo_mobile_max_width":0,"ocean_custom_logo_max_height":0,"ocean_custom_logo_tablet_max_height":0,"ocean_custom_logo_mobile_max_height":0,"ocean_header_custom_menu":"0","ocean_menu_typo_font_family":"0","ocean_menu_typo_font_subset":"","ocean_menu_typo_font_size":0,"ocean_menu_typo_font_size_tablet":0,"ocean_menu_typo_font_size_mobile":0,"ocean_menu_typo_font_size_unit":"px","ocean_menu_typo_font_weight":"","ocean_menu_typo_font_weight_tablet":"","ocean_menu_typo_font_weight_mobile":"","ocean_menu_typo_transform":"","ocean_menu_typo_transform_tablet":"","ocean_menu_typo_transform_mobile":"","ocean_menu_typo_line_height":0,"ocean_menu_typo_line_height_tablet":0,"ocean_menu_typo_line_height_mobile":0,"ocean_menu_typo_line_height_unit":"","ocean_menu_typo_spacing":0,"ocean_menu_typo_spacing_tablet":0,"ocean_menu_typo_spacing_mobile":0,"ocean_menu_typo_spacing_unit":"","ocean_menu_link_color":"","ocean_menu_link_color_hover":"","ocean_menu_link_color_active":"","ocean_menu_link_background":"","ocean_menu_link_hover_background":"","ocean_menu_link_active_background":"","ocean_menu_social_links_bg":"","ocean_menu_social_hover_links_bg":"","ocean_menu_social_links_color":"","ocean_menu_social_hover_links_color":"","ocean_disable_title":"default","ocean_disable_heading":"default","ocean_post_title":"","ocean_post_subheading":"","ocean_post_title_style":"","ocean_post_title_background_color":"","ocean_post_title_background":0,"ocean_post_title_bg_image_position":"","ocean_post_title_bg_image_attachment":"","ocean_post_title_bg_image_repeat":"","ocean_post_title_bg_image_size":"","ocean_post_title_height":0,"ocean_post_title_bg_overlay":0.5,"ocean_post_title_bg_overlay_color":"","ocean_disable_breadcrumbs":"default","ocean_breadcrumbs_color":"","ocean_breadcrumbs_separator_color":"","ocean_breadcrumbs_links_color":"","ocean_breadcrumbs_links_hover_color":"","ocean_display_footer_widgets":"default","ocean_display_footer_bottom":"default","ocean_custom_footer_template":"0"},"product_brand":[],"product_cat":[325,278,354,228],"product_tag":[],"class_list":{"0":"post-5743","1":"product","2":"type-product","3":"status-publish","4":"has-post-thumbnail","6":"product_cat-casques-et-coiffes","7":"product_cat-france","8":"product_cat-nouvelles-trouvailles","9":"product_cat-seconde-guerre-mondiale","10":"product_shipping_class-paquet-semi-lourd","12":"entry","13":"has-media","15":"first","16":"outofstock","17":"sold-individually","18":"shipping-taxable","19":"purchasable","20":"product-type-simple","21":"has-product-nav","22":"col","23":"span_1_of_4","24":"owp-content-center","25":"item-entry","26":"owp-thumbs-layout-horizontal","27":"owp-btn-very-big","28":"owp-tabs-layout-horizontal"},"aioseo_notices":[],"_links":{"self":[{"href":"https:\/\/lieutenantpoilu.com\/fr\/wp-json\/wp\/v2\/product\/5743","targetHints":{"allow":["GET"]}}],"collection":[{"href":"https:\/\/lieutenantpoilu.com\/fr\/wp-json\/wp\/v2\/product"}],"about":[{"href":"https:\/\/lieutenantpoilu.com\/fr\/wp-json\/wp\/v2\/types\/product"}],"replies":[{"embeddable":true,"href":"https:\/\/lieutenantpoilu.com\/fr\/wp-json\/wp\/v2\/comments?post=5743"}],"wp:featuredmedia":[{"embeddable":true,"href":"https:\/\/lieutenantpoilu.com\/fr\/wp-json\/wp\/v2\/media\/5738"}],"wp:attachment":[{"href":"https:\/\/lieutenantpoilu.com\/fr\/wp-json\/wp\/v2\/media?parent=5743"}],"wp:term":[{"taxonomy":"product_brand","embeddable":true,"href":"https:\/\/lieutenantpoilu.com\/fr\/wp-json\/wp\/v2\/product_brand?post=5743"},{"taxonomy":"product_cat","embeddable":true,"href":"https:\/\/lieutenantpoilu.com\/fr\/wp-json\/wp\/v2\/product_cat?post=5743"},{"taxonomy":"product_tag","embeddable":true,"href":"https:\/\/lieutenantpoilu.com\/fr\/wp-json\/wp\/v2\/product_tag?post=5743"}],"curies":[{"name":"wp","href":"https:\/\/api.w.org\/{rel}","templated":true}]}}