{"id":5694,"date":"2024-10-07T11:59:14","date_gmt":"2024-10-07T09:59:14","guid":{"rendered":"https:\/\/lieutenantpoilu.com\/militaria\/non%20class\u00e9\/medaille-de-sainte-helene-avec-son-diplome-dun-veteran-de-la-berezina-1812\/"},"modified":"2024-10-07T13:41:12","modified_gmt":"2024-10-07T11:41:12","slug":"medaille-de-sainte-helene-avec-son-diplome-dun-veteran-de-la-berezina-1812","status":"publish","type":"product","link":"https:\/\/lieutenantpoilu.com\/fr\/militaria\/france\/medaille-de-sainte-helene-avec-son-diplome-dun-veteran-de-la-berezina-1812\/","title":{"rendered":"M\u00e9daille de Sainte H\u00e9l\u00e8ne avec son dipl\u00f4me d\u2019un v\u00e9t\u00e9ran de La B\u00e9r\u00e9zina 1812"},"content":{"rendered":"","protected":false},"excerpt":{"rendered":"<p>M\u00e9daille de Sainte H\u00e9l\u00e8ne en bronze patin\u00e9 avec son dipl\u00f4me attribu\u00e9e \u00e0 Lopez Emmanuel Antoine, n\u00e9 \u00e0 Lyon, France, ancien officier de l\u2019arm\u00e9e Napol\u00e9onienne.<\/p>\n<p>Il participa \u00e0 10 campagnes avec l\u2019empereur\u00a0Napol\u00e9on Bonaparte\u00a0:<\/p>\n<p>En Russie, 1812\u00a0: Bataille de Smolensk, bataille de la Moskowa (Borodino), bataille de Malo\u00efaroslavets, \u00a0bataille de Krasno\u00ef (avec le Mar\u00e9chal Ney) et bataille de la B\u00e9r\u00e9zina.<\/p>\n<p>En Allemagne, 1813\u00a0: bataille de L\u00fctzen, bataille de Bautzen (bataille de Wurschen), bataille de Leipzig, bataille d\u2019Hanau.<\/p>\n<p>Le soldat Lopez re\u00e7ut la L\u00e9gion d\u2019Honneur au grade de chevalier puis fut \u00e9lev\u00e9 au grade d\u2019Officier de la L\u00e9gion d\u2019Honneur par la suite.<\/p>\n<p>Le cadre mesure 36,5 cm x 26,5 cm et est un peu endommag\u00e9 \u00e0 12 heures, visible sur les photos.<\/p>\n<p><strong>La bataille de la B\u00e9r\u00e9zina\u00a0<\/strong>: Elle s&rsquo;est d\u00e9roul\u00e9e du 26 au 29 novembre 1812 sur les rives de la rivi\u00e8re B\u00e9r\u00e9zina, en Bi\u00e9lorussie. C&rsquo;\u00e9tait une bataille cruciale entre les forces fran\u00e7aises de Napol\u00e9on Bonaparte et les forces russes command\u00e9es par le g\u00e9n\u00e9ral Koutouzov.<\/p>\n<p>La bataille de la B\u00e9r\u00e9zina a \u00e9t\u00e9 marqu\u00e9e par une s\u00e9rie de combats et d&rsquo;escarmouches, ainsi que par des man\u0153uvres strat\u00e9giques complexes.<\/p>\n<p>Les Fran\u00e7ais ont r\u00e9ussi \u00e0 franchir la rivi\u00e8re sous le feu des Russes, mais ont subi de lourdes pertes en hommes et en mat\u00e9riel.<\/p>\n<p>Il est estim\u00e9 que sur les 50.000 hommes de la Grande Arm\u00e9e en \u00e9tat de combattre, environ 30.000 ont \u00e9t\u00e9 tu\u00e9s, bless\u00e9s ou captur\u00e9s.<\/p>\n<p><strong>La M\u00e9daille de Sainte-H\u00e9l\u00e8ne<\/strong> fut cr\u00e9\u00e9e en 1857 par l&#8217;empereur Napol\u00e9on III, en l&rsquo;honneur des v\u00e9t\u00e9rans qui avaient combattu sous les ordres de son oncle, Napol\u00e9on Ier, durant les guerres napol\u00e9oniennes (1792-1815). C&rsquo;est la premi\u00e8re m\u00e9daille comm\u00e9morative officielle fran\u00e7aise, destin\u00e9e \u00e0 r\u00e9compenser environ 405 000 soldats, qu&rsquo;ils soient encore vivants en France ou \u00e0 l\u2019\u00e9tranger.<\/p>\n<p>L\u2019avers de la m\u00e9daille fait apparaitre le visage de Napol\u00e9on Ier en relief avec l&rsquo;inscription \u00ab Napol\u00e9on Ier Empereur \u00bb autour du portrait.<\/p>\n<p>Le revers poss\u00e8de l&rsquo;inscription \u00ab \u00c0 ses compagnons de gloire, sa derni\u00e8re pens\u00e9e \u2013 Sainte-H\u00e9l\u00e8ne, 5 mai 1821 \u00bb, date de la mort de Napol\u00e9on.<\/p>\n<p>Nous joignons au cadre un document imprim\u00e9 listant les batailles auxquelles le soldat Lopez a pris part.<\/p>\n<figure id=\"attachment_5691\" aria-describedby=\"caption-attachment-5691\" style=\"width: 576px\" class=\"wp-caption alignnone\"><img fetchpriority=\"high\" decoding=\"async\" class=\"wp-image-5691 size-full\" src=\"https:\/\/lieutenantpoilu.com\/wp-content\/uploads\/2024\/10\/berezina-battle-french-first-empire-saint-helena-medal-1.jpg\" alt=\"\" width=\"576\" height=\"252\" srcset=\"https:\/\/lieutenantpoilu.com\/wp-content\/uploads\/2024\/10\/berezina-battle-french-first-empire-saint-helena-medal-1.jpg 576w, https:\/\/lieutenantpoilu.com\/wp-content\/uploads\/2024\/10\/berezina-battle-french-first-empire-saint-helena-medal-1-300x131.jpg 300w\" sizes=\"(max-width: 576px) 100vw, 576px\" \/><figcaption id=\"caption-attachment-5691\" class=\"wp-caption-text\">Source : http:\/\/voltigeur59191.over-blog.com\/<\/figcaption><\/figure>\n","protected":false},"featured_media":5678,"comment_status":"open","ping_status":"closed","template":"","meta":{"_uf_show_specific_survey":0,"_uf_disable_surveys":false,"ocean_post_layout":"","ocean_both_sidebars_style":"","ocean_both_sidebars_content_width":0,"ocean_both_sidebars_sidebars_width":0,"ocean_sidebar":"0","ocean_second_sidebar":"0","ocean_disable_margins":"enable","ocean_add_body_class":"","ocean_shortcode_before_top_bar":"","ocean_shortcode_after_top_bar":"","ocean_shortcode_before_header":"","ocean_shortcode_after_header":"","ocean_has_shortcode":"","ocean_shortcode_after_title":"","ocean_shortcode_before_footer_widgets":"","ocean_shortcode_after_footer_widgets":"","ocean_shortcode_before_footer_bottom":"","ocean_shortcode_after_footer_bottom":"","ocean_display_top_bar":"default","ocean_display_header":"default","ocean_header_style":"","ocean_center_header_left_menu":"0","ocean_custom_header_template":"0","ocean_custom_logo":0,"ocean_custom_retina_logo":0,"ocean_custom_logo_max_width":0,"ocean_custom_logo_tablet_max_width":0,"ocean_custom_logo_mobile_max_width":0,"ocean_custom_logo_max_height":0,"ocean_custom_logo_tablet_max_height":0,"ocean_custom_logo_mobile_max_height":0,"ocean_header_custom_menu":"0","ocean_menu_typo_font_family":"0","ocean_menu_typo_font_subset":"","ocean_menu_typo_font_size":0,"ocean_menu_typo_font_size_tablet":0,"ocean_menu_typo_font_size_mobile":0,"ocean_menu_typo_font_size_unit":"px","ocean_menu_typo_font_weight":"","ocean_menu_typo_font_weight_tablet":"","ocean_menu_typo_font_weight_mobile":"","ocean_menu_typo_transform":"","ocean_menu_typo_transform_tablet":"","ocean_menu_typo_transform_mobile":"","ocean_menu_typo_line_height":0,"ocean_menu_typo_line_height_tablet":0,"ocean_menu_typo_line_height_mobile":0,"ocean_menu_typo_line_height_unit":"","ocean_menu_typo_spacing":0,"ocean_menu_typo_spacing_tablet":0,"ocean_menu_typo_spacing_mobile":0,"ocean_menu_typo_spacing_unit":"","ocean_menu_link_color":"","ocean_menu_link_color_hover":"","ocean_menu_link_color_active":"","ocean_menu_link_background":"","ocean_menu_link_hover_background":"","ocean_menu_link_active_background":"","ocean_menu_social_links_bg":"","ocean_menu_social_hover_links_bg":"","ocean_menu_social_links_color":"","ocean_menu_social_hover_links_color":"","ocean_disable_title":"default","ocean_disable_heading":"default","ocean_post_title":"","ocean_post_subheading":"","ocean_post_title_style":"","ocean_post_title_background_color":"","ocean_post_title_background":0,"ocean_post_title_bg_image_position":"","ocean_post_title_bg_image_attachment":"","ocean_post_title_bg_image_repeat":"","ocean_post_title_bg_image_size":"","ocean_post_title_height":0,"ocean_post_title_bg_overlay":0.5,"ocean_post_title_bg_overlay_color":"","ocean_disable_breadcrumbs":"default","ocean_breadcrumbs_color":"","ocean_breadcrumbs_separator_color":"","ocean_breadcrumbs_links_color":"","ocean_breadcrumbs_links_hover_color":"","ocean_display_footer_widgets":"default","ocean_display_footer_bottom":"default","ocean_custom_footer_template":"0"},"product_brand":[],"product_cat":[278,341,240,354],"product_tag":[],"class_list":{"0":"post-5694","1":"product","2":"type-product","3":"status-publish","4":"has-post-thumbnail","6":"product_cat-france","7":"product_cat-medailles-et-decorations","8":"product_cat-napoleon-1er","9":"product_cat-nouvelles-trouvailles","10":"product_shipping_class-paquet-standard","12":"entry","13":"has-media","15":"first","16":"outofstock","17":"sold-individually","18":"shipping-taxable","19":"purchasable","20":"product-type-simple","21":"has-product-nav","22":"col","23":"span_1_of_4","24":"owp-content-center","25":"item-entry","26":"owp-thumbs-layout-horizontal","27":"owp-btn-very-big","28":"owp-tabs-layout-horizontal"},"aioseo_notices":[],"_links":{"self":[{"href":"https:\/\/lieutenantpoilu.com\/fr\/wp-json\/wp\/v2\/product\/5694","targetHints":{"allow":["GET"]}}],"collection":[{"href":"https:\/\/lieutenantpoilu.com\/fr\/wp-json\/wp\/v2\/product"}],"about":[{"href":"https:\/\/lieutenantpoilu.com\/fr\/wp-json\/wp\/v2\/types\/product"}],"replies":[{"embeddable":true,"href":"https:\/\/lieutenantpoilu.com\/fr\/wp-json\/wp\/v2\/comments?post=5694"}],"wp:featuredmedia":[{"embeddable":true,"href":"https:\/\/lieutenantpoilu.com\/fr\/wp-json\/wp\/v2\/media\/5678"}],"wp:attachment":[{"href":"https:\/\/lieutenantpoilu.com\/fr\/wp-json\/wp\/v2\/media?parent=5694"}],"wp:term":[{"taxonomy":"product_brand","embeddable":true,"href":"https:\/\/lieutenantpoilu.com\/fr\/wp-json\/wp\/v2\/product_brand?post=5694"},{"taxonomy":"product_cat","embeddable":true,"href":"https:\/\/lieutenantpoilu.com\/fr\/wp-json\/wp\/v2\/product_cat?post=5694"},{"taxonomy":"product_tag","embeddable":true,"href":"https:\/\/lieutenantpoilu.com\/fr\/wp-json\/wp\/v2\/product_tag?post=5694"}],"curies":[{"name":"wp","href":"https:\/\/api.w.org\/{rel}","templated":true}]}}