{"id":5644,"date":"2024-10-04T14:16:58","date_gmt":"2024-10-04T12:16:58","guid":{"rendered":"https:\/\/lieutenantpoilu.com\/militaria\/non%20class\u00e9\/bouteille-et-coupes-a-sake-japonaises-seconde-guerre-mondiale\/"},"modified":"2024-10-04T14:27:28","modified_gmt":"2024-10-04T12:27:28","slug":"bouteille-et-coupes-a-sake-japonaises-seconde-guerre-mondiale","status":"publish","type":"product","link":"https:\/\/lieutenantpoilu.com\/fr\/militaria\/autres-articles-militaires\/bouteille-et-coupes-a-sake-japonaises-seconde-guerre-mondiale\/","title":{"rendered":"Bouteille et Coupes \u00e0 Sake Japonaises, Seconde Guerre Mondiale"},"content":{"rendered":"","protected":false},"excerpt":{"rendered":"<p>Petit jeu japonais compos\u00e9 d\u2019une bouteille \u00e0 Sake et de deux coupes \u00e0 Sake, \u00e9poque Seconde Guerre Mondiale.<\/p>\n<p>La Bouteille est en bon \u00e9tat. Elle mesure environ 14.5 cm de hauteur.<\/p>\n<p>Les coupes ont un diam\u00e8tre de 5.5 cm.<\/p>\n<p>L\u2019une d\u2019elle est d\u00e9cor\u00e9e d&rsquo;un canon antia\u00e9rien avec les Kanjis suivants : \u00ab\u00a0Comm\u00e9moration de d\u00e9mobilisation\u00a0\u00bb. \u00ab\u00a01\u00e8re (Division) Anti-A\u00e9rienne\u00a0\u00bb et le nom du soldat Furuyama au dos. \u00c9tat de conservation : Un tout petit \u00e9clat \u00e0 12 heures.<\/p>\n<p>La seconde coupe est d\u00e9cor\u00e9e d&rsquo;un grand Kanji \u00a0\u00bb confiance \u00a0\u00bb et \u00a0\u00bb Comm\u00e9moration de d\u00e9mobilisation\u00a0\u00bb. \u00c9tat: tr\u00e8s bon.<\/p>\n<p>Pendant la Seconde Guerre mondiale, les bouteilles et coupes \u00e0 sake \u00e9taient utilis\u00e9es par les soldats japonais pour c\u00e9l\u00e9brer des occasions sp\u00e9ciales, comme des victoires militaires, des promotions, une d\u00e9mobilisation ou m\u00eame des c\u00e9r\u00e9monies religieuses. Ces moments de convivialit\u00e9 \u00e9taient consid\u00e9r\u00e9s comme importants pour maintenir le moral \u00e9lev\u00e9 des soldats malgr\u00e9 les difficult\u00e9s de la guerre.<\/p>\n<figure id=\"attachment_5641\" aria-describedby=\"caption-attachment-5641\" style=\"width: 558px\" class=\"wp-caption alignnone\"><img fetchpriority=\"high\" decoding=\"async\" class=\"wp-image-5641 size-full\" src=\"https:\/\/lieutenantpoilu.com\/wp-content\/uploads\/2024\/10\/japanese-officers-sake-ceremony-ww2.jpg\" alt=\"\" width=\"558\" height=\"600\" srcset=\"https:\/\/lieutenantpoilu.com\/wp-content\/uploads\/2024\/10\/japanese-officers-sake-ceremony-ww2.jpg 558w, https:\/\/lieutenantpoilu.com\/wp-content\/uploads\/2024\/10\/japanese-officers-sake-ceremony-ww2-279x300.jpg 279w\" sizes=\"(max-width: 558px) 100vw, 558px\" \/><figcaption id=\"caption-attachment-5641\" class=\"wp-caption-text\"><br \/>Source: https:\/\/www.meisterdrucke.fr\/<\/figcaption><\/figure>\n","protected":false},"featured_media":5647,"comment_status":"open","ping_status":"closed","template":"","meta":{"_uf_show_specific_survey":0,"_uf_disable_surveys":false,"ocean_post_layout":"","ocean_both_sidebars_style":"","ocean_both_sidebars_content_width":0,"ocean_both_sidebars_sidebars_width":0,"ocean_sidebar":"0","ocean_second_sidebar":"0","ocean_disable_margins":"enable","ocean_add_body_class":"","ocean_shortcode_before_top_bar":"","ocean_shortcode_after_top_bar":"","ocean_shortcode_before_header":"","ocean_shortcode_after_header":"","ocean_has_shortcode":"","ocean_shortcode_after_title":"","ocean_shortcode_before_footer_widgets":"","ocean_shortcode_after_footer_widgets":"","ocean_shortcode_before_footer_bottom":"","ocean_shortcode_after_footer_bottom":"","ocean_display_top_bar":"default","ocean_display_header":"default","ocean_header_style":"","ocean_center_header_left_menu":"0","ocean_custom_header_template":"0","ocean_custom_logo":0,"ocean_custom_retina_logo":0,"ocean_custom_logo_max_width":0,"ocean_custom_logo_tablet_max_width":0,"ocean_custom_logo_mobile_max_width":0,"ocean_custom_logo_max_height":0,"ocean_custom_logo_tablet_max_height":0,"ocean_custom_logo_mobile_max_height":0,"ocean_header_custom_menu":"0","ocean_menu_typo_font_family":"0","ocean_menu_typo_font_subset":"","ocean_menu_typo_font_size":0,"ocean_menu_typo_font_size_tablet":0,"ocean_menu_typo_font_size_mobile":0,"ocean_menu_typo_font_size_unit":"px","ocean_menu_typo_font_weight":"","ocean_menu_typo_font_weight_tablet":"","ocean_menu_typo_font_weight_mobile":"","ocean_menu_typo_transform":"","ocean_menu_typo_transform_tablet":"","ocean_menu_typo_transform_mobile":"","ocean_menu_typo_line_height":0,"ocean_menu_typo_line_height_tablet":0,"ocean_menu_typo_line_height_mobile":0,"ocean_menu_typo_line_height_unit":"","ocean_menu_typo_spacing":0,"ocean_menu_typo_spacing_tablet":0,"ocean_menu_typo_spacing_mobile":0,"ocean_menu_typo_spacing_unit":"","ocean_menu_link_color":"","ocean_menu_link_color_hover":"","ocean_menu_link_color_active":"","ocean_menu_link_background":"","ocean_menu_link_hover_background":"","ocean_menu_link_active_background":"","ocean_menu_social_links_bg":"","ocean_menu_social_hover_links_bg":"","ocean_menu_social_links_color":"","ocean_menu_social_hover_links_color":"","ocean_disable_title":"default","ocean_disable_heading":"default","ocean_post_title":"","ocean_post_subheading":"","ocean_post_title_style":"","ocean_post_title_background_color":"","ocean_post_title_background":0,"ocean_post_title_bg_image_position":"","ocean_post_title_bg_image_attachment":"","ocean_post_title_bg_image_repeat":"","ocean_post_title_bg_image_size":"","ocean_post_title_height":0,"ocean_post_title_bg_overlay":0.5,"ocean_post_title_bg_overlay_color":"","ocean_disable_breadcrumbs":"default","ocean_breadcrumbs_color":"","ocean_breadcrumbs_separator_color":"","ocean_breadcrumbs_links_color":"","ocean_breadcrumbs_links_hover_color":"","ocean_display_footer_widgets":"default","ocean_display_footer_bottom":"default","ocean_custom_footer_template":"0"},"product_brand":[],"product_cat":[349,288,354,228],"product_tag":[],"class_list":{"0":"post-5644","1":"product","2":"type-product","3":"status-publish","4":"has-post-thumbnail","6":"product_cat-autres-articles-militaires","7":"product_cat-japon-fr","8":"product_cat-nouvelles-trouvailles","9":"product_cat-seconde-guerre-mondiale","10":"product_shipping_class-paquet-standard","12":"entry","13":"has-media","15":"first","16":"outofstock","17":"sold-individually","18":"shipping-taxable","19":"purchasable","20":"product-type-simple","21":"has-product-nav","22":"col","23":"span_1_of_4","24":"owp-content-center","25":"item-entry","26":"owp-thumbs-layout-horizontal","27":"owp-btn-very-big","28":"owp-tabs-layout-horizontal"},"aioseo_notices":[],"_links":{"self":[{"href":"https:\/\/lieutenantpoilu.com\/fr\/wp-json\/wp\/v2\/product\/5644","targetHints":{"allow":["GET"]}}],"collection":[{"href":"https:\/\/lieutenantpoilu.com\/fr\/wp-json\/wp\/v2\/product"}],"about":[{"href":"https:\/\/lieutenantpoilu.com\/fr\/wp-json\/wp\/v2\/types\/product"}],"replies":[{"embeddable":true,"href":"https:\/\/lieutenantpoilu.com\/fr\/wp-json\/wp\/v2\/comments?post=5644"}],"wp:featuredmedia":[{"embeddable":true,"href":"https:\/\/lieutenantpoilu.com\/fr\/wp-json\/wp\/v2\/media\/5647"}],"wp:attachment":[{"href":"https:\/\/lieutenantpoilu.com\/fr\/wp-json\/wp\/v2\/media?parent=5644"}],"wp:term":[{"taxonomy":"product_brand","embeddable":true,"href":"https:\/\/lieutenantpoilu.com\/fr\/wp-json\/wp\/v2\/product_brand?post=5644"},{"taxonomy":"product_cat","embeddable":true,"href":"https:\/\/lieutenantpoilu.com\/fr\/wp-json\/wp\/v2\/product_cat?post=5644"},{"taxonomy":"product_tag","embeddable":true,"href":"https:\/\/lieutenantpoilu.com\/fr\/wp-json\/wp\/v2\/product_tag?post=5644"}],"curies":[{"name":"wp","href":"https:\/\/api.w.org\/{rel}","templated":true}]}}