{"id":5594,"date":"2024-10-02T16:18:55","date_gmt":"2024-10-02T14:18:55","guid":{"rendered":"https:\/\/lieutenantpoilu.com\/militaria\/non%20class\u00e9\/medaille-de-guerre-de-lincident-de-chine-1937\/"},"modified":"2024-10-02T16:29:54","modified_gmt":"2024-10-02T14:29:54","slug":"medaille-de-guerre-de-lincident-de-chine-1937","status":"publish","type":"product","link":"https:\/\/lieutenantpoilu.com\/fr\/militaria\/japon-fr\/medaille-de-guerre-de-lincident-de-chine-1937\/","title":{"rendered":"M\u00e9daille de Guerre de l&rsquo;Incident de Chine 1937"},"content":{"rendered":"","protected":false},"excerpt":{"rendered":"<p>La m\u00e9daille de guerre de l&rsquo;Incident de Chine a \u00e9t\u00e9 institu\u00e9e par l&rsquo;\u00c9dit Imp\u00e9rial n\u00b0 496 en juillet 1939. Elle a \u00e9t\u00e9 d\u00e9cern\u00e9e aux soldats envoy\u00e9s en Chine jusqu&rsquo;\u00e0 l&rsquo;\u00e9t\u00e9 1945.<\/p>\n<p>La m\u00e9daille, en bronze et d&rsquo;un diam\u00e8tre de 30 mm, porte l&rsquo;inscription \u00ab\u00a0M\u00e9daille de guerre\u00a0\u00bb sur son agrafe de campagne. Sur le devant, elle repr\u00e9sente le \u00ab\u00a0yata-no-karasu\u00a0\u00bb, un corbeau l\u00e9gendaire \u00e0 trois pattes, plac\u00e9 sur des drapeaux crois\u00e9s de l&rsquo;arm\u00e9e de terre et de la marine, avec des rayons de lumi\u00e8re derri\u00e8re et l&#8217;embl\u00e8me du chrysanth\u00e8me au-dessus.<\/p>\n<p>Le revers de la m\u00e9daille est orn\u00e9 d&rsquo;un motif repr\u00e9sentant la Chine du nord, la Chine centrale et la mer Jaune, avec des montagnes, des nuages et des vagues dans un style classique chinois. L&rsquo;inscription indique \u00ab\u00a0Incident de Chine\u00a0\u00bb.<\/p>\n<p>Le 7 juillet 1937, un incident au pont Marco Polo pr\u00e8s de P\u00e9kin a d\u00e9clench\u00e9 l&rsquo;escalade de l&rsquo;invasion japonaise en Chine. Ce conflit non d\u00e9clar\u00e9, qualifi\u00e9 d'\u00a0\u00bbincident\u00a0\u00bb, s&rsquo;est propag\u00e9 \u00e0 une grande partie de la Chine, causant des centaines de milliers de morts avant de se terminer avec la reddition du Japon en 1945.<\/p>\n<p>*Le yata-no-karasu est un corbeau rouge g\u00e9ant \u00e0 trois pattes, mythique, qui, selon la l\u00e9gende, a guid\u00e9 l&rsquo;arm\u00e9e de l&#8217;empereur Jimmu Tenno \u00e0 travers les montagnes.<\/p>\n<figure id=\"attachment_5591\" aria-describedby=\"caption-attachment-5591\" style=\"width: 1024px\" class=\"wp-caption alignnone\"><img fetchpriority=\"high\" decoding=\"async\" class=\"wp-image-5591 size-large\" src=\"https:\/\/lieutenantpoilu.com\/wp-content\/uploads\/2024\/10\/china-incident-original-picture-1024x576.jpg\" alt=\"\" width=\"1024\" height=\"576\" srcset=\"https:\/\/lieutenantpoilu.com\/wp-content\/uploads\/2024\/10\/china-incident-original-picture-1024x576.jpg 1024w, https:\/\/lieutenantpoilu.com\/wp-content\/uploads\/2024\/10\/china-incident-original-picture-300x169.jpg 300w, https:\/\/lieutenantpoilu.com\/wp-content\/uploads\/2024\/10\/china-incident-original-picture-768x432.jpg 768w, https:\/\/lieutenantpoilu.com\/wp-content\/uploads\/2024\/10\/china-incident-original-picture-1536x864.jpg 1536w, https:\/\/lieutenantpoilu.com\/wp-content\/uploads\/2024\/10\/china-incident-original-picture-800x450.jpg 800w, https:\/\/lieutenantpoilu.com\/wp-content\/uploads\/2024\/10\/china-incident-original-picture-600x338.jpg 600w, https:\/\/lieutenantpoilu.com\/wp-content\/uploads\/2024\/10\/china-incident-original-picture.jpg 1800w\" sizes=\"(max-width: 1024px) 100vw, 1024px\" \/><figcaption id=\"caption-attachment-5591\" class=\"wp-caption-text\">Source : https:\/\/warfarehistorynetwork.com\/article\/the-fall-of-beijing-1937<\/figcaption><\/figure>\n","protected":false},"featured_media":5606,"comment_status":"open","ping_status":"closed","template":"","meta":{"_uf_show_specific_survey":0,"_uf_disable_surveys":false,"ocean_post_layout":"","ocean_both_sidebars_style":"","ocean_both_sidebars_content_width":0,"ocean_both_sidebars_sidebars_width":0,"ocean_sidebar":"0","ocean_second_sidebar":"0","ocean_disable_margins":"enable","ocean_add_body_class":"","ocean_shortcode_before_top_bar":"","ocean_shortcode_after_top_bar":"","ocean_shortcode_before_header":"","ocean_shortcode_after_header":"","ocean_has_shortcode":"","ocean_shortcode_after_title":"","ocean_shortcode_before_footer_widgets":"","ocean_shortcode_after_footer_widgets":"","ocean_shortcode_before_footer_bottom":"","ocean_shortcode_after_footer_bottom":"","ocean_display_top_bar":"default","ocean_display_header":"default","ocean_header_style":"","ocean_center_header_left_menu":"0","ocean_custom_header_template":"0","ocean_custom_logo":0,"ocean_custom_retina_logo":0,"ocean_custom_logo_max_width":0,"ocean_custom_logo_tablet_max_width":0,"ocean_custom_logo_mobile_max_width":0,"ocean_custom_logo_max_height":0,"ocean_custom_logo_tablet_max_height":0,"ocean_custom_logo_mobile_max_height":0,"ocean_header_custom_menu":"0","ocean_menu_typo_font_family":"0","ocean_menu_typo_font_subset":"","ocean_menu_typo_font_size":0,"ocean_menu_typo_font_size_tablet":0,"ocean_menu_typo_font_size_mobile":0,"ocean_menu_typo_font_size_unit":"px","ocean_menu_typo_font_weight":"","ocean_menu_typo_font_weight_tablet":"","ocean_menu_typo_font_weight_mobile":"","ocean_menu_typo_transform":"","ocean_menu_typo_transform_tablet":"","ocean_menu_typo_transform_mobile":"","ocean_menu_typo_line_height":0,"ocean_menu_typo_line_height_tablet":0,"ocean_menu_typo_line_height_mobile":0,"ocean_menu_typo_line_height_unit":"","ocean_menu_typo_spacing":0,"ocean_menu_typo_spacing_tablet":0,"ocean_menu_typo_spacing_mobile":0,"ocean_menu_typo_spacing_unit":"","ocean_menu_link_color":"","ocean_menu_link_color_hover":"","ocean_menu_link_color_active":"","ocean_menu_link_background":"","ocean_menu_link_hover_background":"","ocean_menu_link_active_background":"","ocean_menu_social_links_bg":"","ocean_menu_social_hover_links_bg":"","ocean_menu_social_links_color":"","ocean_menu_social_hover_links_color":"","ocean_disable_title":"default","ocean_disable_heading":"default","ocean_post_title":"","ocean_post_subheading":"","ocean_post_title_style":"","ocean_post_title_background_color":"","ocean_post_title_background":0,"ocean_post_title_bg_image_position":"","ocean_post_title_bg_image_attachment":"","ocean_post_title_bg_image_repeat":"","ocean_post_title_bg_image_size":"","ocean_post_title_height":0,"ocean_post_title_bg_overlay":0.5,"ocean_post_title_bg_overlay_color":"","ocean_disable_breadcrumbs":"default","ocean_breadcrumbs_color":"","ocean_breadcrumbs_separator_color":"","ocean_breadcrumbs_links_color":"","ocean_breadcrumbs_links_hover_color":"","ocean_display_footer_widgets":"default","ocean_display_footer_bottom":"default","ocean_custom_footer_template":"0"},"product_brand":[],"product_cat":[288,341,354,228],"product_tag":[],"class_list":{"0":"post-5594","1":"product","2":"type-product","3":"status-publish","4":"has-post-thumbnail","6":"product_cat-japon-fr","7":"product_cat-medailles-et-decorations","8":"product_cat-nouvelles-trouvailles","9":"product_cat-seconde-guerre-mondiale","10":"product_shipping_class-paquet-leger","12":"entry","13":"has-media","15":"first","16":"outofstock","17":"sold-individually","18":"shipping-taxable","19":"purchasable","20":"product-type-simple","21":"has-product-nav","22":"col","23":"span_1_of_4","24":"owp-content-center","25":"item-entry","26":"owp-thumbs-layout-horizontal","27":"owp-btn-very-big","28":"owp-tabs-layout-horizontal"},"aioseo_notices":[],"_links":{"self":[{"href":"https:\/\/lieutenantpoilu.com\/fr\/wp-json\/wp\/v2\/product\/5594","targetHints":{"allow":["GET"]}}],"collection":[{"href":"https:\/\/lieutenantpoilu.com\/fr\/wp-json\/wp\/v2\/product"}],"about":[{"href":"https:\/\/lieutenantpoilu.com\/fr\/wp-json\/wp\/v2\/types\/product"}],"replies":[{"embeddable":true,"href":"https:\/\/lieutenantpoilu.com\/fr\/wp-json\/wp\/v2\/comments?post=5594"}],"wp:featuredmedia":[{"embeddable":true,"href":"https:\/\/lieutenantpoilu.com\/fr\/wp-json\/wp\/v2\/media\/5606"}],"wp:attachment":[{"href":"https:\/\/lieutenantpoilu.com\/fr\/wp-json\/wp\/v2\/media?parent=5594"}],"wp:term":[{"taxonomy":"product_brand","embeddable":true,"href":"https:\/\/lieutenantpoilu.com\/fr\/wp-json\/wp\/v2\/product_brand?post=5594"},{"taxonomy":"product_cat","embeddable":true,"href":"https:\/\/lieutenantpoilu.com\/fr\/wp-json\/wp\/v2\/product_cat?post=5594"},{"taxonomy":"product_tag","embeddable":true,"href":"https:\/\/lieutenantpoilu.com\/fr\/wp-json\/wp\/v2\/product_tag?post=5594"}],"curies":[{"name":"wp","href":"https:\/\/api.w.org\/{rel}","templated":true}]}}