{"id":5577,"date":"2024-10-01T12:36:13","date_gmt":"2024-10-01T10:36:13","guid":{"rendered":"https:\/\/lieutenantpoilu.com\/militaria\/non%20class\u00e9\/medaille-commemorative-de-lintronisation-de-lempereur-taisho\/"},"modified":"2024-10-01T12:41:08","modified_gmt":"2024-10-01T10:41:08","slug":"medaille-commemorative-de-lintronisation-de-lempereur-taisho","status":"publish","type":"product","link":"https:\/\/lieutenantpoilu.com\/fr\/militaria\/japon-fr\/medaille-commemorative-de-lintronisation-de-lempereur-taisho\/","title":{"rendered":"M\u00e9daille Comm\u00e9morative de l\u2019Intronisation de l&rsquo;Empereur Taisho"},"content":{"rendered":"","protected":false},"excerpt":{"rendered":"<p>La m\u00e9daille, d&rsquo;un diam\u00e8tre de 30 mm, est en argent. Sur l&rsquo;avers, on trouve une ornementation avec un chrysanth\u00e8me dor\u00e9, des branches crois\u00e9es de mandarinier et de cerisier, ainsi que de longues banni\u00e8res portant l&rsquo;inscription \u00ab Banzai ! \u00bb (Que l&rsquo;Empire vive dix mille ans !). Le revers pr\u00e9sente des caract\u00e8res indiquant \u00ab Grande Intronisation \/ M\u00e9daille comm\u00e9morative \/ 4e ann\u00e9e de Taisho \/ 11e mois \u00bb en quatre lignes horizontales.<\/p>\n<p>Cette m\u00e9daille comm\u00e9morative a \u00e9t\u00e9 institu\u00e9e par l&rsquo;\u00c9dit imp\u00e9rial n\u00b0 154 du 13 ao\u00fbt 1915 en pr\u00e9paration aux c\u00e9r\u00e9monies d&rsquo;intronisation qui se sont tenues en novembre de la m\u00eame ann\u00e9e dans l&rsquo;ancienne capitale, Kyoto. Selon cet \u00e9dit, la m\u00e9daille devait \u00eatre d\u00e9cern\u00e9e \u00ab \u00e0 ceux convoqu\u00e9s pour la c\u00e9r\u00e9monie de \u201csenso\u201d (accession au tr\u00f4ne) ; \u00e0 ceux invit\u00e9s au Grand Banquet de Couronnement et \u00e0 la Grande C\u00e9r\u00e9monie d&rsquo;Accession ; \u00e0 ceux invit\u00e9s aux banquets organis\u00e9s en divers lieux ; ainsi qu&rsquo;\u00e0 ceux qui officieraient ou serviraient en lien avec l&rsquo;intronisation \u00bb. L&#8217;empereur japonais n&rsquo;est pas couronn\u00e9 mais acc\u00e8de au tr\u00f4ne \u00e0 travers des c\u00e9r\u00e9monies traditionnelles, riches en splendeur et fastes, habituellement tenues \u00e0 Kyoto.<\/p>\n<figure id=\"attachment_5574\" aria-describedby=\"caption-attachment-5574\" style=\"width: 683px\" class=\"wp-caption alignnone\"><img fetchpriority=\"high\" decoding=\"async\" class=\"wp-image-5574 size-large\" src=\"https:\/\/lieutenantpoilu.com\/wp-content\/uploads\/2024\/10\/empereur-Taisho-683x1024.jpg\" alt=\"\" width=\"683\" height=\"1024\" srcset=\"https:\/\/lieutenantpoilu.com\/wp-content\/uploads\/2024\/10\/empereur-Taisho-683x1024.jpg 683w, https:\/\/lieutenantpoilu.com\/wp-content\/uploads\/2024\/10\/empereur-Taisho-200x300.jpg 200w, https:\/\/lieutenantpoilu.com\/wp-content\/uploads\/2024\/10\/empereur-Taisho-768x1152.jpg 768w, https:\/\/lieutenantpoilu.com\/wp-content\/uploads\/2024\/10\/empereur-Taisho-1024x1536.jpg 1024w, https:\/\/lieutenantpoilu.com\/wp-content\/uploads\/2024\/10\/empereur-Taisho-600x900.jpg 600w, https:\/\/lieutenantpoilu.com\/wp-content\/uploads\/2024\/10\/empereur-Taisho.jpg 1280w\" sizes=\"(max-width: 683px) 100vw, 683px\" \/><figcaption id=\"caption-attachment-5574\" class=\"wp-caption-text\">Source : https:\/\/www.nippon.com\/fr\/in-depth\/c06113\/<\/figcaption><\/figure>\n","protected":false},"featured_media":5583,"comment_status":"open","ping_status":"closed","template":"","meta":{"_uf_show_specific_survey":0,"_uf_disable_surveys":false,"ocean_post_layout":"","ocean_both_sidebars_style":"","ocean_both_sidebars_content_width":0,"ocean_both_sidebars_sidebars_width":0,"ocean_sidebar":"0","ocean_second_sidebar":"0","ocean_disable_margins":"enable","ocean_add_body_class":"","ocean_shortcode_before_top_bar":"","ocean_shortcode_after_top_bar":"","ocean_shortcode_before_header":"","ocean_shortcode_after_header":"","ocean_has_shortcode":"","ocean_shortcode_after_title":"","ocean_shortcode_before_footer_widgets":"","ocean_shortcode_after_footer_widgets":"","ocean_shortcode_before_footer_bottom":"","ocean_shortcode_after_footer_bottom":"","ocean_display_top_bar":"default","ocean_display_header":"default","ocean_header_style":"","ocean_center_header_left_menu":"0","ocean_custom_header_template":"0","ocean_custom_logo":0,"ocean_custom_retina_logo":0,"ocean_custom_logo_max_width":0,"ocean_custom_logo_tablet_max_width":0,"ocean_custom_logo_mobile_max_width":0,"ocean_custom_logo_max_height":0,"ocean_custom_logo_tablet_max_height":0,"ocean_custom_logo_mobile_max_height":0,"ocean_header_custom_menu":"0","ocean_menu_typo_font_family":"0","ocean_menu_typo_font_subset":"","ocean_menu_typo_font_size":0,"ocean_menu_typo_font_size_tablet":0,"ocean_menu_typo_font_size_mobile":0,"ocean_menu_typo_font_size_unit":"px","ocean_menu_typo_font_weight":"","ocean_menu_typo_font_weight_tablet":"","ocean_menu_typo_font_weight_mobile":"","ocean_menu_typo_transform":"","ocean_menu_typo_transform_tablet":"","ocean_menu_typo_transform_mobile":"","ocean_menu_typo_line_height":0,"ocean_menu_typo_line_height_tablet":0,"ocean_menu_typo_line_height_mobile":0,"ocean_menu_typo_line_height_unit":"","ocean_menu_typo_spacing":0,"ocean_menu_typo_spacing_tablet":0,"ocean_menu_typo_spacing_mobile":0,"ocean_menu_typo_spacing_unit":"","ocean_menu_link_color":"","ocean_menu_link_color_hover":"","ocean_menu_link_color_active":"","ocean_menu_link_background":"","ocean_menu_link_hover_background":"","ocean_menu_link_active_background":"","ocean_menu_social_links_bg":"","ocean_menu_social_hover_links_bg":"","ocean_menu_social_links_color":"","ocean_menu_social_hover_links_color":"","ocean_disable_title":"default","ocean_disable_heading":"default","ocean_post_title":"","ocean_post_subheading":"","ocean_post_title_style":"","ocean_post_title_background_color":"","ocean_post_title_background":0,"ocean_post_title_bg_image_position":"","ocean_post_title_bg_image_attachment":"","ocean_post_title_bg_image_repeat":"","ocean_post_title_bg_image_size":"","ocean_post_title_height":0,"ocean_post_title_bg_overlay":0.5,"ocean_post_title_bg_overlay_color":"","ocean_disable_breadcrumbs":"default","ocean_breadcrumbs_color":"","ocean_breadcrumbs_separator_color":"","ocean_breadcrumbs_links_color":"","ocean_breadcrumbs_links_hover_color":"","ocean_display_footer_widgets":"default","ocean_display_footer_bottom":"default","ocean_custom_footer_template":"0"},"product_brand":[],"product_cat":[288,341,354,234],"product_tag":[],"class_list":{"0":"post-5577","1":"product","2":"type-product","3":"status-publish","4":"has-post-thumbnail","6":"product_cat-japon-fr","7":"product_cat-medailles-et-decorations","8":"product_cat-nouvelles-trouvailles","9":"product_cat-premiere-guerre-mondiale","10":"product_shipping_class-paquet-leger","12":"entry","13":"has-media","15":"first","16":"outofstock","17":"sold-individually","18":"shipping-taxable","19":"purchasable","20":"product-type-simple","21":"has-product-nav","22":"col","23":"span_1_of_4","24":"owp-content-center","25":"item-entry","26":"owp-thumbs-layout-horizontal","27":"owp-btn-very-big","28":"owp-tabs-layout-horizontal"},"aioseo_notices":[],"_links":{"self":[{"href":"https:\/\/lieutenantpoilu.com\/fr\/wp-json\/wp\/v2\/product\/5577","targetHints":{"allow":["GET"]}}],"collection":[{"href":"https:\/\/lieutenantpoilu.com\/fr\/wp-json\/wp\/v2\/product"}],"about":[{"href":"https:\/\/lieutenantpoilu.com\/fr\/wp-json\/wp\/v2\/types\/product"}],"replies":[{"embeddable":true,"href":"https:\/\/lieutenantpoilu.com\/fr\/wp-json\/wp\/v2\/comments?post=5577"}],"wp:featuredmedia":[{"embeddable":true,"href":"https:\/\/lieutenantpoilu.com\/fr\/wp-json\/wp\/v2\/media\/5583"}],"wp:attachment":[{"href":"https:\/\/lieutenantpoilu.com\/fr\/wp-json\/wp\/v2\/media?parent=5577"}],"wp:term":[{"taxonomy":"product_brand","embeddable":true,"href":"https:\/\/lieutenantpoilu.com\/fr\/wp-json\/wp\/v2\/product_brand?post=5577"},{"taxonomy":"product_cat","embeddable":true,"href":"https:\/\/lieutenantpoilu.com\/fr\/wp-json\/wp\/v2\/product_cat?post=5577"},{"taxonomy":"product_tag","embeddable":true,"href":"https:\/\/lieutenantpoilu.com\/fr\/wp-json\/wp\/v2\/product_tag?post=5577"}],"curies":[{"name":"wp","href":"https:\/\/api.w.org\/{rel}","templated":true}]}}