{"id":5550,"date":"2024-09-30T14:37:03","date_gmt":"2024-09-30T12:37:03","guid":{"rendered":"https:\/\/lieutenantpoilu.com\/militaria\/non%20class\u00e9\/manipulateur-de-morse-allemand-seconde-guerre-mondiale\/"},"modified":"2024-09-30T15:16:06","modified_gmt":"2024-09-30T13:16:06","slug":"manipulateur-de-morse-allemand-seconde-guerre-mondiale","status":"publish","type":"product","link":"https:\/\/lieutenantpoilu.com\/fr\/militaria\/allemagne\/manipulateur-de-morse-allemand-seconde-guerre-mondiale\/","title":{"rendered":"MANIPULATEUR DE MORSE ALLEMAND, SECONDE GUERRE MONDIALE"},"content":{"rendered":"","protected":false},"excerpt":{"rendered":"<p>Manipulateur de morse de la Wehrmacht mod\u00e8le \u00ab Baumuster T1 \u00bb complet avec son emballage d\u2019origine et avec la gravure Waffenamt code WaA376 propre au mat\u00e9riel de communication allemand durant la Seconde Guerre Mondiale guerre. Le Waffenamt WaA376 t\u00e9moigne \u00e9galement de la r\u00e9ception de l\u2019objet en 1938 par l\u2019arm\u00e9e allemande.<br \/>Sur le couvercle articul\u00e9 en bak\u00e9lite marron fonc\u00e9 est indiqu\u00e9 \u00ab Vor dem \u00f6ffnen stecker herausziehen \u00bb, note signifiant \u00ab retirer la prise avant de l\u2019ouvrir \u00bb.<br \/>L\u2019ensemble est 100% original avec les sp\u00e9cificit\u00e9s du manipulateur de morse Baumuster T1: le bouton pressoir est en bak\u00e9lite noir, le socle en bois, la gaine en textile coton souple et la prise a deux fiches rondes cuivr\u00e9es.<br \/>Au d\u00e9but de la Seconde Guerre mondiale, les Allemands disposaient d\u2019une infrastructure de communication avanc\u00e9e. Ils utilisaient des transmissions radio pour coordonner leurs op\u00e9rations sur le terrain, ce qui leur conf\u00e9rait un avantage strat\u00e9gique. Le code Morse \u00e9tait largement utilis\u00e9 pour ces communications, car il permettait de transmettre des messages m\u00eame en cas de mauvaise qualit\u00e9 de la ligne ou d\u2019interf\u00e9rences.<br \/>Malgr\u00e9 la comp\u00e9tence de l\u2019arm\u00e9e allemande dans le domaine, les manipulateurs morse allemands de la Seconde Guerre Mondiale faisaient face \u00e0 des d\u00e9fis. Les Alli\u00e9s, en particulier les Britanniques, ont d\u00e9velopp\u00e9 des capacit\u00e9s d\u2019interception radio, utilisant des unit\u00e9s de renseignement pour surveiller les communications ennemies. L\u2019unit\u00e9 la plus c\u00e9l\u00e8bre de d\u00e9chiffrement des communications allemandes est certainement le bureau britannique \u00ab Government Code and Cypher School \u2013 GCCS \u00bb qui travaillait essentiellement depuis le site de Bletchley Park situ\u00e9 entre Londres et Birmingham.          <\/p>\n","protected":false},"featured_media":5568,"comment_status":"open","ping_status":"closed","template":"","meta":{"_uf_show_specific_survey":0,"_uf_disable_surveys":false,"ocean_post_layout":"","ocean_both_sidebars_style":"","ocean_both_sidebars_content_width":0,"ocean_both_sidebars_sidebars_width":0,"ocean_sidebar":"0","ocean_second_sidebar":"0","ocean_disable_margins":"enable","ocean_add_body_class":"","ocean_shortcode_before_top_bar":"","ocean_shortcode_after_top_bar":"","ocean_shortcode_before_header":"","ocean_shortcode_after_header":"","ocean_has_shortcode":"","ocean_shortcode_after_title":"","ocean_shortcode_before_footer_widgets":"","ocean_shortcode_after_footer_widgets":"","ocean_shortcode_before_footer_bottom":"","ocean_shortcode_after_footer_bottom":"","ocean_display_top_bar":"default","ocean_display_header":"default","ocean_header_style":"","ocean_center_header_left_menu":"0","ocean_custom_header_template":"0","ocean_custom_logo":0,"ocean_custom_retina_logo":0,"ocean_custom_logo_max_width":0,"ocean_custom_logo_tablet_max_width":0,"ocean_custom_logo_mobile_max_width":0,"ocean_custom_logo_max_height":0,"ocean_custom_logo_tablet_max_height":0,"ocean_custom_logo_mobile_max_height":0,"ocean_header_custom_menu":"0","ocean_menu_typo_font_family":"0","ocean_menu_typo_font_subset":"","ocean_menu_typo_font_size":0,"ocean_menu_typo_font_size_tablet":0,"ocean_menu_typo_font_size_mobile":0,"ocean_menu_typo_font_size_unit":"px","ocean_menu_typo_font_weight":"","ocean_menu_typo_font_weight_tablet":"","ocean_menu_typo_font_weight_mobile":"","ocean_menu_typo_transform":"","ocean_menu_typo_transform_tablet":"","ocean_menu_typo_transform_mobile":"","ocean_menu_typo_line_height":0,"ocean_menu_typo_line_height_tablet":0,"ocean_menu_typo_line_height_mobile":0,"ocean_menu_typo_line_height_unit":"","ocean_menu_typo_spacing":0,"ocean_menu_typo_spacing_tablet":0,"ocean_menu_typo_spacing_mobile":0,"ocean_menu_typo_spacing_unit":"","ocean_menu_link_color":"","ocean_menu_link_color_hover":"","ocean_menu_link_color_active":"","ocean_menu_link_background":"","ocean_menu_link_hover_background":"","ocean_menu_link_active_background":"","ocean_menu_social_links_bg":"","ocean_menu_social_hover_links_bg":"","ocean_menu_social_links_color":"","ocean_menu_social_hover_links_color":"","ocean_disable_title":"default","ocean_disable_heading":"default","ocean_post_title":"","ocean_post_subheading":"","ocean_post_title_style":"","ocean_post_title_background_color":"","ocean_post_title_background":0,"ocean_post_title_bg_image_position":"","ocean_post_title_bg_image_attachment":"","ocean_post_title_bg_image_repeat":"","ocean_post_title_bg_image_size":"","ocean_post_title_height":0,"ocean_post_title_bg_overlay":0.5,"ocean_post_title_bg_overlay_color":"","ocean_disable_breadcrumbs":"default","ocean_breadcrumbs_color":"","ocean_breadcrumbs_separator_color":"","ocean_breadcrumbs_links_color":"","ocean_breadcrumbs_links_hover_color":"","ocean_display_footer_widgets":"default","ocean_display_footer_bottom":"default","ocean_custom_footer_template":"0"},"product_brand":[],"product_cat":[264,349,354,228],"product_tag":[],"class_list":{"0":"post-5550","1":"product","2":"type-product","3":"status-publish","4":"has-post-thumbnail","6":"product_cat-allemagne","7":"product_cat-autres-articles-militaires","8":"product_cat-nouvelles-trouvailles","9":"product_cat-seconde-guerre-mondiale","10":"product_shipping_class-paquet-standard","12":"entry","13":"has-media","15":"first","16":"outofstock","17":"sold-individually","18":"shipping-taxable","19":"purchasable","20":"product-type-simple","21":"has-product-nav","22":"col","23":"span_1_of_4","24":"owp-content-center","25":"item-entry","26":"owp-thumbs-layout-horizontal","27":"owp-btn-very-big","28":"owp-tabs-layout-horizontal"},"aioseo_notices":[],"_links":{"self":[{"href":"https:\/\/lieutenantpoilu.com\/fr\/wp-json\/wp\/v2\/product\/5550","targetHints":{"allow":["GET"]}}],"collection":[{"href":"https:\/\/lieutenantpoilu.com\/fr\/wp-json\/wp\/v2\/product"}],"about":[{"href":"https:\/\/lieutenantpoilu.com\/fr\/wp-json\/wp\/v2\/types\/product"}],"replies":[{"embeddable":true,"href":"https:\/\/lieutenantpoilu.com\/fr\/wp-json\/wp\/v2\/comments?post=5550"}],"wp:featuredmedia":[{"embeddable":true,"href":"https:\/\/lieutenantpoilu.com\/fr\/wp-json\/wp\/v2\/media\/5568"}],"wp:attachment":[{"href":"https:\/\/lieutenantpoilu.com\/fr\/wp-json\/wp\/v2\/media?parent=5550"}],"wp:term":[{"taxonomy":"product_brand","embeddable":true,"href":"https:\/\/lieutenantpoilu.com\/fr\/wp-json\/wp\/v2\/product_brand?post=5550"},{"taxonomy":"product_cat","embeddable":true,"href":"https:\/\/lieutenantpoilu.com\/fr\/wp-json\/wp\/v2\/product_cat?post=5550"},{"taxonomy":"product_tag","embeddable":true,"href":"https:\/\/lieutenantpoilu.com\/fr\/wp-json\/wp\/v2\/product_tag?post=5550"}],"curies":[{"name":"wp","href":"https:\/\/api.w.org\/{rel}","templated":true}]}}