{"id":5502,"date":"2024-09-27T17:34:16","date_gmt":"2024-09-27T15:34:16","guid":{"rendered":"https:\/\/lieutenantpoilu.com\/militaria\/non%20class\u00e9\/chapeau-de-brousse-modele-1949\/"},"modified":"2024-09-27T17:47:47","modified_gmt":"2024-09-27T15:47:47","slug":"chapeau-de-brousse-modele-1949","status":"publish","type":"product","link":"https:\/\/lieutenantpoilu.com\/fr\/militaria\/casques-et-coiffes\/chapeau-de-brousse-modele-1949\/","title":{"rendered":"Chapeau de brousse mod\u00e8le 1949"},"content":{"rendered":"","protected":false},"excerpt":{"rendered":"<p>Chapeau brousse M49 embl\u00e9matique des guerres d\u2019Indochine et d\u2019Alg\u00e9rie. Pr\u00e9sence de 4 \u0153illets d\u2019a\u00e9ration (deux de chaque c\u00f4t\u00e9) et d\u2019un bouton pression du c\u00f4t\u00e9 droit. Il s\u2019agit d\u2019une fabrication m\u00e9tropolitaine. Chapeau en bon \u00e9tat g\u00e9neral. Pr\u00e9sence d\u2019un tampon de r\u00e9ception \u00ab arm\u00e9e de terre \u00bb et d\u2019un autre illisible. Taille : 56.<\/p>\n<p>Le chapeau M49 poss\u00e8de une large bordure qui offre une bonne protection contre le soleil et la pluie. Il est de forme souple, ce qui permet de l\u2019adapter facilement \u00e0 diff\u00e9rentes situations, et son bord peut \u00eatre relev\u00e9 ou abaiss\u00e9 selon les besoins.<\/p>\n<p>En Indochine, il \u00e9tait port\u00e9 par les soldats pour se prot\u00e9ger des intemp\u00e9ries et du climat tropical dans des environnements comme les jungles et les rizi\u00e8res. En Alg\u00e9rie, il \u00e9tait utilis\u00e9 dans des terrains montagneux ou d\u00e9sertiques, offrant une protection essentielle contre le soleil intense.<\/p>\n<figure id=\"attachment_5484\" aria-describedby=\"caption-attachment-5484\" style=\"width: 400px\" class=\"wp-caption aligncenter\"><img fetchpriority=\"high\" decoding=\"async\" class=\"wp-image-5484 size-full\" src=\"https:\/\/lieutenantpoilu.com\/wp-content\/uploads\/2024\/09\/histoire-indochine-chapeau-brousse.webp\" alt=\"\" width=\"400\" height=\"320\" srcset=\"https:\/\/lieutenantpoilu.com\/wp-content\/uploads\/2024\/09\/histoire-indochine-chapeau-brousse.webp 400w, https:\/\/lieutenantpoilu.com\/wp-content\/uploads\/2024\/09\/histoire-indochine-chapeau-brousse-300x240.webp 300w\" sizes=\"(max-width: 400px) 100vw, 400px\" \/><figcaption id=\"caption-attachment-5484\" class=\"wp-caption-text\">Source : https:\/\/leansoliddogs.blog\/<\/figcaption><\/figure>\n","protected":false},"featured_media":5497,"comment_status":"open","ping_status":"closed","template":"","meta":{"_uf_show_specific_survey":0,"_uf_disable_surveys":false,"ocean_post_layout":"","ocean_both_sidebars_style":"","ocean_both_sidebars_content_width":0,"ocean_both_sidebars_sidebars_width":0,"ocean_sidebar":"0","ocean_second_sidebar":"0","ocean_disable_margins":"enable","ocean_add_body_class":"","ocean_shortcode_before_top_bar":"","ocean_shortcode_after_top_bar":"","ocean_shortcode_before_header":"","ocean_shortcode_after_header":"","ocean_has_shortcode":"","ocean_shortcode_after_title":"","ocean_shortcode_before_footer_widgets":"","ocean_shortcode_after_footer_widgets":"","ocean_shortcode_before_footer_bottom":"","ocean_shortcode_after_footer_bottom":"","ocean_display_top_bar":"default","ocean_display_header":"default","ocean_header_style":"","ocean_center_header_left_menu":"0","ocean_custom_header_template":"0","ocean_custom_logo":0,"ocean_custom_retina_logo":0,"ocean_custom_logo_max_width":0,"ocean_custom_logo_tablet_max_width":0,"ocean_custom_logo_mobile_max_width":0,"ocean_custom_logo_max_height":0,"ocean_custom_logo_tablet_max_height":0,"ocean_custom_logo_mobile_max_height":0,"ocean_header_custom_menu":"0","ocean_menu_typo_font_family":"0","ocean_menu_typo_font_subset":"","ocean_menu_typo_font_size":0,"ocean_menu_typo_font_size_tablet":0,"ocean_menu_typo_font_size_mobile":0,"ocean_menu_typo_font_size_unit":"px","ocean_menu_typo_font_weight":"","ocean_menu_typo_font_weight_tablet":"","ocean_menu_typo_font_weight_mobile":"","ocean_menu_typo_transform":"","ocean_menu_typo_transform_tablet":"","ocean_menu_typo_transform_mobile":"","ocean_menu_typo_line_height":0,"ocean_menu_typo_line_height_tablet":0,"ocean_menu_typo_line_height_mobile":0,"ocean_menu_typo_line_height_unit":"","ocean_menu_typo_spacing":0,"ocean_menu_typo_spacing_tablet":0,"ocean_menu_typo_spacing_mobile":0,"ocean_menu_typo_spacing_unit":"","ocean_menu_link_color":"","ocean_menu_link_color_hover":"","ocean_menu_link_color_active":"","ocean_menu_link_background":"","ocean_menu_link_hover_background":"","ocean_menu_link_active_background":"","ocean_menu_social_links_bg":"","ocean_menu_social_hover_links_bg":"","ocean_menu_social_links_color":"","ocean_menu_social_hover_links_color":"","ocean_disable_title":"default","ocean_disable_heading":"default","ocean_post_title":"","ocean_post_subheading":"","ocean_post_title_style":"","ocean_post_title_background_color":"","ocean_post_title_background":0,"ocean_post_title_bg_image_position":"","ocean_post_title_bg_image_attachment":"","ocean_post_title_bg_image_repeat":"","ocean_post_title_bg_image_size":"","ocean_post_title_height":0,"ocean_post_title_bg_overlay":0.5,"ocean_post_title_bg_overlay_color":"","ocean_disable_breadcrumbs":"default","ocean_breadcrumbs_color":"","ocean_breadcrumbs_separator_color":"","ocean_breadcrumbs_links_color":"","ocean_breadcrumbs_links_hover_color":"","ocean_display_footer_widgets":"default","ocean_display_footer_bottom":"default","ocean_custom_footer_template":"0"},"product_brand":[],"product_cat":[325,278,246,354],"product_tag":[],"class_list":{"0":"post-5502","1":"product","2":"type-product","3":"status-publish","4":"has-post-thumbnail","6":"product_cat-casques-et-coiffes","7":"product_cat-france","8":"product_cat-indochine-et-algerie","9":"product_cat-nouvelles-trouvailles","10":"product_shipping_class-paquet-standard","12":"entry","13":"has-media","15":"first","16":"outofstock","17":"sold-individually","18":"shipping-taxable","19":"purchasable","20":"product-type-simple","21":"has-product-nav","22":"col","23":"span_1_of_4","24":"owp-content-center","25":"item-entry","26":"owp-thumbs-layout-horizontal","27":"owp-btn-very-big","28":"owp-tabs-layout-horizontal"},"aioseo_notices":[],"_links":{"self":[{"href":"https:\/\/lieutenantpoilu.com\/fr\/wp-json\/wp\/v2\/product\/5502","targetHints":{"allow":["GET"]}}],"collection":[{"href":"https:\/\/lieutenantpoilu.com\/fr\/wp-json\/wp\/v2\/product"}],"about":[{"href":"https:\/\/lieutenantpoilu.com\/fr\/wp-json\/wp\/v2\/types\/product"}],"replies":[{"embeddable":true,"href":"https:\/\/lieutenantpoilu.com\/fr\/wp-json\/wp\/v2\/comments?post=5502"}],"wp:featuredmedia":[{"embeddable":true,"href":"https:\/\/lieutenantpoilu.com\/fr\/wp-json\/wp\/v2\/media\/5497"}],"wp:attachment":[{"href":"https:\/\/lieutenantpoilu.com\/fr\/wp-json\/wp\/v2\/media?parent=5502"}],"wp:term":[{"taxonomy":"product_brand","embeddable":true,"href":"https:\/\/lieutenantpoilu.com\/fr\/wp-json\/wp\/v2\/product_brand?post=5502"},{"taxonomy":"product_cat","embeddable":true,"href":"https:\/\/lieutenantpoilu.com\/fr\/wp-json\/wp\/v2\/product_cat?post=5502"},{"taxonomy":"product_tag","embeddable":true,"href":"https:\/\/lieutenantpoilu.com\/fr\/wp-json\/wp\/v2\/product_tag?post=5502"}],"curies":[{"name":"wp","href":"https:\/\/api.w.org\/{rel}","templated":true}]}}