{"id":5480,"date":"2024-09-27T11:29:24","date_gmt":"2024-09-27T09:29:24","guid":{"rendered":"https:\/\/lieutenantpoilu.com\/militaria\/non class\u00e9\/medaille-du-2600eme-anniversaire-de-la-fondation-de-lempire-japonais\/"},"modified":"2024-09-27T11:29:24","modified_gmt":"2024-09-27T09:29:24","slug":"medaille-du-2600eme-anniversaire-de-la-fondation-de-lempire-japonais","status":"publish","type":"product","link":"https:\/\/lieutenantpoilu.com\/fr\/militaria\/japon-fr\/medaille-du-2600eme-anniversaire-de-la-fondation-de-lempire-japonais\/","title":{"rendered":"M\u00e9daille du 2600\u00e8me Anniversaire de la Fondation de l&rsquo;Empire Japonais"},"content":{"rendered":"","protected":false},"excerpt":{"rendered":"<p>La m\u00e9daille a un diam\u00e8tre de 30 mm et est fabriqu\u00e9e en alliage aluminium-bronze. La m\u00e9daille et son \u00e9crin sont en tr\u00e8s bon \u00e9tat.<\/p>\n<p>Sur l&rsquo;avers, on peut y observer le blason du chrysanth\u00e8me ainsi que le double pont sacr\u00e9 menant aux jardins int\u00e9rieurs du Palais imp\u00e9rial de Tokyo. En arri\u00e8re-plan, on peut voir des repr\u00e9sentations du sanctuaire ancestral, du sanctuaire imp\u00e9rial et du palais imp\u00e9rial.<\/p>\n<p>Le revers porte les inscriptions suivantes: \u00ab\u00a0M\u00e9daille comm\u00e9morative du 2600e anniversaire national\u00a0\u00bb et \u00ab\u00a015e ann\u00e9e de Showa\u00a0\u00bb en dessous.<\/p>\n<p>Le ruban est de couleur violet avec huit rayures rouges. Le violet symbolise le Grand Ciel, tandis que le rouge repr\u00e9sente la loyaut\u00e9. Les huit rayures signifient la devise \u00ab\u00a0hakko-ichi-u\u00a0\u00bb (tout le monde sous un m\u00eame toit).<\/p>\n<p>Le 2600e anniversaire de la fondation du Japon a \u00e9t\u00e9 c\u00e9l\u00e9br\u00e9 en novembre 1940 pour marquer les 2 600 ans depuis la fondation l\u00e9gendaire du Japon par l&#8217;empereur Jimmu, le premier empereur du Japon, en 660 av. J.-C. Selon le r\u00e9cit historique traditionnel du Japon, l&#8217;empereur Jimmu aurait acc\u00e9d\u00e9 au tr\u00f4ne le 11 f\u00e9vrier 660 av. J.-C., marquant le d\u00e9but de la lign\u00e9e imp\u00e9riale japonaise.<\/p>\n<p>En 1940, cet \u00e9v\u00e9nement marquant a \u00e9t\u00e9 comm\u00e9mor\u00e9 par des c\u00e9l\u00e9brations \u00e0 grande \u00e9chelle \u00e0 travers le Japon, mettant en avant l&rsquo;h\u00e9ritage imp\u00e9rial du pays, l&rsquo;unit\u00e9 nationale et l&rsquo;identit\u00e9 culturelle. L&rsquo;\u00e9v\u00e9nement a eu lieu pendant la Seconde Guerre mondiale et a \u00e9t\u00e9 utilis\u00e9 par le gouvernement pour favoriser le patriotisme et renforcer la d\u00e9termination de la nation durant une p\u00e9riode difficile de son histoire.<\/p>\n<p>Bien que la date de 660 av. J.-C. soit bas\u00e9e sur la mythologie japonaise et des documents historiques anciens, elle reste une date symbolique significative dans les traditions culturelles et historiques du Japon. L&rsquo;anniversaire lui-m\u00eame est connu en japonais sous le nom de Kigen 2600 ou le Festival de la Fondation nationale du 2600e (\u7d00\u51432600\u5e74).              <figure id=\"attachment_5464\" aria-describedby=\"caption-attachment-5464\" style=\"width: 1024px\" class=\"wp-caption alignnone\"><img fetchpriority=\"high\" decoding=\"async\" class=\"wp-image-5464 size-large\" src=\"https:\/\/lieutenantpoilu.com\/wp-content\/uploads\/2024\/09\/Niju-Bashi-1024x576.jpg\" alt=\"\" width=\"1024\" height=\"576\" srcset=\"https:\/\/lieutenantpoilu.com\/wp-content\/uploads\/2024\/09\/Niju-Bashi-1024x576.jpg 1024w, https:\/\/lieutenantpoilu.com\/wp-content\/uploads\/2024\/09\/Niju-Bashi-300x169.jpg 300w, https:\/\/lieutenantpoilu.com\/wp-content\/uploads\/2024\/09\/Niju-Bashi-768x432.jpg 768w, https:\/\/lieutenantpoilu.com\/wp-content\/uploads\/2024\/09\/Niju-Bashi-1536x864.jpg 1536w, https:\/\/lieutenantpoilu.com\/wp-content\/uploads\/2024\/09\/Niju-Bashi-800x450.jpg 800w, https:\/\/lieutenantpoilu.com\/wp-content\/uploads\/2024\/09\/Niju-Bashi-600x338.jpg 600w, https:\/\/lieutenantpoilu.com\/wp-content\/uploads\/2024\/09\/Niju-Bashi.jpg 1920w\" sizes=\"(max-width: 1024px) 100vw, 1024px\" \/><figcaption id=\"caption-attachment-5464\" class=\"wp-caption-text\">Source : nippon-touch.com<\/figcaption><\/figure><\/p>\n","protected":false},"featured_media":5471,"comment_status":"open","ping_status":"closed","template":"","meta":{"_uf_show_specific_survey":0,"_uf_disable_surveys":false,"ocean_post_layout":"","ocean_both_sidebars_style":"","ocean_both_sidebars_content_width":0,"ocean_both_sidebars_sidebars_width":0,"ocean_sidebar":"0","ocean_second_sidebar":"0","ocean_disable_margins":"enable","ocean_add_body_class":"","ocean_shortcode_before_top_bar":"","ocean_shortcode_after_top_bar":"","ocean_shortcode_before_header":"","ocean_shortcode_after_header":"","ocean_has_shortcode":"","ocean_shortcode_after_title":"","ocean_shortcode_before_footer_widgets":"","ocean_shortcode_after_footer_widgets":"","ocean_shortcode_before_footer_bottom":"","ocean_shortcode_after_footer_bottom":"","ocean_display_top_bar":"default","ocean_display_header":"default","ocean_header_style":"","ocean_center_header_left_menu":"0","ocean_custom_header_template":"0","ocean_custom_logo":0,"ocean_custom_retina_logo":0,"ocean_custom_logo_max_width":0,"ocean_custom_logo_tablet_max_width":0,"ocean_custom_logo_mobile_max_width":0,"ocean_custom_logo_max_height":0,"ocean_custom_logo_tablet_max_height":0,"ocean_custom_logo_mobile_max_height":0,"ocean_header_custom_menu":"0","ocean_menu_typo_font_family":"0","ocean_menu_typo_font_subset":"","ocean_menu_typo_font_size":0,"ocean_menu_typo_font_size_tablet":0,"ocean_menu_typo_font_size_mobile":0,"ocean_menu_typo_font_size_unit":"px","ocean_menu_typo_font_weight":"","ocean_menu_typo_font_weight_tablet":"","ocean_menu_typo_font_weight_mobile":"","ocean_menu_typo_transform":"","ocean_menu_typo_transform_tablet":"","ocean_menu_typo_transform_mobile":"","ocean_menu_typo_line_height":0,"ocean_menu_typo_line_height_tablet":0,"ocean_menu_typo_line_height_mobile":0,"ocean_menu_typo_line_height_unit":"","ocean_menu_typo_spacing":0,"ocean_menu_typo_spacing_tablet":0,"ocean_menu_typo_spacing_mobile":0,"ocean_menu_typo_spacing_unit":"","ocean_menu_link_color":"","ocean_menu_link_color_hover":"","ocean_menu_link_color_active":"","ocean_menu_link_background":"","ocean_menu_link_hover_background":"","ocean_menu_link_active_background":"","ocean_menu_social_links_bg":"","ocean_menu_social_hover_links_bg":"","ocean_menu_social_links_color":"","ocean_menu_social_hover_links_color":"","ocean_disable_title":"default","ocean_disable_heading":"default","ocean_post_title":"","ocean_post_subheading":"","ocean_post_title_style":"","ocean_post_title_background_color":"","ocean_post_title_background":0,"ocean_post_title_bg_image_position":"","ocean_post_title_bg_image_attachment":"","ocean_post_title_bg_image_repeat":"","ocean_post_title_bg_image_size":"","ocean_post_title_height":0,"ocean_post_title_bg_overlay":0.5,"ocean_post_title_bg_overlay_color":"","ocean_disable_breadcrumbs":"default","ocean_breadcrumbs_color":"","ocean_breadcrumbs_separator_color":"","ocean_breadcrumbs_links_color":"","ocean_breadcrumbs_links_hover_color":"","ocean_display_footer_widgets":"default","ocean_display_footer_bottom":"default","ocean_custom_footer_template":"0"},"product_brand":[],"product_cat":[288,341,354,228],"product_tag":[],"class_list":{"0":"post-5480","1":"product","2":"type-product","3":"status-publish","4":"has-post-thumbnail","6":"product_cat-japon-fr","7":"product_cat-medailles-et-decorations","8":"product_cat-nouvelles-trouvailles","9":"product_cat-seconde-guerre-mondiale","10":"product_shipping_class-paquet-leger","12":"entry","13":"has-media","15":"first","16":"outofstock","17":"sold-individually","18":"shipping-taxable","19":"purchasable","20":"product-type-simple","21":"has-product-nav","22":"col","23":"span_1_of_4","24":"owp-content-center","25":"item-entry","26":"owp-thumbs-layout-horizontal","27":"owp-btn-very-big","28":"owp-tabs-layout-horizontal"},"aioseo_notices":[],"_links":{"self":[{"href":"https:\/\/lieutenantpoilu.com\/fr\/wp-json\/wp\/v2\/product\/5480","targetHints":{"allow":["GET"]}}],"collection":[{"href":"https:\/\/lieutenantpoilu.com\/fr\/wp-json\/wp\/v2\/product"}],"about":[{"href":"https:\/\/lieutenantpoilu.com\/fr\/wp-json\/wp\/v2\/types\/product"}],"replies":[{"embeddable":true,"href":"https:\/\/lieutenantpoilu.com\/fr\/wp-json\/wp\/v2\/comments?post=5480"}],"wp:featuredmedia":[{"embeddable":true,"href":"https:\/\/lieutenantpoilu.com\/fr\/wp-json\/wp\/v2\/media\/5471"}],"wp:attachment":[{"href":"https:\/\/lieutenantpoilu.com\/fr\/wp-json\/wp\/v2\/media?parent=5480"}],"wp:term":[{"taxonomy":"product_brand","embeddable":true,"href":"https:\/\/lieutenantpoilu.com\/fr\/wp-json\/wp\/v2\/product_brand?post=5480"},{"taxonomy":"product_cat","embeddable":true,"href":"https:\/\/lieutenantpoilu.com\/fr\/wp-json\/wp\/v2\/product_cat?post=5480"},{"taxonomy":"product_tag","embeddable":true,"href":"https:\/\/lieutenantpoilu.com\/fr\/wp-json\/wp\/v2\/product_tag?post=5480"}],"curies":[{"name":"wp","href":"https:\/\/api.w.org\/{rel}","templated":true}]}}