{"id":5415,"date":"2024-09-26T13:23:36","date_gmt":"2024-09-26T11:23:36","guid":{"rendered":"https:\/\/lieutenantpoilu.com\/militaria\/non class\u00e9\/medaille-du-premier-recensement-national-du-japon\/"},"modified":"2024-09-26T13:23:36","modified_gmt":"2024-09-26T11:23:36","slug":"medaille-du-premier-recensement-national-du-japon","status":"publish","type":"product","link":"https:\/\/lieutenantpoilu.com\/fr\/militaria\/japon-fr\/medaille-du-premier-recensement-national-du-japon\/","title":{"rendered":"M\u00e9daille du Premier Recensement National du Japon"},"content":{"rendered":"","protected":false},"excerpt":{"rendered":"<p>Le premier recensement national du Japon a d\u00e9but\u00e9 le 1er octobre 1920, et une m\u00e9daille a \u00e9t\u00e9 cr\u00e9\u00e9e par l&rsquo;\u00c9dit imp\u00e9rial n\u00b0 272 du 17 juin 1921 pour honorer \u00ab ceux qui ont directement particip\u00e9 ou aid\u00e9 au premier recensement national \u00bb.<\/p>\n<p>La m\u00e9daille, en bronze patin\u00e9 fonc\u00e9 et mesurant 33 mm de diam\u00e8tre, pr\u00e9sente \u00e0 l&rsquo;avers un blason de chrysanth\u00e8me encadrant la figure d\u2019un fonctionnaire de l&rsquo;\u00e8re Taika (645 apr\u00e8s J.-C.) tenant un rouleau repr\u00e9sentant un registre familial.<\/p>\n<p>Au revers figure l&rsquo;inscription : \u00ab 9e ann\u00e9e de Taisho \/ Recensement national \/ M\u00e9daille comm\u00e9morative \/ 1er jour du 10e mois \u00bb.<\/p>\n<p>La suspension de la m\u00e9daille comprend une feuille et un bourgeon.<\/p>\n<p>Le ruban, large de 33 mm poss\u00e8de des bordures blanches de 2 mm et trois bandes \u00e9gales de violet, blanc et violet.<\/p>\n<p>La m\u00e9daille est en tr\u00e8s bon \u00e9tat et est accompagn\u00e9e de son \u00e9tui d&rsquo;origine en bois de Paulownia.<\/p>\n<p>Le recensement de 1920 r\u00e9v\u00e9la que la population totale du Japon \u00e9tait d&rsquo;environ 55,9 millions d&rsquo;habitants. Cela incluait les citoyens japonais ainsi que ceux des territoires sous domination japonaise \u00e0 l&rsquo;\u00e9poque, comme la Cor\u00e9e et Ta\u00efwan.        <figure id=\"attachment_5411\" aria-describedby=\"caption-attachment-5411\" style=\"width: 1024px\" class=\"wp-caption alignnone\"><img fetchpriority=\"high\" decoding=\"async\" class=\"wp-image-5411 size-large\" src=\"https:\/\/lieutenantpoilu.com\/wp-content\/uploads\/2024\/09\/japan-census-commemorative-medal-1920-streets-1024x704.jpg\" alt=\"\" width=\"1024\" height=\"704\" srcset=\"https:\/\/lieutenantpoilu.com\/wp-content\/uploads\/2024\/09\/japan-census-commemorative-medal-1920-streets-1024x704.jpg 1024w, https:\/\/lieutenantpoilu.com\/wp-content\/uploads\/2024\/09\/japan-census-commemorative-medal-1920-streets-300x206.jpg 300w, https:\/\/lieutenantpoilu.com\/wp-content\/uploads\/2024\/09\/japan-census-commemorative-medal-1920-streets-768x528.jpg 768w, https:\/\/lieutenantpoilu.com\/wp-content\/uploads\/2024\/09\/japan-census-commemorative-medal-1920-streets-600x412.jpg 600w, https:\/\/lieutenantpoilu.com\/wp-content\/uploads\/2024\/09\/japan-census-commemorative-medal-1920-streets.jpg 1500w\" sizes=\"(max-width: 1024px) 100vw, 1024px\" \/><figcaption id=\"caption-attachment-5411\" class=\"wp-caption-text\">source : photovintagefrance<\/figcaption><\/figure><\/p>\n","protected":false},"featured_media":5424,"comment_status":"open","ping_status":"closed","template":"","meta":{"_uf_show_specific_survey":0,"_uf_disable_surveys":false,"ocean_post_layout":"","ocean_both_sidebars_style":"","ocean_both_sidebars_content_width":0,"ocean_both_sidebars_sidebars_width":0,"ocean_sidebar":"0","ocean_second_sidebar":"0","ocean_disable_margins":"enable","ocean_add_body_class":"","ocean_shortcode_before_top_bar":"","ocean_shortcode_after_top_bar":"","ocean_shortcode_before_header":"","ocean_shortcode_after_header":"","ocean_has_shortcode":"","ocean_shortcode_after_title":"","ocean_shortcode_before_footer_widgets":"","ocean_shortcode_after_footer_widgets":"","ocean_shortcode_before_footer_bottom":"","ocean_shortcode_after_footer_bottom":"","ocean_display_top_bar":"default","ocean_display_header":"default","ocean_header_style":"","ocean_center_header_left_menu":"0","ocean_custom_header_template":"0","ocean_custom_logo":0,"ocean_custom_retina_logo":0,"ocean_custom_logo_max_width":0,"ocean_custom_logo_tablet_max_width":0,"ocean_custom_logo_mobile_max_width":0,"ocean_custom_logo_max_height":0,"ocean_custom_logo_tablet_max_height":0,"ocean_custom_logo_mobile_max_height":0,"ocean_header_custom_menu":"0","ocean_menu_typo_font_family":"0","ocean_menu_typo_font_subset":"","ocean_menu_typo_font_size":0,"ocean_menu_typo_font_size_tablet":0,"ocean_menu_typo_font_size_mobile":0,"ocean_menu_typo_font_size_unit":"px","ocean_menu_typo_font_weight":"","ocean_menu_typo_font_weight_tablet":"","ocean_menu_typo_font_weight_mobile":"","ocean_menu_typo_transform":"","ocean_menu_typo_transform_tablet":"","ocean_menu_typo_transform_mobile":"","ocean_menu_typo_line_height":0,"ocean_menu_typo_line_height_tablet":0,"ocean_menu_typo_line_height_mobile":0,"ocean_menu_typo_line_height_unit":"","ocean_menu_typo_spacing":0,"ocean_menu_typo_spacing_tablet":0,"ocean_menu_typo_spacing_mobile":0,"ocean_menu_typo_spacing_unit":"","ocean_menu_link_color":"","ocean_menu_link_color_hover":"","ocean_menu_link_color_active":"","ocean_menu_link_background":"","ocean_menu_link_hover_background":"","ocean_menu_link_active_background":"","ocean_menu_social_links_bg":"","ocean_menu_social_hover_links_bg":"","ocean_menu_social_links_color":"","ocean_menu_social_hover_links_color":"","ocean_disable_title":"default","ocean_disable_heading":"default","ocean_post_title":"","ocean_post_subheading":"","ocean_post_title_style":"","ocean_post_title_background_color":"","ocean_post_title_background":0,"ocean_post_title_bg_image_position":"","ocean_post_title_bg_image_attachment":"","ocean_post_title_bg_image_repeat":"","ocean_post_title_bg_image_size":"","ocean_post_title_height":0,"ocean_post_title_bg_overlay":0.5,"ocean_post_title_bg_overlay_color":"","ocean_disable_breadcrumbs":"default","ocean_breadcrumbs_color":"","ocean_breadcrumbs_separator_color":"","ocean_breadcrumbs_links_color":"","ocean_breadcrumbs_links_hover_color":"","ocean_display_footer_widgets":"default","ocean_display_footer_bottom":"default","ocean_custom_footer_template":"0"},"product_brand":[],"product_cat":[288,341,354],"product_tag":[],"class_list":{"0":"post-5415","1":"product","2":"type-product","3":"status-publish","4":"has-post-thumbnail","6":"product_cat-japon-fr","7":"product_cat-medailles-et-decorations","8":"product_cat-nouvelles-trouvailles","9":"product_shipping_class-paquet-leger","11":"entry","12":"has-media","14":"first","15":"outofstock","16":"sold-individually","17":"shipping-taxable","18":"purchasable","19":"product-type-simple","20":"has-product-nav","21":"col","22":"span_1_of_4","23":"owp-content-center","24":"item-entry","25":"owp-thumbs-layout-horizontal","26":"owp-btn-very-big","27":"owp-tabs-layout-horizontal"},"aioseo_notices":[],"_links":{"self":[{"href":"https:\/\/lieutenantpoilu.com\/fr\/wp-json\/wp\/v2\/product\/5415","targetHints":{"allow":["GET"]}}],"collection":[{"href":"https:\/\/lieutenantpoilu.com\/fr\/wp-json\/wp\/v2\/product"}],"about":[{"href":"https:\/\/lieutenantpoilu.com\/fr\/wp-json\/wp\/v2\/types\/product"}],"replies":[{"embeddable":true,"href":"https:\/\/lieutenantpoilu.com\/fr\/wp-json\/wp\/v2\/comments?post=5415"}],"wp:featuredmedia":[{"embeddable":true,"href":"https:\/\/lieutenantpoilu.com\/fr\/wp-json\/wp\/v2\/media\/5424"}],"wp:attachment":[{"href":"https:\/\/lieutenantpoilu.com\/fr\/wp-json\/wp\/v2\/media?parent=5415"}],"wp:term":[{"taxonomy":"product_brand","embeddable":true,"href":"https:\/\/lieutenantpoilu.com\/fr\/wp-json\/wp\/v2\/product_brand?post=5415"},{"taxonomy":"product_cat","embeddable":true,"href":"https:\/\/lieutenantpoilu.com\/fr\/wp-json\/wp\/v2\/product_cat?post=5415"},{"taxonomy":"product_tag","embeddable":true,"href":"https:\/\/lieutenantpoilu.com\/fr\/wp-json\/wp\/v2\/product_tag?post=5415"}],"curies":[{"name":"wp","href":"https:\/\/api.w.org\/{rel}","templated":true}]}}