{"id":5326,"date":"2024-09-20T12:04:27","date_gmt":"2024-09-20T10:04:27","guid":{"rendered":"https:\/\/lieutenantpoilu.com\/militaria\/non%20class\u00e9\/epaulettes-dun-commandant-spahis-et-patte-de-manche-du-3-eme-regiment-de-spahis\/"},"modified":"2024-09-20T12:08:13","modified_gmt":"2024-09-20T10:08:13","slug":"epaulettes-dun-commandant-spahis-et-patte-de-manche-du-3-eme-regiment-de-spahis","status":"publish","type":"product","link":"https:\/\/lieutenantpoilu.com\/fr\/militaria\/autres-articles-militaires\/epaulettes-dun-commandant-spahis-et-patte-de-manche-du-3-eme-regiment-de-spahis\/","title":{"rendered":"Epaulettes d\u2019un Commandant Spahis et patte de manche du 3 \u00e8me R\u00e9giment de Spahis"},"content":{"rendered":"","protected":false},"excerpt":{"rendered":"<p>Petit lot de l\u2019Arm\u00e9e D\u2019Afrique compos\u00e9 des \u00e9paulettes d\u2019un Commandant Spahis et d\u2019une patte de manche du 3 \u00e8me R\u00e9giment de Spahis. Ensemble en tr\u00e8s bon \u00e9tat.<\/p>\n<p>Les spahis sont des unit\u00e9s de cavalerie l\u00e9g\u00e8res issues des r\u00e9giments de l&rsquo;arm\u00e9e fran\u00e7aise, principalement compos\u00e9es de soldats originaires d&rsquo;Afrique du Nord. Leur histoire remonte \u00e0 la p\u00e9riode de la colonisation fran\u00e7aise en Alg\u00e9rie, au d\u00e9but du XIXe si\u00e8cle. Inspir\u00e9e des troupes de cavalerie indig\u00e8ne de l\u2019Empire ottoman, cette unit\u00e9 est officiellement cr\u00e9\u00e9e en 1831 pour s&rsquo;int\u00e9grer \u00e0 l&rsquo;arm\u00e9e coloniale fran\u00e7aise.<\/p>\n<p>Les spahis \u00e9taient initialement recrut\u00e9s parmi les cavaliers arabes et berb\u00e8res en Alg\u00e9rie, mais leur recrutement s\u2019est ensuite \u00e9tendu \u00e0 d&rsquo;autres r\u00e9gions comme la Tunisie et le Maroc. Ils \u00e9taient connus pour leur connaissance du terrain dans les conflits locaux. Pendant la Premi\u00e8re et la Seconde Guerre mondiale, les spahis ont combattu aux c\u00f4t\u00e9s des troupes fran\u00e7aises, jouant un r\u00f4le important gr\u00e2ce \u00e0 leur mobilit\u00e9 et leur expertise en reconnaissance.<\/p>\n<p>Leur uniforme distinctif, notamment leur cape et leur turban, est rest\u00e9 un symbole iconique de l&rsquo;unit\u00e9. Aujourd&rsquo;hui, les spahis existent encore dans l&rsquo;arm\u00e9e fran\u00e7aise sous la forme du 1er r\u00e9giment de spahis, qui est une unit\u00e9 blind\u00e9e bas\u00e9e \u00e0 Valence, France. Bien que modernis\u00e9s, ils continuent de perp\u00e9tuer les traditions de cette cavalerie d&rsquo;\u00e9lite.<\/p>\n<p>&nbsp;<\/p>\n<figure id=\"attachment_5322\" aria-describedby=\"caption-attachment-5322\" style=\"width: 1024px\" class=\"wp-caption alignnone\"><img fetchpriority=\"high\" decoding=\"async\" class=\"wp-image-5322 size-full\" src=\"https:\/\/lieutenantpoilu.com\/wp-content\/uploads\/2024\/09\/french-spahis-african-army.jpg\" alt=\"\" width=\"1024\" height=\"594\" srcset=\"https:\/\/lieutenantpoilu.com\/wp-content\/uploads\/2024\/09\/french-spahis-african-army.jpg 1024w, https:\/\/lieutenantpoilu.com\/wp-content\/uploads\/2024\/09\/french-spahis-african-army-300x174.jpg 300w, https:\/\/lieutenantpoilu.com\/wp-content\/uploads\/2024\/09\/french-spahis-african-army-768x446.jpg 768w, https:\/\/lieutenantpoilu.com\/wp-content\/uploads\/2024\/09\/french-spahis-african-army-600x348.jpg 600w\" sizes=\"(max-width: 1024px) 100vw, 1024px\" \/><figcaption id=\"caption-attachment-5322\" class=\"wp-caption-text\">source : spahis.fr<\/figcaption><\/figure>\n","protected":false},"featured_media":5333,"comment_status":"open","ping_status":"closed","template":"","meta":{"_uf_show_specific_survey":0,"_uf_disable_surveys":false,"ocean_post_layout":"","ocean_both_sidebars_style":"","ocean_both_sidebars_content_width":0,"ocean_both_sidebars_sidebars_width":0,"ocean_sidebar":"0","ocean_second_sidebar":"0","ocean_disable_margins":"enable","ocean_add_body_class":"","ocean_shortcode_before_top_bar":"","ocean_shortcode_after_top_bar":"","ocean_shortcode_before_header":"","ocean_shortcode_after_header":"","ocean_has_shortcode":"","ocean_shortcode_after_title":"","ocean_shortcode_before_footer_widgets":"","ocean_shortcode_after_footer_widgets":"","ocean_shortcode_before_footer_bottom":"","ocean_shortcode_after_footer_bottom":"","ocean_display_top_bar":"default","ocean_display_header":"default","ocean_header_style":"","ocean_center_header_left_menu":"0","ocean_custom_header_template":"0","ocean_custom_logo":0,"ocean_custom_retina_logo":0,"ocean_custom_logo_max_width":0,"ocean_custom_logo_tablet_max_width":0,"ocean_custom_logo_mobile_max_width":0,"ocean_custom_logo_max_height":0,"ocean_custom_logo_tablet_max_height":0,"ocean_custom_logo_mobile_max_height":0,"ocean_header_custom_menu":"0","ocean_menu_typo_font_family":"0","ocean_menu_typo_font_subset":"","ocean_menu_typo_font_size":0,"ocean_menu_typo_font_size_tablet":0,"ocean_menu_typo_font_size_mobile":0,"ocean_menu_typo_font_size_unit":"px","ocean_menu_typo_font_weight":"","ocean_menu_typo_font_weight_tablet":"","ocean_menu_typo_font_weight_mobile":"","ocean_menu_typo_transform":"","ocean_menu_typo_transform_tablet":"","ocean_menu_typo_transform_mobile":"","ocean_menu_typo_line_height":0,"ocean_menu_typo_line_height_tablet":0,"ocean_menu_typo_line_height_mobile":0,"ocean_menu_typo_line_height_unit":"","ocean_menu_typo_spacing":0,"ocean_menu_typo_spacing_tablet":0,"ocean_menu_typo_spacing_mobile":0,"ocean_menu_typo_spacing_unit":"","ocean_menu_link_color":"","ocean_menu_link_color_hover":"","ocean_menu_link_color_active":"","ocean_menu_link_background":"","ocean_menu_link_hover_background":"","ocean_menu_link_active_background":"","ocean_menu_social_links_bg":"","ocean_menu_social_hover_links_bg":"","ocean_menu_social_links_color":"","ocean_menu_social_hover_links_color":"","ocean_disable_title":"default","ocean_disable_heading":"default","ocean_post_title":"","ocean_post_subheading":"","ocean_post_title_style":"","ocean_post_title_background_color":"","ocean_post_title_background":0,"ocean_post_title_bg_image_position":"","ocean_post_title_bg_image_attachment":"","ocean_post_title_bg_image_repeat":"","ocean_post_title_bg_image_size":"","ocean_post_title_height":0,"ocean_post_title_bg_overlay":0.5,"ocean_post_title_bg_overlay_color":"","ocean_disable_breadcrumbs":"default","ocean_breadcrumbs_color":"","ocean_breadcrumbs_separator_color":"","ocean_breadcrumbs_links_color":"","ocean_breadcrumbs_links_hover_color":"","ocean_display_footer_widgets":"default","ocean_display_footer_bottom":"default","ocean_custom_footer_template":"0"},"product_brand":[],"product_cat":[349,278,246,354,363],"product_tag":[],"class_list":{"0":"post-5326","1":"product","2":"type-product","3":"status-publish","4":"has-post-thumbnail","6":"product_cat-autres-articles-militaires","7":"product_cat-france","8":"product_cat-indochine-et-algerie","9":"product_cat-nouvelles-trouvailles","10":"product_cat-uniformes-fr","11":"product_shipping_class-paquet-leger","13":"entry","14":"has-media","16":"first","17":"outofstock","18":"sold-individually","19":"shipping-taxable","20":"purchasable","21":"product-type-simple","22":"has-product-nav","23":"col","24":"span_1_of_4","25":"owp-content-center","26":"item-entry","27":"owp-thumbs-layout-horizontal","28":"owp-btn-very-big","29":"owp-tabs-layout-horizontal"},"aioseo_notices":[],"_links":{"self":[{"href":"https:\/\/lieutenantpoilu.com\/fr\/wp-json\/wp\/v2\/product\/5326","targetHints":{"allow":["GET"]}}],"collection":[{"href":"https:\/\/lieutenantpoilu.com\/fr\/wp-json\/wp\/v2\/product"}],"about":[{"href":"https:\/\/lieutenantpoilu.com\/fr\/wp-json\/wp\/v2\/types\/product"}],"replies":[{"embeddable":true,"href":"https:\/\/lieutenantpoilu.com\/fr\/wp-json\/wp\/v2\/comments?post=5326"}],"wp:featuredmedia":[{"embeddable":true,"href":"https:\/\/lieutenantpoilu.com\/fr\/wp-json\/wp\/v2\/media\/5333"}],"wp:attachment":[{"href":"https:\/\/lieutenantpoilu.com\/fr\/wp-json\/wp\/v2\/media?parent=5326"}],"wp:term":[{"taxonomy":"product_brand","embeddable":true,"href":"https:\/\/lieutenantpoilu.com\/fr\/wp-json\/wp\/v2\/product_brand?post=5326"},{"taxonomy":"product_cat","embeddable":true,"href":"https:\/\/lieutenantpoilu.com\/fr\/wp-json\/wp\/v2\/product_cat?post=5326"},{"taxonomy":"product_tag","embeddable":true,"href":"https:\/\/lieutenantpoilu.com\/fr\/wp-json\/wp\/v2\/product_tag?post=5326"}],"curies":[{"name":"wp","href":"https:\/\/api.w.org\/{rel}","templated":true}]}}