{"id":5234,"date":"2024-09-13T13:15:23","date_gmt":"2024-09-13T11:15:23","guid":{"rendered":"https:\/\/lieutenantpoilu.com\/militaria\/non%20class\u00e9\/telescope-de-lus-navy-seconde-guerre-mondiale-mark-74-mod-1\/"},"modified":"2024-09-13T13:56:56","modified_gmt":"2024-09-13T11:56:56","slug":"telescope-de-lus-navy-seconde-guerre-mondiale-mark-74-mod-1","status":"publish","type":"product","link":"https:\/\/lieutenantpoilu.com\/fr\/militaria\/autres-articles-militaires\/telescope-de-lus-navy-seconde-guerre-mondiale-mark-74-mod-1\/","title":{"rendered":"T\u00e9lescope de l&rsquo;US Navy, Seconde Guerre Mondiale, Mark 74, mod. 1,"},"content":{"rendered":"","protected":false},"excerpt":{"rendered":"<p align=\"justify\">Notre t\u00e9lescope de l\u2019US Navy Mark 74 mod\u00e8le 1, fabriqu\u00e9 par Honeywell Minnesota en 1943, est en \u00e9tat de marche, avec un viseur en caoutchouc amovible. L\u2019ensemble est dans un \u00e9tat correct bien que la lentille, qui a une petite f\u00ealure, n\u00e9cessiterait un nettoyage. <\/p>\n<p align=\"justify\">Le t\u00e9lescope Mark 74 Mod 1 \u00e9tait un instrument optique utilis\u00e9 par l&rsquo;US Navy durant la Seconde Guerre mondiale. Ces t\u00e9lescopes \u00e9taient souvent int\u00e9gr\u00e9s \u00e0 des syst\u00e8mes de contr\u00f4le de tir ou utilis\u00e9s comme outils d&rsquo;observation pour la surveillance, la reconnaissance ou la correction du tir des navires de guerre. <\/p>\n<p align=\"justify\">Le besoin d&rsquo;instruments de vis\u00e9e pr\u00e9cis \u00e9tait crucial pour la marine am\u00e9ricaine, que ce soit pour les canons antia\u00e9riens, les syst\u00e8mes d&rsquo;artillerie navale, ou d&rsquo;autres \u00e9quipements de combat<\/p>\n<p align=\"justify\">Le t\u00e9lescope Mark 74 aurait donc \u00e9t\u00e9 utilis\u00e9 pour fournir une vue pr\u00e9cise des cibles, permettant aux op\u00e9rateurs de mieux ajuster leurs tirs, particuli\u00e8rement dans des situations o\u00f9 la pr\u00e9cision visuelle \u00e9tait essentielle. Il se peut que ce t\u00e9lescope ait \u00e9galement servi \u00e0 des t\u00e2ches de calibration d&rsquo;autres syst\u00e8mes optiques ou pour des ajustements manuels en cas de d\u00e9faillance des syst\u00e8mes automatis\u00e9s. <\/p>\n<p><strong>Longueur:<\/strong> 31 cm \/ 12,2 in<br \/>\n<strong>Hauteur:<\/strong> 18,5 cm \/ 7,28 in<br \/>\n<strong>Poids:<\/strong> 8 kg \/ 17,6 lbs<br \/>\n<strong>Origine:<\/strong> USA<br \/>\n<strong>P\u00e9riode:<\/strong> World War II<\/p>\n","protected":false},"featured_media":5227,"comment_status":"open","ping_status":"closed","template":"","meta":{"_uf_show_specific_survey":0,"_uf_disable_surveys":false,"ocean_post_layout":"","ocean_both_sidebars_style":"","ocean_both_sidebars_content_width":0,"ocean_both_sidebars_sidebars_width":0,"ocean_sidebar":"0","ocean_second_sidebar":"0","ocean_disable_margins":"enable","ocean_add_body_class":"","ocean_shortcode_before_top_bar":"","ocean_shortcode_after_top_bar":"","ocean_shortcode_before_header":"","ocean_shortcode_after_header":"","ocean_has_shortcode":"","ocean_shortcode_after_title":"","ocean_shortcode_before_footer_widgets":"","ocean_shortcode_after_footer_widgets":"","ocean_shortcode_before_footer_bottom":"","ocean_shortcode_after_footer_bottom":"","ocean_display_top_bar":"default","ocean_display_header":"default","ocean_header_style":"","ocean_center_header_left_menu":"0","ocean_custom_header_template":"0","ocean_custom_logo":0,"ocean_custom_retina_logo":0,"ocean_custom_logo_max_width":0,"ocean_custom_logo_tablet_max_width":0,"ocean_custom_logo_mobile_max_width":0,"ocean_custom_logo_max_height":0,"ocean_custom_logo_tablet_max_height":0,"ocean_custom_logo_mobile_max_height":0,"ocean_header_custom_menu":"0","ocean_menu_typo_font_family":"0","ocean_menu_typo_font_subset":"","ocean_menu_typo_font_size":0,"ocean_menu_typo_font_size_tablet":0,"ocean_menu_typo_font_size_mobile":0,"ocean_menu_typo_font_size_unit":"px","ocean_menu_typo_font_weight":"","ocean_menu_typo_font_weight_tablet":"","ocean_menu_typo_font_weight_mobile":"","ocean_menu_typo_transform":"","ocean_menu_typo_transform_tablet":"","ocean_menu_typo_transform_mobile":"","ocean_menu_typo_line_height":0,"ocean_menu_typo_line_height_tablet":0,"ocean_menu_typo_line_height_mobile":0,"ocean_menu_typo_line_height_unit":"","ocean_menu_typo_spacing":0,"ocean_menu_typo_spacing_tablet":0,"ocean_menu_typo_spacing_mobile":0,"ocean_menu_typo_spacing_unit":"","ocean_menu_link_color":"","ocean_menu_link_color_hover":"","ocean_menu_link_color_active":"","ocean_menu_link_background":"","ocean_menu_link_hover_background":"","ocean_menu_link_active_background":"","ocean_menu_social_links_bg":"","ocean_menu_social_hover_links_bg":"","ocean_menu_social_links_color":"","ocean_menu_social_hover_links_color":"","ocean_disable_title":"default","ocean_disable_heading":"default","ocean_post_title":"","ocean_post_subheading":"","ocean_post_title_style":"","ocean_post_title_background_color":"","ocean_post_title_background":0,"ocean_post_title_bg_image_position":"","ocean_post_title_bg_image_attachment":"","ocean_post_title_bg_image_repeat":"","ocean_post_title_bg_image_size":"","ocean_post_title_height":0,"ocean_post_title_bg_overlay":0.5,"ocean_post_title_bg_overlay_color":"","ocean_disable_breadcrumbs":"default","ocean_breadcrumbs_color":"","ocean_breadcrumbs_separator_color":"","ocean_breadcrumbs_links_color":"","ocean_breadcrumbs_links_hover_color":"","ocean_display_footer_widgets":"default","ocean_display_footer_bottom":"default","ocean_custom_footer_template":"0"},"product_brand":[],"product_cat":[349,270,354,228],"product_tag":[],"class_list":{"0":"post-5234","1":"product","2":"type-product","3":"status-publish","4":"has-post-thumbnail","6":"product_cat-autres-articles-militaires","7":"product_cat-etats-unis","8":"product_cat-nouvelles-trouvailles","9":"product_cat-seconde-guerre-mondiale","10":"product_shipping_class-paquet-lourd-plus","12":"entry","13":"has-media","15":"first","16":"instock","17":"sold-individually","18":"shipping-taxable","19":"purchasable","20":"product-type-simple","21":"has-product-nav","22":"col","23":"span_1_of_4","24":"owp-content-center","25":"item-entry","26":"owp-thumbs-layout-horizontal","27":"owp-btn-very-big","28":"owp-tabs-layout-horizontal"},"aioseo_notices":[],"_links":{"self":[{"href":"https:\/\/lieutenantpoilu.com\/fr\/wp-json\/wp\/v2\/product\/5234","targetHints":{"allow":["GET"]}}],"collection":[{"href":"https:\/\/lieutenantpoilu.com\/fr\/wp-json\/wp\/v2\/product"}],"about":[{"href":"https:\/\/lieutenantpoilu.com\/fr\/wp-json\/wp\/v2\/types\/product"}],"replies":[{"embeddable":true,"href":"https:\/\/lieutenantpoilu.com\/fr\/wp-json\/wp\/v2\/comments?post=5234"}],"wp:featuredmedia":[{"embeddable":true,"href":"https:\/\/lieutenantpoilu.com\/fr\/wp-json\/wp\/v2\/media\/5227"}],"wp:attachment":[{"href":"https:\/\/lieutenantpoilu.com\/fr\/wp-json\/wp\/v2\/media?parent=5234"}],"wp:term":[{"taxonomy":"product_brand","embeddable":true,"href":"https:\/\/lieutenantpoilu.com\/fr\/wp-json\/wp\/v2\/product_brand?post=5234"},{"taxonomy":"product_cat","embeddable":true,"href":"https:\/\/lieutenantpoilu.com\/fr\/wp-json\/wp\/v2\/product_cat?post=5234"},{"taxonomy":"product_tag","embeddable":true,"href":"https:\/\/lieutenantpoilu.com\/fr\/wp-json\/wp\/v2\/product_tag?post=5234"}],"curies":[{"name":"wp","href":"https:\/\/api.w.org\/{rel}","templated":true}]}}