{"id":2456,"date":"2024-06-26T15:25:02","date_gmt":"2024-06-26T13:25:02","guid":{"rendered":"https:\/\/lieutenantpoilu.com\/?post_type=product&#038;p=2456"},"modified":"2024-07-03T09:43:22","modified_gmt":"2024-07-03T07:43:22","slug":"epee-dofficier-superieur-1ere-restauration","status":"publish","type":"product","link":"https:\/\/lieutenantpoilu.com\/fr\/militaria\/autres-epoques\/epee-dofficier-superieur-1ere-restauration\/","title":{"rendered":"\u00c9p\u00e9e d\u2019Officier sup\u00e9rieur, 1\u00e8re Restauration"},"content":{"rendered":"","protected":false},"excerpt":{"rendered":"<p>\u00c9p\u00e9e d\u2019Officier sup\u00e9rieur de la 1\u00e8re Restauration. Monture en bronze anciennement argent\u00e9e avec une garde \u00e0 une branche d\u00e9cor\u00e9e d\u2019une t\u00eate de lion et de feuillages.  Le pommeau cisel\u00e9 d\u2019une paire d\u2019ailes est en forme de crosse. Du clavier en forme d\u2019\u00e9cu se d\u00e9tachent deux t\u00eates de lions aux extr\u00e9mit\u00e9s, un d\u00e9cor d\u2019armes de France,  deux casques de gladiateur, des troph\u00e9es militaires, des feuilles de ch\u00eane et, en son centre, trois fleurs de lys.<br \/>\nLa fus\u00e9e en bois est recouverte de plaquettes de nacre cannel\u00e9e assembl\u00e9es par une virole. La lame triangulaire \u00e0 trois pans creux et bleuie offre des gravures dor\u00e9es sur la partie sup\u00e9rieure. Fourreau en cuir fin de qualit\u00e9 avec ses deux garnitures en bronze.<\/p>\n<p>L\u2019\u00e9p\u00e9e est sign\u00e9e Schimmelbusch &#038; Fils. Schimmelbusch fut fourbisseur \u00e0 Solingen fin XVIII\u00e8me \/ d\u00e9but XIX\u00e8me. Les signatures Schimmelbusch &#038; Fils furent d\u2019actualit\u00e9 \u00e0 partir de 1815 tandis qu\u2019il signait ses \u00e9p\u00e9es JSB vers 1802 puis J.S &#038;C ou I.S &#038;C ensuite.<\/p>\n<p><strong>Longueur totale :<\/strong> 97,5 cm<br \/>\n<strong>Longueur lame : <\/strong>85cm<br \/>\n<strong>Origine :<\/strong> France<br \/>\n<strong>\u00c9poque :<\/strong> 1\u00e8re Restauration<\/p>\n","protected":false},"featured_media":2443,"comment_status":"open","ping_status":"closed","template":"","meta":{"_uf_show_specific_survey":0,"_uf_disable_surveys":false,"ocean_post_layout":"","ocean_both_sidebars_style":"","ocean_both_sidebars_content_width":0,"ocean_both_sidebars_sidebars_width":0,"ocean_sidebar":"0","ocean_second_sidebar":"0","ocean_disable_margins":"enable","ocean_add_body_class":"","ocean_shortcode_before_top_bar":"","ocean_shortcode_after_top_bar":"","ocean_shortcode_before_header":"","ocean_shortcode_after_header":"","ocean_has_shortcode":"","ocean_shortcode_after_title":"","ocean_shortcode_before_footer_widgets":"","ocean_shortcode_after_footer_widgets":"","ocean_shortcode_before_footer_bottom":"","ocean_shortcode_after_footer_bottom":"","ocean_display_top_bar":"default","ocean_display_header":"default","ocean_header_style":"","ocean_center_header_left_menu":"0","ocean_custom_header_template":"0","ocean_custom_logo":0,"ocean_custom_retina_logo":0,"ocean_custom_logo_max_width":0,"ocean_custom_logo_tablet_max_width":0,"ocean_custom_logo_mobile_max_width":0,"ocean_custom_logo_max_height":0,"ocean_custom_logo_tablet_max_height":0,"ocean_custom_logo_mobile_max_height":0,"ocean_header_custom_menu":"0","ocean_menu_typo_font_family":"0","ocean_menu_typo_font_subset":"","ocean_menu_typo_font_size":0,"ocean_menu_typo_font_size_tablet":0,"ocean_menu_typo_font_size_mobile":0,"ocean_menu_typo_font_size_unit":"px","ocean_menu_typo_font_weight":"","ocean_menu_typo_font_weight_tablet":"","ocean_menu_typo_font_weight_mobile":"","ocean_menu_typo_transform":"","ocean_menu_typo_transform_tablet":"","ocean_menu_typo_transform_mobile":"","ocean_menu_typo_line_height":0,"ocean_menu_typo_line_height_tablet":0,"ocean_menu_typo_line_height_mobile":0,"ocean_menu_typo_line_height_unit":"","ocean_menu_typo_spacing":0,"ocean_menu_typo_spacing_tablet":0,"ocean_menu_typo_spacing_mobile":0,"ocean_menu_typo_spacing_unit":"","ocean_menu_link_color":"","ocean_menu_link_color_hover":"","ocean_menu_link_color_active":"","ocean_menu_link_background":"","ocean_menu_link_hover_background":"","ocean_menu_link_active_background":"","ocean_menu_social_links_bg":"","ocean_menu_social_hover_links_bg":"","ocean_menu_social_links_color":"","ocean_menu_social_hover_links_color":"","ocean_disable_title":"default","ocean_disable_heading":"default","ocean_post_title":"","ocean_post_subheading":"","ocean_post_title_style":"","ocean_post_title_background_color":"","ocean_post_title_background":0,"ocean_post_title_bg_image_position":"","ocean_post_title_bg_image_attachment":"","ocean_post_title_bg_image_repeat":"","ocean_post_title_bg_image_size":"","ocean_post_title_height":0,"ocean_post_title_bg_overlay":0.5,"ocean_post_title_bg_overlay_color":"","ocean_disable_breadcrumbs":"default","ocean_breadcrumbs_color":"","ocean_breadcrumbs_separator_color":"","ocean_breadcrumbs_links_color":"","ocean_breadcrumbs_links_hover_color":"","ocean_display_footer_widgets":"default","ocean_display_footer_bottom":"default","ocean_custom_footer_template":"0"},"product_brand":[],"product_cat":[258,327,278],"product_tag":[],"class_list":{"0":"post-2456","1":"product","2":"type-product","3":"status-publish","4":"has-post-thumbnail","6":"product_cat-autres-epoques","7":"product_cat-epees-et-sabres","8":"product_cat-france","10":"entry","11":"has-media","13":"first","14":"outofstock","15":"sold-individually","16":"shipping-taxable","17":"purchasable","18":"product-type-simple","19":"has-product-nav","20":"col","21":"span_1_of_4","22":"owp-content-center","23":"item-entry","24":"owp-thumbs-layout-horizontal","25":"owp-btn-very-big","26":"owp-tabs-layout-horizontal"},"aioseo_notices":[],"_links":{"self":[{"href":"https:\/\/lieutenantpoilu.com\/fr\/wp-json\/wp\/v2\/product\/2456","targetHints":{"allow":["GET"]}}],"collection":[{"href":"https:\/\/lieutenantpoilu.com\/fr\/wp-json\/wp\/v2\/product"}],"about":[{"href":"https:\/\/lieutenantpoilu.com\/fr\/wp-json\/wp\/v2\/types\/product"}],"replies":[{"embeddable":true,"href":"https:\/\/lieutenantpoilu.com\/fr\/wp-json\/wp\/v2\/comments?post=2456"}],"wp:featuredmedia":[{"embeddable":true,"href":"https:\/\/lieutenantpoilu.com\/fr\/wp-json\/wp\/v2\/media\/2443"}],"wp:attachment":[{"href":"https:\/\/lieutenantpoilu.com\/fr\/wp-json\/wp\/v2\/media?parent=2456"}],"wp:term":[{"taxonomy":"product_brand","embeddable":true,"href":"https:\/\/lieutenantpoilu.com\/fr\/wp-json\/wp\/v2\/product_brand?post=2456"},{"taxonomy":"product_cat","embeddable":true,"href":"https:\/\/lieutenantpoilu.com\/fr\/wp-json\/wp\/v2\/product_cat?post=2456"},{"taxonomy":"product_tag","embeddable":true,"href":"https:\/\/lieutenantpoilu.com\/fr\/wp-json\/wp\/v2\/product_tag?post=2456"}],"curies":[{"name":"wp","href":"https:\/\/api.w.org\/{rel}","templated":true}]}}