{"id":12500,"date":"2026-04-23T11:32:36","date_gmt":"2026-04-23T09:32:36","guid":{"rendered":"https:\/\/lieutenantpoilu.com\/militaria\/non%20class\u00e9\/croix-dofficier-du-merite-franco-britannique\/"},"modified":"2026-04-23T11:38:31","modified_gmt":"2026-04-23T09:38:31","slug":"croix-dofficier-du-merite-franco-britannique","status":"publish","type":"product","link":"https:\/\/lieutenantpoilu.com\/fr\/militaria\/france\/croix-dofficier-du-merite-franco-britannique\/","title":{"rendered":"Croix d\u2019Officier du M\u00e9rite Franco-Britannique"},"content":{"rendered":"","protected":false},"excerpt":{"rendered":"<p>Croix en m\u00e9tal dor\u00e9, \u00e9maill\u00e9e rouge \u00e0 quatre branches \u00e0 pointes pommet\u00e9es.<\/p>\n<p>Les m\u00e9daillons centraux, \u00e0 l\u2019avers comme au revers, pr\u00e9sentent les drapeaux du Royaume-Uni et de la France, accompagn\u00e9s de l\u2019inscription en lettres dor\u00e9es : \u00ab Franco-British Ass.\u00bb.<\/p>\n<p>Ruban aux couleurs de la France et du Royaume-Uni.<\/p>\n<p><strong>Diam\u00e8tre :<\/strong> 4,3 cm.<\/p>\n<p><strong>\u00c9tat :<\/strong> tr\u00e8s bon \u00e9tat g\u00e9n\u00e9ral, le ruban est coup\u00e9 au revers.<\/p>\n<p><em>Fond\u00e9e en 1933 et plac\u00e9e sous la pr\u00e9sidence d\u2019honneur de sa majest\u00e9 la Reine M\u00e8re Elisabeth d\u2019Angleterre et de Monsieur Albert Lebrun puis de Monsieur Ren\u00e9 Coty, Pr\u00e9sidents de la R\u00e9publique Fran\u00e7aise, enregistr\u00e9e au Minist\u00e8re des Anciens Combattants, membre de la F\u00e9d\u00e9ration Nationale Andr\u00e9 Maginot, l\u2019Association Nationale Franco-Britannique (association d\u2019int\u00e9r\u00eat g\u00e9n\u00e9ral \u00e0 but non lucratif) a pour but de promouvoir, d\u2019entretenir et de resserrer les liens d\u2019amiti\u00e9 entre les deux nations, liens forg\u00e9s par l\u2019entente cordiale et sur les champs de batailles de 1914-1918, de 1939-1945, dans la clandestinit\u00e9 et dans la r\u00e9sistance.<\/em><\/p>\n<p><strong><em>Option d\u2019exp\u00e9dition alternative :<\/em><\/strong><br \/>\n<em>La m\u00e9daille peut \u00eatre exp\u00e9di\u00e9e en lettre bulle avec suivi.<\/em><br \/>\n<em>Frais de port pour la France :\u00a0<strong>3,60 \u20ac<\/strong><\/em><br \/>\n<em>Frais de port \u00e0 l\u2019international :\u00a0<strong>7,65 \u20ac<\/strong><\/em><br \/>\n<em>Merci de nous contacter par message si vous souhaitez b\u00e9n\u00e9ficier de cette option d\u2019envoi.<\/em><\/p>\n","protected":false},"featured_media":12483,"comment_status":"open","ping_status":"closed","template":"","meta":{"_uf_show_specific_survey":0,"_uf_disable_surveys":false,"ocean_post_layout":"","ocean_both_sidebars_style":"","ocean_both_sidebars_content_width":0,"ocean_both_sidebars_sidebars_width":0,"ocean_sidebar":"0","ocean_second_sidebar":"0","ocean_disable_margins":"enable","ocean_add_body_class":"","ocean_shortcode_before_top_bar":"","ocean_shortcode_after_top_bar":"","ocean_shortcode_before_header":"","ocean_shortcode_after_header":"","ocean_has_shortcode":"","ocean_shortcode_after_title":"","ocean_shortcode_before_footer_widgets":"","ocean_shortcode_after_footer_widgets":"","ocean_shortcode_before_footer_bottom":"","ocean_shortcode_after_footer_bottom":"","ocean_display_top_bar":"default","ocean_display_header":"default","ocean_header_style":"","ocean_center_header_left_menu":"0","ocean_custom_header_template":"0","ocean_custom_logo":0,"ocean_custom_retina_logo":0,"ocean_custom_logo_max_width":0,"ocean_custom_logo_tablet_max_width":0,"ocean_custom_logo_mobile_max_width":0,"ocean_custom_logo_max_height":0,"ocean_custom_logo_tablet_max_height":0,"ocean_custom_logo_mobile_max_height":0,"ocean_header_custom_menu":"0","ocean_menu_typo_font_family":"0","ocean_menu_typo_font_subset":"","ocean_menu_typo_font_size":0,"ocean_menu_typo_font_size_tablet":0,"ocean_menu_typo_font_size_mobile":0,"ocean_menu_typo_font_size_unit":"px","ocean_menu_typo_font_weight":"","ocean_menu_typo_font_weight_tablet":"","ocean_menu_typo_font_weight_mobile":"","ocean_menu_typo_transform":"","ocean_menu_typo_transform_tablet":"","ocean_menu_typo_transform_mobile":"","ocean_menu_typo_line_height":0,"ocean_menu_typo_line_height_tablet":0,"ocean_menu_typo_line_height_mobile":0,"ocean_menu_typo_line_height_unit":"","ocean_menu_typo_spacing":0,"ocean_menu_typo_spacing_tablet":0,"ocean_menu_typo_spacing_mobile":0,"ocean_menu_typo_spacing_unit":"","ocean_menu_link_color":"","ocean_menu_link_color_hover":"","ocean_menu_link_color_active":"","ocean_menu_link_background":"","ocean_menu_link_hover_background":"","ocean_menu_link_active_background":"","ocean_menu_social_links_bg":"","ocean_menu_social_hover_links_bg":"","ocean_menu_social_links_color":"","ocean_menu_social_hover_links_color":"","ocean_disable_title":"default","ocean_disable_heading":"default","ocean_post_title":"","ocean_post_subheading":"","ocean_post_title_style":"","ocean_post_title_background_color":"","ocean_post_title_background":0,"ocean_post_title_bg_image_position":"","ocean_post_title_bg_image_attachment":"","ocean_post_title_bg_image_repeat":"","ocean_post_title_bg_image_size":"","ocean_post_title_height":0,"ocean_post_title_bg_overlay":0.5,"ocean_post_title_bg_overlay_color":"","ocean_disable_breadcrumbs":"default","ocean_breadcrumbs_color":"","ocean_breadcrumbs_separator_color":"","ocean_breadcrumbs_links_color":"","ocean_breadcrumbs_links_hover_color":"","ocean_display_footer_widgets":"default","ocean_display_footer_bottom":"default","ocean_custom_footer_template":"0"},"product_brand":[],"product_cat":[278,341,354,292,228],"product_tag":[],"class_list":{"0":"post-12500","1":"product","2":"type-product","3":"status-publish","4":"has-post-thumbnail","6":"product_cat-france","7":"product_cat-medailles-et-decorations","8":"product_cat-nouvelles-trouvailles","9":"product_cat-royaume-uni","10":"product_cat-seconde-guerre-mondiale","11":"product_shipping_class-paquet-leger","13":"entry","14":"has-media","16":"first","17":"instock","18":"sold-individually","19":"shipping-taxable","20":"purchasable","21":"product-type-simple","22":"has-product-nav","23":"col","24":"span_1_of_4","25":"owp-content-center","26":"item-entry","27":"owp-thumbs-layout-horizontal","28":"owp-btn-very-big","29":"owp-tabs-layout-horizontal"},"aioseo_notices":[],"_links":{"self":[{"href":"https:\/\/lieutenantpoilu.com\/fr\/wp-json\/wp\/v2\/product\/12500","targetHints":{"allow":["GET"]}}],"collection":[{"href":"https:\/\/lieutenantpoilu.com\/fr\/wp-json\/wp\/v2\/product"}],"about":[{"href":"https:\/\/lieutenantpoilu.com\/fr\/wp-json\/wp\/v2\/types\/product"}],"replies":[{"embeddable":true,"href":"https:\/\/lieutenantpoilu.com\/fr\/wp-json\/wp\/v2\/comments?post=12500"}],"wp:featuredmedia":[{"embeddable":true,"href":"https:\/\/lieutenantpoilu.com\/fr\/wp-json\/wp\/v2\/media\/12483"}],"wp:attachment":[{"href":"https:\/\/lieutenantpoilu.com\/fr\/wp-json\/wp\/v2\/media?parent=12500"}],"wp:term":[{"taxonomy":"product_brand","embeddable":true,"href":"https:\/\/lieutenantpoilu.com\/fr\/wp-json\/wp\/v2\/product_brand?post=12500"},{"taxonomy":"product_cat","embeddable":true,"href":"https:\/\/lieutenantpoilu.com\/fr\/wp-json\/wp\/v2\/product_cat?post=12500"},{"taxonomy":"product_tag","embeddable":true,"href":"https:\/\/lieutenantpoilu.com\/fr\/wp-json\/wp\/v2\/product_tag?post=12500"}],"curies":[{"name":"wp","href":"https:\/\/api.w.org\/{rel}","templated":true}]}}