{"id":12417,"date":"2026-04-16T10:54:48","date_gmt":"2026-04-16T08:54:48","guid":{"rendered":"https:\/\/lieutenantpoilu.com\/militaria\/non%20class\u00e9\/lot-de-neuf-medailles-miniatures-francaises-ww1-ww2\/"},"modified":"2026-04-16T11:12:23","modified_gmt":"2026-04-16T09:12:23","slug":"lot-de-neuf-medailles-miniatures-francaises-ww1-ww2","status":"publish","type":"product","link":"https:\/\/lieutenantpoilu.com\/fr\/militaria\/france\/lot-de-neuf-medailles-miniatures-francaises-ww1-ww2\/","title":{"rendered":"Lot de Neuf Miniatures Fran\u00e7aises 14\/18, 39\/45"},"content":{"rendered":"","protected":false},"excerpt":{"rendered":"<p>Lot de neuf miniatures fran\u00e7aises avec leurs rubans.<\/p>\n<p>L\u2019ensemble est compos\u00e9 de\u00a0:<\/p>\n<ul>\n<li>La m\u00e9daille des engag\u00e9s volontaires avec agrafe (diam\u00e8tre\u00a0: 1.4 cm)<\/li>\n<li>La m\u00e9daille interalli\u00e9e de la victoire de La Monnaie de Paris (diam\u00e8tre\u00a0: 1.2 cm)<\/li>\n<li>La m\u00e9daille des prisonniers civils, d\u00e9port\u00e9s et otages de la Grande Guerre (diam\u00e8tre\u00a0: 1.3 cm)<\/li>\n<li>La m\u00e9daille des \u00e9vad\u00e9s (diam\u00e8tre\u00a0: 1.3 cm)<\/li>\n<li>La m\u00e9daille de la d\u00e9portation et de l\u2019internement pour faits de r\u00e9sistance de la Monnaie de Paris, ruban de la d\u00e9portation (hauteur\u00a0: 1.3 cm).<\/li>\n<li>La croix du combattant volontaire avec agrafe \u00ab\u00a0guerre 1939-1945\u00a0\u00bb de la Monnaie de Paris (diam\u00e8tre\u00a0: 1.2 cm)<\/li>\n<li>La m\u00e9daille de la R\u00e9sistance (diam\u00e8tre\u00a0: 1.3 cm).<\/li>\n<li>La croix des combattants volontaires de la R\u00e9sistance de la Monnaie de Paris (diam\u00e8tre\u00a0: 1.5 cm).<\/li>\n<li>La croix du combattant en bronze dor\u00e9 (certainement \u00e9poque Alg\u00e9rie).<\/li>\n<\/ul>\n<p>&nbsp;<\/p>\n<p><strong>Etat\u00a0:<\/strong> Ensemble en tr\u00e8s bon \u00e9tat.<\/p>\n<p>&nbsp;<\/p>\n<p><em><strong data-start=\"160\" data-end=\"197\">Option d\u2019exp\u00e9dition alternative :<\/strong><\/em><br data-start=\"197\" data-end=\"200\" \/><em>Le lot peut \u00eatre exp\u00e9di\u00e9 en lettre bulle avec suivi.<\/em><br data-start=\"258\" data-end=\"261\" \/><em>Frais de port pour la France :\u00a0<strong>2,02\u00a0\u20ac<\/strong><\/em><br data-start=\"302\" data-end=\"305\" \/><em>Frais de port \u00e0 l\u2019international :\u00a0<strong data-start=\"339\" data-end=\"349\">5,05 \u20ac<\/strong><\/em><br data-start=\"349\" data-end=\"352\" \/><em>Merci de nous contacter par message si vous souhaitez b\u00e9n\u00e9ficier de cette option d\u2019envoi.<\/em><\/p>\n","protected":false},"featured_media":12391,"comment_status":"open","ping_status":"closed","template":"","meta":{"_uf_show_specific_survey":0,"_uf_disable_surveys":false,"ocean_post_layout":"","ocean_both_sidebars_style":"","ocean_both_sidebars_content_width":0,"ocean_both_sidebars_sidebars_width":0,"ocean_sidebar":"0","ocean_second_sidebar":"0","ocean_disable_margins":"enable","ocean_add_body_class":"","ocean_shortcode_before_top_bar":"","ocean_shortcode_after_top_bar":"","ocean_shortcode_before_header":"","ocean_shortcode_after_header":"","ocean_has_shortcode":"","ocean_shortcode_after_title":"","ocean_shortcode_before_footer_widgets":"","ocean_shortcode_after_footer_widgets":"","ocean_shortcode_before_footer_bottom":"","ocean_shortcode_after_footer_bottom":"","ocean_display_top_bar":"default","ocean_display_header":"default","ocean_header_style":"","ocean_center_header_left_menu":"0","ocean_custom_header_template":"0","ocean_custom_logo":0,"ocean_custom_retina_logo":0,"ocean_custom_logo_max_width":0,"ocean_custom_logo_tablet_max_width":0,"ocean_custom_logo_mobile_max_width":0,"ocean_custom_logo_max_height":0,"ocean_custom_logo_tablet_max_height":0,"ocean_custom_logo_mobile_max_height":0,"ocean_header_custom_menu":"0","ocean_menu_typo_font_family":"0","ocean_menu_typo_font_subset":"","ocean_menu_typo_font_size":0,"ocean_menu_typo_font_size_tablet":0,"ocean_menu_typo_font_size_mobile":0,"ocean_menu_typo_font_size_unit":"px","ocean_menu_typo_font_weight":"","ocean_menu_typo_font_weight_tablet":"","ocean_menu_typo_font_weight_mobile":"","ocean_menu_typo_transform":"","ocean_menu_typo_transform_tablet":"","ocean_menu_typo_transform_mobile":"","ocean_menu_typo_line_height":0,"ocean_menu_typo_line_height_tablet":0,"ocean_menu_typo_line_height_mobile":0,"ocean_menu_typo_line_height_unit":"","ocean_menu_typo_spacing":0,"ocean_menu_typo_spacing_tablet":0,"ocean_menu_typo_spacing_mobile":0,"ocean_menu_typo_spacing_unit":"","ocean_menu_link_color":"","ocean_menu_link_color_hover":"","ocean_menu_link_color_active":"","ocean_menu_link_background":"","ocean_menu_link_hover_background":"","ocean_menu_link_active_background":"","ocean_menu_social_links_bg":"","ocean_menu_social_hover_links_bg":"","ocean_menu_social_links_color":"","ocean_menu_social_hover_links_color":"","ocean_disable_title":"default","ocean_disable_heading":"default","ocean_post_title":"","ocean_post_subheading":"","ocean_post_title_style":"","ocean_post_title_background_color":"","ocean_post_title_background":0,"ocean_post_title_bg_image_position":"","ocean_post_title_bg_image_attachment":"","ocean_post_title_bg_image_repeat":"","ocean_post_title_bg_image_size":"","ocean_post_title_height":0,"ocean_post_title_bg_overlay":0.5,"ocean_post_title_bg_overlay_color":"","ocean_disable_breadcrumbs":"default","ocean_breadcrumbs_color":"","ocean_breadcrumbs_separator_color":"","ocean_breadcrumbs_links_color":"","ocean_breadcrumbs_links_hover_color":"","ocean_display_footer_widgets":"default","ocean_display_footer_bottom":"default","ocean_custom_footer_template":"0"},"product_brand":[],"product_cat":[278,341,234,228],"product_tag":[],"class_list":{"0":"post-12417","1":"product","2":"type-product","3":"status-publish","4":"has-post-thumbnail","6":"product_cat-france","7":"product_cat-medailles-et-decorations","8":"product_cat-premiere-guerre-mondiale","9":"product_cat-seconde-guerre-mondiale","10":"product_shipping_class-paquet-leger","12":"entry","13":"has-media","15":"first","16":"instock","17":"sold-individually","18":"shipping-taxable","19":"purchasable","20":"product-type-simple","21":"has-product-nav","22":"col","23":"span_1_of_4","24":"owp-content-center","25":"item-entry","26":"owp-thumbs-layout-horizontal","27":"owp-btn-very-big","28":"owp-tabs-layout-horizontal"},"aioseo_notices":[],"_links":{"self":[{"href":"https:\/\/lieutenantpoilu.com\/fr\/wp-json\/wp\/v2\/product\/12417","targetHints":{"allow":["GET"]}}],"collection":[{"href":"https:\/\/lieutenantpoilu.com\/fr\/wp-json\/wp\/v2\/product"}],"about":[{"href":"https:\/\/lieutenantpoilu.com\/fr\/wp-json\/wp\/v2\/types\/product"}],"replies":[{"embeddable":true,"href":"https:\/\/lieutenantpoilu.com\/fr\/wp-json\/wp\/v2\/comments?post=12417"}],"wp:featuredmedia":[{"embeddable":true,"href":"https:\/\/lieutenantpoilu.com\/fr\/wp-json\/wp\/v2\/media\/12391"}],"wp:attachment":[{"href":"https:\/\/lieutenantpoilu.com\/fr\/wp-json\/wp\/v2\/media?parent=12417"}],"wp:term":[{"taxonomy":"product_brand","embeddable":true,"href":"https:\/\/lieutenantpoilu.com\/fr\/wp-json\/wp\/v2\/product_brand?post=12417"},{"taxonomy":"product_cat","embeddable":true,"href":"https:\/\/lieutenantpoilu.com\/fr\/wp-json\/wp\/v2\/product_cat?post=12417"},{"taxonomy":"product_tag","embeddable":true,"href":"https:\/\/lieutenantpoilu.com\/fr\/wp-json\/wp\/v2\/product_tag?post=12417"}],"curies":[{"name":"wp","href":"https:\/\/api.w.org\/{rel}","templated":true}]}}