{"id":11849,"date":"2026-03-25T17:04:09","date_gmt":"2026-03-25T16:04:09","guid":{"rendered":"https:\/\/lieutenantpoilu.com\/militaria\/non%20class\u00e9\/ensemble-de-deux-medailles-decernees-a-un-zouave-batailles-de-la-marne-et-de-la-somme\/"},"modified":"2026-03-25T17:18:44","modified_gmt":"2026-03-25T16:18:44","slug":"ensemble-de-deux-medailles-decernees-a-un-zouave-batailles-de-la-marne-et-de-la-somme","status":"publish","type":"product","link":"https:\/\/lieutenantpoilu.com\/fr\/militaria\/france\/ensemble-de-deux-medailles-decernees-a-un-zouave-batailles-de-la-marne-et-de-la-somme\/","title":{"rendered":"Ensemble de deux M\u00e9dailles Attribu\u00e9es \u00e0 un Zouave : Batailles de la Marne et de la Somme"},"content":{"rendered":"","protected":false},"excerpt":{"rendered":"<p>Ensemble de deux m\u00e9dailles attribu\u00e9es au m\u00eame Zouave, le sergent-fourrier L\u00e9on Raugel.<\/p>\n<p>La m\u00e9daille de la Marne porte au revers les inscriptions suivantes : \u00ab L\u00e9on Raugel \u2013 1er r\u00e9giment de Zouaves \u2013 19e compagnie \u2013 Retraite de Belgique \u2013 Fismes \u2013 Le Goda(t) \u2013 Craonne \u2013 1914 \u00bb.<\/p>\n<p>La m\u00e9daille de la Somme, quant \u00e0 elle, pr\u00e9sente les inscriptions suivantes : \u00ab Sergent-fourrier L\u00e9on Raugel \u2013 9e r\u00e9giment de Zouaves \u2013 3e bataillon \u2013 10e compagnie \u00bb.<\/p>\n<p>Sa fiche matricule (disponible en format \u00e9lectronique) fournit notamment les informations suivantes :<\/p>\n<p>Rappel\u00e9 \u00e0 l\u2019activit\u00e9 par d\u00e9cret du 1er ao\u00fbt 1914, il rejoint son corps le 3 ao\u00fbt 1914. Il part en renfort aux arm\u00e9es le 10 septembre 1914 et est nomm\u00e9 caporal fourrier le 18 septembre 1914.<\/p>\n<p>Il est \u00e9vacu\u00e9 bless\u00e9 par \u00e9clat d\u2019obus le 17 janvier 1915. De nouveau envoy\u00e9 en renfort le 9 f\u00e9vrier 1916, il est nomm\u00e9 sergent-fourrier le 11 mars 1916.<\/p>\n<p>Il entre au d\u00e9p\u00f4t le 8 octobre 1916, est d\u00e9tach\u00e9 aux ateliers de constructions de Puteaux le 9 octobre 1916, puis ray\u00e9 des contr\u00f4les le 10 octobre 1916.<\/p>\n<p>Il est mis en cong\u00e9 illimit\u00e9 de d\u00e9mobilisation le 15 ao\u00fbt 1919.<\/p>\n<p><strong><em><u>Blessures, citations, d\u00e9corations :<\/u><\/em><\/strong><\/p>\n<p>Bless\u00e9 le 17 janvier 1915.<\/p>\n<p>Citation du 8 mars 1916 : \u00ab A montr\u00e9 un bel exemple de sang-froid en assurant parfaitement la liaison entre les fractions voisines malgr\u00e9 un bombardement des plus violents le 2 mars \u00bb.<\/p>\n<p>D\u00e9cor\u00e9 de la Croix de Guerre le 3 mars 1916, sur le champ de bataille.<\/p>\n<p>La fiche matricule sera envoy\u00e9e \u00e0 l\u2019acheteur par voie \u00e9lectronique.<\/p>\n<p>Bel ensemble en tr\u00e8s bon \u00e9tat.<\/p>\n<p>&nbsp;<\/p>\n<p><em><strong data-start=\"160\" data-end=\"197\">Option d\u2019exp\u00e9dition alternative :<\/strong><\/em><br data-start=\"197\" data-end=\"200\" \/><em>Les m\u00e9dailles peuvent \u00eatre exp\u00e9di\u00e9es en lettre bulle avec suivi.<\/em><br data-start=\"258\" data-end=\"261\" \/><em>Frais de port pour la France :\u00a0<strong data-start=\"292\" data-end=\"302\">3,60 \u20ac<\/strong><\/em><br data-start=\"302\" data-end=\"305\" \/><em>Frais de port \u00e0 l\u2019international :\u00a0<strong data-start=\"339\" data-end=\"349\">7,65 \u20ac<\/strong><\/em><br data-start=\"349\" data-end=\"352\" \/><em>Merci de nous contacter par message si vous souhaitez b\u00e9n\u00e9ficier de cette option d\u2019envoi.<\/em><\/p>\n","protected":false},"featured_media":11832,"comment_status":"open","ping_status":"closed","template":"","meta":{"_uf_show_specific_survey":0,"_uf_disable_surveys":false,"ocean_post_layout":"","ocean_both_sidebars_style":"","ocean_both_sidebars_content_width":0,"ocean_both_sidebars_sidebars_width":0,"ocean_sidebar":"0","ocean_second_sidebar":"0","ocean_disable_margins":"enable","ocean_add_body_class":"","ocean_shortcode_before_top_bar":"","ocean_shortcode_after_top_bar":"","ocean_shortcode_before_header":"","ocean_shortcode_after_header":"","ocean_has_shortcode":"","ocean_shortcode_after_title":"","ocean_shortcode_before_footer_widgets":"","ocean_shortcode_after_footer_widgets":"","ocean_shortcode_before_footer_bottom":"","ocean_shortcode_after_footer_bottom":"","ocean_display_top_bar":"default","ocean_display_header":"default","ocean_header_style":"","ocean_center_header_left_menu":"0","ocean_custom_header_template":"0","ocean_custom_logo":0,"ocean_custom_retina_logo":0,"ocean_custom_logo_max_width":0,"ocean_custom_logo_tablet_max_width":0,"ocean_custom_logo_mobile_max_width":0,"ocean_custom_logo_max_height":0,"ocean_custom_logo_tablet_max_height":0,"ocean_custom_logo_mobile_max_height":0,"ocean_header_custom_menu":"0","ocean_menu_typo_font_family":"0","ocean_menu_typo_font_subset":"","ocean_menu_typo_font_size":0,"ocean_menu_typo_font_size_tablet":0,"ocean_menu_typo_font_size_mobile":0,"ocean_menu_typo_font_size_unit":"px","ocean_menu_typo_font_weight":"","ocean_menu_typo_font_weight_tablet":"","ocean_menu_typo_font_weight_mobile":"","ocean_menu_typo_transform":"","ocean_menu_typo_transform_tablet":"","ocean_menu_typo_transform_mobile":"","ocean_menu_typo_line_height":0,"ocean_menu_typo_line_height_tablet":0,"ocean_menu_typo_line_height_mobile":0,"ocean_menu_typo_line_height_unit":"","ocean_menu_typo_spacing":0,"ocean_menu_typo_spacing_tablet":0,"ocean_menu_typo_spacing_mobile":0,"ocean_menu_typo_spacing_unit":"","ocean_menu_link_color":"","ocean_menu_link_color_hover":"","ocean_menu_link_color_active":"","ocean_menu_link_background":"","ocean_menu_link_hover_background":"","ocean_menu_link_active_background":"","ocean_menu_social_links_bg":"","ocean_menu_social_hover_links_bg":"","ocean_menu_social_links_color":"","ocean_menu_social_hover_links_color":"","ocean_disable_title":"default","ocean_disable_heading":"default","ocean_post_title":"","ocean_post_subheading":"","ocean_post_title_style":"","ocean_post_title_background_color":"","ocean_post_title_background":0,"ocean_post_title_bg_image_position":"","ocean_post_title_bg_image_attachment":"","ocean_post_title_bg_image_repeat":"","ocean_post_title_bg_image_size":"","ocean_post_title_height":0,"ocean_post_title_bg_overlay":0.5,"ocean_post_title_bg_overlay_color":"","ocean_disable_breadcrumbs":"default","ocean_breadcrumbs_color":"","ocean_breadcrumbs_separator_color":"","ocean_breadcrumbs_links_color":"","ocean_breadcrumbs_links_hover_color":"","ocean_display_footer_widgets":"default","ocean_display_footer_bottom":"default","ocean_custom_footer_template":"0"},"product_brand":[],"product_cat":[278,341,354,234],"product_tag":[],"class_list":{"0":"post-11849","1":"product","2":"type-product","3":"status-publish","4":"has-post-thumbnail","6":"product_cat-france","7":"product_cat-medailles-et-decorations","8":"product_cat-nouvelles-trouvailles","9":"product_cat-premiere-guerre-mondiale","10":"product_shipping_class-paquet-leger","12":"entry","13":"has-media","15":"first","16":"outofstock","17":"sold-individually","18":"shipping-taxable","19":"product-type-simple","20":"has-product-nav","21":"col","22":"span_1_of_4","23":"owp-content-center","24":"item-entry","25":"owp-thumbs-layout-horizontal","26":"owp-btn-very-big","27":"owp-tabs-layout-horizontal"},"aioseo_notices":[],"_links":{"self":[{"href":"https:\/\/lieutenantpoilu.com\/fr\/wp-json\/wp\/v2\/product\/11849","targetHints":{"allow":["GET"]}}],"collection":[{"href":"https:\/\/lieutenantpoilu.com\/fr\/wp-json\/wp\/v2\/product"}],"about":[{"href":"https:\/\/lieutenantpoilu.com\/fr\/wp-json\/wp\/v2\/types\/product"}],"replies":[{"embeddable":true,"href":"https:\/\/lieutenantpoilu.com\/fr\/wp-json\/wp\/v2\/comments?post=11849"}],"wp:featuredmedia":[{"embeddable":true,"href":"https:\/\/lieutenantpoilu.com\/fr\/wp-json\/wp\/v2\/media\/11832"}],"wp:attachment":[{"href":"https:\/\/lieutenantpoilu.com\/fr\/wp-json\/wp\/v2\/media?parent=11849"}],"wp:term":[{"taxonomy":"product_brand","embeddable":true,"href":"https:\/\/lieutenantpoilu.com\/fr\/wp-json\/wp\/v2\/product_brand?post=11849"},{"taxonomy":"product_cat","embeddable":true,"href":"https:\/\/lieutenantpoilu.com\/fr\/wp-json\/wp\/v2\/product_cat?post=11849"},{"taxonomy":"product_tag","embeddable":true,"href":"https:\/\/lieutenantpoilu.com\/fr\/wp-json\/wp\/v2\/product_tag?post=11849"}],"curies":[{"name":"wp","href":"https:\/\/api.w.org\/{rel}","templated":true}]}}