{"id":11613,"date":"2026-02-17T22:43:51","date_gmt":"2026-02-17T21:43:51","guid":{"rendered":"https:\/\/lieutenantpoilu.com\/militaria\/non%20class\u00e9\/certificat-en-velin-francais-du-medaillon-ou-ordre-des-deux-epees-signature-estampillee-de-louis-le-begue-du-portail-ancien-conseiller-tactique-de-george-washington\/"},"modified":"2026-02-17T22:51:47","modified_gmt":"2026-02-17T21:51:47","slug":"certificat-en-velin-francais-du-medaillon-ou-ordre-des-deux-epees-signature-estampillee-de-louis-le-begue-du-portail-ancien-conseiller-tactique-de-george-washington","status":"publish","type":"product","link":"https:\/\/lieutenantpoilu.com\/fr\/militaria\/autres-articles-militaires\/certificat-en-velin-francais-du-medaillon-ou-ordre-des-deux-epees-signature-estampillee-de-louis-le-begue-du-portail-ancien-conseiller-tactique-de-george-washington\/","title":{"rendered":"Brevet sur V\u00e9lin du M\u00e9daillon ou Ordre des deux Ep\u00e9es, Griffe de Louis Le B\u00e8gue Du Portail, Ancien Conseiller Tactique de George Washington"},"content":{"rendered":"","protected":false},"excerpt":{"rendered":"<p>Brevet dit \u00ab\u00a0de v\u00e9t\u00e9rance\u00a0\u00bb d\u00e9cern\u00e9 au sous-officier invalide Michel MAIROL pour 52 ans de services.<\/p>\n<p>Brevet fait \u00e0 l\u2019H\u00f4tel Royal des invalides, le 26 juillet 1791.<\/p>\n<p>En haut \u00e0 gauche, est repr\u00e9sent\u00e9 le m\u00e9daillon ovale aux deux \u00e9p\u00e9es crois\u00e9es.<\/p>\n<p>Le brevet porte la griffe de Louis Le B\u00e8gue Du Portail, cr\u00e9ateur et commandant du corps du g\u00e9nie militaire am\u00e9ricain.<\/p>\n<p>Avant l\u2019arriv\u00e9e de Lafayette en Am\u00e9rique, Louis Duportail s\u2019engage d\u00e9j\u00e0 aux c\u00f4t\u00e9s des insurg\u00e9s. Nomm\u00e9 colonel des ing\u00e9nieurs am\u00e9ricains en juillet 1777, il devient rapidement un conseiller \u00e9cout\u00e9 de George Washington. Excellent ing\u00e9nieur pendant la campagne de Pennsylvanie, il se distingue surtout par ses qualit\u00e9s de strat\u00e8ge lors des conseils de guerre. Washington suit ses recommandations et lui confie un r\u00f4le important dans la coordination des op\u00e9rations men\u00e9es avec Rochambeau et De Grasse, qui conduisent \u00e0 la victoire de Yorktown.<\/p>\n<p>De retour en France en 1783, il est nomm\u00e9 Ministre de la Guerre en 1790.<\/p>\n<p><strong>Dimensions\u00a0: <\/strong>34.5 cm x 28 cm<\/p>\n<p><strong>Etat\u00a0:<\/strong> assez bon \u00e9tat de conservation, patine du temps.<\/p>\n<p>&nbsp;<\/p>\n<figure id=\"attachment_11595\" aria-describedby=\"caption-attachment-11595\" style=\"width: 432px\" class=\"wp-caption aligncenter\"><img fetchpriority=\"high\" decoding=\"async\" class=\"wp-image-11595 size-full\" src=\"https:\/\/lieutenantpoilu.com\/wp-content\/uploads\/2026\/02\/Louis-Lebegue-Du-Portail.jpg\" alt=\"\" width=\"432\" height=\"528\" srcset=\"https:\/\/lieutenantpoilu.com\/wp-content\/uploads\/2026\/02\/Louis-Lebegue-Du-Portail.jpg 432w, https:\/\/lieutenantpoilu.com\/wp-content\/uploads\/2026\/02\/Louis-Lebegue-Du-Portail-245x300.jpg 245w\" sizes=\"(max-width: 432px) 100vw, 432px\" \/><figcaption id=\"caption-attachment-11595\" class=\"wp-caption-text\">Louis Le B\u00e8gue Du Portail<\/figcaption><\/figure>\n","protected":false},"featured_media":11599,"comment_status":"open","ping_status":"closed","template":"","meta":{"_uf_show_specific_survey":0,"_uf_disable_surveys":false,"ocean_post_layout":"","ocean_both_sidebars_style":"","ocean_both_sidebars_content_width":0,"ocean_both_sidebars_sidebars_width":0,"ocean_sidebar":"0","ocean_second_sidebar":"0","ocean_disable_margins":"enable","ocean_add_body_class":"","ocean_shortcode_before_top_bar":"","ocean_shortcode_after_top_bar":"","ocean_shortcode_before_header":"","ocean_shortcode_after_header":"","ocean_has_shortcode":"","ocean_shortcode_after_title":"","ocean_shortcode_before_footer_widgets":"","ocean_shortcode_after_footer_widgets":"","ocean_shortcode_before_footer_bottom":"","ocean_shortcode_after_footer_bottom":"","ocean_display_top_bar":"default","ocean_display_header":"default","ocean_header_style":"","ocean_center_header_left_menu":"0","ocean_custom_header_template":"0","ocean_custom_logo":0,"ocean_custom_retina_logo":0,"ocean_custom_logo_max_width":0,"ocean_custom_logo_tablet_max_width":0,"ocean_custom_logo_mobile_max_width":0,"ocean_custom_logo_max_height":0,"ocean_custom_logo_tablet_max_height":0,"ocean_custom_logo_mobile_max_height":0,"ocean_header_custom_menu":"0","ocean_menu_typo_font_family":"0","ocean_menu_typo_font_subset":"","ocean_menu_typo_font_size":0,"ocean_menu_typo_font_size_tablet":0,"ocean_menu_typo_font_size_mobile":0,"ocean_menu_typo_font_size_unit":"px","ocean_menu_typo_font_weight":"","ocean_menu_typo_font_weight_tablet":"","ocean_menu_typo_font_weight_mobile":"","ocean_menu_typo_transform":"","ocean_menu_typo_transform_tablet":"","ocean_menu_typo_transform_mobile":"","ocean_menu_typo_line_height":0,"ocean_menu_typo_line_height_tablet":0,"ocean_menu_typo_line_height_mobile":0,"ocean_menu_typo_line_height_unit":"","ocean_menu_typo_spacing":0,"ocean_menu_typo_spacing_tablet":0,"ocean_menu_typo_spacing_mobile":0,"ocean_menu_typo_spacing_unit":"","ocean_menu_link_color":"","ocean_menu_link_color_hover":"","ocean_menu_link_color_active":"","ocean_menu_link_background":"","ocean_menu_link_hover_background":"","ocean_menu_link_active_background":"","ocean_menu_social_links_bg":"","ocean_menu_social_hover_links_bg":"","ocean_menu_social_links_color":"","ocean_menu_social_hover_links_color":"","ocean_disable_title":"default","ocean_disable_heading":"default","ocean_post_title":"","ocean_post_subheading":"","ocean_post_title_style":"","ocean_post_title_background_color":"","ocean_post_title_background":0,"ocean_post_title_bg_image_position":"","ocean_post_title_bg_image_attachment":"","ocean_post_title_bg_image_repeat":"","ocean_post_title_bg_image_size":"","ocean_post_title_height":0,"ocean_post_title_bg_overlay":0.5,"ocean_post_title_bg_overlay_color":"","ocean_disable_breadcrumbs":"default","ocean_breadcrumbs_color":"","ocean_breadcrumbs_separator_color":"","ocean_breadcrumbs_links_color":"","ocean_breadcrumbs_links_hover_color":"","ocean_display_footer_widgets":"default","ocean_display_footer_bottom":"default","ocean_custom_footer_template":"0"},"product_brand":[],"product_cat":[349,252,278,341,354],"product_tag":[],"class_list":{"0":"post-11613","1":"product","2":"type-product","3":"status-publish","4":"has-post-thumbnail","6":"product_cat-autres-articles-militaires","7":"product_cat-avant-le-19eme-siecle","8":"product_cat-france","9":"product_cat-medailles-et-decorations","10":"product_cat-nouvelles-trouvailles","11":"product_shipping_class-paquet-leger","13":"entry","14":"has-media","16":"first","17":"instock","18":"sold-individually","19":"shipping-taxable","20":"purchasable","21":"product-type-simple","22":"has-product-nav","23":"col","24":"span_1_of_4","25":"owp-content-center","26":"item-entry","27":"owp-thumbs-layout-horizontal","28":"owp-btn-very-big","29":"owp-tabs-layout-horizontal"},"aioseo_notices":[],"_links":{"self":[{"href":"https:\/\/lieutenantpoilu.com\/fr\/wp-json\/wp\/v2\/product\/11613","targetHints":{"allow":["GET"]}}],"collection":[{"href":"https:\/\/lieutenantpoilu.com\/fr\/wp-json\/wp\/v2\/product"}],"about":[{"href":"https:\/\/lieutenantpoilu.com\/fr\/wp-json\/wp\/v2\/types\/product"}],"replies":[{"embeddable":true,"href":"https:\/\/lieutenantpoilu.com\/fr\/wp-json\/wp\/v2\/comments?post=11613"}],"wp:featuredmedia":[{"embeddable":true,"href":"https:\/\/lieutenantpoilu.com\/fr\/wp-json\/wp\/v2\/media\/11599"}],"wp:attachment":[{"href":"https:\/\/lieutenantpoilu.com\/fr\/wp-json\/wp\/v2\/media?parent=11613"}],"wp:term":[{"taxonomy":"product_brand","embeddable":true,"href":"https:\/\/lieutenantpoilu.com\/fr\/wp-json\/wp\/v2\/product_brand?post=11613"},{"taxonomy":"product_cat","embeddable":true,"href":"https:\/\/lieutenantpoilu.com\/fr\/wp-json\/wp\/v2\/product_cat?post=11613"},{"taxonomy":"product_tag","embeddable":true,"href":"https:\/\/lieutenantpoilu.com\/fr\/wp-json\/wp\/v2\/product_tag?post=11613"}],"curies":[{"name":"wp","href":"https:\/\/api.w.org\/{rel}","templated":true}]}}