{"id":11263,"date":"2026-01-13T21:53:31","date_gmt":"2026-01-13T20:53:31","guid":{"rendered":"https:\/\/lieutenantpoilu.com\/militaria\/non%20class\u00e9\/medaille-de-la-fondation-nationale-de-mongolie-interieure-deuxieme-guerre-mondiale-en-ecrin\/"},"modified":"2026-01-13T21:59:03","modified_gmt":"2026-01-13T20:59:03","slug":"medaille-de-la-fondation-nationale-de-mongolie-interieure-deuxieme-guerre-mondiale-en-ecrin","status":"publish","type":"product","link":"https:\/\/lieutenantpoilu.com\/fr\/militaria\/autres-nations\/medaille-de-la-fondation-nationale-de-mongolie-interieure-deuxieme-guerre-mondiale-en-ecrin\/","title":{"rendered":"Rare m\u00e9daille du M\u00e9rite de la Cr\u00e9ation de l\u2019Etat du Mengjiang, Seconde Guerre mondiale"},"content":{"rendered":"","protected":false},"excerpt":{"rendered":"<p>Rare m\u00e9daille attribu\u00e9e \u00e0 partir de 1939 aux personnes ayant contribu\u00e9 \u00e0 l\u2019\u00e9tablissement du Gouvernement autonome unifi\u00e9 mongol (Mengjiang), entit\u00e9 ayant exist\u00e9 entre 1939 et 1945 sous un fort contr\u00f4le militaire japonais.<\/p>\n<p>L\u2019avers de la m\u00e9daille repr\u00e9sente un berger conduisant son troupeau de moutons \u00e0 travers la steppe, avec, \u00e0 droite en arri\u00e8re-plan, une yourte. Le listel est orn\u00e9 de dragons, symboles de protection, ainsi que de nuages, symboles de prosp\u00e9rit\u00e9. Au-dessus du troupeau figurent des caract\u00e8res chinois dor\u00e9s signifiant \u00ab m\u00e9rite \u00bb \u00e0 gauche et \u00e0 droite leur \u00e9quivalent en langue mongole.<\/p>\n<p>Le revers porte, \u00e0 droite, l\u2019inscription \u00ab M\u00e9daille du M\u00e9rite de la Fondation nationale \u00bb, accompagn\u00e9e de la date \u00ab \u00e8re de Gengis Khan, ann\u00e9e 734, 9\u1d49 mois, 1\u1d49\u02b3 jour \u00bb (1er septembre 1939), et, \u00e0 gauche, son \u00e9quivalent en langue mongole.<\/p>\n<p>Le ruban, \u00e0 motif ray\u00e9, reprend les couleurs du drapeau du gouvernement du Mengjiang.<\/p>\n<p>La m\u00e9daille est accompagn\u00e9e de son \u00e9crin d\u2019origine en bois laqu\u00e9, portant les inscriptions \u00ab M\u00e9daille du M\u00e9rite de la Fondation nationale \u00bb en japonais et en mongol.<\/p>\n<p><strong>\u00c9tat :<\/strong> m\u00e9daille rare en bon \u00e9tat g\u00e9n\u00e9ral. Pr\u00e9sence de quelques trous de mite dans l\u2019\u00e9crin, visibles sur la derni\u00e8re photo, ainsi qu\u2019au dos du ruban.<\/p>\n<p>&nbsp;<\/p>\n<p><img fetchpriority=\"high\" decoding=\"async\" class=\"aligncenter wp-image-11260 size-full\" src=\"https:\/\/lieutenantpoilu.com\/wp-content\/uploads\/2026\/01\/Etat-du-Mengjiang.png\" alt=\"\" width=\"638\" height=\"630\" srcset=\"https:\/\/lieutenantpoilu.com\/wp-content\/uploads\/2026\/01\/Etat-du-Mengjiang.png 638w, https:\/\/lieutenantpoilu.com\/wp-content\/uploads\/2026\/01\/Etat-du-Mengjiang-300x296.png 300w, https:\/\/lieutenantpoilu.com\/wp-content\/uploads\/2026\/01\/Etat-du-Mengjiang-600x592.png 600w, https:\/\/lieutenantpoilu.com\/wp-content\/uploads\/2026\/01\/Etat-du-Mengjiang-100x100.png 100w\" sizes=\"(max-width: 638px) 100vw, 638px\" \/><\/p>\n","protected":false},"featured_media":11239,"comment_status":"open","ping_status":"closed","template":"","meta":{"_uf_show_specific_survey":0,"_uf_disable_surveys":false,"ocean_post_layout":"","ocean_both_sidebars_style":"","ocean_both_sidebars_content_width":0,"ocean_both_sidebars_sidebars_width":0,"ocean_sidebar":"0","ocean_second_sidebar":"0","ocean_disable_margins":"enable","ocean_add_body_class":"","ocean_shortcode_before_top_bar":"","ocean_shortcode_after_top_bar":"","ocean_shortcode_before_header":"","ocean_shortcode_after_header":"","ocean_has_shortcode":"","ocean_shortcode_after_title":"","ocean_shortcode_before_footer_widgets":"","ocean_shortcode_after_footer_widgets":"","ocean_shortcode_before_footer_bottom":"","ocean_shortcode_after_footer_bottom":"","ocean_display_top_bar":"default","ocean_display_header":"default","ocean_header_style":"","ocean_center_header_left_menu":"0","ocean_custom_header_template":"0","ocean_custom_logo":0,"ocean_custom_retina_logo":0,"ocean_custom_logo_max_width":0,"ocean_custom_logo_tablet_max_width":0,"ocean_custom_logo_mobile_max_width":0,"ocean_custom_logo_max_height":0,"ocean_custom_logo_tablet_max_height":0,"ocean_custom_logo_mobile_max_height":0,"ocean_header_custom_menu":"0","ocean_menu_typo_font_family":"0","ocean_menu_typo_font_subset":"","ocean_menu_typo_font_size":0,"ocean_menu_typo_font_size_tablet":0,"ocean_menu_typo_font_size_mobile":0,"ocean_menu_typo_font_size_unit":"px","ocean_menu_typo_font_weight":"","ocean_menu_typo_font_weight_tablet":"","ocean_menu_typo_font_weight_mobile":"","ocean_menu_typo_transform":"","ocean_menu_typo_transform_tablet":"","ocean_menu_typo_transform_mobile":"","ocean_menu_typo_line_height":0,"ocean_menu_typo_line_height_tablet":0,"ocean_menu_typo_line_height_mobile":0,"ocean_menu_typo_line_height_unit":"","ocean_menu_typo_spacing":0,"ocean_menu_typo_spacing_tablet":0,"ocean_menu_typo_spacing_mobile":0,"ocean_menu_typo_spacing_unit":"","ocean_menu_link_color":"","ocean_menu_link_color_hover":"","ocean_menu_link_color_active":"","ocean_menu_link_background":"","ocean_menu_link_hover_background":"","ocean_menu_link_active_background":"","ocean_menu_social_links_bg":"","ocean_menu_social_hover_links_bg":"","ocean_menu_social_links_color":"","ocean_menu_social_hover_links_color":"","ocean_disable_title":"default","ocean_disable_heading":"default","ocean_post_title":"","ocean_post_subheading":"","ocean_post_title_style":"","ocean_post_title_background_color":"","ocean_post_title_background":0,"ocean_post_title_bg_image_position":"","ocean_post_title_bg_image_attachment":"","ocean_post_title_bg_image_repeat":"","ocean_post_title_bg_image_size":"","ocean_post_title_height":0,"ocean_post_title_bg_overlay":0.5,"ocean_post_title_bg_overlay_color":"","ocean_disable_breadcrumbs":"default","ocean_breadcrumbs_color":"","ocean_breadcrumbs_separator_color":"","ocean_breadcrumbs_links_color":"","ocean_breadcrumbs_links_hover_color":"","ocean_display_footer_widgets":"default","ocean_display_footer_bottom":"default","ocean_custom_footer_template":"0"},"product_brand":[],"product_cat":[601,288,341,354,228],"product_tag":[],"class_list":{"0":"post-11263","1":"product","2":"type-product","3":"status-publish","4":"has-post-thumbnail","6":"product_cat-autres-nations","7":"product_cat-japon-fr","8":"product_cat-medailles-et-decorations","9":"product_cat-nouvelles-trouvailles","10":"product_cat-seconde-guerre-mondiale","11":"product_shipping_class-paquet-leger","13":"entry","14":"has-media","16":"first","17":"instock","18":"sold-individually","19":"shipping-taxable","20":"purchasable","21":"product-type-simple","22":"has-product-nav","23":"col","24":"span_1_of_4","25":"owp-content-center","26":"item-entry","27":"owp-thumbs-layout-horizontal","28":"owp-btn-very-big","29":"owp-tabs-layout-horizontal"},"aioseo_notices":[],"_links":{"self":[{"href":"https:\/\/lieutenantpoilu.com\/fr\/wp-json\/wp\/v2\/product\/11263","targetHints":{"allow":["GET"]}}],"collection":[{"href":"https:\/\/lieutenantpoilu.com\/fr\/wp-json\/wp\/v2\/product"}],"about":[{"href":"https:\/\/lieutenantpoilu.com\/fr\/wp-json\/wp\/v2\/types\/product"}],"replies":[{"embeddable":true,"href":"https:\/\/lieutenantpoilu.com\/fr\/wp-json\/wp\/v2\/comments?post=11263"}],"wp:featuredmedia":[{"embeddable":true,"href":"https:\/\/lieutenantpoilu.com\/fr\/wp-json\/wp\/v2\/media\/11239"}],"wp:attachment":[{"href":"https:\/\/lieutenantpoilu.com\/fr\/wp-json\/wp\/v2\/media?parent=11263"}],"wp:term":[{"taxonomy":"product_brand","embeddable":true,"href":"https:\/\/lieutenantpoilu.com\/fr\/wp-json\/wp\/v2\/product_brand?post=11263"},{"taxonomy":"product_cat","embeddable":true,"href":"https:\/\/lieutenantpoilu.com\/fr\/wp-json\/wp\/v2\/product_cat?post=11263"},{"taxonomy":"product_tag","embeddable":true,"href":"https:\/\/lieutenantpoilu.com\/fr\/wp-json\/wp\/v2\/product_tag?post=11263"}],"curies":[{"name":"wp","href":"https:\/\/api.w.org\/{rel}","templated":true}]}}