{"id":11187,"date":"2026-01-12T15:24:38","date_gmt":"2026-01-12T14:24:38","guid":{"rendered":"https:\/\/lieutenantpoilu.com\/militaria\/non%20class\u00e9\/medaille-commemorative-francaise-de-lexpedition-du-tonkin-de-la-chine-et-de-lannam\/"},"modified":"2026-03-30T12:51:56","modified_gmt":"2026-03-30T10:51:56","slug":"medaille-commemorative-francaise-de-lexpedition-du-tonkin-de-la-chine-et-de-lannam","status":"publish","type":"product","link":"https:\/\/lieutenantpoilu.com\/fr\/militaria\/autres-epoques\/medaille-commemorative-francaise-de-lexpedition-du-tonkin-de-la-chine-et-de-lannam\/","title":{"rendered":"M\u00e9daille Comm\u00e9morative de l\u2019Exp\u00e9dition du Tonkin, de la Chine et de l\u2019Annam"},"content":{"rendered":"","protected":false},"excerpt":{"rendered":"<p>M\u00e9daille en argent poin\u00e7onn\u00e9 destin\u00e9e aux personnels de la Marine (mod\u00e8le aux sept batailles).<\/p>\n<p>Sur l\u2019avers de la m\u00e9daille, on peut observer l\u2019effigie de la R\u00e9publique portant sur la visi\u00e8re le mot \u00ab Patrie \u00bb et la l\u00e9gende \u00ab R\u00c9PUBLIQUE FRAN\u00c7AISE \u00bb sur les contours.<\/p>\n<p>Le revers porte les inscriptions : \u00ab Tonkin, Chine, Annam, 1883-1885 \u00bb et le nom des sept batailles \u00ab Cau-Gia\u00ef, Sontay, Bac-Ninh, Fou-Tch\u00e9ou, Formose, Tuyen-Quan et Pescadores \u00bb.<\/p>\n<p>M\u00e9daille mont\u00e9e sur barrette, b\u00e9li\u00e8re olive.<\/p>\n<p><strong>Diam\u00e8tre\u00a0:<\/strong> 30 mm<\/p>\n<p><strong>Graveur\u00a0:<\/strong> Jean-Baptiste Daniel-Dupuis<\/p>\n<p><strong>Etat\u00a0:<\/strong> bon \u00e9tat, ruban insol\u00e9.<\/p>\n<p data-start=\"503\" data-end=\"689\"><em><strong data-start=\"160\" data-end=\"197\">Option d\u2019exp\u00e9dition alternative :<\/strong><\/em><br data-start=\"197\" data-end=\"200\" \/><em>La m\u00e9daille peut \u00eatre exp\u00e9di\u00e9e en lettre bulle avec suivi.<\/em><br data-start=\"258\" data-end=\"261\" \/><em>Frais de port pour la France : <strong data-start=\"292\" data-end=\"302\">3,60 \u20ac<\/strong><\/em><br data-start=\"302\" data-end=\"305\" \/><em>Frais de port \u00e0 l\u2019international : <strong data-start=\"339\" data-end=\"349\">7,65 \u20ac<\/strong><\/em><br data-start=\"349\" data-end=\"352\" \/><em>Merci de nous contacter par message si vous souhaitez b\u00e9n\u00e9ficier de cette option d\u2019envoi.<\/em><\/p>\n<p data-start=\"503\" data-end=\"689\"><img fetchpriority=\"high\" decoding=\"async\" class=\"aligncenter wp-image-11183 size-full\" src=\"https:\/\/lieutenantpoilu.com\/wp-content\/uploads\/2026\/01\/Tonkin-prise-bac-ninh.jpg\" alt=\"\" width=\"1000\" height=\"581\" srcset=\"https:\/\/lieutenantpoilu.com\/wp-content\/uploads\/2026\/01\/Tonkin-prise-bac-ninh.jpg 1000w, https:\/\/lieutenantpoilu.com\/wp-content\/uploads\/2026\/01\/Tonkin-prise-bac-ninh-300x174.jpg 300w, https:\/\/lieutenantpoilu.com\/wp-content\/uploads\/2026\/01\/Tonkin-prise-bac-ninh-768x446.jpg 768w, https:\/\/lieutenantpoilu.com\/wp-content\/uploads\/2026\/01\/Tonkin-prise-bac-ninh-600x349.jpg 600w\" sizes=\"(max-width: 1000px) 100vw, 1000px\" \/><\/p>\n","protected":false},"featured_media":11172,"comment_status":"open","ping_status":"closed","template":"","meta":{"_uf_show_specific_survey":0,"_uf_disable_surveys":false,"ocean_post_layout":"","ocean_both_sidebars_style":"","ocean_both_sidebars_content_width":0,"ocean_both_sidebars_sidebars_width":0,"ocean_sidebar":"0","ocean_second_sidebar":"0","ocean_disable_margins":"enable","ocean_add_body_class":"","ocean_shortcode_before_top_bar":"","ocean_shortcode_after_top_bar":"","ocean_shortcode_before_header":"","ocean_shortcode_after_header":"","ocean_has_shortcode":"","ocean_shortcode_after_title":"","ocean_shortcode_before_footer_widgets":"","ocean_shortcode_after_footer_widgets":"","ocean_shortcode_before_footer_bottom":"","ocean_shortcode_after_footer_bottom":"","ocean_display_top_bar":"default","ocean_display_header":"default","ocean_header_style":"","ocean_center_header_left_menu":"0","ocean_custom_header_template":"0","ocean_custom_logo":0,"ocean_custom_retina_logo":0,"ocean_custom_logo_max_width":0,"ocean_custom_logo_tablet_max_width":0,"ocean_custom_logo_mobile_max_width":0,"ocean_custom_logo_max_height":0,"ocean_custom_logo_tablet_max_height":0,"ocean_custom_logo_mobile_max_height":0,"ocean_header_custom_menu":"0","ocean_menu_typo_font_family":"0","ocean_menu_typo_font_subset":"","ocean_menu_typo_font_size":0,"ocean_menu_typo_font_size_tablet":0,"ocean_menu_typo_font_size_mobile":0,"ocean_menu_typo_font_size_unit":"px","ocean_menu_typo_font_weight":"","ocean_menu_typo_font_weight_tablet":"","ocean_menu_typo_font_weight_mobile":"","ocean_menu_typo_transform":"","ocean_menu_typo_transform_tablet":"","ocean_menu_typo_transform_mobile":"","ocean_menu_typo_line_height":0,"ocean_menu_typo_line_height_tablet":0,"ocean_menu_typo_line_height_mobile":0,"ocean_menu_typo_line_height_unit":"","ocean_menu_typo_spacing":0,"ocean_menu_typo_spacing_tablet":0,"ocean_menu_typo_spacing_mobile":0,"ocean_menu_typo_spacing_unit":"","ocean_menu_link_color":"","ocean_menu_link_color_hover":"","ocean_menu_link_color_active":"","ocean_menu_link_background":"","ocean_menu_link_hover_background":"","ocean_menu_link_active_background":"","ocean_menu_social_links_bg":"","ocean_menu_social_hover_links_bg":"","ocean_menu_social_links_color":"","ocean_menu_social_hover_links_color":"","ocean_disable_title":"default","ocean_disable_heading":"default","ocean_post_title":"","ocean_post_subheading":"","ocean_post_title_style":"","ocean_post_title_background_color":"","ocean_post_title_background":0,"ocean_post_title_bg_image_position":"","ocean_post_title_bg_image_attachment":"","ocean_post_title_bg_image_repeat":"","ocean_post_title_bg_image_size":"","ocean_post_title_height":0,"ocean_post_title_bg_overlay":0.5,"ocean_post_title_bg_overlay_color":"","ocean_disable_breadcrumbs":"default","ocean_breadcrumbs_color":"","ocean_breadcrumbs_separator_color":"","ocean_breadcrumbs_links_color":"","ocean_breadcrumbs_links_hover_color":"","ocean_display_footer_widgets":"default","ocean_display_footer_bottom":"default","ocean_custom_footer_template":"0"},"product_brand":[],"product_cat":[258,278,341,354],"product_tag":[],"class_list":{"0":"post-11187","1":"product","2":"type-product","3":"status-publish","4":"has-post-thumbnail","6":"product_cat-autres-epoques","7":"product_cat-france","8":"product_cat-medailles-et-decorations","9":"product_cat-nouvelles-trouvailles","10":"product_shipping_class-paquet-leger","12":"entry","13":"has-media","15":"first","16":"instock","17":"sold-individually","18":"shipping-taxable","19":"purchasable","20":"product-type-simple","21":"has-product-nav","22":"col","23":"span_1_of_4","24":"owp-content-center","25":"item-entry","26":"owp-thumbs-layout-horizontal","27":"owp-btn-very-big","28":"owp-tabs-layout-horizontal"},"aioseo_notices":[],"_links":{"self":[{"href":"https:\/\/lieutenantpoilu.com\/fr\/wp-json\/wp\/v2\/product\/11187","targetHints":{"allow":["GET"]}}],"collection":[{"href":"https:\/\/lieutenantpoilu.com\/fr\/wp-json\/wp\/v2\/product"}],"about":[{"href":"https:\/\/lieutenantpoilu.com\/fr\/wp-json\/wp\/v2\/types\/product"}],"replies":[{"embeddable":true,"href":"https:\/\/lieutenantpoilu.com\/fr\/wp-json\/wp\/v2\/comments?post=11187"}],"wp:featuredmedia":[{"embeddable":true,"href":"https:\/\/lieutenantpoilu.com\/fr\/wp-json\/wp\/v2\/media\/11172"}],"wp:attachment":[{"href":"https:\/\/lieutenantpoilu.com\/fr\/wp-json\/wp\/v2\/media?parent=11187"}],"wp:term":[{"taxonomy":"product_brand","embeddable":true,"href":"https:\/\/lieutenantpoilu.com\/fr\/wp-json\/wp\/v2\/product_brand?post=11187"},{"taxonomy":"product_cat","embeddable":true,"href":"https:\/\/lieutenantpoilu.com\/fr\/wp-json\/wp\/v2\/product_cat?post=11187"},{"taxonomy":"product_tag","embeddable":true,"href":"https:\/\/lieutenantpoilu.com\/fr\/wp-json\/wp\/v2\/product_tag?post=11187"}],"curies":[{"name":"wp","href":"https:\/\/api.w.org\/{rel}","templated":true}]}}