{"id":10183,"date":"2025-10-19T13:14:44","date_gmt":"2025-10-19T11:14:44","guid":{"rendered":"https:\/\/lieutenantpoilu.com\/militaria\/non%20class\u00e9\/croix-de-chevalier-de-la-legion-dhonneur-monarchie-de-juillet-1830-1848\/"},"modified":"2025-10-19T14:45:02","modified_gmt":"2025-10-19T12:45:02","slug":"croix-de-chevalier-de-la-legion-dhonneur-monarchie-de-juillet-1830-1848","status":"publish","type":"product","link":"https:\/\/lieutenantpoilu.com\/fr\/militaria\/autres-epoques\/croix-de-chevalier-de-la-legion-dhonneur-monarchie-de-juillet-1830-1848\/","title":{"rendered":"Insigne de Chevalier de la L\u00e9gion d\u2019Honneur, Monarchie De Juillet (1830-1848)"},"content":{"rendered":"","protected":false},"excerpt":{"rendered":"<p>Croix de chevalier de la L\u00e9gion d\u2019honneur en argent \u00e9maill\u00e9 d\u2019\u00e9poque Louis-Philippe.<\/p>\n<p>L\u2019\u00e9toile compos\u00e9e de cinq rayons doubles pommet\u00e9s est entour\u00e9e de feuilles de ch\u00eane et de lauriers \u00e9maill\u00e9s vert clair. Petits accidents visibles au niveau des \u00e9maux blancs aux extr\u00e9mit\u00e9s des rayons.<\/p>\n<p>Le centre de l\u2019avers du mod\u00e8le de la Seconde Restauration pr\u00e9sente le profil d\u2019Henri IV et les inscriptions \u00ab HENRI IV ROI DE FRANCE ET DE NAVARRE \u00bb.<\/p>\n<p>Le centre du revers de l\u2019insigne est d\u00e9cor\u00e9 de deux drapeaux fran\u00e7ais \u00e9maill\u00e9s et des inscriptions \u00ab\u00a0HONNEUR ET PATRIE\u00a0\u00bb.<\/p>\n<p>D\u00e9coration en argent poin\u00e7onn\u00e9.<\/p>\n<p>Petits accidents au bleu du centre du revers.<\/p>\n<p>Insigne accompagn\u00e9 d\u2019un ruban post\u00e9rieur.<\/p>\n<p><strong>Etat\u00a0:<\/strong> Assez bon, petits accidents.<\/p>\n","protected":false},"featured_media":10160,"comment_status":"open","ping_status":"closed","template":"","meta":{"_uf_show_specific_survey":0,"_uf_disable_surveys":false,"ocean_post_layout":"","ocean_both_sidebars_style":"","ocean_both_sidebars_content_width":0,"ocean_both_sidebars_sidebars_width":0,"ocean_sidebar":"0","ocean_second_sidebar":"0","ocean_disable_margins":"enable","ocean_add_body_class":"","ocean_shortcode_before_top_bar":"","ocean_shortcode_after_top_bar":"","ocean_shortcode_before_header":"","ocean_shortcode_after_header":"","ocean_has_shortcode":"","ocean_shortcode_after_title":"","ocean_shortcode_before_footer_widgets":"","ocean_shortcode_after_footer_widgets":"","ocean_shortcode_before_footer_bottom":"","ocean_shortcode_after_footer_bottom":"","ocean_display_top_bar":"default","ocean_display_header":"default","ocean_header_style":"","ocean_center_header_left_menu":"0","ocean_custom_header_template":"0","ocean_custom_logo":0,"ocean_custom_retina_logo":0,"ocean_custom_logo_max_width":0,"ocean_custom_logo_tablet_max_width":0,"ocean_custom_logo_mobile_max_width":0,"ocean_custom_logo_max_height":0,"ocean_custom_logo_tablet_max_height":0,"ocean_custom_logo_mobile_max_height":0,"ocean_header_custom_menu":"0","ocean_menu_typo_font_family":"0","ocean_menu_typo_font_subset":"","ocean_menu_typo_font_size":0,"ocean_menu_typo_font_size_tablet":0,"ocean_menu_typo_font_size_mobile":0,"ocean_menu_typo_font_size_unit":"px","ocean_menu_typo_font_weight":"","ocean_menu_typo_font_weight_tablet":"","ocean_menu_typo_font_weight_mobile":"","ocean_menu_typo_transform":"","ocean_menu_typo_transform_tablet":"","ocean_menu_typo_transform_mobile":"","ocean_menu_typo_line_height":0,"ocean_menu_typo_line_height_tablet":0,"ocean_menu_typo_line_height_mobile":0,"ocean_menu_typo_line_height_unit":"","ocean_menu_typo_spacing":0,"ocean_menu_typo_spacing_tablet":0,"ocean_menu_typo_spacing_mobile":0,"ocean_menu_typo_spacing_unit":"","ocean_menu_link_color":"","ocean_menu_link_color_hover":"","ocean_menu_link_color_active":"","ocean_menu_link_background":"","ocean_menu_link_hover_background":"","ocean_menu_link_active_background":"","ocean_menu_social_links_bg":"","ocean_menu_social_hover_links_bg":"","ocean_menu_social_links_color":"","ocean_menu_social_hover_links_color":"","ocean_disable_title":"default","ocean_disable_heading":"default","ocean_post_title":"","ocean_post_subheading":"","ocean_post_title_style":"","ocean_post_title_background_color":"","ocean_post_title_background":0,"ocean_post_title_bg_image_position":"","ocean_post_title_bg_image_attachment":"","ocean_post_title_bg_image_repeat":"","ocean_post_title_bg_image_size":"","ocean_post_title_height":0,"ocean_post_title_bg_overlay":0.5,"ocean_post_title_bg_overlay_color":"","ocean_disable_breadcrumbs":"default","ocean_breadcrumbs_color":"","ocean_breadcrumbs_separator_color":"","ocean_breadcrumbs_links_color":"","ocean_breadcrumbs_links_hover_color":"","ocean_display_footer_widgets":"default","ocean_display_footer_bottom":"default","ocean_custom_footer_template":"0"},"product_brand":[],"product_cat":[258,278,341,354],"product_tag":[],"class_list":{"0":"post-10183","1":"product","2":"type-product","3":"status-publish","4":"has-post-thumbnail","6":"product_cat-autres-epoques","7":"product_cat-france","8":"product_cat-medailles-et-decorations","9":"product_cat-nouvelles-trouvailles","10":"product_shipping_class-paquet-leger","12":"entry","13":"has-media","15":"first","16":"instock","17":"sold-individually","18":"shipping-taxable","19":"purchasable","20":"product-type-simple","21":"has-product-nav","22":"col","23":"span_1_of_4","24":"owp-content-center","25":"item-entry","26":"owp-thumbs-layout-horizontal","27":"owp-btn-very-big","28":"owp-tabs-layout-horizontal"},"aioseo_notices":[],"_links":{"self":[{"href":"https:\/\/lieutenantpoilu.com\/fr\/wp-json\/wp\/v2\/product\/10183","targetHints":{"allow":["GET"]}}],"collection":[{"href":"https:\/\/lieutenantpoilu.com\/fr\/wp-json\/wp\/v2\/product"}],"about":[{"href":"https:\/\/lieutenantpoilu.com\/fr\/wp-json\/wp\/v2\/types\/product"}],"replies":[{"embeddable":true,"href":"https:\/\/lieutenantpoilu.com\/fr\/wp-json\/wp\/v2\/comments?post=10183"}],"wp:featuredmedia":[{"embeddable":true,"href":"https:\/\/lieutenantpoilu.com\/fr\/wp-json\/wp\/v2\/media\/10160"}],"wp:attachment":[{"href":"https:\/\/lieutenantpoilu.com\/fr\/wp-json\/wp\/v2\/media?parent=10183"}],"wp:term":[{"taxonomy":"product_brand","embeddable":true,"href":"https:\/\/lieutenantpoilu.com\/fr\/wp-json\/wp\/v2\/product_brand?post=10183"},{"taxonomy":"product_cat","embeddable":true,"href":"https:\/\/lieutenantpoilu.com\/fr\/wp-json\/wp\/v2\/product_cat?post=10183"},{"taxonomy":"product_tag","embeddable":true,"href":"https:\/\/lieutenantpoilu.com\/fr\/wp-json\/wp\/v2\/product_tag?post=10183"}],"curies":[{"name":"wp","href":"https:\/\/api.w.org\/{rel}","templated":true}]}}