{"id":8582,"date":"2025-05-28T18:48:12","date_gmt":"2025-05-28T16:48:12","guid":{"rendered":"https:\/\/lieutenantpoilu.com\/militaria\/sin%20categor\u00eda\/conjunto-conmemorativo-de-la-familia-britanica-ww1-ww2\/"},"modified":"2025-05-28T22:53:30","modified_gmt":"2025-05-28T20:53:30","slug":"conjunto-conmemorativo-de-la-familia-britanica-ww1-ww2","status":"publish","type":"product","link":"https:\/\/lieutenantpoilu.com\/es\/militaria\/medallas-y-condecoraciones\/conjunto-conmemorativo-de-la-familia-britanica-ww1-ww2\/","title":{"rendered":"Conjunto Conmemorativo Familiar Brit\u00e1nico, ww1\/ww2"},"content":{"rendered":"","protected":false},"excerpt":{"rendered":"<p data-start=\"123\" data-end=\"335\">Conjunto bien conservado perteneciente a la familia Barrett, que rinde homenaje a dos generaciones de veteranos brit\u00e1nicos que sirvieron durante la Primera y la Segunda Guerra Mundial.<\/p>\n<p data-start=\"123\" data-end=\"335\">Esta colecci\u00f3n conmemorativa fue reunida por un descendiente de la familia e incluye medallas, fotograf\u00edas, birretes, placas de identificaci\u00f3n (dog tags) y varios emblemas e insignias militares.<\/p>\n<p data-start=\"123\" data-end=\"335\"><strong data-start=\"558\" data-end=\"580\">Historia familiar:<\/strong><\/p>\n<ul data-start=\"582\" data-end=\"1500\">\n<li data-start=\"582\" data-end=\"881\">\n<p data-start=\"584\" data-end=\"881\">John Edward Barrett (bisabuelo):<br data-start=\"620\" data-end=\"623\" \/>Sirvi\u00f3 durante la Primera Guerra Mundial, incluso en la Royal Air Force. Contrajo la fiebre de las trincheras y fue tratado en un hospital de Ru\u00e1n, Francia. Recibi\u00f3 la British War Medal y la Medalla Interaliada de la Victoria.<\/p>\n<\/li>\n<\/ul>\n<p>&nbsp;<\/p>\n<ul data-start=\"582\" data-end=\"1500\">\n<li data-start=\"883\" data-end=\"1304\">\n<p data-start=\"885\" data-end=\"1304\">John Lewis Barrett (abuelo, hijo de John Edward):<br data-start=\"938\" data-end=\"941\" \/>Tambi\u00e9n veterano de la Primera Guerra Mundial, sirvi\u00f3 como ametrallador Lewis (Lewis gunner) en el Regimiento de Worcestershire. Fue herido de bala en el muslo izquierdo en 1918. Al igual que su padre, recibi\u00f3 la British War Medal y la Medalla de la Victoria. En 1942, fue licenciado del servicio (<em data-start=\"1273\" data-end=\"1302\">telegrama original incluido<\/em>).<\/p>\n<\/li>\n<\/ul>\n<p>&nbsp;<\/p>\n<ul data-start=\"582\" data-end=\"1500\">\n<li data-start=\"1306\" data-end=\"1500\">\n<p data-start=\"1308\" data-end=\"1500\">Edward Daniel Reeve (abuelo materno):<br data-start=\"1349\" data-end=\"1352\" \/>Particip\u00f3 en la Primera Guerra Mundial dentro del Regimiento \u00abThe King&#8217;s\u00bb de Liverpool. Su insignia de gorra forma parte del conjunto.<\/p>\n<\/li>\n<\/ul>\n<p>&nbsp;<\/p>\n<p data-start=\"1308\" data-end=\"1500\"><strong data-start=\"1511\" data-end=\"1538\">Contenido del conjunto:<\/strong><\/p>\n<ul data-start=\"1540\" data-end=\"2568\">\n<li data-start=\"1540\" data-end=\"1672\">\n<p data-start=\"1542\" data-end=\"1672\">Un marco moderno con fotograf\u00edas originales, medallas, cintas e insignias de regimiento \/ gorra de los tres veteranos.<\/p>\n<\/li>\n<li data-start=\"1674\" data-end=\"1882\">\n<p data-start=\"1676\" data-end=\"1713\">Dos birretes de la Royal Air Force:<\/p>\n<ul data-start=\"1716\" data-end=\"1882\">\n<li data-start=\"1716\" data-end=\"1820\">\n<p data-start=\"1718\" data-end=\"1820\">Uno fechado en 1944, con sello del fabricante y marcaje broad arrow (falta un bot\u00f3n).<\/p>\n<\/li>\n<li data-start=\"1823\" data-end=\"1882\">\n<p data-start=\"1825\" data-end=\"1882\">Otro sin marcaje visible,en buen estado general.<\/p>\n<\/li>\n<\/ul>\n<\/li>\n<\/ul>\n<p>&nbsp;<\/p>\n<ul data-start=\"1540\" data-end=\"2568\">\n<li data-start=\"1884\" data-end=\"1995\">\n<p data-start=\"1886\" data-end=\"1995\">Telegrama original de 1942, ordenando a John Lewis reincorporarse a su unidad para su licenciamiento.<\/p>\n<\/li>\n<li data-start=\"1997\" data-end=\"2059\">\n<p data-start=\"1999\" data-end=\"2059\">Varias placas de identificaci\u00f3n a nombre de Barrett.<\/p>\n<\/li>\n<li data-start=\"2061\" data-end=\"2125\">\n<p data-start=\"2063\" data-end=\"2125\">Dos fotograf\u00edas reproducidas (copias de fotos originales).<\/p>\n<\/li>\n<li data-start=\"2127\" data-end=\"2276\">\n<p data-start=\"2129\" data-end=\"2171\">Medallas de la Segunda Guerra Mundial:<\/p>\n<ul data-start=\"2174\" data-end=\"2276\">\n<li data-start=\"2174\" data-end=\"2203\">\n<p data-start=\"2176\" data-end=\"2203\">France and Germany Star<\/p>\n<\/li>\n<li data-start=\"2206\" data-end=\"2226\">\n<p data-start=\"2208\" data-end=\"2226\">1939\u20131945 Star<\/p>\n<\/li>\n<li data-start=\"2229\" data-end=\"2248\">\n<p data-start=\"2231\" data-end=\"2248\">Defence Medal<\/p>\n<\/li>\n<li data-start=\"2251\" data-end=\"2276\">\n<p data-start=\"2253\" data-end=\"2276\">War Medal 1939\u20131945<\/p>\n<\/li>\n<\/ul>\n<\/li>\n<\/ul>\n<p>&nbsp;<\/p>\n<ul data-start=\"1540\" data-end=\"2568\">\n<li data-start=\"2278\" data-end=\"2355\">\n<p data-start=\"2280\" data-end=\"2355\">Una historia familiar impresa (en ingl\u00e9s), pegada al reverso del marco.<\/p>\n<\/li>\n<li data-start=\"2357\" data-end=\"2417\">\n<p data-start=\"2359\" data-end=\"2417\">Una insignia de hombro del Royal Corps of Signals.<\/p>\n<\/li>\n<li data-start=\"2419\" data-end=\"2506\">\n<p data-start=\"2421\" data-end=\"2506\">Una insignia de manga impresa de la Royal Air Force, retirada de un uniforme.<\/p>\n<\/li>\n<li data-start=\"2508\" data-end=\"2568\">\n<p data-start=\"2510\" data-end=\"2568\">Varios emblemas de la RAF visibles en las fotograf\u00edas.<\/p>\n<\/li>\n<\/ul>\n<p data-start=\"2575\" data-end=\"2751\">\n<p data-start=\"2575\" data-end=\"2751\">Conjunto en buen estado general.<\/p>\n","protected":false},"featured_media":8234,"comment_status":"open","ping_status":"closed","template":"","meta":{"_uf_show_specific_survey":0,"_uf_disable_surveys":false,"ocean_post_layout":"","ocean_both_sidebars_style":"","ocean_both_sidebars_content_width":0,"ocean_both_sidebars_sidebars_width":0,"ocean_sidebar":"0","ocean_second_sidebar":"0","ocean_disable_margins":"enable","ocean_add_body_class":"","ocean_shortcode_before_top_bar":"","ocean_shortcode_after_top_bar":"","ocean_shortcode_before_header":"","ocean_shortcode_after_header":"","ocean_has_shortcode":"","ocean_shortcode_after_title":"","ocean_shortcode_before_footer_widgets":"","ocean_shortcode_after_footer_widgets":"","ocean_shortcode_before_footer_bottom":"","ocean_shortcode_after_footer_bottom":"","ocean_display_top_bar":"default","ocean_display_header":"default","ocean_header_style":"","ocean_center_header_left_menu":"0","ocean_custom_header_template":"0","ocean_custom_logo":0,"ocean_custom_retina_logo":0,"ocean_custom_logo_max_width":0,"ocean_custom_logo_tablet_max_width":0,"ocean_custom_logo_mobile_max_width":0,"ocean_custom_logo_max_height":0,"ocean_custom_logo_tablet_max_height":0,"ocean_custom_logo_mobile_max_height":0,"ocean_header_custom_menu":"0","ocean_menu_typo_font_family":"0","ocean_menu_typo_font_subset":"","ocean_menu_typo_font_size":0,"ocean_menu_typo_font_size_tablet":0,"ocean_menu_typo_font_size_mobile":0,"ocean_menu_typo_font_size_unit":"px","ocean_menu_typo_font_weight":"","ocean_menu_typo_font_weight_tablet":"","ocean_menu_typo_font_weight_mobile":"","ocean_menu_typo_transform":"","ocean_menu_typo_transform_tablet":"","ocean_menu_typo_transform_mobile":"","ocean_menu_typo_line_height":0,"ocean_menu_typo_line_height_tablet":0,"ocean_menu_typo_line_height_mobile":0,"ocean_menu_typo_line_height_unit":"","ocean_menu_typo_spacing":0,"ocean_menu_typo_spacing_tablet":0,"ocean_menu_typo_spacing_mobile":0,"ocean_menu_typo_spacing_unit":"","ocean_menu_link_color":"","ocean_menu_link_color_hover":"","ocean_menu_link_color_active":"","ocean_menu_link_background":"","ocean_menu_link_hover_background":"","ocean_menu_link_active_background":"","ocean_menu_social_links_bg":"","ocean_menu_social_hover_links_bg":"","ocean_menu_social_links_color":"","ocean_menu_social_hover_links_color":"","ocean_disable_title":"default","ocean_disable_heading":"default","ocean_post_title":"","ocean_post_subheading":"","ocean_post_title_style":"","ocean_post_title_background_color":"","ocean_post_title_background":0,"ocean_post_title_bg_image_position":"","ocean_post_title_bg_image_attachment":"","ocean_post_title_bg_image_repeat":"","ocean_post_title_bg_image_size":"","ocean_post_title_height":0,"ocean_post_title_bg_overlay":0.5,"ocean_post_title_bg_overlay_color":"","ocean_disable_breadcrumbs":"default","ocean_breadcrumbs_color":"","ocean_breadcrumbs_separator_color":"","ocean_breadcrumbs_links_color":"","ocean_breadcrumbs_links_hover_color":"","ocean_display_footer_widgets":"default","ocean_display_footer_bottom":"default","ocean_custom_footer_template":"0"},"product_brand":[],"product_cat":[339,356,232,290,226],"product_tag":[],"class_list":{"0":"post-8582","1":"product","2":"type-product","3":"status-publish","4":"has-post-thumbnail","6":"product_cat-medallas-y-condecoraciones","7":"product_cat-nuevos-articulos","8":"product_cat-primera-guerra-mundial","9":"product_cat-reino-unido","10":"product_cat-segunda-guerra-mundial","11":"product_shipping_class-paquete-estandar","13":"entry","14":"has-media","16":"first","17":"outofstock","18":"sold-individually","19":"shipping-taxable","20":"purchasable","21":"product-type-simple","22":"has-product-nav","23":"col","24":"span_1_of_4","25":"owp-content-center","26":"item-entry","27":"owp-thumbs-layout-horizontal","28":"owp-btn-very-big","29":"owp-tabs-layout-horizontal"},"aioseo_notices":[],"_links":{"self":[{"href":"https:\/\/lieutenantpoilu.com\/es\/wp-json\/wp\/v2\/product\/8582","targetHints":{"allow":["GET"]}}],"collection":[{"href":"https:\/\/lieutenantpoilu.com\/es\/wp-json\/wp\/v2\/product"}],"about":[{"href":"https:\/\/lieutenantpoilu.com\/es\/wp-json\/wp\/v2\/types\/product"}],"replies":[{"embeddable":true,"href":"https:\/\/lieutenantpoilu.com\/es\/wp-json\/wp\/v2\/comments?post=8582"}],"wp:featuredmedia":[{"embeddable":true,"href":"https:\/\/lieutenantpoilu.com\/es\/wp-json\/wp\/v2\/media\/8234"}],"wp:attachment":[{"href":"https:\/\/lieutenantpoilu.com\/es\/wp-json\/wp\/v2\/media?parent=8582"}],"wp:term":[{"taxonomy":"product_brand","embeddable":true,"href":"https:\/\/lieutenantpoilu.com\/es\/wp-json\/wp\/v2\/product_brand?post=8582"},{"taxonomy":"product_cat","embeddable":true,"href":"https:\/\/lieutenantpoilu.com\/es\/wp-json\/wp\/v2\/product_cat?post=8582"},{"taxonomy":"product_tag","embeddable":true,"href":"https:\/\/lieutenantpoilu.com\/es\/wp-json\/wp\/v2\/product_tag?post=8582"}],"curies":[{"name":"wp","href":"https:\/\/api.w.org\/{rel}","templated":true}]}}