{"id":8208,"date":"2025-05-26T17:36:12","date_gmt":"2025-05-26T15:36:12","guid":{"rendered":"https:\/\/lieutenantpoilu.com\/militaria\/sin%20categor\u00eda\/premio-de-la-armada-imperial-japonesa-1938\/"},"modified":"2025-05-26T17:54:52","modified_gmt":"2025-05-26T15:54:52","slug":"premio-de-la-armada-imperial-japonesa-1938","status":"publish","type":"product","link":"https:\/\/lieutenantpoilu.com\/es\/militaria\/japon\/premio-de-la-armada-imperial-japonesa-1938\/","title":{"rendered":"Distinci\u00f3n de la Armada Imperial Japonesa, A\u00f1o 1938"},"content":{"rendered":"","protected":false},"excerpt":{"rendered":"<p data-start=\"870\" data-end=\"982\">Distinci\u00f3n de la Armada Imperial Japonesa, con la representaci\u00f3n de un casco de samur\u00e1i en el anverso.<\/p>\n<p data-start=\"870\" data-end=\"982\">Esta recompensa fue otorgada por una actuaci\u00f3n destacada en una competencia de torpedos.<\/p>\n<p data-start=\"870\" data-end=\"982\">Una nota manuscrita en el reverso ofrece m\u00e1s informaci\u00f3n sobre el destinatario. Fue concedida al Sr. Uehara Kouji, originario de la ciudad de Abashiri, en la isla de Hokkaido. El Sr. Uehara serv\u00eda en la Armada Imperial Japonesa en la base naval de Yokosuka.<\/p>\n<p data-start=\"870\" data-end=\"982\">El premio se encuentra en perfecto estado.<\/p>\n<p data-start=\"870\" data-end=\"982\">Se entrega con su caja original de madera (madera agrietada, visible en las fotos), fabricada por la reconocida empresa Hattori.<\/p>\n<p data-start=\"870\" data-end=\"982\"><strong>Dimensiones:<\/strong> 23 x 17 cm<\/p>\n","protected":false},"featured_media":8193,"comment_status":"open","ping_status":"closed","template":"","meta":{"_uf_show_specific_survey":0,"_uf_disable_surveys":false,"ocean_post_layout":"","ocean_both_sidebars_style":"","ocean_both_sidebars_content_width":0,"ocean_both_sidebars_sidebars_width":0,"ocean_sidebar":"0","ocean_second_sidebar":"0","ocean_disable_margins":"enable","ocean_add_body_class":"","ocean_shortcode_before_top_bar":"","ocean_shortcode_after_top_bar":"","ocean_shortcode_before_header":"","ocean_shortcode_after_header":"","ocean_has_shortcode":"","ocean_shortcode_after_title":"","ocean_shortcode_before_footer_widgets":"","ocean_shortcode_after_footer_widgets":"","ocean_shortcode_before_footer_bottom":"","ocean_shortcode_after_footer_bottom":"","ocean_display_top_bar":"default","ocean_display_header":"default","ocean_header_style":"","ocean_center_header_left_menu":"0","ocean_custom_header_template":"0","ocean_custom_logo":0,"ocean_custom_retina_logo":0,"ocean_custom_logo_max_width":0,"ocean_custom_logo_tablet_max_width":0,"ocean_custom_logo_mobile_max_width":0,"ocean_custom_logo_max_height":0,"ocean_custom_logo_tablet_max_height":0,"ocean_custom_logo_mobile_max_height":0,"ocean_header_custom_menu":"0","ocean_menu_typo_font_family":"0","ocean_menu_typo_font_subset":"","ocean_menu_typo_font_size":0,"ocean_menu_typo_font_size_tablet":0,"ocean_menu_typo_font_size_mobile":0,"ocean_menu_typo_font_size_unit":"px","ocean_menu_typo_font_weight":"","ocean_menu_typo_font_weight_tablet":"","ocean_menu_typo_font_weight_mobile":"","ocean_menu_typo_transform":"","ocean_menu_typo_transform_tablet":"","ocean_menu_typo_transform_mobile":"","ocean_menu_typo_line_height":0,"ocean_menu_typo_line_height_tablet":0,"ocean_menu_typo_line_height_mobile":0,"ocean_menu_typo_line_height_unit":"","ocean_menu_typo_spacing":0,"ocean_menu_typo_spacing_tablet":0,"ocean_menu_typo_spacing_mobile":0,"ocean_menu_typo_spacing_unit":"","ocean_menu_link_color":"","ocean_menu_link_color_hover":"","ocean_menu_link_color_active":"","ocean_menu_link_background":"","ocean_menu_link_hover_background":"","ocean_menu_link_active_background":"","ocean_menu_social_links_bg":"","ocean_menu_social_hover_links_bg":"","ocean_menu_social_links_color":"","ocean_menu_social_hover_links_color":"","ocean_disable_title":"default","ocean_disable_heading":"default","ocean_post_title":"","ocean_post_subheading":"","ocean_post_title_style":"","ocean_post_title_background_color":"","ocean_post_title_background":0,"ocean_post_title_bg_image_position":"","ocean_post_title_bg_image_attachment":"","ocean_post_title_bg_image_repeat":"","ocean_post_title_bg_image_size":"","ocean_post_title_height":0,"ocean_post_title_bg_overlay":0.5,"ocean_post_title_bg_overlay_color":"","ocean_disable_breadcrumbs":"default","ocean_breadcrumbs_color":"","ocean_breadcrumbs_separator_color":"","ocean_breadcrumbs_links_color":"","ocean_breadcrumbs_links_hover_color":"","ocean_display_footer_widgets":"default","ocean_display_footer_bottom":"default","ocean_custom_footer_template":"0"},"product_brand":[],"product_cat":[286,339,356,226],"product_tag":[],"class_list":{"0":"post-8208","1":"product","2":"type-product","3":"status-publish","4":"has-post-thumbnail","6":"product_cat-japon","7":"product_cat-medallas-y-condecoraciones","8":"product_cat-nuevos-articulos","9":"product_cat-segunda-guerra-mundial","10":"product_shipping_class-paquete-estandar","12":"entry","13":"has-media","15":"first","16":"instock","17":"sold-individually","18":"shipping-taxable","19":"purchasable","20":"product-type-simple","21":"has-product-nav","22":"col","23":"span_1_of_4","24":"owp-content-center","25":"item-entry","26":"owp-thumbs-layout-horizontal","27":"owp-btn-very-big","28":"owp-tabs-layout-horizontal"},"aioseo_notices":[],"_links":{"self":[{"href":"https:\/\/lieutenantpoilu.com\/es\/wp-json\/wp\/v2\/product\/8208","targetHints":{"allow":["GET"]}}],"collection":[{"href":"https:\/\/lieutenantpoilu.com\/es\/wp-json\/wp\/v2\/product"}],"about":[{"href":"https:\/\/lieutenantpoilu.com\/es\/wp-json\/wp\/v2\/types\/product"}],"replies":[{"embeddable":true,"href":"https:\/\/lieutenantpoilu.com\/es\/wp-json\/wp\/v2\/comments?post=8208"}],"wp:featuredmedia":[{"embeddable":true,"href":"https:\/\/lieutenantpoilu.com\/es\/wp-json\/wp\/v2\/media\/8193"}],"wp:attachment":[{"href":"https:\/\/lieutenantpoilu.com\/es\/wp-json\/wp\/v2\/media?parent=8208"}],"wp:term":[{"taxonomy":"product_brand","embeddable":true,"href":"https:\/\/lieutenantpoilu.com\/es\/wp-json\/wp\/v2\/product_brand?post=8208"},{"taxonomy":"product_cat","embeddable":true,"href":"https:\/\/lieutenantpoilu.com\/es\/wp-json\/wp\/v2\/product_cat?post=8208"},{"taxonomy":"product_tag","embeddable":true,"href":"https:\/\/lieutenantpoilu.com\/es\/wp-json\/wp\/v2\/product_tag?post=8208"}],"curies":[{"name":"wp","href":"https:\/\/api.w.org\/{rel}","templated":true}]}}