{"id":7928,"date":"2025-05-13T22:02:02","date_gmt":"2025-05-13T20:02:02","guid":{"rendered":"https:\/\/lieutenantpoilu.com\/militaria\/sin%20categor\u00eda\/medalla-de-santa-elena-con-diploma-veterano-de-la-campana-de-rusia\/"},"modified":"2025-05-13T22:17:38","modified_gmt":"2025-05-13T20:17:38","slug":"medalla-de-santa-elena-con-diploma-veterano-de-la-campana-de-rusia","status":"publish","type":"product","link":"https:\/\/lieutenantpoilu.com\/es\/militaria\/francia\/medalla-de-santa-elena-con-diploma-veterano-de-la-campana-de-rusia\/","title":{"rendered":"Medalla Francesa de Santa Elena con su diploma: Un Veterano de la Campa\u00f1a de Rusia"},"content":{"rendered":"","protected":false},"excerpt":{"rendered":"<p>Medalla de Santa Elena en bronce patinado con su diploma original, atribuida a Abraham Feydit, nacido en Eymet, Francia, el 12 de febrero de 1791, ex Sargento Mayor del ej\u00e9rcito napole\u00f3nico en el 29\u00ba Regimiento de Infanter\u00eda de L\u00ednea.<\/p>\n<p>El soldado Feydit recibi\u00f3 la Legi\u00f3n de Honor, en el grado de caballero, el 22 de agosto de 1850.<\/p>\n<p>Sirvi\u00f3 en la Grande Arm\u00e9e desde 1809 hasta 1814.<\/p>\n<p>Incluso particip\u00f3 en la campa\u00f1a de Rusia de 1812, donde fue herido en combate con una lanzada en el muslo izquierdo, en la batalla de Wilna (Vilnius) en diciembre de 1812.<\/p>\n<p>Fue hecho prisionero de guerra en K\u00f6nigsberg, Prusia Oriental (actual Kaliningrado) en enero de 1813.<\/p>\n<p>Regres\u00f3 a Francia el 21 de noviembre de 1814.<\/p>\n<p>Fue admitido en la \u00abLegi\u00f3n del Dordo\u00f1a\u00bb (13\u00ba de L\u00ednea) en 1814.<\/p>\n<p>Se incorpor\u00f3 en 1822 en el 44\u00ba Regimiento de Infanter\u00eda de L\u00ednea, como veterano, por un periodo de 8 a\u00f1os.<\/p>\n<p>Dimensiones del marco: 25 cm x 36 cm.<\/p>\n<p>Enviaremos al comprador una copia digital (por correo electr\u00f3nico) del acta de identidad del Sargento Mayor Feydit as\u00ed como su historial de servicio en el ejercito.<\/p>\n<p><strong>Estado<\/strong>: Bastante bueno, papel amarillento por el paso del tiempo.<\/p>\n<figure id=\"attachment_7936\" aria-describedby=\"caption-attachment-7936\" style=\"width: 456px\" class=\"wp-caption aligncenter\"><img fetchpriority=\"high\" decoding=\"async\" class=\"wp-image-7936 size-full\" src=\"https:\/\/lieutenantpoilu.com\/wp-content\/uploads\/2025\/05\/napoleons-soldiers-in-vilnius-2.jpg\" alt=\"\" width=\"456\" height=\"330\" srcset=\"https:\/\/lieutenantpoilu.com\/wp-content\/uploads\/2025\/05\/napoleons-soldiers-in-vilnius-2.jpg 456w, https:\/\/lieutenantpoilu.com\/wp-content\/uploads\/2025\/05\/napoleons-soldiers-in-vilnius-2-300x217.jpg 300w\" sizes=\"(max-width: 456px) 100vw, 456px\" \/><figcaption id=\"caption-attachment-7936\" class=\"wp-caption-text\">fuente : https:\/\/vilnews.com<\/figcaption><\/figure>\n","protected":false},"featured_media":7941,"comment_status":"open","ping_status":"closed","template":"","meta":{"_uf_show_specific_survey":0,"_uf_disable_surveys":false,"ocean_post_layout":"","ocean_both_sidebars_style":"","ocean_both_sidebars_content_width":0,"ocean_both_sidebars_sidebars_width":0,"ocean_sidebar":"0","ocean_second_sidebar":"0","ocean_disable_margins":"enable","ocean_add_body_class":"","ocean_shortcode_before_top_bar":"","ocean_shortcode_after_top_bar":"","ocean_shortcode_before_header":"","ocean_shortcode_after_header":"","ocean_has_shortcode":"","ocean_shortcode_after_title":"","ocean_shortcode_before_footer_widgets":"","ocean_shortcode_after_footer_widgets":"","ocean_shortcode_before_footer_bottom":"","ocean_shortcode_after_footer_bottom":"","ocean_display_top_bar":"default","ocean_display_header":"default","ocean_header_style":"","ocean_center_header_left_menu":"0","ocean_custom_header_template":"0","ocean_custom_logo":0,"ocean_custom_retina_logo":0,"ocean_custom_logo_max_width":0,"ocean_custom_logo_tablet_max_width":0,"ocean_custom_logo_mobile_max_width":0,"ocean_custom_logo_max_height":0,"ocean_custom_logo_tablet_max_height":0,"ocean_custom_logo_mobile_max_height":0,"ocean_header_custom_menu":"0","ocean_menu_typo_font_family":"0","ocean_menu_typo_font_subset":"","ocean_menu_typo_font_size":0,"ocean_menu_typo_font_size_tablet":0,"ocean_menu_typo_font_size_mobile":0,"ocean_menu_typo_font_size_unit":"px","ocean_menu_typo_font_weight":"","ocean_menu_typo_font_weight_tablet":"","ocean_menu_typo_font_weight_mobile":"","ocean_menu_typo_transform":"","ocean_menu_typo_transform_tablet":"","ocean_menu_typo_transform_mobile":"","ocean_menu_typo_line_height":0,"ocean_menu_typo_line_height_tablet":0,"ocean_menu_typo_line_height_mobile":0,"ocean_menu_typo_line_height_unit":"","ocean_menu_typo_spacing":0,"ocean_menu_typo_spacing_tablet":0,"ocean_menu_typo_spacing_mobile":0,"ocean_menu_typo_spacing_unit":"","ocean_menu_link_color":"","ocean_menu_link_color_hover":"","ocean_menu_link_color_active":"","ocean_menu_link_background":"","ocean_menu_link_hover_background":"","ocean_menu_link_active_background":"","ocean_menu_social_links_bg":"","ocean_menu_social_hover_links_bg":"","ocean_menu_social_links_color":"","ocean_menu_social_hover_links_color":"","ocean_disable_title":"default","ocean_disable_heading":"default","ocean_post_title":"","ocean_post_subheading":"","ocean_post_title_style":"","ocean_post_title_background_color":"","ocean_post_title_background":0,"ocean_post_title_bg_image_position":"","ocean_post_title_bg_image_attachment":"","ocean_post_title_bg_image_repeat":"","ocean_post_title_bg_image_size":"","ocean_post_title_height":0,"ocean_post_title_bg_overlay":0.5,"ocean_post_title_bg_overlay_color":"","ocean_disable_breadcrumbs":"default","ocean_breadcrumbs_color":"","ocean_breadcrumbs_separator_color":"","ocean_breadcrumbs_links_color":"","ocean_breadcrumbs_links_hover_color":"","ocean_display_footer_widgets":"default","ocean_display_footer_bottom":"default","ocean_custom_footer_template":"0"},"product_brand":[],"product_cat":[274,339,238,356,260],"product_tag":[],"class_list":{"0":"post-7928","1":"product","2":"type-product","3":"status-publish","4":"has-post-thumbnail","6":"product_cat-francia","7":"product_cat-medallas-y-condecoraciones","8":"product_cat-napoleon-bonaparte","9":"product_cat-nuevos-articulos","10":"product_cat-otras-epocas","11":"product_shipping_class-paquete-semi-pesado","13":"entry","14":"has-media","16":"first","17":"outofstock","18":"sold-individually","19":"shipping-taxable","20":"product-type-simple","21":"has-product-nav","22":"col","23":"span_1_of_4","24":"owp-content-center","25":"item-entry","26":"owp-thumbs-layout-horizontal","27":"owp-btn-very-big","28":"owp-tabs-layout-horizontal"},"aioseo_notices":[],"_links":{"self":[{"href":"https:\/\/lieutenantpoilu.com\/es\/wp-json\/wp\/v2\/product\/7928","targetHints":{"allow":["GET"]}}],"collection":[{"href":"https:\/\/lieutenantpoilu.com\/es\/wp-json\/wp\/v2\/product"}],"about":[{"href":"https:\/\/lieutenantpoilu.com\/es\/wp-json\/wp\/v2\/types\/product"}],"replies":[{"embeddable":true,"href":"https:\/\/lieutenantpoilu.com\/es\/wp-json\/wp\/v2\/comments?post=7928"}],"wp:featuredmedia":[{"embeddable":true,"href":"https:\/\/lieutenantpoilu.com\/es\/wp-json\/wp\/v2\/media\/7941"}],"wp:attachment":[{"href":"https:\/\/lieutenantpoilu.com\/es\/wp-json\/wp\/v2\/media?parent=7928"}],"wp:term":[{"taxonomy":"product_brand","embeddable":true,"href":"https:\/\/lieutenantpoilu.com\/es\/wp-json\/wp\/v2\/product_brand?post=7928"},{"taxonomy":"product_cat","embeddable":true,"href":"https:\/\/lieutenantpoilu.com\/es\/wp-json\/wp\/v2\/product_cat?post=7928"},{"taxonomy":"product_tag","embeddable":true,"href":"https:\/\/lieutenantpoilu.com\/es\/wp-json\/wp\/v2\/product_tag?post=7928"}],"curies":[{"name":"wp","href":"https:\/\/api.w.org\/{rel}","templated":true}]}}