{"id":6920,"date":"2025-02-12T16:37:15","date_gmt":"2025-02-12T15:37:15","guid":{"rendered":"https:\/\/lieutenantpoilu.com\/militaria\/sin%20categor\u00eda\/medalla-de-santa-elena-con-su-diploma-de-veterano-cirujano-de-la-armada-bajo-el-primer-imperio-y-la-restauracion\/"},"modified":"2025-02-12T17:00:20","modified_gmt":"2025-02-12T16:00:20","slug":"medalla-de-santa-elena-con-su-diploma-de-veterano-cirujano-de-la-armada-bajo-el-primer-imperio-y-la-restauracion","status":"publish","type":"product","link":"https:\/\/lieutenantpoilu.com\/es\/militaria\/francia\/medalla-de-santa-elena-con-su-diploma-de-veterano-cirujano-de-la-armada-bajo-el-primer-imperio-y-la-restauracion\/","title":{"rendered":"Medalla Francesa de Santa Elena con su diploma \u2013 Un veterano cirujano de la Marina bajo el Primer Imperio y la Restauraci\u00f3n"},"content":{"rendered":"","protected":false},"excerpt":{"rendered":"<p>Medalla de Santa Elena en bronce patinado con su diploma otorgado a Legrand Jean Joseph Tite, nacido en Tol\u00f3n, Francia, el 4 de enero de 1781, veterano Cirujano de Primera Clase de la Marina bajo Napole\u00f3n.<\/p>\n<p>Adem\u00e1s, el Cirujano Legrand recibi\u00f3 la Legi\u00f3n de Honor en el grado de Caballero el 19 de agosto de 1824, bajo la Segunda Restauraci\u00f3n.<\/p>\n<p>Aqu\u00ed hay algunas informaciones sobre el historial de servicio del Cirujano Legrand:<\/p>\n<p>Sirvi\u00f3 como cirujano a bordo de:<\/p>\n<ul>\n<li>La corbeta <em>La Fauvette<\/em> en 1797<\/li>\n<li>La fragata <em>La S\u00e9rieuse<\/em> en 1798<\/li>\n<li>El nav\u00edo <em>Trident<\/em> de 1812 a 1814<\/li>\n<li>La fragata <em>La M\u00e9d\u00e9e<\/em> en 1815<\/li>\n<li>La fragata <em>La Galath\u00e9e<\/em> \/ <em>Galat\u00e9e<\/em> de 1815 a 1819<\/li>\n<li>La fragata <em>Fleurs de Lys<\/em> de 1820 a 1823<\/li>\n<\/ul>\n<p>&nbsp;<\/p>\n<p>Se hundi\u00f3 con la fragata <em>La S\u00e9rieuse<\/em> durante la batalla de Abukir en Egipto, en la noche del 1 al 2 de agosto de 1798.<\/p>\n<p><img fetchpriority=\"high\" decoding=\"async\" class=\"aligncenter wp-image-6915 size-full\" src=\"https:\/\/lieutenantpoilu.com\/wp-content\/uploads\/2025\/02\/bataille-dAboukir.jpg\" alt=\"\" width=\"640\" height=\"340\" srcset=\"https:\/\/lieutenantpoilu.com\/wp-content\/uploads\/2025\/02\/bataille-dAboukir.jpg 640w, https:\/\/lieutenantpoilu.com\/wp-content\/uploads\/2025\/02\/bataille-dAboukir-300x159.jpg 300w, https:\/\/lieutenantpoilu.com\/wp-content\/uploads\/2025\/02\/bataille-dAboukir-600x319.jpg 600w\" sizes=\"(max-width: 640px) 100vw, 640px\" \/><\/p>\n<p>&nbsp;<\/p>\n<p>Capturado el 4 de enero de 1799 como prisionero de guerra.<\/p>\n<p>Combati\u00f3 a bordo del <em>Trident<\/em> contra un nav\u00edo brit\u00e1nico de tres puentes el 13 de febrero de 1814.<\/p>\n<p>Adem\u00e1s, el Cirujano Legrand sirvi\u00f3 en los hospitales de la Marina durante las epidemias de 1794 y 1795, as\u00ed como durante la epidemia de la escuadra del General Ganteaume en 1800 (<em>\u00bfEscuadra del Mediterr\u00e1neo?<\/em>).<\/p>\n<p>Fue admitido como miembro de la Academia de Ciencias, Letras y Artes de Tol\u00f3n el 24 de marzo de 1812.<\/p>\n<p>Doctor en Medicina en la Facultad de Montpellier en 1814.<\/p>\n<p>Enviaremos al comprador una copia digital (por correo electr\u00f3nico) del acta de identidad del Cirujano Legrand, as\u00ed como su historial de servicio en la Marina.<\/p>\n<p><strong>Dimensiones del marco: <\/strong>33, 5 cm x 23, 5 cm<\/p>\n","protected":false},"featured_media":6941,"comment_status":"open","ping_status":"closed","template":"","meta":{"_uf_show_specific_survey":0,"_uf_disable_surveys":false,"ocean_post_layout":"","ocean_both_sidebars_style":"","ocean_both_sidebars_content_width":0,"ocean_both_sidebars_sidebars_width":0,"ocean_sidebar":"0","ocean_second_sidebar":"0","ocean_disable_margins":"enable","ocean_add_body_class":"","ocean_shortcode_before_top_bar":"","ocean_shortcode_after_top_bar":"","ocean_shortcode_before_header":"","ocean_shortcode_after_header":"","ocean_has_shortcode":"","ocean_shortcode_after_title":"","ocean_shortcode_before_footer_widgets":"","ocean_shortcode_after_footer_widgets":"","ocean_shortcode_before_footer_bottom":"","ocean_shortcode_after_footer_bottom":"","ocean_display_top_bar":"default","ocean_display_header":"default","ocean_header_style":"","ocean_center_header_left_menu":"0","ocean_custom_header_template":"0","ocean_custom_logo":0,"ocean_custom_retina_logo":0,"ocean_custom_logo_max_width":0,"ocean_custom_logo_tablet_max_width":0,"ocean_custom_logo_mobile_max_width":0,"ocean_custom_logo_max_height":0,"ocean_custom_logo_tablet_max_height":0,"ocean_custom_logo_mobile_max_height":0,"ocean_header_custom_menu":"0","ocean_menu_typo_font_family":"0","ocean_menu_typo_font_subset":"","ocean_menu_typo_font_size":0,"ocean_menu_typo_font_size_tablet":0,"ocean_menu_typo_font_size_mobile":0,"ocean_menu_typo_font_size_unit":"px","ocean_menu_typo_font_weight":"","ocean_menu_typo_font_weight_tablet":"","ocean_menu_typo_font_weight_mobile":"","ocean_menu_typo_transform":"","ocean_menu_typo_transform_tablet":"","ocean_menu_typo_transform_mobile":"","ocean_menu_typo_line_height":0,"ocean_menu_typo_line_height_tablet":0,"ocean_menu_typo_line_height_mobile":0,"ocean_menu_typo_line_height_unit":"","ocean_menu_typo_spacing":0,"ocean_menu_typo_spacing_tablet":0,"ocean_menu_typo_spacing_mobile":0,"ocean_menu_typo_spacing_unit":"","ocean_menu_link_color":"","ocean_menu_link_color_hover":"","ocean_menu_link_color_active":"","ocean_menu_link_background":"","ocean_menu_link_hover_background":"","ocean_menu_link_active_background":"","ocean_menu_social_links_bg":"","ocean_menu_social_hover_links_bg":"","ocean_menu_social_links_color":"","ocean_menu_social_hover_links_color":"","ocean_disable_title":"default","ocean_disable_heading":"default","ocean_post_title":"","ocean_post_subheading":"","ocean_post_title_style":"","ocean_post_title_background_color":"","ocean_post_title_background":0,"ocean_post_title_bg_image_position":"","ocean_post_title_bg_image_attachment":"","ocean_post_title_bg_image_repeat":"","ocean_post_title_bg_image_size":"","ocean_post_title_height":0,"ocean_post_title_bg_overlay":0.5,"ocean_post_title_bg_overlay_color":"","ocean_disable_breadcrumbs":"default","ocean_breadcrumbs_color":"","ocean_breadcrumbs_separator_color":"","ocean_breadcrumbs_links_color":"","ocean_breadcrumbs_links_hover_color":"","ocean_display_footer_widgets":"default","ocean_display_footer_bottom":"default","ocean_custom_footer_template":"0"},"product_brand":[],"product_cat":[274,339,238,356,260],"product_tag":[],"class_list":{"0":"post-6920","1":"product","2":"type-product","3":"status-publish","4":"has-post-thumbnail","6":"product_cat-francia","7":"product_cat-medallas-y-condecoraciones","8":"product_cat-napoleon-bonaparte","9":"product_cat-nuevos-articulos","10":"product_cat-otras-epocas","11":"product_shipping_class-paquete-estandar","13":"entry","14":"has-media","16":"first","17":"outofstock","18":"sold-individually","19":"shipping-taxable","20":"product-type-simple","21":"has-product-nav","22":"col","23":"span_1_of_4","24":"owp-content-center","25":"item-entry","26":"owp-thumbs-layout-horizontal","27":"owp-btn-very-big","28":"owp-tabs-layout-horizontal"},"aioseo_notices":[],"_links":{"self":[{"href":"https:\/\/lieutenantpoilu.com\/es\/wp-json\/wp\/v2\/product\/6920","targetHints":{"allow":["GET"]}}],"collection":[{"href":"https:\/\/lieutenantpoilu.com\/es\/wp-json\/wp\/v2\/product"}],"about":[{"href":"https:\/\/lieutenantpoilu.com\/es\/wp-json\/wp\/v2\/types\/product"}],"replies":[{"embeddable":true,"href":"https:\/\/lieutenantpoilu.com\/es\/wp-json\/wp\/v2\/comments?post=6920"}],"wp:featuredmedia":[{"embeddable":true,"href":"https:\/\/lieutenantpoilu.com\/es\/wp-json\/wp\/v2\/media\/6941"}],"wp:attachment":[{"href":"https:\/\/lieutenantpoilu.com\/es\/wp-json\/wp\/v2\/media?parent=6920"}],"wp:term":[{"taxonomy":"product_brand","embeddable":true,"href":"https:\/\/lieutenantpoilu.com\/es\/wp-json\/wp\/v2\/product_brand?post=6920"},{"taxonomy":"product_cat","embeddable":true,"href":"https:\/\/lieutenantpoilu.com\/es\/wp-json\/wp\/v2\/product_cat?post=6920"},{"taxonomy":"product_tag","embeddable":true,"href":"https:\/\/lieutenantpoilu.com\/es\/wp-json\/wp\/v2\/product_tag?post=6920"}],"curies":[{"name":"wp","href":"https:\/\/api.w.org\/{rel}","templated":true}]}}