{"id":6812,"date":"2025-02-04T13:19:23","date_gmt":"2025-02-04T12:19:23","guid":{"rendered":"https:\/\/lieutenantpoilu.com\/militaria\/sin%20categor\u00eda\/casco-britanico-mark-iii-segunda-guerra-mundial\/"},"modified":"2025-02-04T13:32:04","modified_gmt":"2025-02-04T12:32:04","slug":"casco-britanico-mark-iii-segunda-guerra-mundial","status":"publish","type":"product","link":"https:\/\/lieutenantpoilu.com\/es\/militaria\/cascos-sombreros-y-gorras\/casco-britanico-mark-iii-segunda-guerra-mundial\/","title":{"rendered":"Casco Brit\u00e1nico Mark III, Segunda Guerra Mundial"},"content":{"rendered":"","protected":false},"excerpt":{"rendered":"<p>Casco Brit\u00e1nico MKIII conocido como \u00abtortuga\u00bb de acero al manganeso, Segunda Guerra Mundial.<\/p>\n<p>El casco MKIII fue fabricado entre 1943 y 1945. Fue dise\u00f1ado para ofrecer una mejor protecci\u00f3n que el Mk II, aunque conserva el liner del Mk II. Fue desplegado por primera vez el 6 de junio de 1944, durante el Desembarco de Normand\u00eda, equipando a las unidades brit\u00e1nicas y canadienses de la primera ola, y de manera m\u00e1s general, equipar\u00e1 a las tropas en los teatros de operaciones europeos durante 1944-1945.<\/p>\n<p>El casco presenta una bonita pintura verde kaki marr\u00f3n, conforme a las producciones de 1944-1945.<\/p>\n<p>El acero es de la f\u00e1brica Rubery Owen &amp; Co (Ro &amp; Co) del principio del a\u00f1o 1945.<\/p>\n<p>El liner es del modelo MKII, hecho de lona encerada montada sobre una estructura de cart\u00f3n comprimido. El liner est\u00e1 marcado por el fabricante FFL (Fisher Foils Ltd) del a\u00f1o 1944. El tama\u00f1o del liner es 7 (57 cm).<\/p>\n<p>El barbijo es del modelo MKIII, hecho de tela el\u00e1stica y de longitud reglamentaria (55 cm) con sus hebillas de sujeci\u00f3n y ajuste en lat\u00f3n cromado.<\/p>\n<p>Se trata de un casco muy bien conservado, homog\u00e9neo, en su configuraci\u00f3n original. \u00a1Una pieza imprescindible para cualquier colecci\u00f3n aliada de la Segunda Guerra Mundial!<\/p>\n<p>Las primeras producciones del casco MKIII fueron distribuidas a los soldados sin el liner. Estos desmontaban los liners de sus cascos MKII para colocarlos en sus nuevos MKIII y luego devolv\u00edan sus cascos antiguos a la intendencia militar.<\/p>\n<p>&nbsp;<\/p>\n<p><img fetchpriority=\"high\" decoding=\"async\" class=\"wp-image-6805 size-full aligncenter\" src=\"https:\/\/lieutenantpoilu.com\/wp-content\/uploads\/2025\/02\/the-campaign-in-normandy-1944-b7748-cefc97.jpg\" alt=\"\" width=\"794\" height=\"800\" srcset=\"https:\/\/lieutenantpoilu.com\/wp-content\/uploads\/2025\/02\/the-campaign-in-normandy-1944-b7748-cefc97.jpg 794w, https:\/\/lieutenantpoilu.com\/wp-content\/uploads\/2025\/02\/the-campaign-in-normandy-1944-b7748-cefc97-298x300.jpg 298w, https:\/\/lieutenantpoilu.com\/wp-content\/uploads\/2025\/02\/the-campaign-in-normandy-1944-b7748-cefc97-150x150.jpg 150w, https:\/\/lieutenantpoilu.com\/wp-content\/uploads\/2025\/02\/the-campaign-in-normandy-1944-b7748-cefc97-768x774.jpg 768w, https:\/\/lieutenantpoilu.com\/wp-content\/uploads\/2025\/02\/the-campaign-in-normandy-1944-b7748-cefc97-600x605.jpg 600w, https:\/\/lieutenantpoilu.com\/wp-content\/uploads\/2025\/02\/the-campaign-in-normandy-1944-b7748-cefc97-100x100.jpg 100w\" sizes=\"(max-width: 794px) 100vw, 794px\" \/><\/p>\n<p><img decoding=\"async\" class=\"aligncenter wp-image-6808 size-full\" src=\"https:\/\/lieutenantpoilu.com\/wp-content\/uploads\/2025\/02\/the-campaign-in-normandy-1944-b5575-023d33.jpg\" alt=\"\" width=\"800\" height=\"496\" srcset=\"https:\/\/lieutenantpoilu.com\/wp-content\/uploads\/2025\/02\/the-campaign-in-normandy-1944-b5575-023d33.jpg 800w, https:\/\/lieutenantpoilu.com\/wp-content\/uploads\/2025\/02\/the-campaign-in-normandy-1944-b5575-023d33-300x186.jpg 300w, https:\/\/lieutenantpoilu.com\/wp-content\/uploads\/2025\/02\/the-campaign-in-normandy-1944-b5575-023d33-768x476.jpg 768w, https:\/\/lieutenantpoilu.com\/wp-content\/uploads\/2025\/02\/the-campaign-in-normandy-1944-b5575-023d33-600x372.jpg 600w\" sizes=\"(max-width: 800px) 100vw, 800px\" \/><\/p>\n<p style=\"text-align: center;\">Fuente: picryl.com<\/p>\n","protected":false},"featured_media":6846,"comment_status":"open","ping_status":"closed","template":"","meta":{"_uf_show_specific_survey":0,"_uf_disable_surveys":false,"ocean_post_layout":"","ocean_both_sidebars_style":"","ocean_both_sidebars_content_width":0,"ocean_both_sidebars_sidebars_width":0,"ocean_sidebar":"0","ocean_second_sidebar":"0","ocean_disable_margins":"enable","ocean_add_body_class":"","ocean_shortcode_before_top_bar":"","ocean_shortcode_after_top_bar":"","ocean_shortcode_before_header":"","ocean_shortcode_after_header":"","ocean_has_shortcode":"","ocean_shortcode_after_title":"","ocean_shortcode_before_footer_widgets":"","ocean_shortcode_after_footer_widgets":"","ocean_shortcode_before_footer_bottom":"","ocean_shortcode_after_footer_bottom":"","ocean_display_top_bar":"default","ocean_display_header":"default","ocean_header_style":"","ocean_center_header_left_menu":"0","ocean_custom_header_template":"0","ocean_custom_logo":0,"ocean_custom_retina_logo":0,"ocean_custom_logo_max_width":0,"ocean_custom_logo_tablet_max_width":0,"ocean_custom_logo_mobile_max_width":0,"ocean_custom_logo_max_height":0,"ocean_custom_logo_tablet_max_height":0,"ocean_custom_logo_mobile_max_height":0,"ocean_header_custom_menu":"0","ocean_menu_typo_font_family":"0","ocean_menu_typo_font_subset":"","ocean_menu_typo_font_size":0,"ocean_menu_typo_font_size_tablet":0,"ocean_menu_typo_font_size_mobile":0,"ocean_menu_typo_font_size_unit":"px","ocean_menu_typo_font_weight":"","ocean_menu_typo_font_weight_tablet":"","ocean_menu_typo_font_weight_mobile":"","ocean_menu_typo_transform":"","ocean_menu_typo_transform_tablet":"","ocean_menu_typo_transform_mobile":"","ocean_menu_typo_line_height":0,"ocean_menu_typo_line_height_tablet":0,"ocean_menu_typo_line_height_mobile":0,"ocean_menu_typo_line_height_unit":"","ocean_menu_typo_spacing":0,"ocean_menu_typo_spacing_tablet":0,"ocean_menu_typo_spacing_mobile":0,"ocean_menu_typo_spacing_unit":"","ocean_menu_link_color":"","ocean_menu_link_color_hover":"","ocean_menu_link_color_active":"","ocean_menu_link_background":"","ocean_menu_link_hover_background":"","ocean_menu_link_active_background":"","ocean_menu_social_links_bg":"","ocean_menu_social_hover_links_bg":"","ocean_menu_social_links_color":"","ocean_menu_social_hover_links_color":"","ocean_disable_title":"default","ocean_disable_heading":"default","ocean_post_title":"","ocean_post_subheading":"","ocean_post_title_style":"","ocean_post_title_background_color":"","ocean_post_title_background":0,"ocean_post_title_bg_image_position":"","ocean_post_title_bg_image_attachment":"","ocean_post_title_bg_image_repeat":"","ocean_post_title_bg_image_size":"","ocean_post_title_height":0,"ocean_post_title_bg_overlay":0.5,"ocean_post_title_bg_overlay_color":"","ocean_disable_breadcrumbs":"default","ocean_breadcrumbs_color":"","ocean_breadcrumbs_separator_color":"","ocean_breadcrumbs_links_color":"","ocean_breadcrumbs_links_hover_color":"","ocean_display_footer_widgets":"default","ocean_display_footer_bottom":"default","ocean_custom_footer_template":"0"},"product_brand":[],"product_cat":[323,356,290,226],"product_tag":[],"class_list":{"0":"post-6812","1":"product","2":"type-product","3":"status-publish","4":"has-post-thumbnail","6":"product_cat-cascos-sombreros-y-gorras","7":"product_cat-nuevos-articulos","8":"product_cat-reino-unido","9":"product_cat-segunda-guerra-mundial","11":"entry","12":"has-media","14":"first","15":"outofstock","16":"shipping-taxable","17":"product-type-simple","18":"has-product-nav","19":"col","20":"span_1_of_4","21":"owp-content-center","22":"item-entry","23":"owp-thumbs-layout-horizontal","24":"owp-btn-very-big","25":"owp-tabs-layout-horizontal"},"aioseo_notices":[],"_links":{"self":[{"href":"https:\/\/lieutenantpoilu.com\/es\/wp-json\/wp\/v2\/product\/6812","targetHints":{"allow":["GET"]}}],"collection":[{"href":"https:\/\/lieutenantpoilu.com\/es\/wp-json\/wp\/v2\/product"}],"about":[{"href":"https:\/\/lieutenantpoilu.com\/es\/wp-json\/wp\/v2\/types\/product"}],"replies":[{"embeddable":true,"href":"https:\/\/lieutenantpoilu.com\/es\/wp-json\/wp\/v2\/comments?post=6812"}],"wp:featuredmedia":[{"embeddable":true,"href":"https:\/\/lieutenantpoilu.com\/es\/wp-json\/wp\/v2\/media\/6846"}],"wp:attachment":[{"href":"https:\/\/lieutenantpoilu.com\/es\/wp-json\/wp\/v2\/media?parent=6812"}],"wp:term":[{"taxonomy":"product_brand","embeddable":true,"href":"https:\/\/lieutenantpoilu.com\/es\/wp-json\/wp\/v2\/product_brand?post=6812"},{"taxonomy":"product_cat","embeddable":true,"href":"https:\/\/lieutenantpoilu.com\/es\/wp-json\/wp\/v2\/product_cat?post=6812"},{"taxonomy":"product_tag","embeddable":true,"href":"https:\/\/lieutenantpoilu.com\/es\/wp-json\/wp\/v2\/product_tag?post=6812"}],"curies":[{"name":"wp","href":"https:\/\/api.w.org\/{rel}","templated":true}]}}