{"id":6552,"date":"2024-12-18T20:17:54","date_gmt":"2024-12-18T19:17:54","guid":{"rendered":"https:\/\/lieutenantpoilu.com\/militaria\/sin%20categor\u00eda\/medallas-y-miniaturas-britanicas-de-la-segunda-guerra-mundial\/"},"modified":"2024-12-18T22:18:30","modified_gmt":"2024-12-18T21:18:30","slug":"medallas-y-miniaturas-britanicas-de-la-segunda-guerra-mundial","status":"publish","type":"product","link":"https:\/\/lieutenantpoilu.com\/es\/militaria\/medallas-y-condecoraciones\/medallas-y-miniaturas-britanicas-de-la-segunda-guerra-mundial\/","title":{"rendered":"Medallas y Miniaturas Brit\u00e1nicas de la Segunda Guerra Mundial"},"content":{"rendered":"","protected":false},"excerpt":{"rendered":"<p>Conjunto muy bonito de medallas, miniaturas y barra de cintas de un veterano brit\u00e1nico de la Segunda Guerra Mundial.<\/p>\n<p>Este conjunto incluye:<\/p>\n<p><strong>Cuatro medallas montadas en tama\u00f1o reglamentario:<\/strong><\/p>\n<ul>\n<li>La Estrella 1939\u20131945<\/li>\n<li>La Estrella de Birmania<\/li>\n<li>La Medalla de Defensa<\/li>\n<li>La Medalla de Guerra (1939\u20131945)<\/li>\n<\/ul>\n<p>&nbsp;<\/p>\n<p><strong>Medallas miniaturas:<\/strong> Un conjunto de cuatro miniaturas correspondientes a las medallas de tama\u00f1o reglamentario.<\/p>\n<p><strong>Barra de cintas:<\/strong> Con tres cintas: las de la Estrella 1939\u20131945, la Estrella de Birmania y la Medalla de Defensa.<\/p>\n<p>Todo el conjunto est\u00e1 en muy buen estado.<\/p>\n<p><strong>Per\u00edodo:<\/strong> Segunda Guerra Mundial<\/p>\n<p>&nbsp;<\/p>\n<p><img fetchpriority=\"high\" decoding=\"async\" class=\"aligncenter wp-image-6578 size-full\" src=\"https:\/\/lieutenantpoilu.com\/wp-content\/uploads\/2024\/12\/Royal_Marines_land_Ramree_Burma.jpg\" alt=\"\" width=\"350\" height=\"240\" srcset=\"https:\/\/lieutenantpoilu.com\/wp-content\/uploads\/2024\/12\/Royal_Marines_land_Ramree_Burma.jpg 350w, https:\/\/lieutenantpoilu.com\/wp-content\/uploads\/2024\/12\/Royal_Marines_land_Ramree_Burma-300x206.jpg 300w\" sizes=\"(max-width: 350px) 100vw, 350px\" \/><\/p>\n<p>&nbsp;<\/p>\n<p><strong>Requisitos para el otorgamiento de estas medallas<\/strong><\/p>\n<p><strong>\u00a0 Estrella 1939\u20131945<\/strong><\/p>\n<ul>\n<li><strong>Elegibilidad:<\/strong> Otorgada por seis meses de servicio operacional durante la Segunda Guerra Mundial, entre el 3 de septiembre de 1939 y el 2 de septiembre de 1945.<\/li>\n<li><strong>Teatro de guerra:<\/strong> Incluye al Ej\u00e9rcito, la Marina y la Fuerza A\u00e9rea en \u00e1reas operativas. Los tripulantes de vuelo deben completar una salida operacional, y el personal de tierra debe desempe\u00f1ar funciones de apoyo en los teatros operativos.<\/li>\n<\/ul>\n<p>&nbsp;<\/p>\n<p><strong>Estrella de Birmania<\/strong><\/p>\n<ul>\n<li><strong>Elegibilidad:<\/strong> Otorgada al personal que sirvi\u00f3 en la campa\u00f1a de Birmania entre el 11 de diciembre de 1941 y el 2 de septiembre de 1945.<\/li>\n<li><strong>Zona de servicio:<\/strong> Incluye operaciones en Birmania, China, Malasia y Sumatra. El personal de la Royal Navy debe servir en aguas operativas espec\u00edficas. La Fuerza A\u00e9rea requiere una salida operacional.<\/li>\n<li><strong>Requisito previo:<\/strong> Primero se debe haber obtenido la Estrella 1939\u20131945.<\/li>\n<\/ul>\n<p>&nbsp;<\/p>\n<p><strong>Medalla de Defensa<\/strong><\/p>\n<ul>\n<li><strong>Elegibilidad:<\/strong> Concedida por servicio no operacional en el Reino Unido y en territorios de ultramar bajo ataque, o para personal no combatiente como la Home Guard, la Defensa Civil y roles similares.<\/li>\n<li><strong>Per\u00edodo de servicio:<\/strong> Un m\u00ednimo de tres a\u00f1os de servicio entre el 3 de septiembre de 1939 y el 2 de septiembre de 1945.<\/li>\n<li><strong>Condiciones:<\/strong> Incluye un a\u00f1o de servicio en el extranjero o seis meses en territorios sometidos a bombardeos o invasiones.<\/li>\n<\/ul>\n<p>&nbsp;<\/p>\n<p><strong>Medalla de Guerra 1939\u20131945<\/strong><\/p>\n<ul>\n<li><strong>Elegibilidad:<\/strong> Otorgada a todo el personal a tiempo completo que haya servido al menos 28 d\u00edas entre el 3 de septiembre de 1939 y el 2 de septiembre de 1945.<\/li>\n<\/ul>\n","protected":false},"featured_media":6563,"comment_status":"open","ping_status":"closed","template":"","meta":{"_uf_show_specific_survey":0,"_uf_disable_surveys":false,"ocean_post_layout":"","ocean_both_sidebars_style":"","ocean_both_sidebars_content_width":0,"ocean_both_sidebars_sidebars_width":0,"ocean_sidebar":"0","ocean_second_sidebar":"0","ocean_disable_margins":"enable","ocean_add_body_class":"","ocean_shortcode_before_top_bar":"","ocean_shortcode_after_top_bar":"","ocean_shortcode_before_header":"","ocean_shortcode_after_header":"","ocean_has_shortcode":"","ocean_shortcode_after_title":"","ocean_shortcode_before_footer_widgets":"","ocean_shortcode_after_footer_widgets":"","ocean_shortcode_before_footer_bottom":"","ocean_shortcode_after_footer_bottom":"","ocean_display_top_bar":"default","ocean_display_header":"default","ocean_header_style":"","ocean_center_header_left_menu":"0","ocean_custom_header_template":"0","ocean_custom_logo":0,"ocean_custom_retina_logo":0,"ocean_custom_logo_max_width":0,"ocean_custom_logo_tablet_max_width":0,"ocean_custom_logo_mobile_max_width":0,"ocean_custom_logo_max_height":0,"ocean_custom_logo_tablet_max_height":0,"ocean_custom_logo_mobile_max_height":0,"ocean_header_custom_menu":"0","ocean_menu_typo_font_family":"0","ocean_menu_typo_font_subset":"","ocean_menu_typo_font_size":0,"ocean_menu_typo_font_size_tablet":0,"ocean_menu_typo_font_size_mobile":0,"ocean_menu_typo_font_size_unit":"px","ocean_menu_typo_font_weight":"","ocean_menu_typo_font_weight_tablet":"","ocean_menu_typo_font_weight_mobile":"","ocean_menu_typo_transform":"","ocean_menu_typo_transform_tablet":"","ocean_menu_typo_transform_mobile":"","ocean_menu_typo_line_height":0,"ocean_menu_typo_line_height_tablet":0,"ocean_menu_typo_line_height_mobile":0,"ocean_menu_typo_line_height_unit":"","ocean_menu_typo_spacing":0,"ocean_menu_typo_spacing_tablet":0,"ocean_menu_typo_spacing_mobile":0,"ocean_menu_typo_spacing_unit":"","ocean_menu_link_color":"","ocean_menu_link_color_hover":"","ocean_menu_link_color_active":"","ocean_menu_link_background":"","ocean_menu_link_hover_background":"","ocean_menu_link_active_background":"","ocean_menu_social_links_bg":"","ocean_menu_social_hover_links_bg":"","ocean_menu_social_links_color":"","ocean_menu_social_hover_links_color":"","ocean_disable_title":"default","ocean_disable_heading":"default","ocean_post_title":"","ocean_post_subheading":"","ocean_post_title_style":"","ocean_post_title_background_color":"","ocean_post_title_background":0,"ocean_post_title_bg_image_position":"","ocean_post_title_bg_image_attachment":"","ocean_post_title_bg_image_repeat":"","ocean_post_title_bg_image_size":"","ocean_post_title_height":0,"ocean_post_title_bg_overlay":0.5,"ocean_post_title_bg_overlay_color":"","ocean_disable_breadcrumbs":"default","ocean_breadcrumbs_color":"","ocean_breadcrumbs_separator_color":"","ocean_breadcrumbs_links_color":"","ocean_breadcrumbs_links_hover_color":"","ocean_display_footer_widgets":"default","ocean_display_footer_bottom":"default","ocean_custom_footer_template":"0"},"product_brand":[],"product_cat":[339,356,296,290,226],"product_tag":[],"class_list":{"0":"post-6552","1":"product","2":"type-product","3":"status-publish","4":"has-post-thumbnail","6":"product_cat-medallas-y-condecoraciones","7":"product_cat-nuevos-articulos","8":"product_cat-otros-paises-del-commonwealth","9":"product_cat-reino-unido","10":"product_cat-segunda-guerra-mundial","11":"product_shipping_class-paquete-estandar","13":"entry","14":"has-media","16":"first","17":"outofstock","18":"sold-individually","19":"shipping-taxable","20":"purchasable","21":"product-type-simple","22":"has-product-nav","23":"col","24":"span_1_of_4","25":"owp-content-center","26":"item-entry","27":"owp-thumbs-layout-horizontal","28":"owp-btn-very-big","29":"owp-tabs-layout-horizontal"},"aioseo_notices":[],"_links":{"self":[{"href":"https:\/\/lieutenantpoilu.com\/es\/wp-json\/wp\/v2\/product\/6552","targetHints":{"allow":["GET"]}}],"collection":[{"href":"https:\/\/lieutenantpoilu.com\/es\/wp-json\/wp\/v2\/product"}],"about":[{"href":"https:\/\/lieutenantpoilu.com\/es\/wp-json\/wp\/v2\/types\/product"}],"replies":[{"embeddable":true,"href":"https:\/\/lieutenantpoilu.com\/es\/wp-json\/wp\/v2\/comments?post=6552"}],"wp:featuredmedia":[{"embeddable":true,"href":"https:\/\/lieutenantpoilu.com\/es\/wp-json\/wp\/v2\/media\/6563"}],"wp:attachment":[{"href":"https:\/\/lieutenantpoilu.com\/es\/wp-json\/wp\/v2\/media?parent=6552"}],"wp:term":[{"taxonomy":"product_brand","embeddable":true,"href":"https:\/\/lieutenantpoilu.com\/es\/wp-json\/wp\/v2\/product_brand?post=6552"},{"taxonomy":"product_cat","embeddable":true,"href":"https:\/\/lieutenantpoilu.com\/es\/wp-json\/wp\/v2\/product_cat?post=6552"},{"taxonomy":"product_tag","embeddable":true,"href":"https:\/\/lieutenantpoilu.com\/es\/wp-json\/wp\/v2\/product_tag?post=6552"}],"curies":[{"name":"wp","href":"https:\/\/api.w.org\/{rel}","templated":true}]}}