{"id":6355,"date":"2024-11-26T15:56:55","date_gmt":"2024-11-26T14:56:55","guid":{"rendered":"https:\/\/lieutenantpoilu.com\/militaria\/sin%20categor\u00eda\/erkennungsmarke-aleman-organizacion-todt-segunda-guerra-mundial\/"},"modified":"2024-11-26T16:19:54","modified_gmt":"2024-11-26T15:19:54","slug":"erkennungsmarke-aleman-organizacion-todt-segunda-guerra-mundial","status":"publish","type":"product","link":"https:\/\/lieutenantpoilu.com\/es\/militaria\/alemania\/erkennungsmarke-aleman-organizacion-todt-segunda-guerra-mundial\/","title":{"rendered":"Placa de Identificaci\u00f3n Erkennungsmarke alemana, Organizaci\u00f3n Todt, Segunda Guerra Mundial"},"content":{"rendered":"","protected":false},"excerpt":{"rendered":"<p>Placa de identificaci\u00f3n (Erkennungsmarke) de un miembro de la Organizaci\u00f3n Todt, Segunda Guerra Mundial.<\/p>\n<p>Placa estampada con ORG. TODT (Organizaci\u00f3n TODT) y el n\u00famero de matricula: 252813.<\/p>\n<p>Placa de zinc con dimensiones de 7 cm x 5 cm.<\/p>\n<p>Erkennungsmarke en buen estado general.<\/p>\n<p>La Organizaci\u00f3n Todt (OT) fue una organizaci\u00f3n alemana fundada en 1938 por el ingeniero Fritz Todt bajo el r\u00e9gimen nazi. Se especializaba en proyectos de ingenier\u00eda civil y militar. Durante la Segunda Guerra Mundial, desempe\u00f1\u00f3 un papel crucial en la construcci\u00f3n de infraestructuras estrat\u00e9gicas, como la L\u00ednea Siegfried y el Muro del Atl\u00e1ntico.<\/p>\n<figure id=\"attachment_6351\" aria-describedby=\"caption-attachment-6351\" style=\"width: 1024px\" class=\"wp-caption aligncenter\"><img fetchpriority=\"high\" decoding=\"async\" class=\"wp-image-6351 size-large\" src=\"https:\/\/lieutenantpoilu.com\/wp-content\/uploads\/2024\/11\/ww2-german-organisation-todt-1024x601.jpg\" alt=\"organizaci\u00f3n Todt, Segunda Guerra Mundial\" width=\"1024\" height=\"601\" srcset=\"https:\/\/lieutenantpoilu.com\/wp-content\/uploads\/2024\/11\/ww2-german-organisation-todt-1024x601.jpg 1024w, https:\/\/lieutenantpoilu.com\/wp-content\/uploads\/2024\/11\/ww2-german-organisation-todt-300x176.jpg 300w, https:\/\/lieutenantpoilu.com\/wp-content\/uploads\/2024\/11\/ww2-german-organisation-todt-768x451.jpg 768w, https:\/\/lieutenantpoilu.com\/wp-content\/uploads\/2024\/11\/ww2-german-organisation-todt-600x352.jpg 600w, https:\/\/lieutenantpoilu.com\/wp-content\/uploads\/2024\/11\/ww2-german-organisation-todt.jpg 1250w\" sizes=\"(max-width: 1024px) 100vw, 1024px\" \/><figcaption id=\"caption-attachment-6351\" class=\"wp-caption-text\">fuente: https:\/\/www.belgiumwwii.be\/<\/figcaption><\/figure>\n<p>&nbsp;<\/p>\n<p>La OT depend\u00eda en gran medida del trabajo forzado, incluyendo prisioneros de guerra, deportados y reclutados, movilizando alrededor de 2 millones de personas para 1944. Despu\u00e9s de la muerte de su fundador Fritz Todt en 1942, la organizaci\u00f3n qued\u00f3 bajo la direcci\u00f3n de Albert Speer, Ministro de Armamento, y continu\u00f3 desempe\u00f1ando un papel clave en el esfuerzo de guerra nazi hasta el final del conflicto en 1945.<\/p>\n","protected":false},"featured_media":6368,"comment_status":"open","ping_status":"closed","template":"","meta":{"_uf_show_specific_survey":0,"_uf_disable_surveys":false,"ocean_post_layout":"","ocean_both_sidebars_style":"","ocean_both_sidebars_content_width":0,"ocean_both_sidebars_sidebars_width":0,"ocean_sidebar":"0","ocean_second_sidebar":"0","ocean_disable_margins":"enable","ocean_add_body_class":"","ocean_shortcode_before_top_bar":"","ocean_shortcode_after_top_bar":"","ocean_shortcode_before_header":"","ocean_shortcode_after_header":"","ocean_has_shortcode":"","ocean_shortcode_after_title":"","ocean_shortcode_before_footer_widgets":"","ocean_shortcode_after_footer_widgets":"","ocean_shortcode_before_footer_bottom":"","ocean_shortcode_after_footer_bottom":"","ocean_display_top_bar":"default","ocean_display_header":"default","ocean_header_style":"","ocean_center_header_left_menu":"0","ocean_custom_header_template":"0","ocean_custom_logo":0,"ocean_custom_retina_logo":0,"ocean_custom_logo_max_width":0,"ocean_custom_logo_tablet_max_width":0,"ocean_custom_logo_mobile_max_width":0,"ocean_custom_logo_max_height":0,"ocean_custom_logo_tablet_max_height":0,"ocean_custom_logo_mobile_max_height":0,"ocean_header_custom_menu":"0","ocean_menu_typo_font_family":"0","ocean_menu_typo_font_subset":"","ocean_menu_typo_font_size":0,"ocean_menu_typo_font_size_tablet":0,"ocean_menu_typo_font_size_mobile":0,"ocean_menu_typo_font_size_unit":"px","ocean_menu_typo_font_weight":"","ocean_menu_typo_font_weight_tablet":"","ocean_menu_typo_font_weight_mobile":"","ocean_menu_typo_transform":"","ocean_menu_typo_transform_tablet":"","ocean_menu_typo_transform_mobile":"","ocean_menu_typo_line_height":0,"ocean_menu_typo_line_height_tablet":0,"ocean_menu_typo_line_height_mobile":0,"ocean_menu_typo_line_height_unit":"","ocean_menu_typo_spacing":0,"ocean_menu_typo_spacing_tablet":0,"ocean_menu_typo_spacing_mobile":0,"ocean_menu_typo_spacing_unit":"","ocean_menu_link_color":"","ocean_menu_link_color_hover":"","ocean_menu_link_color_active":"","ocean_menu_link_background":"","ocean_menu_link_hover_background":"","ocean_menu_link_active_background":"","ocean_menu_social_links_bg":"","ocean_menu_social_hover_links_bg":"","ocean_menu_social_links_color":"","ocean_menu_social_hover_links_color":"","ocean_disable_title":"default","ocean_disable_heading":"default","ocean_post_title":"","ocean_post_subheading":"","ocean_post_title_style":"","ocean_post_title_background_color":"","ocean_post_title_background":0,"ocean_post_title_bg_image_position":"","ocean_post_title_bg_image_attachment":"","ocean_post_title_bg_image_repeat":"","ocean_post_title_bg_image_size":"","ocean_post_title_height":0,"ocean_post_title_bg_overlay":0.5,"ocean_post_title_bg_overlay_color":"","ocean_disable_breadcrumbs":"default","ocean_breadcrumbs_color":"","ocean_breadcrumbs_separator_color":"","ocean_breadcrumbs_links_color":"","ocean_breadcrumbs_links_hover_color":"","ocean_display_footer_widgets":"default","ocean_display_footer_bottom":"default","ocean_custom_footer_template":"0"},"product_brand":[],"product_cat":[262,356,347,226],"product_tag":[],"class_list":{"0":"post-6355","1":"product","2":"type-product","3":"status-publish","4":"has-post-thumbnail","6":"product_cat-alemania","7":"product_cat-nuevos-articulos","8":"product_cat-otros-articulos-militares","9":"product_cat-segunda-guerra-mundial","10":"product_shipping_class-paquete-ligero","12":"entry","13":"has-media","15":"first","16":"outofstock","17":"sold-individually","18":"shipping-taxable","19":"product-type-simple","20":"has-product-nav","21":"col","22":"span_1_of_4","23":"owp-content-center","24":"item-entry","25":"owp-thumbs-layout-horizontal","26":"owp-btn-very-big","27":"owp-tabs-layout-horizontal"},"aioseo_notices":[],"_links":{"self":[{"href":"https:\/\/lieutenantpoilu.com\/es\/wp-json\/wp\/v2\/product\/6355","targetHints":{"allow":["GET"]}}],"collection":[{"href":"https:\/\/lieutenantpoilu.com\/es\/wp-json\/wp\/v2\/product"}],"about":[{"href":"https:\/\/lieutenantpoilu.com\/es\/wp-json\/wp\/v2\/types\/product"}],"replies":[{"embeddable":true,"href":"https:\/\/lieutenantpoilu.com\/es\/wp-json\/wp\/v2\/comments?post=6355"}],"wp:featuredmedia":[{"embeddable":true,"href":"https:\/\/lieutenantpoilu.com\/es\/wp-json\/wp\/v2\/media\/6368"}],"wp:attachment":[{"href":"https:\/\/lieutenantpoilu.com\/es\/wp-json\/wp\/v2\/media?parent=6355"}],"wp:term":[{"taxonomy":"product_brand","embeddable":true,"href":"https:\/\/lieutenantpoilu.com\/es\/wp-json\/wp\/v2\/product_brand?post=6355"},{"taxonomy":"product_cat","embeddable":true,"href":"https:\/\/lieutenantpoilu.com\/es\/wp-json\/wp\/v2\/product_cat?post=6355"},{"taxonomy":"product_tag","embeddable":true,"href":"https:\/\/lieutenantpoilu.com\/es\/wp-json\/wp\/v2\/product_tag?post=6355"}],"curies":[{"name":"wp","href":"https:\/\/api.w.org\/{rel}","templated":true}]}}