{"id":6226,"date":"2024-11-06T21:16:05","date_gmt":"2024-11-06T20:16:05","guid":{"rendered":"https:\/\/lieutenantpoilu.com\/militaria\/sin%20categor\u00eda\/cantimplora-francesa-modelo-1877-15-primera-guerra-mundial\/"},"modified":"2024-11-06T21:28:39","modified_gmt":"2024-11-06T20:28:39","slug":"cantimplora-francesa-modelo-1877-15-primera-guerra-mundial","status":"publish","type":"product","link":"https:\/\/lieutenantpoilu.com\/es\/militaria\/francia\/cantimplora-francesa-modelo-1877-15-primera-guerra-mundial\/","title":{"rendered":"Cantimplora Francesa Modelo 1877\/15, Primera Guerra Mundial"},"content":{"rendered":"","protected":false},"excerpt":{"rendered":"<p>Cantimplora francesa modelo 1877\/15 de la Primera Guerra Mundial.<\/p>\n<p>Cantimplora de dos litros recubierta con una funda de tela azul horizonte.<\/p>\n<p>Tiene los dos tapones, el mayor estampado por el fabricante y conservando su cuerda original.<\/p>\n<p>El tap\u00f3n peque\u00f1o de madera ha sido aserrado o recortado por el soldado, como era com\u00fan a partir de 1914, ya que este peque\u00f1o tap\u00f3n se adaptaba muy poco a las nuevas condiciones impuestas por la guerra.<\/p>\n<p>Correa original larga de cuero color avellana, en buen estado general.<\/p>\n<p>Le faltan dos ojales met\u00e1licos a la funda. Posee su cord\u00f3n de ajuste.<\/p>\n<p>Vaso grande, tambi\u00e9n conocido como el modelo \u00abcolonial\u00bb.<\/p>\n<p>Conjunto en bastante buen estado, con algunos agujeros de polilla visibles en las fotos.<\/p>\n<p><strong>\u00c9poca<\/strong>: Primera Guerra Mundial, 1915-1918.<\/p>\n<p>En 1914, el ej\u00e9rcito franc\u00e9s usaba dos modelos de cantimploras con capacidades diferentes: una cantimplora de un litro para las tropas metropolitanas y una cantimplora de dos litros (o dos cantimploras de un litro) para los soldados en regiones c\u00e1lidas (Infanter\u00eda colonial, ej\u00e9rcito de \u00c1frica). En 1915, debido a las dificultades para abastecer de agua al frente, el modelo de dos litros se distribuy\u00f3 progresivamente a todas las fuerzas armadas.<\/p>\n<p>&nbsp;<\/p>\n<figure id=\"attachment_6199\" aria-describedby=\"caption-attachment-6199\" style=\"width: 801px\" class=\"wp-caption aligncenter\"><img fetchpriority=\"high\" decoding=\"async\" class=\"wp-image-6199 size-large\" src=\"https:\/\/lieutenantpoilu.com\/wp-content\/uploads\/2024\/11\/poilu-bidon-1877-801x1024.jpg\" alt=\"\" width=\"801\" height=\"1024\" srcset=\"https:\/\/lieutenantpoilu.com\/wp-content\/uploads\/2024\/11\/poilu-bidon-1877-801x1024.jpg 801w, https:\/\/lieutenantpoilu.com\/wp-content\/uploads\/2024\/11\/poilu-bidon-1877-235x300.jpg 235w, https:\/\/lieutenantpoilu.com\/wp-content\/uploads\/2024\/11\/poilu-bidon-1877-768x982.jpg 768w, https:\/\/lieutenantpoilu.com\/wp-content\/uploads\/2024\/11\/poilu-bidon-1877-600x767.jpg 600w, https:\/\/lieutenantpoilu.com\/wp-content\/uploads\/2024\/11\/poilu-bidon-1877.jpg 1000w\" sizes=\"(max-width: 801px) 100vw, 801px\" \/><figcaption id=\"caption-attachment-6199\" class=\"wp-caption-text\">Fuente: https:\/\/www.kuriocity.fr\/<\/figcaption><\/figure>\n","protected":false},"featured_media":6222,"comment_status":"open","ping_status":"closed","template":"","meta":{"_uf_show_specific_survey":0,"_uf_disable_surveys":false,"ocean_post_layout":"","ocean_both_sidebars_style":"","ocean_both_sidebars_content_width":0,"ocean_both_sidebars_sidebars_width":0,"ocean_sidebar":"0","ocean_second_sidebar":"0","ocean_disable_margins":"enable","ocean_add_body_class":"","ocean_shortcode_before_top_bar":"","ocean_shortcode_after_top_bar":"","ocean_shortcode_before_header":"","ocean_shortcode_after_header":"","ocean_has_shortcode":"","ocean_shortcode_after_title":"","ocean_shortcode_before_footer_widgets":"","ocean_shortcode_after_footer_widgets":"","ocean_shortcode_before_footer_bottom":"","ocean_shortcode_after_footer_bottom":"","ocean_display_top_bar":"default","ocean_display_header":"default","ocean_header_style":"","ocean_center_header_left_menu":"0","ocean_custom_header_template":"0","ocean_custom_logo":0,"ocean_custom_retina_logo":0,"ocean_custom_logo_max_width":0,"ocean_custom_logo_tablet_max_width":0,"ocean_custom_logo_mobile_max_width":0,"ocean_custom_logo_max_height":0,"ocean_custom_logo_tablet_max_height":0,"ocean_custom_logo_mobile_max_height":0,"ocean_header_custom_menu":"0","ocean_menu_typo_font_family":"0","ocean_menu_typo_font_subset":"","ocean_menu_typo_font_size":0,"ocean_menu_typo_font_size_tablet":0,"ocean_menu_typo_font_size_mobile":0,"ocean_menu_typo_font_size_unit":"px","ocean_menu_typo_font_weight":"","ocean_menu_typo_font_weight_tablet":"","ocean_menu_typo_font_weight_mobile":"","ocean_menu_typo_transform":"","ocean_menu_typo_transform_tablet":"","ocean_menu_typo_transform_mobile":"","ocean_menu_typo_line_height":0,"ocean_menu_typo_line_height_tablet":0,"ocean_menu_typo_line_height_mobile":0,"ocean_menu_typo_line_height_unit":"","ocean_menu_typo_spacing":0,"ocean_menu_typo_spacing_tablet":0,"ocean_menu_typo_spacing_mobile":0,"ocean_menu_typo_spacing_unit":"","ocean_menu_link_color":"","ocean_menu_link_color_hover":"","ocean_menu_link_color_active":"","ocean_menu_link_background":"","ocean_menu_link_hover_background":"","ocean_menu_link_active_background":"","ocean_menu_social_links_bg":"","ocean_menu_social_hover_links_bg":"","ocean_menu_social_links_color":"","ocean_menu_social_hover_links_color":"","ocean_disable_title":"default","ocean_disable_heading":"default","ocean_post_title":"","ocean_post_subheading":"","ocean_post_title_style":"","ocean_post_title_background_color":"","ocean_post_title_background":0,"ocean_post_title_bg_image_position":"","ocean_post_title_bg_image_attachment":"","ocean_post_title_bg_image_repeat":"","ocean_post_title_bg_image_size":"","ocean_post_title_height":0,"ocean_post_title_bg_overlay":0.5,"ocean_post_title_bg_overlay_color":"","ocean_disable_breadcrumbs":"default","ocean_breadcrumbs_color":"","ocean_breadcrumbs_separator_color":"","ocean_breadcrumbs_links_color":"","ocean_breadcrumbs_links_hover_color":"","ocean_display_footer_widgets":"default","ocean_display_footer_bottom":"default","ocean_custom_footer_template":"0"},"product_brand":[],"product_cat":[274,356,347,232],"product_tag":[],"class_list":{"0":"post-6226","1":"product","2":"type-product","3":"status-publish","4":"has-post-thumbnail","6":"product_cat-francia","7":"product_cat-nuevos-articulos","8":"product_cat-otros-articulos-militares","9":"product_cat-primera-guerra-mundial","10":"product_shipping_class-paquete-estandar","12":"entry","13":"has-media","15":"first","16":"outofstock","17":"sold-individually","18":"shipping-taxable","19":"purchasable","20":"product-type-simple","21":"has-product-nav","22":"col","23":"span_1_of_4","24":"owp-content-center","25":"item-entry","26":"owp-thumbs-layout-horizontal","27":"owp-btn-very-big","28":"owp-tabs-layout-horizontal"},"aioseo_notices":[],"_links":{"self":[{"href":"https:\/\/lieutenantpoilu.com\/es\/wp-json\/wp\/v2\/product\/6226","targetHints":{"allow":["GET"]}}],"collection":[{"href":"https:\/\/lieutenantpoilu.com\/es\/wp-json\/wp\/v2\/product"}],"about":[{"href":"https:\/\/lieutenantpoilu.com\/es\/wp-json\/wp\/v2\/types\/product"}],"replies":[{"embeddable":true,"href":"https:\/\/lieutenantpoilu.com\/es\/wp-json\/wp\/v2\/comments?post=6226"}],"wp:featuredmedia":[{"embeddable":true,"href":"https:\/\/lieutenantpoilu.com\/es\/wp-json\/wp\/v2\/media\/6222"}],"wp:attachment":[{"href":"https:\/\/lieutenantpoilu.com\/es\/wp-json\/wp\/v2\/media?parent=6226"}],"wp:term":[{"taxonomy":"product_brand","embeddable":true,"href":"https:\/\/lieutenantpoilu.com\/es\/wp-json\/wp\/v2\/product_brand?post=6226"},{"taxonomy":"product_cat","embeddable":true,"href":"https:\/\/lieutenantpoilu.com\/es\/wp-json\/wp\/v2\/product_cat?post=6226"},{"taxonomy":"product_tag","embeddable":true,"href":"https:\/\/lieutenantpoilu.com\/es\/wp-json\/wp\/v2\/product_tag?post=6226"}],"curies":[{"name":"wp","href":"https:\/\/api.w.org\/{rel}","templated":true}]}}