{"id":5946,"date":"2024-10-19T22:58:31","date_gmt":"2024-10-19T20:58:31","guid":{"rendered":"https:\/\/lieutenantpoilu.com\/militaria\/sin%20categor\u00eda\/casco-frances-modelo-35-37-para-tropas-motorizadas-y-motociclistas-segunda-guerra-mundial\/"},"modified":"2024-10-19T23:19:33","modified_gmt":"2024-10-19T21:19:33","slug":"casco-frances-modelo-35-37-para-tropas-motorizadas-y-motociclistas-segunda-guerra-mundial","status":"publish","type":"product","link":"https:\/\/lieutenantpoilu.com\/es\/militaria\/cascos-sombreros-y-gorras\/casco-frances-modelo-35-37-para-tropas-motorizadas-y-motociclistas-segunda-guerra-mundial\/","title":{"rendered":"Casco franc\u00e9s Modelo 35\/37 para tropas motorizadas y motociclistas, Segunda Guerra Mundial"},"content":{"rendered":"","protected":false},"excerpt":{"rendered":"<p>Casco modelo 1935\/37 para tropas motorizadas y motociclistas, \u00e9poca de la liberaci\u00f3n.<\/p>\n<p>Casco con borde y liner de cuero marr\u00f3n\/habano. Leng\u00fceta de protecci\u00f3n frontal conforme al modelo 35\/37. Desviaci\u00f3n del guardanuca de 160 grados.<\/p>\n<p>Presencia de sus dos solapas que hacen al barbijo y forman una \u00fanica parte con el liner. Sistema de cierre con hebilla de espiga. La solapa izquierda est\u00e1 parcialmente rasgada (visible en las fotos). Una grapa inoxidable esta descosida del liner. Algunas peque\u00f1as faltas de cuero en el borde interior.<\/p>\n<p>El casco tiene galones pintados de jefe de Batall\u00f3n (comandante) y parece no haber recibido insignia alguna.<\/p>\n<p>Se trata de una bella pieza de combate. Este casco es, sin duda, testigo de los combates de la Liberaci\u00f3n de 1944. El casco est\u00e1 algo desgastado, pero presenta un estado general aceptable.<\/p>\n<p>Este casco estaba destinado a:<\/p>\n<ul>\n<li>Todo el personal de las formaciones de tanques de combate<\/li>\n<li>Todo el personal de las formaciones blindadas de caballer\u00eda, de veh\u00edculos ligeros y otros veh\u00edculos blindados<\/li>\n<li>Todo motociclista y tripulaci\u00f3n de sidecar de todas las armas<\/li>\n<\/ul>\n<p>&nbsp;<\/p>\n<ul>\n<li><img fetchpriority=\"high\" decoding=\"async\" class=\"alignnone wp-image-5900 size-full\" src=\"https:\/\/lieutenantpoilu.com\/wp-content\/uploads\/2024\/10\/tankiste-1940.jpg\" alt=\"\" width=\"708\" height=\"700\" srcset=\"https:\/\/lieutenantpoilu.com\/wp-content\/uploads\/2024\/10\/tankiste-1940.jpg 708w, https:\/\/lieutenantpoilu.com\/wp-content\/uploads\/2024\/10\/tankiste-1940-300x297.jpg 300w, https:\/\/lieutenantpoilu.com\/wp-content\/uploads\/2024\/10\/tankiste-1940-600x593.jpg 600w, https:\/\/lieutenantpoilu.com\/wp-content\/uploads\/2024\/10\/tankiste-1940-100x100.jpg 100w\" sizes=\"(max-width: 708px) 100vw, 708px\" \/><\/li>\n<\/ul>\n","protected":false},"featured_media":5914,"comment_status":"open","ping_status":"closed","template":"","meta":{"_uf_show_specific_survey":0,"_uf_disable_surveys":false,"ocean_post_layout":"","ocean_both_sidebars_style":"","ocean_both_sidebars_content_width":0,"ocean_both_sidebars_sidebars_width":0,"ocean_sidebar":"0","ocean_second_sidebar":"0","ocean_disable_margins":"enable","ocean_add_body_class":"","ocean_shortcode_before_top_bar":"","ocean_shortcode_after_top_bar":"","ocean_shortcode_before_header":"","ocean_shortcode_after_header":"","ocean_has_shortcode":"","ocean_shortcode_after_title":"","ocean_shortcode_before_footer_widgets":"","ocean_shortcode_after_footer_widgets":"","ocean_shortcode_before_footer_bottom":"","ocean_shortcode_after_footer_bottom":"","ocean_display_top_bar":"default","ocean_display_header":"default","ocean_header_style":"","ocean_center_header_left_menu":"0","ocean_custom_header_template":"0","ocean_custom_logo":0,"ocean_custom_retina_logo":0,"ocean_custom_logo_max_width":0,"ocean_custom_logo_tablet_max_width":0,"ocean_custom_logo_mobile_max_width":0,"ocean_custom_logo_max_height":0,"ocean_custom_logo_tablet_max_height":0,"ocean_custom_logo_mobile_max_height":0,"ocean_header_custom_menu":"0","ocean_menu_typo_font_family":"0","ocean_menu_typo_font_subset":"","ocean_menu_typo_font_size":0,"ocean_menu_typo_font_size_tablet":0,"ocean_menu_typo_font_size_mobile":0,"ocean_menu_typo_font_size_unit":"px","ocean_menu_typo_font_weight":"","ocean_menu_typo_font_weight_tablet":"","ocean_menu_typo_font_weight_mobile":"","ocean_menu_typo_transform":"","ocean_menu_typo_transform_tablet":"","ocean_menu_typo_transform_mobile":"","ocean_menu_typo_line_height":0,"ocean_menu_typo_line_height_tablet":0,"ocean_menu_typo_line_height_mobile":0,"ocean_menu_typo_line_height_unit":"","ocean_menu_typo_spacing":0,"ocean_menu_typo_spacing_tablet":0,"ocean_menu_typo_spacing_mobile":0,"ocean_menu_typo_spacing_unit":"","ocean_menu_link_color":"","ocean_menu_link_color_hover":"","ocean_menu_link_color_active":"","ocean_menu_link_background":"","ocean_menu_link_hover_background":"","ocean_menu_link_active_background":"","ocean_menu_social_links_bg":"","ocean_menu_social_hover_links_bg":"","ocean_menu_social_links_color":"","ocean_menu_social_hover_links_color":"","ocean_disable_title":"default","ocean_disable_heading":"default","ocean_post_title":"","ocean_post_subheading":"","ocean_post_title_style":"","ocean_post_title_background_color":"","ocean_post_title_background":0,"ocean_post_title_bg_image_position":"","ocean_post_title_bg_image_attachment":"","ocean_post_title_bg_image_repeat":"","ocean_post_title_bg_image_size":"","ocean_post_title_height":0,"ocean_post_title_bg_overlay":0.5,"ocean_post_title_bg_overlay_color":"","ocean_disable_breadcrumbs":"default","ocean_breadcrumbs_color":"","ocean_breadcrumbs_separator_color":"","ocean_breadcrumbs_links_color":"","ocean_breadcrumbs_links_hover_color":"","ocean_display_footer_widgets":"default","ocean_display_footer_bottom":"default","ocean_custom_footer_template":"0"},"product_brand":[],"product_cat":[323,274,356,226],"product_tag":[],"class_list":{"0":"post-5946","1":"product","2":"type-product","3":"status-publish","4":"has-post-thumbnail","6":"product_cat-cascos-sombreros-y-gorras","7":"product_cat-francia","8":"product_cat-nuevos-articulos","9":"product_cat-segunda-guerra-mundial","10":"product_shipping_class-paquete-semi-pesado","12":"entry","13":"has-media","15":"first","16":"outofstock","17":"sold-individually","18":"shipping-taxable","19":"purchasable","20":"product-type-simple","21":"has-product-nav","22":"col","23":"span_1_of_4","24":"owp-content-center","25":"item-entry","26":"owp-thumbs-layout-horizontal","27":"owp-btn-very-big","28":"owp-tabs-layout-horizontal"},"aioseo_notices":[],"_links":{"self":[{"href":"https:\/\/lieutenantpoilu.com\/es\/wp-json\/wp\/v2\/product\/5946","targetHints":{"allow":["GET"]}}],"collection":[{"href":"https:\/\/lieutenantpoilu.com\/es\/wp-json\/wp\/v2\/product"}],"about":[{"href":"https:\/\/lieutenantpoilu.com\/es\/wp-json\/wp\/v2\/types\/product"}],"replies":[{"embeddable":true,"href":"https:\/\/lieutenantpoilu.com\/es\/wp-json\/wp\/v2\/comments?post=5946"}],"wp:featuredmedia":[{"embeddable":true,"href":"https:\/\/lieutenantpoilu.com\/es\/wp-json\/wp\/v2\/media\/5914"}],"wp:attachment":[{"href":"https:\/\/lieutenantpoilu.com\/es\/wp-json\/wp\/v2\/media?parent=5946"}],"wp:term":[{"taxonomy":"product_brand","embeddable":true,"href":"https:\/\/lieutenantpoilu.com\/es\/wp-json\/wp\/v2\/product_brand?post=5946"},{"taxonomy":"product_cat","embeddable":true,"href":"https:\/\/lieutenantpoilu.com\/es\/wp-json\/wp\/v2\/product_cat?post=5946"},{"taxonomy":"product_tag","embeddable":true,"href":"https:\/\/lieutenantpoilu.com\/es\/wp-json\/wp\/v2\/product_tag?post=5946"}],"curies":[{"name":"wp","href":"https:\/\/api.w.org\/{rel}","templated":true}]}}