{"id":5845,"date":"2024-10-17T11:51:47","date_gmt":"2024-10-17T09:51:47","guid":{"rendered":"https:\/\/lieutenantpoilu.com\/militaria\/sin%20categor\u00eda\/legion-de-honor-commandeur-con-4-diamantes\/"},"modified":"2024-10-17T15:26:11","modified_gmt":"2024-10-17T13:26:11","slug":"legion-de-honor-commandeur-con-4-diamantes","status":"publish","type":"product","link":"https:\/\/lieutenantpoilu.com\/es\/militaria\/francia\/legion-de-honor-commandeur-con-4-diamantes\/","title":{"rendered":"Legi\u00f3n de Honor, Comendador, con 4 diamantes!"},"content":{"rendered":"","protected":false},"excerpt":{"rendered":"<p align=\"justify\">Lieutenant Poilu les presenta una magn\u00edfica Orden de la Legi\u00f3n de Honor de Comendador (Commandeur), de Tercera Rep\u00fablica. Esta imponente Legi\u00f3n de Honor (6 cm de di\u00e1metro) est\u00e1 fabricada en plata esmaltada con un centro de oro en el que se encuentra grabado el rostro de Marianne y la inscripci\u00f3n \u00abRepublique Fran\u00e7aise, 1870\u00bb en el anverso. En el reverso hay dos banderas francesas entrelazadas y se puede leer en el borde del c\u00edrculo \u00abHonneur et Patrie\u00bb.<\/p>\n<p align=\"justify\">La presencia de diamantes en esta insignia de la Legi\u00f3n de Honor la convierte en una pieza notable. De hecho, esta medalla est\u00e1 adornada con tres diamantes de talla antigua dispuestos en la parte superior de la estrella, y un diamante adicional en la parte superior de la corona.<\/p>\n<p align=\"justify\">Excepto un peque\u00f1o golpe visible en el esmalte blanco en la rama derecha, esta Legi\u00f3n de Honor de rango \u201cCommandeur\u201d est\u00e1 en perfecto estado.<\/p>\n<p><em><strong>Di\u00e1metro:<\/strong><\/em> 6 cm<br \/>\n<em><strong>Alto<\/strong><\/em>: 9cm<br \/>\n<em><strong>Peso:<\/strong><\/em> 49 gramos<\/p>\n<p>&nbsp;<\/p>\n<p><strong>La Orden de la Legi\u00f3n de Honor: Historia y Significado<\/strong><\/p>\n<p align=\"justify\">La Orden de la Legi\u00f3n de Honor, creada en 1802 por Napole\u00f3n Bonaparte, es la m\u00e1s alta distinci\u00f3n honor\u00edfica en Francia. S\u00edmbolo de m\u00e9rito, valent\u00eda y dedicaci\u00f3n a la naci\u00f3n, trasciende las \u00e9pocas para seguir siendo un s\u00edmbolo de excelencia nacional y reconocimiento a los servicios prestados a la patria.<\/p>\n<p align=\"justify\">La Legi\u00f3n de Honor, m\u00e1s all\u00e1 de su apariencia material, es ante todo un s\u00edmbolo. Cada condecoraci\u00f3n cuenta la historia de aquellos que han dedicado su vida al servicio de Francia, sean militares, cient\u00edficos, artistas o pol\u00edticos.<\/p>\n<p align=\"justify\">La propia estructura de la insignia lleva en s\u00ed una fuerte simbolog\u00eda. La estrella de cinco puntas representa los cinco continentes, subrayando el alcance universal de los valores republicanos que Francia desea propagar. La corona de roble y laurel, inscrita alrededor del centro de la estrella, es un gui\u00f1o a las coronas imperiales y reales, pero con un significado m\u00e1s republicano de victoria y honor.<\/p>\n<p><strong>La Creaci\u00f3n de la Legi\u00f3n de Honor en 1802<\/strong><\/p>\n<p align=\"justify\">La Orden de la Legi\u00f3n de Honor fue instituida por una ley del 19 de mayo de 1802, bajo el Consulado, por Napole\u00f3n Bonaparte. En una \u00e9poca en la que la monarqu\u00eda y la nobleza fueron abolidas, Napole\u00f3n quer\u00eda crear una distinci\u00f3n accesible a todos, independientemente del nacimiento o de los t\u00edtulos hereditarios, para recompensar los m\u00e9ritos civiles y militares. Se inspir\u00f3 en las antiguas decoraciones reales mientras establec\u00eda una nueva orden, basada en la competencia, el coraje y el servicio prestado a la naci\u00f3n.<\/p>\n<p>El Primer C\u00f3nsul justificaba esta nueva instituci\u00f3n explicando:<\/p>\n<p align=\"justify\"><em>\u00abDesaf\u00edo a que me muestren una rep\u00fablica antigua o moderna donde no existan distinciones. Las hubo en Roma, y era la m\u00e1s orgullosa de las rep\u00fablicas. Las distinciones, de todo tipo, son los verdaderos sostenes de la virtud.\u00bb<\/em><\/p>\n<p><strong>Los Grados de la Legi\u00f3n de Honor<\/strong><br \/>\nLa Orden de la Legi\u00f3n de Honor est\u00e1 organizada en cinco grados:<br \/>\n<strong><em>1. Caballero (Chevalier)<\/em><\/strong> (alrededor de 79,000 \u00abvivos\u00bb)<br \/>\n<strong><em>2. Oficial (Officier)<\/em><\/strong> (alrededor de 10,000 \u00abvivos\u00bb)<br \/>\n<strong><em>3. Comendador (Commandeur)<\/em><\/strong> (cuota m\u00e1xima de 1,250 \u00abvivos\u00bb)<br \/>\n<strong><em>4. Gran Oficial (Grand-Officier)<\/em><\/strong> (cuota m\u00e1xima de 250 \u00abvivos\u00bb)<br \/>\n<strong><em>5. Gran Cruz (Grand-Croix)<\/em><\/strong> (cuota m\u00e1xima de 75 \u00abvivos\u00bb)<\/p>\n<p>&nbsp;<\/p>\n<p><strong>La III Rep\u00fablica<\/strong><\/p>\n<p align=\"justify\">Esta Legi\u00f3n de Honor de Comendador data de la Tercera Rep\u00fablica. Esta \u00e9poca a finales del siglo XIX y principios del XX (1870-1940) marc\u00f3 un periodo de estabilidad institucional en Francia.<\/p>\n","protected":false},"featured_media":5834,"comment_status":"open","ping_status":"closed","template":"","meta":{"_uf_show_specific_survey":0,"_uf_disable_surveys":false,"ocean_post_layout":"","ocean_both_sidebars_style":"","ocean_both_sidebars_content_width":0,"ocean_both_sidebars_sidebars_width":0,"ocean_sidebar":"0","ocean_second_sidebar":"0","ocean_disable_margins":"enable","ocean_add_body_class":"","ocean_shortcode_before_top_bar":"","ocean_shortcode_after_top_bar":"","ocean_shortcode_before_header":"","ocean_shortcode_after_header":"","ocean_has_shortcode":"","ocean_shortcode_after_title":"","ocean_shortcode_before_footer_widgets":"","ocean_shortcode_after_footer_widgets":"","ocean_shortcode_before_footer_bottom":"","ocean_shortcode_after_footer_bottom":"","ocean_display_top_bar":"default","ocean_display_header":"default","ocean_header_style":"","ocean_center_header_left_menu":"0","ocean_custom_header_template":"0","ocean_custom_logo":0,"ocean_custom_retina_logo":0,"ocean_custom_logo_max_width":0,"ocean_custom_logo_tablet_max_width":0,"ocean_custom_logo_mobile_max_width":0,"ocean_custom_logo_max_height":0,"ocean_custom_logo_tablet_max_height":0,"ocean_custom_logo_mobile_max_height":0,"ocean_header_custom_menu":"0","ocean_menu_typo_font_family":"0","ocean_menu_typo_font_subset":"","ocean_menu_typo_font_size":0,"ocean_menu_typo_font_size_tablet":0,"ocean_menu_typo_font_size_mobile":0,"ocean_menu_typo_font_size_unit":"px","ocean_menu_typo_font_weight":"","ocean_menu_typo_font_weight_tablet":"","ocean_menu_typo_font_weight_mobile":"","ocean_menu_typo_transform":"","ocean_menu_typo_transform_tablet":"","ocean_menu_typo_transform_mobile":"","ocean_menu_typo_line_height":0,"ocean_menu_typo_line_height_tablet":0,"ocean_menu_typo_line_height_mobile":0,"ocean_menu_typo_line_height_unit":"","ocean_menu_typo_spacing":0,"ocean_menu_typo_spacing_tablet":0,"ocean_menu_typo_spacing_mobile":0,"ocean_menu_typo_spacing_unit":"","ocean_menu_link_color":"","ocean_menu_link_color_hover":"","ocean_menu_link_color_active":"","ocean_menu_link_background":"","ocean_menu_link_hover_background":"","ocean_menu_link_active_background":"","ocean_menu_social_links_bg":"","ocean_menu_social_hover_links_bg":"","ocean_menu_social_links_color":"","ocean_menu_social_hover_links_color":"","ocean_disable_title":"default","ocean_disable_heading":"default","ocean_post_title":"","ocean_post_subheading":"","ocean_post_title_style":"","ocean_post_title_background_color":"","ocean_post_title_background":0,"ocean_post_title_bg_image_position":"","ocean_post_title_bg_image_attachment":"","ocean_post_title_bg_image_repeat":"","ocean_post_title_bg_image_size":"","ocean_post_title_height":0,"ocean_post_title_bg_overlay":0.5,"ocean_post_title_bg_overlay_color":"","ocean_disable_breadcrumbs":"default","ocean_breadcrumbs_color":"","ocean_breadcrumbs_separator_color":"","ocean_breadcrumbs_links_color":"","ocean_breadcrumbs_links_hover_color":"","ocean_display_footer_widgets":"default","ocean_display_footer_bottom":"default","ocean_custom_footer_template":"0"},"product_brand":[],"product_cat":[274,339,356,260,232],"product_tag":[],"class_list":{"0":"post-5845","1":"product","2":"type-product","3":"status-publish","4":"has-post-thumbnail","6":"product_cat-francia","7":"product_cat-medallas-y-condecoraciones","8":"product_cat-nuevos-articulos","9":"product_cat-otras-epocas","10":"product_cat-primera-guerra-mundial","12":"entry","13":"has-media","15":"first","16":"outofstock","17":"sold-individually","18":"shipping-taxable","19":"purchasable","20":"product-type-simple","21":"has-product-nav","22":"col","23":"span_1_of_4","24":"owp-content-center","25":"item-entry","26":"owp-thumbs-layout-horizontal","27":"owp-btn-very-big","28":"owp-tabs-layout-horizontal"},"aioseo_notices":[],"_links":{"self":[{"href":"https:\/\/lieutenantpoilu.com\/es\/wp-json\/wp\/v2\/product\/5845","targetHints":{"allow":["GET"]}}],"collection":[{"href":"https:\/\/lieutenantpoilu.com\/es\/wp-json\/wp\/v2\/product"}],"about":[{"href":"https:\/\/lieutenantpoilu.com\/es\/wp-json\/wp\/v2\/types\/product"}],"replies":[{"embeddable":true,"href":"https:\/\/lieutenantpoilu.com\/es\/wp-json\/wp\/v2\/comments?post=5845"}],"wp:featuredmedia":[{"embeddable":true,"href":"https:\/\/lieutenantpoilu.com\/es\/wp-json\/wp\/v2\/media\/5834"}],"wp:attachment":[{"href":"https:\/\/lieutenantpoilu.com\/es\/wp-json\/wp\/v2\/media?parent=5845"}],"wp:term":[{"taxonomy":"product_brand","embeddable":true,"href":"https:\/\/lieutenantpoilu.com\/es\/wp-json\/wp\/v2\/product_brand?post=5845"},{"taxonomy":"product_cat","embeddable":true,"href":"https:\/\/lieutenantpoilu.com\/es\/wp-json\/wp\/v2\/product_cat?post=5845"},{"taxonomy":"product_tag","embeddable":true,"href":"https:\/\/lieutenantpoilu.com\/es\/wp-json\/wp\/v2\/product_tag?post=5845"}],"curies":[{"name":"wp","href":"https:\/\/api.w.org\/{rel}","templated":true}]}}