{"id":5786,"date":"2024-10-15T22:06:10","date_gmt":"2024-10-15T20:06:10","guid":{"rendered":"https:\/\/lieutenantpoilu.com\/militaria\/sin%20categor\u00eda\/casco-de-pico-pickelhaube-prusiano-primera-guerra-mundial\/"},"modified":"2024-10-16T14:30:23","modified_gmt":"2024-10-16T12:30:23","slug":"casco-de-pico-pickelhaube-prusiano-primera-guerra-mundial","status":"publish","type":"product","link":"https:\/\/lieutenantpoilu.com\/es\/militaria\/alemania\/casco-de-pico-pickelhaube-prusiano-primera-guerra-mundial\/","title":{"rendered":"Casco de pico \u00abPickelhaube\u00bb prusiano, Primera Guerra Mundial"},"content":{"rendered":"","protected":false},"excerpt":{"rendered":"<p>Casco de pico prusiano, modelo 1915, hecho de cuero negro y con accesorios de hierro gris.<\/p>\n<p>El casco est\u00e1 completo con su barbijo y sus escarapelas originales: los colores nacionales negro-blanco-rojo en el lado derecho y los colores de Prusia negro-blanco-negro en el lado izquierdo.<\/p>\n<p>La punta del casco es desmontable acorde al modelo 1915. El casco no ha sido perforado nuevamente.<\/p>\n<p>Hay sellos dentro de la c\u00fapula, incluido uno del taller de reparaci\u00f3n del XVIII Cuerpo \u00abJW XVIII\u00bb.<\/p>\n<p>El liner es de cuero negro con ocho gajos.<\/p>\n<p>Es un hermoso casco homog\u00e9neo, original, en buen estado.<\/p>\n<p>El modelo 1915 marca un cambio importante en comparaci\u00f3n con las versiones anteriores del Pickelhaube, que se fabricaban principalmente de cuero endurecido.<\/p>\n<p>Durante la Primera Guerra Mundial, la necesidad de producir equipo en masa y las limitaciones causadas por la escasez de materiales llevaron al ej\u00e9rcito alem\u00e1n a simplificar la producci\u00f3n.<\/p>\n<p>El modelo 1915 utiliza cuero de calidad inferior en comparaci\u00f3n con los modelos anteriores y, en algunos casos, metal para hacerlo m\u00e1s resistente y m\u00e1s econ\u00f3mico de producir.<\/p>\n<p>Una de las principales diferencias del modelo 1915 es que el pico en la parte superior del casco es desmontable. Esto permit\u00eda que los soldados quitaran f\u00e1cilmente la punta cuando estaban en combate o en las trincheras. La punta, que ya no ten\u00eda una funci\u00f3n protectora real, pod\u00eda ser una desventaja al engancharse con obst\u00e1culos.<\/p>\n<p>Hacer el pico desmontable fue una respuesta pragm\u00e1tica a las exigencias de las trincheras, donde la movilidad y la discreci\u00f3n eran m\u00e1s importantes que la apariencia militar.<\/p>\n<p>El Pickelhaube modelo 1915 introdujo barbijos y placas de metal gris mate o hierro galvanizado para evitar los reflejos de luz, una caracter\u00edstica importante para reducir la visibilidad en el campo de batalla. Estos elementos reemplazaron las versiones de lat\u00f3n brillante de los modelos anteriores, que eran demasiado visibles en el campo de batalla.<\/p>\n<figure id=\"attachment_5749\" aria-describedby=\"caption-attachment-5749\" style=\"width: 778px\" class=\"wp-caption alignnone\"><img fetchpriority=\"high\" decoding=\"async\" class=\"wp-image-5749 size-full\" src=\"https:\/\/lieutenantpoilu.com\/wp-content\/uploads\/2024\/10\/german-soldiers-with-model1915-pickelhaube.jpg\" alt=\"\" width=\"778\" height=\"488\" srcset=\"https:\/\/lieutenantpoilu.com\/wp-content\/uploads\/2024\/10\/german-soldiers-with-model1915-pickelhaube.jpg 778w, https:\/\/lieutenantpoilu.com\/wp-content\/uploads\/2024\/10\/german-soldiers-with-model1915-pickelhaube-300x188.jpg 300w, https:\/\/lieutenantpoilu.com\/wp-content\/uploads\/2024\/10\/german-soldiers-with-model1915-pickelhaube-768x482.jpg 768w, https:\/\/lieutenantpoilu.com\/wp-content\/uploads\/2024\/10\/german-soldiers-with-model1915-pickelhaube-600x376.jpg 600w\" sizes=\"(max-width: 778px) 100vw, 778px\" \/><figcaption id=\"caption-attachment-5749\" class=\"wp-caption-text\">Fuente : www.premiere-guerre-mondiale-1914-1918.com<\/figcaption><\/figure>\n","protected":false},"featured_media":5769,"comment_status":"open","ping_status":"closed","template":"","meta":{"_uf_show_specific_survey":0,"_uf_disable_surveys":false,"ocean_post_layout":"","ocean_both_sidebars_style":"","ocean_both_sidebars_content_width":0,"ocean_both_sidebars_sidebars_width":0,"ocean_sidebar":"0","ocean_second_sidebar":"0","ocean_disable_margins":"enable","ocean_add_body_class":"","ocean_shortcode_before_top_bar":"","ocean_shortcode_after_top_bar":"","ocean_shortcode_before_header":"","ocean_shortcode_after_header":"","ocean_has_shortcode":"","ocean_shortcode_after_title":"","ocean_shortcode_before_footer_widgets":"","ocean_shortcode_after_footer_widgets":"","ocean_shortcode_before_footer_bottom":"","ocean_shortcode_after_footer_bottom":"","ocean_display_top_bar":"default","ocean_display_header":"default","ocean_header_style":"","ocean_center_header_left_menu":"0","ocean_custom_header_template":"0","ocean_custom_logo":0,"ocean_custom_retina_logo":0,"ocean_custom_logo_max_width":0,"ocean_custom_logo_tablet_max_width":0,"ocean_custom_logo_mobile_max_width":0,"ocean_custom_logo_max_height":0,"ocean_custom_logo_tablet_max_height":0,"ocean_custom_logo_mobile_max_height":0,"ocean_header_custom_menu":"0","ocean_menu_typo_font_family":"0","ocean_menu_typo_font_subset":"","ocean_menu_typo_font_size":0,"ocean_menu_typo_font_size_tablet":0,"ocean_menu_typo_font_size_mobile":0,"ocean_menu_typo_font_size_unit":"px","ocean_menu_typo_font_weight":"","ocean_menu_typo_font_weight_tablet":"","ocean_menu_typo_font_weight_mobile":"","ocean_menu_typo_transform":"","ocean_menu_typo_transform_tablet":"","ocean_menu_typo_transform_mobile":"","ocean_menu_typo_line_height":0,"ocean_menu_typo_line_height_tablet":0,"ocean_menu_typo_line_height_mobile":0,"ocean_menu_typo_line_height_unit":"","ocean_menu_typo_spacing":0,"ocean_menu_typo_spacing_tablet":0,"ocean_menu_typo_spacing_mobile":0,"ocean_menu_typo_spacing_unit":"","ocean_menu_link_color":"","ocean_menu_link_color_hover":"","ocean_menu_link_color_active":"","ocean_menu_link_background":"","ocean_menu_link_hover_background":"","ocean_menu_link_active_background":"","ocean_menu_social_links_bg":"","ocean_menu_social_hover_links_bg":"","ocean_menu_social_links_color":"","ocean_menu_social_hover_links_color":"","ocean_disable_title":"default","ocean_disable_heading":"default","ocean_post_title":"","ocean_post_subheading":"","ocean_post_title_style":"","ocean_post_title_background_color":"","ocean_post_title_background":0,"ocean_post_title_bg_image_position":"","ocean_post_title_bg_image_attachment":"","ocean_post_title_bg_image_repeat":"","ocean_post_title_bg_image_size":"","ocean_post_title_height":0,"ocean_post_title_bg_overlay":0.5,"ocean_post_title_bg_overlay_color":"","ocean_disable_breadcrumbs":"default","ocean_breadcrumbs_color":"","ocean_breadcrumbs_separator_color":"","ocean_breadcrumbs_links_color":"","ocean_breadcrumbs_links_hover_color":"","ocean_display_footer_widgets":"default","ocean_display_footer_bottom":"default","ocean_custom_footer_template":"0"},"product_brand":[],"product_cat":[262,323,356,232],"product_tag":[],"class_list":{"0":"post-5786","1":"product","2":"type-product","3":"status-publish","4":"has-post-thumbnail","6":"product_cat-alemania","7":"product_cat-cascos-sombreros-y-gorras","8":"product_cat-nuevos-articulos","9":"product_cat-primera-guerra-mundial","10":"product_shipping_class-paquete-estandar","12":"entry","13":"has-media","15":"first","16":"outofstock","17":"sold-individually","18":"shipping-taxable","19":"purchasable","20":"product-type-simple","21":"has-product-nav","22":"col","23":"span_1_of_4","24":"owp-content-center","25":"item-entry","26":"owp-thumbs-layout-horizontal","27":"owp-btn-very-big","28":"owp-tabs-layout-horizontal"},"aioseo_notices":[],"_links":{"self":[{"href":"https:\/\/lieutenantpoilu.com\/es\/wp-json\/wp\/v2\/product\/5786","targetHints":{"allow":["GET"]}}],"collection":[{"href":"https:\/\/lieutenantpoilu.com\/es\/wp-json\/wp\/v2\/product"}],"about":[{"href":"https:\/\/lieutenantpoilu.com\/es\/wp-json\/wp\/v2\/types\/product"}],"replies":[{"embeddable":true,"href":"https:\/\/lieutenantpoilu.com\/es\/wp-json\/wp\/v2\/comments?post=5786"}],"wp:featuredmedia":[{"embeddable":true,"href":"https:\/\/lieutenantpoilu.com\/es\/wp-json\/wp\/v2\/media\/5769"}],"wp:attachment":[{"href":"https:\/\/lieutenantpoilu.com\/es\/wp-json\/wp\/v2\/media?parent=5786"}],"wp:term":[{"taxonomy":"product_brand","embeddable":true,"href":"https:\/\/lieutenantpoilu.com\/es\/wp-json\/wp\/v2\/product_brand?post=5786"},{"taxonomy":"product_cat","embeddable":true,"href":"https:\/\/lieutenantpoilu.com\/es\/wp-json\/wp\/v2\/product_cat?post=5786"},{"taxonomy":"product_tag","embeddable":true,"href":"https:\/\/lieutenantpoilu.com\/es\/wp-json\/wp\/v2\/product_tag?post=5786"}],"curies":[{"name":"wp","href":"https:\/\/api.w.org\/{rel}","templated":true}]}}