{"id":5745,"date":"2024-10-14T20:32:13","date_gmt":"2024-10-14T18:32:13","guid":{"rendered":"https:\/\/lieutenantpoilu.com\/militaria\/sin%20categor\u00eda\/casco-frances-de-la-segunda-guerra-mundial-de-las-tropas-de-africa\/"},"modified":"2024-10-14T21:11:44","modified_gmt":"2024-10-14T19:11:44","slug":"casco-frances-de-la-segunda-guerra-mundial-de-las-tropas-de-africa","status":"publish","type":"product","link":"https:\/\/lieutenantpoilu.com\/es\/militaria\/cascos-sombreros-y-gorras\/casco-frances-de-la-segunda-guerra-mundial-de-las-tropas-de-africa\/","title":{"rendered":"Casco franc\u00e9s de la Segunda Guerra Mundial de las tropas de \u00c1frica"},"content":{"rendered":"","protected":false},"excerpt":{"rendered":"<p>Casco Adrian modelo 1926 de las tropas de \u00c1frica para Cazadores de \u00c1frica, Spahis, Zouaves y Tirailleurs.<\/p>\n<p>Casco de acero pintado de color caqui con su insignia frontal modelo 1915 con un creciente en relieve.<\/p>\n<p>Liner de cuero negro con seis gajos, con sus ocho grapas de acero inoxidable y su barbijo fijado mediante un remache tubular.<\/p>\n<p>Casco en muy buen estado acorde con el per\u00edodo 1939-1945.<\/p>\n<p>El ej\u00e9rcito franc\u00e9s de \u00c1frica jug\u00f3 un papel central en la contribuci\u00f3n de Francia a la Segunda Guerra Mundial. Principalmente, se movilizaron los Tirailleurs S\u00e9n\u00e9galais, los Goumiers Marroqu\u00edes, los Zouaves y los Spahis para el combate.<\/p>\n<p><strong>Zouaves y Spahis:<\/strong> Estas unidades estaban compuestas principalmente por soldados norteafricanos y franceses. Los Zouaves eran infanter\u00eda, mientras que los Spahis constitu\u00edan una fuerza de caballer\u00eda.<\/p>\n<p><strong>Tirailleurs S\u00e9n\u00e9galais:<\/strong> El t\u00e9rmino \u00abSenegal\u00e9s\u00bb es gen\u00e9rico y, en realidad, inclu\u00eda a soldados reclutados en varias colonias de \u00c1frica Occidental y de \u00c1frica Ecuatorial Francesa (Senegal, Mal\u00ed, Guinea, Costa de Marfil, N\u00edger, Chad, etc.). Estos soldados formaban una parte importante del ej\u00e9rcito colonial franc\u00e9s y participaron en numerosos combates en Europa y \u00c1frica.<\/p>\n<p><strong>Goumiers Marroqu\u00edes:<\/strong> Estos soldados, reclutados en las monta\u00f1as de Marruecos, estaban organizados en unidades especializadas llamadas \u00abgoums\u00bb. Fueron particularmente eficaces en operaciones en terrenos accidentados, como las de Italia.<\/p>\n<figure id=\"attachment_5698\" aria-describedby=\"caption-attachment-5698\" style=\"width: 734px\" class=\"wp-caption alignnone\"><img fetchpriority=\"high\" decoding=\"async\" class=\"wp-image-5698 size-full\" src=\"https:\/\/lieutenantpoilu.com\/wp-content\/uploads\/2024\/10\/goumiers-marocains.webp\" alt=\"\" width=\"734\" height=\"595\" srcset=\"https:\/\/lieutenantpoilu.com\/wp-content\/uploads\/2024\/10\/goumiers-marocains.webp 734w, https:\/\/lieutenantpoilu.com\/wp-content\/uploads\/2024\/10\/goumiers-marocains-300x243.webp 300w, https:\/\/lieutenantpoilu.com\/wp-content\/uploads\/2024\/10\/goumiers-marocains-600x486.webp 600w\" sizes=\"(max-width: 734px) 100vw, 734px\" \/><figcaption id=\"caption-attachment-5698\" class=\"wp-caption-text\">Fuente de la foto : https:\/\/information.tv5monde.com<\/figcaption><\/figure>\n","protected":false},"featured_media":5739,"comment_status":"open","ping_status":"closed","template":"","meta":{"_uf_show_specific_survey":0,"_uf_disable_surveys":false,"ocean_post_layout":"","ocean_both_sidebars_style":"","ocean_both_sidebars_content_width":0,"ocean_both_sidebars_sidebars_width":0,"ocean_sidebar":"0","ocean_second_sidebar":"0","ocean_disable_margins":"enable","ocean_add_body_class":"","ocean_shortcode_before_top_bar":"","ocean_shortcode_after_top_bar":"","ocean_shortcode_before_header":"","ocean_shortcode_after_header":"","ocean_has_shortcode":"","ocean_shortcode_after_title":"","ocean_shortcode_before_footer_widgets":"","ocean_shortcode_after_footer_widgets":"","ocean_shortcode_before_footer_bottom":"","ocean_shortcode_after_footer_bottom":"","ocean_display_top_bar":"default","ocean_display_header":"default","ocean_header_style":"","ocean_center_header_left_menu":"0","ocean_custom_header_template":"0","ocean_custom_logo":0,"ocean_custom_retina_logo":0,"ocean_custom_logo_max_width":0,"ocean_custom_logo_tablet_max_width":0,"ocean_custom_logo_mobile_max_width":0,"ocean_custom_logo_max_height":0,"ocean_custom_logo_tablet_max_height":0,"ocean_custom_logo_mobile_max_height":0,"ocean_header_custom_menu":"0","ocean_menu_typo_font_family":"0","ocean_menu_typo_font_subset":"","ocean_menu_typo_font_size":0,"ocean_menu_typo_font_size_tablet":0,"ocean_menu_typo_font_size_mobile":0,"ocean_menu_typo_font_size_unit":"px","ocean_menu_typo_font_weight":"","ocean_menu_typo_font_weight_tablet":"","ocean_menu_typo_font_weight_mobile":"","ocean_menu_typo_transform":"","ocean_menu_typo_transform_tablet":"","ocean_menu_typo_transform_mobile":"","ocean_menu_typo_line_height":0,"ocean_menu_typo_line_height_tablet":0,"ocean_menu_typo_line_height_mobile":0,"ocean_menu_typo_line_height_unit":"","ocean_menu_typo_spacing":0,"ocean_menu_typo_spacing_tablet":0,"ocean_menu_typo_spacing_mobile":0,"ocean_menu_typo_spacing_unit":"","ocean_menu_link_color":"","ocean_menu_link_color_hover":"","ocean_menu_link_color_active":"","ocean_menu_link_background":"","ocean_menu_link_hover_background":"","ocean_menu_link_active_background":"","ocean_menu_social_links_bg":"","ocean_menu_social_hover_links_bg":"","ocean_menu_social_links_color":"","ocean_menu_social_hover_links_color":"","ocean_disable_title":"default","ocean_disable_heading":"default","ocean_post_title":"","ocean_post_subheading":"","ocean_post_title_style":"","ocean_post_title_background_color":"","ocean_post_title_background":0,"ocean_post_title_bg_image_position":"","ocean_post_title_bg_image_attachment":"","ocean_post_title_bg_image_repeat":"","ocean_post_title_bg_image_size":"","ocean_post_title_height":0,"ocean_post_title_bg_overlay":0.5,"ocean_post_title_bg_overlay_color":"","ocean_disable_breadcrumbs":"default","ocean_breadcrumbs_color":"","ocean_breadcrumbs_separator_color":"","ocean_breadcrumbs_links_color":"","ocean_breadcrumbs_links_hover_color":"","ocean_display_footer_widgets":"default","ocean_display_footer_bottom":"default","ocean_custom_footer_template":"0"},"product_brand":[],"product_cat":[323,274,356,226],"product_tag":[],"class_list":{"0":"post-5745","1":"product","2":"type-product","3":"status-publish","4":"has-post-thumbnail","6":"product_cat-cascos-sombreros-y-gorras","7":"product_cat-francia","8":"product_cat-nuevos-articulos","9":"product_cat-segunda-guerra-mundial","10":"product_shipping_class-paquete-semi-pesado","12":"entry","13":"has-media","15":"first","16":"outofstock","17":"sold-individually","18":"shipping-taxable","19":"purchasable","20":"product-type-simple","21":"has-product-nav","22":"col","23":"span_1_of_4","24":"owp-content-center","25":"item-entry","26":"owp-thumbs-layout-horizontal","27":"owp-btn-very-big","28":"owp-tabs-layout-horizontal"},"aioseo_notices":[],"_links":{"self":[{"href":"https:\/\/lieutenantpoilu.com\/es\/wp-json\/wp\/v2\/product\/5745","targetHints":{"allow":["GET"]}}],"collection":[{"href":"https:\/\/lieutenantpoilu.com\/es\/wp-json\/wp\/v2\/product"}],"about":[{"href":"https:\/\/lieutenantpoilu.com\/es\/wp-json\/wp\/v2\/types\/product"}],"replies":[{"embeddable":true,"href":"https:\/\/lieutenantpoilu.com\/es\/wp-json\/wp\/v2\/comments?post=5745"}],"wp:featuredmedia":[{"embeddable":true,"href":"https:\/\/lieutenantpoilu.com\/es\/wp-json\/wp\/v2\/media\/5739"}],"wp:attachment":[{"href":"https:\/\/lieutenantpoilu.com\/es\/wp-json\/wp\/v2\/media?parent=5745"}],"wp:term":[{"taxonomy":"product_brand","embeddable":true,"href":"https:\/\/lieutenantpoilu.com\/es\/wp-json\/wp\/v2\/product_brand?post=5745"},{"taxonomy":"product_cat","embeddable":true,"href":"https:\/\/lieutenantpoilu.com\/es\/wp-json\/wp\/v2\/product_cat?post=5745"},{"taxonomy":"product_tag","embeddable":true,"href":"https:\/\/lieutenantpoilu.com\/es\/wp-json\/wp\/v2\/product_tag?post=5745"}],"curies":[{"name":"wp","href":"https:\/\/api.w.org\/{rel}","templated":true}]}}