{"id":5695,"date":"2024-10-07T11:59:14","date_gmt":"2024-10-07T09:59:14","guid":{"rendered":"https:\/\/lieutenantpoilu.com\/militaria\/sin%20categor\u00eda\/medalla-de-santa-elena-con-su-certificado-original-de-un-veterano-de-la-batalla-de-berezina-1812\/"},"modified":"2024-10-07T13:50:44","modified_gmt":"2024-10-07T11:50:44","slug":"medalla-de-santa-elena-con-su-certificado-original-de-un-veterano-de-la-batalla-de-berezina-1812","status":"publish","type":"product","link":"https:\/\/lieutenantpoilu.com\/es\/militaria\/francia\/medalla-de-santa-elena-con-su-certificado-original-de-un-veterano-de-la-batalla-de-berezina-1812\/","title":{"rendered":"Medalla francesa de Santa Elena con su diploma de un veterano de la Batalla de la Berezina de 1812"},"content":{"rendered":"","protected":false},"excerpt":{"rendered":"<p>Medalla de Santa Elena en bronce patinado con su diploma original, otorgada a Lopez Emmanuel Antoine, nacido en Lyon, Francia, oficial del ej\u00e9rcito napole\u00f3nico.<\/p>\n<p>Particip\u00f3 en 10 campa\u00f1as con el emperador Napole\u00f3n Bonaparte:<\/p>\n<ul>\n<li>En <strong>Rusia, 1812<\/strong>: Batalla de Smolensk, Batalla de la Moskowa (Borodino), Batalla de Maloyaroslavets, Batalla de Krasnoi (con el Mariscal Ney) y Batalla de la Berezina.<\/li>\n<\/ul>\n<p>&nbsp;<\/p>\n<ul>\n<li>En <strong>Alemania, 1813<\/strong>: Batalla de L\u00fctzen, Batalla de Bautzen (Batalla de Wurschen), Batalla de Leipzig y Batalla de Hanau.<\/li>\n<\/ul>\n<p>&nbsp;<\/p>\n<p>El soldado Lopez recibi\u00f3 la Legi\u00f3n de Honor en el grado de caballero y posteriormente fue ascendido al rango de Oficial de la Legi\u00f3n de Honor.<\/p>\n<p>El marco mide 36,5 cm x 26,5 cm y est\u00e1 un poco da\u00f1ado en la posici\u00f3n de las 12 horas, visible en las fotos.<\/p>\n<p><strong>La Batalla de la Berezina<\/strong>:<\/p>\n<p>Tuvo lugar del 26 al 29 de noviembre de 1812 en las orillas del r\u00edo Berezina, en Bielorrusia. Fue una batalla crucial entre las fuerzas francesas de Napole\u00f3n Bonaparte y las fuerzas rusas comandadas por el general Kut\u00fazov.<\/p>\n<p>La Batalla de la Berezina se caracteriz\u00f3 por una serie de combates y escaramuzas, as\u00ed como por maniobras estrat\u00e9gicas complejas.<\/p>\n<p>Los franceses lograron cruzar el r\u00edo bajo el fuego de los rusos, pero sufrieron grandes p\u00e9rdidas en hombres y equipo.<\/p>\n<p>Se estima que de los 50.000 hombres de la Grande Arm\u00e9e en condiciones de luchar, aproximadamente 30.000 murieron, fueron heridos o capturados.<\/p>\n<p><strong>La Medalla de Santa Elena<\/strong> fue creada en 1857 por el emperador Napole\u00f3n III en honor a los veteranos que hab\u00edan luchado bajo las \u00f3rdenes de su t\u00edo, Napole\u00f3n I, durante las guerras napole\u00f3nicas (1792-1815).<\/p>\n<p>Es la primera medalla conmemorativa oficial francesa, destinada a recompensar a unos 405.000 soldados, ya sea que estuvieran vivos en Francia o en el extranjero.<\/p>\n<p>El anverso de la medalla muestra el rostro de Napole\u00f3n I en relieve con la inscripci\u00f3n \u00abNapole\u00f3n I Emperador\u00bb alrededor del retrato.<\/p>\n<p>El reverso tiene la inscripci\u00f3n \u00abA sus compa\u00f1eros de gloria, su \u00faltimo pensamiento \u2013 Santa Elena, 5 de mayo de 1821\u00bb, fecha de la muerte de Napole\u00f3n.<\/p>\n<p>Enviamos con el marco un documento impreso que enumera las batallas en las que particip\u00f3 el soldado Lopez.<\/p>\n<figure id=\"attachment_5691\" aria-describedby=\"caption-attachment-5691\" style=\"width: 576px\" class=\"wp-caption alignnone\"><img fetchpriority=\"high\" decoding=\"async\" class=\"wp-image-5691 size-full\" src=\"https:\/\/lieutenantpoilu.com\/wp-content\/uploads\/2024\/10\/berezina-battle-french-first-empire-saint-helena-medal-1.jpg\" alt=\"\" width=\"576\" height=\"252\" srcset=\"https:\/\/lieutenantpoilu.com\/wp-content\/uploads\/2024\/10\/berezina-battle-french-first-empire-saint-helena-medal-1.jpg 576w, https:\/\/lieutenantpoilu.com\/wp-content\/uploads\/2024\/10\/berezina-battle-french-first-empire-saint-helena-medal-1-300x131.jpg 300w\" sizes=\"(max-width: 576px) 100vw, 576px\" \/><figcaption id=\"caption-attachment-5691\" class=\"wp-caption-text\">Fuente : http:\/\/voltigeur59191.over-blog.com\/<\/figcaption><\/figure>\n","protected":false},"featured_media":5679,"comment_status":"open","ping_status":"closed","template":"","meta":{"_uf_show_specific_survey":0,"_uf_disable_surveys":false,"ocean_post_layout":"","ocean_both_sidebars_style":"","ocean_both_sidebars_content_width":0,"ocean_both_sidebars_sidebars_width":0,"ocean_sidebar":"0","ocean_second_sidebar":"0","ocean_disable_margins":"enable","ocean_add_body_class":"","ocean_shortcode_before_top_bar":"","ocean_shortcode_after_top_bar":"","ocean_shortcode_before_header":"","ocean_shortcode_after_header":"","ocean_has_shortcode":"","ocean_shortcode_after_title":"","ocean_shortcode_before_footer_widgets":"","ocean_shortcode_after_footer_widgets":"","ocean_shortcode_before_footer_bottom":"","ocean_shortcode_after_footer_bottom":"","ocean_display_top_bar":"default","ocean_display_header":"default","ocean_header_style":"","ocean_center_header_left_menu":"0","ocean_custom_header_template":"0","ocean_custom_logo":0,"ocean_custom_retina_logo":0,"ocean_custom_logo_max_width":0,"ocean_custom_logo_tablet_max_width":0,"ocean_custom_logo_mobile_max_width":0,"ocean_custom_logo_max_height":0,"ocean_custom_logo_tablet_max_height":0,"ocean_custom_logo_mobile_max_height":0,"ocean_header_custom_menu":"0","ocean_menu_typo_font_family":"0","ocean_menu_typo_font_subset":"","ocean_menu_typo_font_size":0,"ocean_menu_typo_font_size_tablet":0,"ocean_menu_typo_font_size_mobile":0,"ocean_menu_typo_font_size_unit":"px","ocean_menu_typo_font_weight":"","ocean_menu_typo_font_weight_tablet":"","ocean_menu_typo_font_weight_mobile":"","ocean_menu_typo_transform":"","ocean_menu_typo_transform_tablet":"","ocean_menu_typo_transform_mobile":"","ocean_menu_typo_line_height":0,"ocean_menu_typo_line_height_tablet":0,"ocean_menu_typo_line_height_mobile":0,"ocean_menu_typo_line_height_unit":"","ocean_menu_typo_spacing":0,"ocean_menu_typo_spacing_tablet":0,"ocean_menu_typo_spacing_mobile":0,"ocean_menu_typo_spacing_unit":"","ocean_menu_link_color":"","ocean_menu_link_color_hover":"","ocean_menu_link_color_active":"","ocean_menu_link_background":"","ocean_menu_link_hover_background":"","ocean_menu_link_active_background":"","ocean_menu_social_links_bg":"","ocean_menu_social_hover_links_bg":"","ocean_menu_social_links_color":"","ocean_menu_social_hover_links_color":"","ocean_disable_title":"default","ocean_disable_heading":"default","ocean_post_title":"","ocean_post_subheading":"","ocean_post_title_style":"","ocean_post_title_background_color":"","ocean_post_title_background":0,"ocean_post_title_bg_image_position":"","ocean_post_title_bg_image_attachment":"","ocean_post_title_bg_image_repeat":"","ocean_post_title_bg_image_size":"","ocean_post_title_height":0,"ocean_post_title_bg_overlay":0.5,"ocean_post_title_bg_overlay_color":"","ocean_disable_breadcrumbs":"default","ocean_breadcrumbs_color":"","ocean_breadcrumbs_separator_color":"","ocean_breadcrumbs_links_color":"","ocean_breadcrumbs_links_hover_color":"","ocean_display_footer_widgets":"default","ocean_display_footer_bottom":"default","ocean_custom_footer_template":"0"},"product_brand":[],"product_cat":[274,339,238,356],"product_tag":[],"class_list":{"0":"post-5695","1":"product","2":"type-product","3":"status-publish","4":"has-post-thumbnail","6":"product_cat-francia","7":"product_cat-medallas-y-condecoraciones","8":"product_cat-napoleon-bonaparte","9":"product_cat-nuevos-articulos","10":"product_shipping_class-paquete-estandar","12":"entry","13":"has-media","15":"first","16":"outofstock","17":"sold-individually","18":"shipping-taxable","19":"purchasable","20":"product-type-simple","21":"has-product-nav","22":"col","23":"span_1_of_4","24":"owp-content-center","25":"item-entry","26":"owp-thumbs-layout-horizontal","27":"owp-btn-very-big","28":"owp-tabs-layout-horizontal"},"aioseo_notices":[],"_links":{"self":[{"href":"https:\/\/lieutenantpoilu.com\/es\/wp-json\/wp\/v2\/product\/5695","targetHints":{"allow":["GET"]}}],"collection":[{"href":"https:\/\/lieutenantpoilu.com\/es\/wp-json\/wp\/v2\/product"}],"about":[{"href":"https:\/\/lieutenantpoilu.com\/es\/wp-json\/wp\/v2\/types\/product"}],"replies":[{"embeddable":true,"href":"https:\/\/lieutenantpoilu.com\/es\/wp-json\/wp\/v2\/comments?post=5695"}],"wp:featuredmedia":[{"embeddable":true,"href":"https:\/\/lieutenantpoilu.com\/es\/wp-json\/wp\/v2\/media\/5679"}],"wp:attachment":[{"href":"https:\/\/lieutenantpoilu.com\/es\/wp-json\/wp\/v2\/media?parent=5695"}],"wp:term":[{"taxonomy":"product_brand","embeddable":true,"href":"https:\/\/lieutenantpoilu.com\/es\/wp-json\/wp\/v2\/product_brand?post=5695"},{"taxonomy":"product_cat","embeddable":true,"href":"https:\/\/lieutenantpoilu.com\/es\/wp-json\/wp\/v2\/product_cat?post=5695"},{"taxonomy":"product_tag","embeddable":true,"href":"https:\/\/lieutenantpoilu.com\/es\/wp-json\/wp\/v2\/product_tag?post=5695"}],"curies":[{"name":"wp","href":"https:\/\/api.w.org\/{rel}","templated":true}]}}