{"id":5645,"date":"2024-10-04T14:16:58","date_gmt":"2024-10-04T12:16:58","guid":{"rendered":"https:\/\/lieutenantpoilu.com\/militaria\/sin%20categor\u00eda\/botella-y-tazas-de-sake-japonesas-segunda-guerra-mundial\/"},"modified":"2024-10-04T14:38:03","modified_gmt":"2024-10-04T12:38:03","slug":"botella-y-tazas-de-sake-japonesas-segunda-guerra-mundial","status":"publish","type":"product","link":"https:\/\/lieutenantpoilu.com\/es\/militaria\/japon\/botella-y-tazas-de-sake-japonesas-segunda-guerra-mundial\/","title":{"rendered":"Botella y Tazas de Sake Japonesas, Segunda Guerra Mundial"},"content":{"rendered":"","protected":false},"excerpt":{"rendered":"<p>Juego japon\u00e9s compuesto por una botella de sake y dos tazas de sake, de la \u00e9poca de la Segunda Guerra Mundial.<\/p>\n<p>La botella est\u00e1 en buen estado y mide aproximadamente 14,5 cm de altura.<\/p>\n<p>Las copas tienen un di\u00e1metro de 5,5 cm.<\/p>\n<p>Una de ellas est\u00e1 decorada con un ca\u00f1\u00f3n antia\u00e9reo y lleva los siguientes kanjis: \u00abConmemoraci\u00f3n de desmovilizaci\u00f3n\u00bb, \u00ab1\u00aa (Divisi\u00f3n) Antia\u00e9rea\u00bb y el nombre del soldado Furuyama en la parte posterior. Estado de conservaci\u00f3n: una min\u00fascula rotura a las 12 horas.<\/p>\n<p>La segunda copa est\u00e1 decorada con un gran kanji de \u00abconfianza\u00bb y \u00abConmemoraci\u00f3n de desmovilizaci\u00f3n\u00bb. Estado: muy bueno.<\/p>\n<p>Durante la Segunda Guerra Mundial, las botellas y tazas de sake eran utilizadas por los soldados japoneses para celebrar ocasiones especiales, como victorias militares, ascensos, desmovilizaciones o incluso ceremonias religiosas. Estos momentos de camarader\u00eda se consideraban importantes para mantener alta la moral de los soldados a pesar de las dificultades de la guerra.<\/p>\n<figure id=\"attachment_5641\" aria-describedby=\"caption-attachment-5641\" style=\"width: 558px\" class=\"wp-caption alignnone\"><img fetchpriority=\"high\" decoding=\"async\" class=\"wp-image-5641 size-full\" src=\"https:\/\/lieutenantpoilu.com\/wp-content\/uploads\/2024\/10\/japanese-officers-sake-ceremony-ww2.jpg\" alt=\"\" width=\"558\" height=\"600\" srcset=\"https:\/\/lieutenantpoilu.com\/wp-content\/uploads\/2024\/10\/japanese-officers-sake-ceremony-ww2.jpg 558w, https:\/\/lieutenantpoilu.com\/wp-content\/uploads\/2024\/10\/japanese-officers-sake-ceremony-ww2-279x300.jpg 279w\" sizes=\"(max-width: 558px) 100vw, 558px\" \/><figcaption id=\"caption-attachment-5641\" class=\"wp-caption-text\"><br \/>fuente: https:\/\/www.meisterdrucke.fr\/<\/figcaption><\/figure>\n","protected":false},"featured_media":5648,"comment_status":"open","ping_status":"closed","template":"","meta":{"_uf_show_specific_survey":0,"_uf_disable_surveys":false,"ocean_post_layout":"","ocean_both_sidebars_style":"","ocean_both_sidebars_content_width":0,"ocean_both_sidebars_sidebars_width":0,"ocean_sidebar":"0","ocean_second_sidebar":"0","ocean_disable_margins":"enable","ocean_add_body_class":"","ocean_shortcode_before_top_bar":"","ocean_shortcode_after_top_bar":"","ocean_shortcode_before_header":"","ocean_shortcode_after_header":"","ocean_has_shortcode":"","ocean_shortcode_after_title":"","ocean_shortcode_before_footer_widgets":"","ocean_shortcode_after_footer_widgets":"","ocean_shortcode_before_footer_bottom":"","ocean_shortcode_after_footer_bottom":"","ocean_display_top_bar":"default","ocean_display_header":"default","ocean_header_style":"","ocean_center_header_left_menu":"0","ocean_custom_header_template":"0","ocean_custom_logo":0,"ocean_custom_retina_logo":0,"ocean_custom_logo_max_width":0,"ocean_custom_logo_tablet_max_width":0,"ocean_custom_logo_mobile_max_width":0,"ocean_custom_logo_max_height":0,"ocean_custom_logo_tablet_max_height":0,"ocean_custom_logo_mobile_max_height":0,"ocean_header_custom_menu":"0","ocean_menu_typo_font_family":"0","ocean_menu_typo_font_subset":"","ocean_menu_typo_font_size":0,"ocean_menu_typo_font_size_tablet":0,"ocean_menu_typo_font_size_mobile":0,"ocean_menu_typo_font_size_unit":"px","ocean_menu_typo_font_weight":"","ocean_menu_typo_font_weight_tablet":"","ocean_menu_typo_font_weight_mobile":"","ocean_menu_typo_transform":"","ocean_menu_typo_transform_tablet":"","ocean_menu_typo_transform_mobile":"","ocean_menu_typo_line_height":0,"ocean_menu_typo_line_height_tablet":0,"ocean_menu_typo_line_height_mobile":0,"ocean_menu_typo_line_height_unit":"","ocean_menu_typo_spacing":0,"ocean_menu_typo_spacing_tablet":0,"ocean_menu_typo_spacing_mobile":0,"ocean_menu_typo_spacing_unit":"","ocean_menu_link_color":"","ocean_menu_link_color_hover":"","ocean_menu_link_color_active":"","ocean_menu_link_background":"","ocean_menu_link_hover_background":"","ocean_menu_link_active_background":"","ocean_menu_social_links_bg":"","ocean_menu_social_hover_links_bg":"","ocean_menu_social_links_color":"","ocean_menu_social_hover_links_color":"","ocean_disable_title":"default","ocean_disable_heading":"default","ocean_post_title":"","ocean_post_subheading":"","ocean_post_title_style":"","ocean_post_title_background_color":"","ocean_post_title_background":0,"ocean_post_title_bg_image_position":"","ocean_post_title_bg_image_attachment":"","ocean_post_title_bg_image_repeat":"","ocean_post_title_bg_image_size":"","ocean_post_title_height":0,"ocean_post_title_bg_overlay":0.5,"ocean_post_title_bg_overlay_color":"","ocean_disable_breadcrumbs":"default","ocean_breadcrumbs_color":"","ocean_breadcrumbs_separator_color":"","ocean_breadcrumbs_links_color":"","ocean_breadcrumbs_links_hover_color":"","ocean_display_footer_widgets":"default","ocean_display_footer_bottom":"default","ocean_custom_footer_template":"0"},"product_brand":[],"product_cat":[286,356,347,226],"product_tag":[],"class_list":{"0":"post-5645","1":"product","2":"type-product","3":"status-publish","4":"has-post-thumbnail","6":"product_cat-japon","7":"product_cat-nuevos-articulos","8":"product_cat-otros-articulos-militares","9":"product_cat-segunda-guerra-mundial","10":"product_shipping_class-paquete-estandar","12":"entry","13":"has-media","15":"first","16":"outofstock","17":"sold-individually","18":"shipping-taxable","19":"purchasable","20":"product-type-simple","21":"has-product-nav","22":"col","23":"span_1_of_4","24":"owp-content-center","25":"item-entry","26":"owp-thumbs-layout-horizontal","27":"owp-btn-very-big","28":"owp-tabs-layout-horizontal"},"aioseo_notices":[],"_links":{"self":[{"href":"https:\/\/lieutenantpoilu.com\/es\/wp-json\/wp\/v2\/product\/5645","targetHints":{"allow":["GET"]}}],"collection":[{"href":"https:\/\/lieutenantpoilu.com\/es\/wp-json\/wp\/v2\/product"}],"about":[{"href":"https:\/\/lieutenantpoilu.com\/es\/wp-json\/wp\/v2\/types\/product"}],"replies":[{"embeddable":true,"href":"https:\/\/lieutenantpoilu.com\/es\/wp-json\/wp\/v2\/comments?post=5645"}],"wp:featuredmedia":[{"embeddable":true,"href":"https:\/\/lieutenantpoilu.com\/es\/wp-json\/wp\/v2\/media\/5648"}],"wp:attachment":[{"href":"https:\/\/lieutenantpoilu.com\/es\/wp-json\/wp\/v2\/media?parent=5645"}],"wp:term":[{"taxonomy":"product_brand","embeddable":true,"href":"https:\/\/lieutenantpoilu.com\/es\/wp-json\/wp\/v2\/product_brand?post=5645"},{"taxonomy":"product_cat","embeddable":true,"href":"https:\/\/lieutenantpoilu.com\/es\/wp-json\/wp\/v2\/product_cat?post=5645"},{"taxonomy":"product_tag","embeddable":true,"href":"https:\/\/lieutenantpoilu.com\/es\/wp-json\/wp\/v2\/product_tag?post=5645"}],"curies":[{"name":"wp","href":"https:\/\/api.w.org\/{rel}","templated":true}]}}